{"id":22698,"date":"2014-11-20T11:10:51","date_gmt":"2014-11-20T11:10:51","guid":{"rendered":"http:\/\/www.labeljoy.com\/aide\/managing-page-elements\/"},"modified":"2015-02-03T18:12:02","modified_gmt":"2015-02-03T18:12:02","slug":"gerer-les-elements-de-page","status":"publish","type":"page","link":"https:\/\/www.labeljoy.com\/fr\/aide\/gerer-les-elements-de-page\/","title":{"rendered":"G\u00e9rer les \u00e9l\u00e9ments de page"},"content":{"rendered":"<div data-partent=\"19635\" class=\"callout callout-warning\">\n<h4>Cette page fait r\u00e9f\u00e9rence \u00e0 Labeljoy 5, qui n&rsquo;est pas notre derni\u00e8re version.<\/h4>\n<p>Effectuez une <a href=\"\/fr\/achat\/\">mise \u00e0 niveau vers Labeljoy 6<\/a> pour obtenir la derni\u00e8re version du logiciel avec toutes ses fonctionnalit\u00e9s \u00e9tonnantes ou, si vous l\u2019utilisez d\u00e9j\u00e0, visitez le <a href=\"\/help-lj6\/\">guide de l\u2019utilisateur de Labeljoy 6<\/a>.<\/p>\n<\/div>\n<div id=\"help-guide\">\n\r\n<p class=\"title\">g\u00e9rer les \u00e9l\u00e9ments de page<\/p>\r\n<p class=\"body\">L'\u00e9l\u00e9ment de page est un <strong>objet qui peut \u00eatre positionn\u00e9 sur la feuille d'\u00e9tiquettes<\/strong><strong>, qui peut afficher des textes, des formes ou des images, et qui a la caract\u00e9ristique de <\/strong> <strong>ne pas faire partie d'un groupe d'\u00e9tiquettes.<\/strong><\/p>\r\n<p class=\"body\">Peu importe combien de groupes d'\u00e9tiquettes soient ajout\u00e9s et ce qu'ils contiennent, l'\u00e9l\u00e9ment de page vous permet d'ajouter \u00e0 la presse des informations\r\n  sur le <strong>nombre de pages<\/strong>, le <strong>nombre d'\u00e9tiquettes <\/strong>ou <strong>des effets graphiques ind\u00e9pendants des groupes d'\u00e9tiquettes<\/strong>. <\/p>\r\n<p class=\"body\"> Contrairement \u00e0ux groupes d'\u00e9tiquettes, l'\u00e9l\u00e9ment de page ne peut pas \u00eatre connect\u00e9 \u00e0 un champ dans une base de donn\u00e9es.<\/p>\n<\/div>\n","protected":false},"excerpt":{"rendered":"<p>Cette page fait r\u00e9f\u00e9rence \u00e0 Labeljoy 5, qui n&rsquo;est pas notre derni\u00e8re version. Effectuez une mise \u00e0 niveau vers Labeljoy 6 pour obtenir la derni\u00e8re version du logiciel avec toutes ses fonctionnalit\u00e9s \u00e9tonnantes ou, si vous l\u2019utilisez d\u00e9j\u00e0, visitez le guide de l\u2019utilisateur de Labeljoy 6.<\/p>\n","protected":false},"author":8,"featured_media":0,"parent":22289,"menu_order":0,"comment_status":"open","ping_status":"closed","template":"page-template-left-sidebar.php","meta":{"inline_featured_image":false,"_monsterinsights_skip_tracking":false,"_monsterinsights_sitenote_active":false,"_monsterinsights_sitenote_note":"","_monsterinsights_sitenote_category":0,"footnotes":""},"class_list":{"0":"post-22698","1":"page","2":"type-page","3":"status-publish","5":"infinite-scroll-item"},"aioseo_notices":[],"_links":{"self":[{"href":"https:\/\/www.labeljoy.com\/fr\/wp-json\/wp\/v2\/pages\/22698","targetHints":{"allow":["GET"]}}],"collection":[{"href":"https:\/\/www.labeljoy.com\/fr\/wp-json\/wp\/v2\/pages"}],"about":[{"href":"https:\/\/www.labeljoy.com\/fr\/wp-json\/wp\/v2\/types\/page"}],"author":[{"embeddable":true,"href":"https:\/\/www.labeljoy.com\/fr\/wp-json\/wp\/v2\/users\/8"}],"replies":[{"embeddable":true,"href":"https:\/\/www.labeljoy.com\/fr\/wp-json\/wp\/v2\/comments?post=22698"}],"version-history":[{"count":3,"href":"https:\/\/www.labeljoy.com\/fr\/wp-json\/wp\/v2\/pages\/22698\/revisions"}],"predecessor-version":[{"id":22759,"href":"https:\/\/www.labeljoy.com\/fr\/wp-json\/wp\/v2\/pages\/22698\/revisions\/22759"}],"up":[{"embeddable":true,"href":"https:\/\/www.labeljoy.com\/fr\/wp-json\/wp\/v2\/pages\/22289"}],"wp:attachment":[{"href":"https:\/\/www.labeljoy.com\/fr\/wp-json\/wp\/v2\/media?parent=22698"}],"curies":[{"name":"wp","href":"https:\/\/api.w.org\/{rel}","templated":true}]}}