{"id":22699,"date":"2014-11-20T11:13:29","date_gmt":"2014-11-20T11:13:29","guid":{"rendered":"http:\/\/www.labeljoy.com\/aide\/adding-a-page-element\/"},"modified":"2015-02-03T18:11:48","modified_gmt":"2015-02-03T18:11:48","slug":"ajouter-un-element-de-page","status":"publish","type":"page","link":"https:\/\/www.labeljoy.com\/fr\/aide\/ajouter-un-element-de-page\/","title":{"rendered":"Ajouter un \u00e9l\u00e9ment de page"},"content":{"rendered":"<div data-partent=\"19635\" class=\"callout callout-warning\">\n<h4>Cette page fait r\u00e9f\u00e9rence \u00e0 Labeljoy 5, qui n&rsquo;est pas notre derni\u00e8re version.<\/h4>\n<p>Effectuez une <a href=\"\/fr\/achat\/\">mise \u00e0 niveau vers Labeljoy 6<\/a> pour obtenir la derni\u00e8re version du logiciel avec toutes ses fonctionnalit\u00e9s \u00e9tonnantes ou, si vous l\u2019utilisez d\u00e9j\u00e0, visitez le <a href=\"\/help-lj6\/\">guide de l\u2019utilisateur de Labeljoy 6<\/a>.<\/p>\n<\/div>\n<div id=\"help-guide\">\n\r\n<p class=\"title\">ajouter un \u00e9l\u00e9ment de page<\/p>\r\n<p class=\"body\">Pour ajouter un <em>\u00e9l\u00e9ment de page<\/em> il faut d\u00e9finir la <strong>modalit\u00e9 d'insertion \u00e9l\u00e9ment de page<\/strong> dans la<a href=\"http:\/\/www.labeljoy.com\/fr\/aide\/la-barre-des-outils\/\"> barre des outils <\/a>ou\r\n  s\u00e9l\u00e9ctionner l'\u00e9l\u00e9ment <em>Ajouter un \u00e9l\u00e9ment de page <\/em>dans le menu de l'ic\u00f4ne du groupe. <\/p>\r\n<table width=\"100%\">\r\n  <tr valign=\"top\">\r\n    <td><p class=\"body\"><img src=\"http:\/\/www.labeljoy.com\/user-guide-files\/fr\/2160_001.png\" align=\"left\" style=\"margin: 0px 24px 4px 0px\">S\u00e9lectionnez le bouton <em>Ins\u00e9rer \u00e9l\u00e9ment <\/em>de la barre des outils pour activer la modalit\u00e9 d'insertion de l'\u00e9l\u00e9ment de page. Cliquez\r\n        et maintenez press\u00e9 le bouton gauche de la souris n'importe o\u00f9 sur la feuille, faites glisser la souris en dessinant une zone rectangulaire\r\n        qui va contenir le nouvel \u00e9l\u00e9ment, puis rel\u00e2chez le bouton. Un nouvel \u00e9l\u00e9ment de page sera ins\u00e9r\u00e9 dans la zone d\u00e9finie. <\/p><\/td>\r\n  <\/tr>\r\n  <tr valign=\"top\">\r\n    <td><p class=\"body\"><img src=\"http:\/\/www.labeljoy.com\/user-guide-files\/fr\/2160_002.png\" align=\"left\" style=\"margin: 0px 24px 4px 0px\">Alternativement, vous pouvez s\u00e9lectionner un nouveau \u00e9l\u00e9ment de page en s\u00e9lectionnant <em>Ajouter un \u00e9l\u00e9ment de page <\/em>dans le menu de\r\n        configuration du groupe. Dans ce cas, le nouvel \u00e9l\u00e9ment sera imm\u00e9diatement ins\u00e9r\u00e9 dans la feuille. <\/p>\r\n      <p class=\"body\"> Le nouveau \u00e9l\u00e9ment de page aura le texte <em>El\u00e9ment<\/em><em> de page n<\/em> (o\u00f9 <em>n<\/em> est le nombre consecutif des \u00e9l\u00e9ments de page).<\/p><\/td>\r\n  <\/tr>\r\n<\/table>\n<\/div>\n","protected":false},"excerpt":{"rendered":"<p>Cette page fait r\u00e9f\u00e9rence \u00e0 Labeljoy 5, qui n&rsquo;est pas notre derni\u00e8re version. Effectuez une mise \u00e0 niveau vers Labeljoy 6 pour obtenir la derni\u00e8re version du logiciel avec toutes ses fonctionnalit\u00e9s \u00e9tonnantes ou, si vous l\u2019utilisez d\u00e9j\u00e0, visitez le guide de l\u2019utilisateur de Labeljoy 6.<\/p>\n","protected":false},"author":8,"featured_media":0,"parent":22289,"menu_order":0,"comment_status":"open","ping_status":"closed","template":"page-template-left-sidebar.php","meta":{"inline_featured_image":false,"_monsterinsights_skip_tracking":false,"_monsterinsights_sitenote_active":false,"_monsterinsights_sitenote_note":"","_monsterinsights_sitenote_category":0,"footnotes":""},"class_list":{"0":"post-22699","1":"page","2":"type-page","3":"status-publish","5":"infinite-scroll-item"},"aioseo_notices":[],"_links":{"self":[{"href":"https:\/\/www.labeljoy.com\/fr\/wp-json\/wp\/v2\/pages\/22699","targetHints":{"allow":["GET"]}}],"collection":[{"href":"https:\/\/www.labeljoy.com\/fr\/wp-json\/wp\/v2\/pages"}],"about":[{"href":"https:\/\/www.labeljoy.com\/fr\/wp-json\/wp\/v2\/types\/page"}],"author":[{"embeddable":true,"href":"https:\/\/www.labeljoy.com\/fr\/wp-json\/wp\/v2\/users\/8"}],"replies":[{"embeddable":true,"href":"https:\/\/www.labeljoy.com\/fr\/wp-json\/wp\/v2\/comments?post=22699"}],"version-history":[{"count":3,"href":"https:\/\/www.labeljoy.com\/fr\/wp-json\/wp\/v2\/pages\/22699\/revisions"}],"predecessor-version":[{"id":22756,"href":"https:\/\/www.labeljoy.com\/fr\/wp-json\/wp\/v2\/pages\/22699\/revisions\/22756"}],"up":[{"embeddable":true,"href":"https:\/\/www.labeljoy.com\/fr\/wp-json\/wp\/v2\/pages\/22289"}],"wp:attachment":[{"href":"https:\/\/www.labeljoy.com\/fr\/wp-json\/wp\/v2\/media?parent=22699"}],"curies":[{"name":"wp","href":"https:\/\/api.w.org\/{rel}","templated":true}]}}