{"id":22700,"date":"2014-11-20T11:18:58","date_gmt":"2014-11-20T11:18:58","guid":{"rendered":"http:\/\/www.labeljoy.com\/aide\/page-element-settings\/"},"modified":"2015-02-03T18:12:26","modified_gmt":"2015-02-03T18:12:26","slug":"definir-un-element-de-page","status":"publish","type":"page","link":"https:\/\/www.labeljoy.com\/fr\/aide\/definir-un-element-de-page\/","title":{"rendered":"Definir un \u00e9l\u00e9ment de page"},"content":{"rendered":"<div data-partent=\"19635\" class=\"callout callout-warning\">\n<h4>Cette page fait r\u00e9f\u00e9rence \u00e0 Labeljoy 5, qui n&rsquo;est pas notre derni\u00e8re version.<\/h4>\n<p>Effectuez une <a href=\"\/fr\/achat\/\">mise \u00e0 niveau vers Labeljoy 6<\/a> pour obtenir la derni\u00e8re version du logiciel avec toutes ses fonctionnalit\u00e9s \u00e9tonnantes ou, si vous l\u2019utilisez d\u00e9j\u00e0, visitez le <a href=\"\/help-lj6\/\">guide de l\u2019utilisateur de Labeljoy 6<\/a>.<\/p>\n<\/div>\n<div id=\"help-guide\">\n\r\n<p class=\"title\">definir un \u00e9l\u00e9ment de page<\/p>\r\n<p class=\"body\"> En double cliquant un \u00e9l\u00e9ment de page, vous affichez sa <strong>fen\u00eatre de propri\u00e9t\u00e9s <\/strong>qui vous permet de <strong>changer son apparence<\/strong>.<\/p>\r\n<p class=\"body\">La fen\u00eatre de propri\u00e9t\u00e9s d'un \u00e9l\u00e9ment de page se compose de 9 onglets:<\/p>\r\n<table width=\"100%\">\r\n  <tr valign=\"top\">\r\n    <td><p class=\"body\"><img src=\"http:\/\/www.labeljoy.com\/user-guide-files\/fr\/2180_001.png\" align=\"left\" style=\"margin: 0px 24px 4px 0px\"><strong>Image<\/strong>: gestion de l'image. Vous pouvez t\u00e9l\u00e9charger une image existante depuis un disc dur, l'importer depuis un scanner, l'importer depuis les <a href=\"http:\/\/www.labeljoy.com\/fr\/aide\/utiliser-les-cliparts\/\">Cliparts<\/a>*. Voir la section <a href=\"http:\/\/www.labeljoy.com\/fr\/aide\/definir-une-image\/\">Definir une image <\/a>pour les d\u00e9tails. <\/p>\r\n      <p class=\"body\"> * La collection des Cliparts n'est pas disponible dans la version Light.<\/p><\/td>\r\n  <\/tr>\r\n  <tr valign=\"top\">\r\n    <td><p class=\"body\"><img src=\"http:\/\/www.labeljoy.com\/user-guide-files\/fr\/2180_002.png\" align=\"left\" style=\"margin: 0px 24px 4px 0px\"><strong>Texte<\/strong>: d\u00e9finition du texte \u00e0 repr\u00e9senter. Tapez le texte que vous souhaitez qu'il apparaisse. Notez que vous pouvez aller \u00e0 la t\u00eate \u00e0 l'aide de\r\n        la touche <em>Entr\u00e9e<\/em>. En cliquant sur le bouton <a href=\"http:\/\/www.labeljoy.com\/fr\/aide\/gerer-les-references\/\">R\u00e9f\u00e9rence<\/a> vous affichez un menu qui vous permet d'ins\u00e9rer du texte <em>dynamique<\/em>, dont le contenu est modifi\u00e9 par des variables sp\u00e9cifiques. <a href=\"http:\/\/www.labeljoy.com\/fr\/aide\/afficher-l-apercu-d-un-texte\/\">En combinant <\/a>les textes dynamiques avec des textes\r\n        manuels vous pouvez cr\u00e9er des \u00e9l\u00e9ments d'information textuels qui peuvent rendre plus facile l'identificaton es travaux d'impression. <\/p><\/td>\r\n  <\/tr>\r\n  <tr valign=\"top\">\r\n    <td><p class=\"body\"><img src=\"http:\/\/www.labeljoy.com\/user-guide-files\/fr\/2180_003.png\" align=\"left\" style=\"margin: 0px 24px 4px 0px\"><strong>Police<\/strong>: l'onglet <em>Police <\/em>permet de d\u00e9finir le caract\u00e8re et le style du texte: <\/p>\r\n      <p class=\"body\">s\u00e9lectionner la police \u00e0 partir de la liste d\u00e9roulante, d\u00e9finissez les dimensions et les attributs <strong>gras<\/strong>, <em>italique<\/em> , <u>soulign\u00e9<\/u> o <strike> barr\u00e9. <\/strike> <\/p>\r\n      <p class=\"body\">Utilisez les commandes suivantes pour d\u00e9finir l'alignement horizontal et vertical, les effets possibles de r\u00e9glage horizontal automatique,\r\n        d\u00e9terminer si le texte peut \u00eatre envelopp\u00e9 dans le cas o\u00f9 l'espace horizontal soit insuffisant, et d\u00e9finir la rotation du texte dans son\r\n        cadre.<\/p>\r\n      <p class=\"note\"><strong>Note<\/strong>: <br\/>\r\n        Labeljoy affichera dans la liste des <em>polices <\/em>seulement ceux du type <em>TrueType<\/em>. <\/p><\/td>\r\n  <\/tr>\r\n  <tr valign=\"top\">\r\n    <td><p class=\"body\"><img src=\"http:\/\/www.labeljoy.com\/user-guide-files\/fr\/2180_004.png\" align=\"left\" style=\"margin: 0px 24px 4px 0px\"><strong>Couleur du texte<\/strong>: d\u00e9finition de la couleur du texte.<\/p>\r\n      <p class=\"body\"> Voir la section <a href=\"http:\/\/www.labeljoy.com\/fr\/aide\/regler-les-couleurs\/\">d\u00e9finition des couleurs <\/a>pour plus d'informations sur la cr\u00e9ation des couleurs et des nuances complexes.<\/p><\/td>\r\n  <\/tr>\r\n  <tr valign=\"top\">\r\n    <td><p class=\"body\"><img src=\"http:\/\/www.labeljoy.com\/user-guide-files\/fr\/2180_005.png\" align=\"left\" style=\"margin: 0px 24px 4px 0px\"> <strong>Fond<\/strong>: d\u00e9finition de la couleur de fond de l'\u00e9l\u00e9ment de page. <br\/>\r\n        Cliquez sur <em>Permettre une couleur de fond <\/em>pour activer les contr\u00f4les sur cette d\u00e9finition, sinon d\u00e9sactiver-le pour laisser\r\n        l'\u00e9l\u00e9ment de page sur un fond transparent.<\/p>\r\n      <p class=\"body\"> Voir la section <a href=\"http:\/\/www.labeljoy.com\/fr\/aide\/regler-les-couleurs\/\">d\u00e9finition des couleurs <\/a>pour plus d'informations sur la cr\u00e9ation des couleurs et des nuances complexes.<\/p><\/td>\r\n  <\/tr>\r\n  <tr valign=\"top\">\r\n    <td><p class=\"body\"><img src=\"http:\/\/www.labeljoy.com\/user-guide-files\/fr\/2180_006.png\" align=\"left\" style=\"margin: 0px 24px 4px 0px\"><strong>Couleur de cadre<\/strong>: Cliquez sur <em>Permettre une couleur de cadre <\/em>pour activer les contr\u00f4les sur cette d\u00e9finition, sinon d\u00e9sactiver-le pour laisser\r\n        l'\u00e9l\u00e9ment de page sans cadre. <\/p>\r\n      <p class=\"body\"> Voir la section <a href=\"http:\/\/www.labeljoy.com\/fr\/aide\/regler-les-couleurs\/\">d\u00e9finition des couleurs <\/a>pour plus d'informations sur la cr\u00e9ation des couleurs et des nuances complexes.<\/p><\/td>\r\n  <\/tr>\r\n  <tr valign=\"top\">\r\n    <td><p class=\"body\"><img src=\"http:\/\/www.labeljoy.com\/user-guide-files\/fr\/2180_007.png\" align=\"left\" style=\"margin: 0px 24px 4px 0px\"><strong>Forme<\/strong>: d\u00e9finition de la forme de l'\u00e9l\u00e9ment de page.<\/p><\/td>\r\n  <\/tr>\r\n  <tr valign=\"top\">\r\n    <td><p class=\"body\"><img src=\"http:\/\/www.labeljoy.com\/user-guide-files\/fr\/2180_008.png\" align=\"left\" style=\"margin: 0px 24px 4px 0px\"><strong>Pr\u00e9sentation<\/strong>: La liste d\u00e9roulante <em>Imprimer <\/em>sur cet onglet vous permet de d\u00e9finir sur quelles pages l'\u00e9l\u00e9ment de page sera imprim\u00e9. <\/p>\r\n      <p class=\"body\">Vous pouvez \u00e9galement utiliser les cases \u00e0 cocher <em>Exclure la premi\u00e8re page<\/em> et <em>Exclure la derni\u00e8re page <\/em>afin de mieux\r\n        d\u00e9finir la visibilit\u00e9 des \u00e9l\u00e9ments.<\/p>\r\n      <p class=\"body\">Notez que les cases \u00e0 cocher sont d\u00e9sactiv\u00e9es si vous s\u00e9lectionnez <em>Seulement la premi\u00e8re page <\/em>ou <em>Seulement la derni\u00e8re page <\/em>en liste.<\/p>\r\n      <p class=\"body\"> Enfin, il est possible de d\u00e9finir, \u00e0 travers la zone de liste d\u00e9roulante dans l'<em>Ordre d'impression<\/em>, si l'\u00e9l\u00e9ment de page doit \u00eatre\r\n        plac\u00e9 <em>devant <\/em>ou <em>derri\u00e8re <\/em>les \u00e9tiquettes.<\/p><\/td>\r\n  <\/tr>\r\n  <tr valign=\"top\">\r\n    <td><p class=\"body\"><img src=\"http:\/\/www.labeljoy.com\/user-guide-files\/fr\/2180_009.png\" align=\"left\" style=\"margin: 0px 24px 4px 0px\"><strong>Avanc\u00e9<\/strong>: onglet <a href=\"http:\/\/www.labeljoy.com\/fr\/aide\/positionner-les-elements\/\">commun<\/a> \u00e0 tous les \u00e9l\u00e9ments qui permet de d\u00e9finir les cordonn\u00e9es, la taille, la rotation et le nom de l'\u00e9l\u00e9ment. Notez que\r\n        dans le cas de l'\u00e9l\u00e9ment de page, les coordonn\u00e9es sont relatives \u00e0 la taille du papier. <\/p>\r\n      <p class=\"note\"><strong>Note<\/strong>: <br\/>\r\n        Les dimensions affich\u00e9es pourront \u00eatre exprim\u00e9es en centim\u00e8tres ou pouces selon le param\u00e8tre courant de l'unit\u00e9 de mesure, changeable dans\r\n        l'onglet <em>Interface utilisateur<\/em> de la fen\u00eatre <a href=\"http:\/\/www.labeljoy.com\/fr\/aide\/principal\/\">Options<\/a>. <br\/>\r\n        Les fractions de pouce peuvent \u00eatre ins\u00e9r\u00e9es seulement avec un menu contextuel, comme on explique dans la section <a href=\"http:\/\/www.labeljoy.com\/fr\/aide\/gerer-les-fractions-de-pouce\/\">g\u00e9rer les fractions de pouce<\/a>. <\/p><\/td>\r\n  <\/tr>\r\n<\/table>\n<\/div>\n","protected":false},"excerpt":{"rendered":"<p>Cette page fait r\u00e9f\u00e9rence \u00e0 Labeljoy 5, qui n&rsquo;est pas notre derni\u00e8re version. Effectuez une mise \u00e0 niveau vers Labeljoy 6 pour obtenir la derni\u00e8re version du logiciel avec toutes ses fonctionnalit\u00e9s \u00e9tonnantes ou, si vous l\u2019utilisez d\u00e9j\u00e0, visitez le guide de l\u2019utilisateur de Labeljoy 6.<\/p>\n","protected":false},"author":8,"featured_media":0,"parent":22289,"menu_order":0,"comment_status":"open","ping_status":"closed","template":"page-template-left-sidebar.php","meta":{"inline_featured_image":false,"_monsterinsights_skip_tracking":false,"_monsterinsights_sitenote_active":false,"_monsterinsights_sitenote_note":"","_monsterinsights_sitenote_category":0,"footnotes":""},"class_list":{"0":"post-22700","1":"page","2":"type-page","3":"status-publish","5":"infinite-scroll-item"},"aioseo_notices":[],"_links":{"self":[{"href":"https:\/\/www.labeljoy.com\/fr\/wp-json\/wp\/v2\/pages\/22700","targetHints":{"allow":["GET"]}}],"collection":[{"href":"https:\/\/www.labeljoy.com\/fr\/wp-json\/wp\/v2\/pages"}],"about":[{"href":"https:\/\/www.labeljoy.com\/fr\/wp-json\/wp\/v2\/types\/page"}],"author":[{"embeddable":true,"href":"https:\/\/www.labeljoy.com\/fr\/wp-json\/wp\/v2\/users\/8"}],"replies":[{"embeddable":true,"href":"https:\/\/www.labeljoy.com\/fr\/wp-json\/wp\/v2\/comments?post=22700"}],"version-history":[{"count":3,"href":"https:\/\/www.labeljoy.com\/fr\/wp-json\/wp\/v2\/pages\/22700\/revisions"}],"predecessor-version":[{"id":22761,"href":"https:\/\/www.labeljoy.com\/fr\/wp-json\/wp\/v2\/pages\/22700\/revisions\/22761"}],"up":[{"embeddable":true,"href":"https:\/\/www.labeljoy.com\/fr\/wp-json\/wp\/v2\/pages\/22289"}],"wp:attachment":[{"href":"https:\/\/www.labeljoy.com\/fr\/wp-json\/wp\/v2\/media?parent=22700"}],"curies":[{"name":"wp","href":"https:\/\/api.w.org\/{rel}","templated":true}]}}