{"id":22702,"date":"2014-11-20T11:22:53","date_gmt":"2014-11-20T11:22:53","guid":{"rendered":"http:\/\/www.labeljoy.com\/aide\/manage-fields\/"},"modified":"2015-02-03T18:11:38","modified_gmt":"2015-02-03T18:11:38","slug":"gerer-les-champs","status":"publish","type":"page","link":"https:\/\/www.labeljoy.com\/fr\/aide\/gerer-les-champs\/","title":{"rendered":"G\u00e9rer les champs"},"content":{"rendered":"<div data-partent=\"19635\" class=\"callout callout-warning\">\n<h4>Cette page fait r\u00e9f\u00e9rence \u00e0 Labeljoy 5, qui n&rsquo;est pas notre derni\u00e8re version.<\/h4>\n<p>Effectuez une <a href=\"\/fr\/achat\/\">mise \u00e0 niveau vers Labeljoy 6<\/a> pour obtenir la derni\u00e8re version du logiciel avec toutes ses fonctionnalit\u00e9s \u00e9tonnantes ou, si vous l\u2019utilisez d\u00e9j\u00e0, visitez le <a href=\"\/help-lj6\/\">guide de l\u2019utilisateur de Labeljoy 6<\/a>.<\/p>\n<\/div>\n<div id=\"help-guide\">\n\r\n<p class=\"title\">g\u00e9rer les champs<\/p>\r\n<p class=\"body\">Dans les \u00e9l\u00e9ments du type <a href=\"http:\/\/www.labeljoy.com\/fr\/aide\/configurer-un-code-barres\/\">Code barres<\/a> et <a>Text<\/a>e vous pouvez <strong>concat\u00e9ner dans le texte un ou plusieurs champs <\/strong>pr\u00e9sents dans la\r\n  source des donn\u00e9es:<\/p>\r\n<table width=\"100%\" border=\"0\" cellspacing=\"2\" cellpadding=\"2\">\r\n  <tr>\r\n    <td class=\"body\"><img src=\"http:\/\/www.labeljoy.com\/user-guide-files\/fr\/4020_001.png\" align=\"left\" style=\"margin: 0px 24px 4px 0px\">\r\n      <p class=\"body\">Quand le groupe de l'\u00e9l\u00e9ment est reli\u00e9 \u00e0 une source de donn\u00e9es, en cliquant sur le bouton <em>Champ<\/em> vous affichez un <strong>menu contextuel <\/strong>avec la liste des <strong>champs de la source de donn\u00e9es<\/strong>. <br\/>\r\n        En s\u00e9lectionnant le nom du champ, <strong>il sera ins\u00e9r\u00e9e dans le texte <\/strong>sous la forme de <em>Lien <\/em>actif. <\/p>\r\n      <p class=\"body\">Si le groupe auquel l'\u00e9l\u00e9ment appartient n'est pas connect\u00e9 \u00e0 une source de donn\u00e9es, il vous sera demand\u00e9 si vous souhaitez d\u00e9marrer la\r\n        procedure guid\u00e9e pour se connecter \u00e0 une source de donn\u00e9es.<\/p>\r\n      <p class=\"body\"> La fonctionnalit\u00e9 de concat\u00e9nation des donn\u00e9es est pr\u00e9sente seulement dans la version <strong>Full<\/strong> ou dans la version demo.<\/p><\/td>\r\n  <\/tr>\r\n  <tr>\r\n    <td class=\"body\"><img src=\"http:\/\/www.labeljoy.com\/user-guide-files\/fr\/4020_002.png\" align=\"left\" style=\"margin: 0px 24px 4px 0px\">\r\n      <p class=\"body\">Les champs inclus dans le texte seront affich\u00e9s sous forme de <em>liens <\/em>actifs avec un <strong>fond gris <\/strong>et incluses dans des <strong>accolades<\/strong>. <br\/>\r\n        <strong>En cliquant sur les noms des champs<\/strong> , vous pouvez acc\u00e9der \u00e0 la fen\u00eatre des propri\u00e9t\u00e9s du champ, pour d\u00e9finir des <strong>propri\u00e9t\u00e9s suppl\u00e9mentaires<\/strong>. <\/p><\/td>\r\n  <\/tr>\r\n  <tr>\r\n    <td class=\"body\"><img src=\"http:\/\/www.labeljoy.com\/user-guide-files\/fr\/4020_003.png\" align=\"left\" style=\"margin: 0px 24px 4px 0px\">\r\n      <p class=\"body\"> La fen\u00eatre d'\u00e9dition d'un champ peut \u00eatre utilis\u00e9 pour agir sur les propri\u00e9t\u00e9s suivantes:<\/p>\r\n      <ul>\r\n        <li class=\"body\"><strong>Champ<\/strong>: Cette liste d\u00e9roulante vous permet de modifier le champ s\u00e9lectionn\u00e9 pendant son insertion. <\/li>\r\n        <li class=\"body\"><strong>Format<\/strong>: bo\u00eete pour d\u00e9finir le format \u00e0 appliquer \u00e0 la valeur lue \u00e0 partir de la source de donn\u00e9es (optional). Par exemple, si le champ\r\n          contient une date, vous pouvez sp\u00e9cifier le format de texte <em>dd \/ mm \/ yyyy <\/em>pour afficher la date comme <em>28\/11\/2012<\/em> , ou sp\u00e9cifier le format <em>dddd d MMMM yyyy <\/em>pour obtenir le r\u00e9sultat <em>mercredi 28 Novembre, 2012 <\/em>. <br\/>\r\n          Vous pouvez personnaliser le format en ins\u00e9rant une masque d'\u00e9dition sp\u00e9cifique ou en s\u00e9lectionner une dans la liste des formats\r\n          pr\u00e9d\u00e9finis.<\/li>\r\n      <\/ul>\r\n      <p class=\"body\">L'option <em>Montrer cette fen\u00eatre quand des nouveaux \u00e9l\u00e9ments sont ajout\u00e9s<\/em> si activ\u00e9e, permet de s'assurer que chaque fois qu'un\r\n        nouveau champ est concat\u00e9n\u00e9 au texte, cette fen\u00eatre de propri\u00e9t\u00e9s s'affiche automatiquement. <\/p>\r\n      <p class=\"note\"><strong>Note<\/strong>: <br\/>\r\n        Le texte concat\u00e9n\u00e9 peut inclure le m\u00eame champ plusieurs fois et chaque instance aura sa propre mise en forme sp\u00e9cifique et ind\u00e9pendant des\r\n        autres instances du m\u00eame domaine.<\/p><\/td>\r\n  <\/tr>\r\n<\/table>\r\n<span><\/span><br>\n<\/div>\n","protected":false},"excerpt":{"rendered":"<p>Cette page fait r\u00e9f\u00e9rence \u00e0 Labeljoy 5, qui n&rsquo;est pas notre derni\u00e8re version. Effectuez une mise \u00e0 niveau vers Labeljoy 6 pour obtenir la derni\u00e8re version du logiciel avec toutes ses fonctionnalit\u00e9s \u00e9tonnantes ou, si vous l\u2019utilisez d\u00e9j\u00e0, visitez le guide de l\u2019utilisateur de Labeljoy 6.<\/p>\n","protected":false},"author":8,"featured_media":0,"parent":22289,"menu_order":0,"comment_status":"open","ping_status":"closed","template":"page-template-left-sidebar.php","meta":{"inline_featured_image":false,"_monsterinsights_skip_tracking":false,"_monsterinsights_sitenote_active":false,"_monsterinsights_sitenote_note":"","_monsterinsights_sitenote_category":0,"footnotes":""},"class_list":{"0":"post-22702","1":"page","2":"type-page","3":"status-publish","5":"infinite-scroll-item"},"aioseo_notices":[],"_links":{"self":[{"href":"https:\/\/www.labeljoy.com\/fr\/wp-json\/wp\/v2\/pages\/22702","targetHints":{"allow":["GET"]}}],"collection":[{"href":"https:\/\/www.labeljoy.com\/fr\/wp-json\/wp\/v2\/pages"}],"about":[{"href":"https:\/\/www.labeljoy.com\/fr\/wp-json\/wp\/v2\/types\/page"}],"author":[{"embeddable":true,"href":"https:\/\/www.labeljoy.com\/fr\/wp-json\/wp\/v2\/users\/8"}],"replies":[{"embeddable":true,"href":"https:\/\/www.labeljoy.com\/fr\/wp-json\/wp\/v2\/comments?post=22702"}],"version-history":[{"count":3,"href":"https:\/\/www.labeljoy.com\/fr\/wp-json\/wp\/v2\/pages\/22702\/revisions"}],"predecessor-version":[{"id":22754,"href":"https:\/\/www.labeljoy.com\/fr\/wp-json\/wp\/v2\/pages\/22702\/revisions\/22754"}],"up":[{"embeddable":true,"href":"https:\/\/www.labeljoy.com\/fr\/wp-json\/wp\/v2\/pages\/22289"}],"wp:attachment":[{"href":"https:\/\/www.labeljoy.com\/fr\/wp-json\/wp\/v2\/media?parent=22702"}],"curies":[{"name":"wp","href":"https:\/\/api.w.org\/{rel}","templated":true}]}}