{"id":22703,"date":"2014-11-20T11:23:49","date_gmt":"2014-11-20T11:23:49","guid":{"rendered":"http:\/\/www.labeljoy.com\/aide\/manage-counters\/"},"modified":"2015-02-03T18:12:35","modified_gmt":"2015-02-03T18:12:35","slug":"gerer-les-compteurs","status":"publish","type":"page","link":"https:\/\/www.labeljoy.com\/fr\/aide\/gerer-les-compteurs\/","title":{"rendered":"G\u00e9rer les compteurs"},"content":{"rendered":"<div data-partent=\"19635\" class=\"callout callout-warning\">\n<h4>Cette page fait r\u00e9f\u00e9rence \u00e0 Labeljoy 5, qui n&rsquo;est pas notre derni\u00e8re version.<\/h4>\n<p>Effectuez une <a href=\"\/fr\/achat\/\">mise \u00e0 niveau vers Labeljoy 6<\/a> pour obtenir la derni\u00e8re version du logiciel avec toutes ses fonctionnalit\u00e9s \u00e9tonnantes ou, si vous l\u2019utilisez d\u00e9j\u00e0, visitez le <a href=\"\/help-lj6\/\">guide de l\u2019utilisateur de Labeljoy 6<\/a>.<\/p>\n<\/div>\n<div id=\"help-guide\">\n\r\n<p class=\"title\"> gestion des compteurs<\/p>\n<p class=\"online\"><strong>Ressources pour approfondir<\/strong>: <br\/>\n  Vid\u00e9o: <u><a href=\"http:\/\/www.labeljoy.com\/fr\/video-assistance\/compteurs-incrementaux\/\" target=\"_blank\">Comment utiliser les compteurs incr\u00e9mentiel<\/a><\/u>s <\/p>\n<p class=\"body\">Dans les \u00e9l\u00e9ments de type <u><a href=\"http:\/\/www.labeljoy.com\/fr\/aide\/configurer-un-code-barres\/\">Code-barres<\/a><\/u> et <u><a href=\"http:\/\/www.labeljoy.com\/fr\/aide\/definir-un-texte\/\">Texte<\/a><\/u>, vous pouvez <strong>concat\u00e9ner le texte avec un compteur ou plus<\/strong>:<\/p>\n<span>\n<table width=\"100%\" border=\"0\" cellspacing=\"2\" cellpadding=\"2\">\n  <tr>\n    <td class=\"body\"><p><img src=\"http:\/\/www.labeljoy.com\/user-guide-files\/fr\/4040_001.png\" align=\"left\" style=\"margin: 0px 24px 4px 0px\">En cliquant sur le bouton <em>Compteur<\/em>, un <strong>menu popup<\/strong> sera affich\u00e9 vous pr\u00e9sentant les 6 types de compteurs g\u00e9r\u00e9s par\n        Labeljoy. <br\/>\n        En choisissant le nom du compteur, une nouvelle instance sera ajout\u00e9e au texte sous la forme d\u0092un lien actif. <\/p>\n      <p class=\"body\">La concat\u00e9nation de compteur n\u0092est disponible que dans la version <strong>Full<\/strong> ou <strong>Basic<\/strong> ou pendant la p\u00e9riode\n        d\u0092essai.<\/p><\/td>\n  <\/tr>\n  <tr>\n    <td class=\"body\"><img src=\"http:\/\/www.labeljoy.com\/user-guide-files\/fr\/4040_002.png\" align=\"left\" style=\"margin: 0px 24px 4px 0px\">\n      <p class=\"body\">Les compteurs ajout\u00e9s au texte seront affich\u00e9s en tant que liens actifs avec un <strong>fond vert<\/strong> et d\u00e9limit\u00e9s par des <strong>croisillons boucl\u00e9s<\/strong>. <br\/>\n        <strong>En cliquant sur les liens actifs, <\/strong> une fen\u00eatre popup s\u0092affichera vous permettant de d\u00e9finir des <strong>param\u00e8tres suppl\u00e9mentaires<\/strong>.<\/p>\n      <p class=\"body\">Le nom du compteur affich\u00e9 dans le texte est simul\u00e9 par le mot <em>Compteur<\/em> suivi par la valeur initiale et toute autre propri\u00e9t\u00e9\n        suivie d\u0092un point-virgule.<\/p><\/td>\n  <\/tr>\n  <tr>\n    <td class=\"body\"><img src=\"http:\/\/www.labeljoy.com\/user-guide-files\/fr\/4040_003.png\" align=\"left\" style=\"margin: 0px 24px 4px 0px\">\n      <p class=\"body\"> Le formulaire <em>Modifier un compteur<\/em> vous permet de modifier les propri\u00e9t\u00e9s suivantes:<\/p>\n      <ul>\n        <li class=\"body\"><strong>Type de compteur<\/strong>: Boite de dialogue permettant de changer le type de compteur entre 6 choix disponibles\n          <ul>\n            <ul>\n              <li class=\"body\"><strong>D\u00e9cimal<\/strong>: un compteur \u00e0 base 10 utilisant les chiffres entre 0 et 9. <\/li>\n              <li class=\"body\"> <strong>Alphanum\u00e9rique majuscule<\/strong>: un compteur \u00e0 base 36 utilisant les chiffres de 0 \u00e0 9 et les 26 lettres sous forme majuscule de <em>A<\/em> \u00e0 <em>Z<\/em>. <\/li>\n              <li class=\"body\"><strong>Alphanum\u00e9rique minuscule<\/strong>: un compteur \u00e0 base 36 utilisant les chiffres de 0 \u00e0 9 et les 26 lettres sous forme minuscule de <em>a<\/em> \u00e0 <em>z<\/em>. <\/li>\n              <li class=\"body\"><strong>Alphab\u00e9tique majuscule<\/strong>: un compteur \u00e0 base 26 utilisant les 26 lettres sous forme majuscule de <em>A<\/em> \u00e0 <em>Z<\/em>. <\/li>\n              <li class=\"body\"><strong>Alphab\u00e9tique minuscule<\/strong>: un compteur \u00e0 base 26 utilisant les 26 lettres sous forme minuscule de <em>a<\/em> \u00e0 <em>z<\/em>. <\/li>\n              <li class=\"body\"><strong>Hexad\u00e9cimal<\/strong>: un compteur \u00e0 base 16 utilisant les chiffres de 0 \u00e0 9 et les lettres majuscules de <em>A <\/em>\u00e0 <em>F<\/em>. <\/li>\n            <\/ul>\n          <\/ul>\n        <\/li>\n        <li><strong>Mode ce compteur<\/strong>: en cas de fichier comportant plus d\u0092un <u><a href=\"http:\/\/www.labeljoy.com\/help\/adding-a-new-group\/\">groupe<\/a><\/u>, vous pouvez\n          d\u00e9finir la position de d\u00e9but du compteur, choisir dans le fichier (d\u00e9faut) o\u00f9 le compteur doit commencer de la position 1 du\n          fichier, et ce qu\u0092importe les groupes pr\u00e9c\u00e9dents, ou le Groupe o\u00f9 le compteur doit commencer \u00e0 partir, et ce du d\u00e9but du groupe.. <\/li>\n        <li><strong>D\u00e9but<\/strong>: entrez dans cette boite de dialogue la valeur initiale du compteur. La valeur entr\u00e9e doit \u00eatre num\u00e9rique, m\u00eame si vous avez\n          s\u00e9lectionn\u00e9 un compteur utilisant un syst\u00e8me alphanum\u00e9rique. Cette valeur peut \u00eatre n\u00e9gative. <\/li>\n        <li class=\"body\"><strong>\u00c9tape<\/strong>: entrez ici la valeur par laquelle chaque position sera incr\u00e9ment\u00e9e. Par exemple en entrant 5, chaque \u00e9tiquette aura un compteur\n          incr\u00e9ment\u00e9 de 5 unit\u00e9s. Cette valeur peut \u00eatre n\u00e9gative. <\/li>\n        <li class=\"body\"> <strong>R\u00e9p\u00e9titions<\/strong>: entrez le nombre de fois o\u00f9 vous souhaitez qu\u0092un compteur simple de valeur soit r\u00e9pliqu\u00e9. Ce nombre est toujours positif. Par\n          exemple, pour un compteur num\u00e9rique partant de z\u00e9ro, en entrant 2 dans ce champ, vous aurez chaque valeur dupliqu\u00e9e toutes les deux\n          \u00e9tiquettes: 0, 0, 1, 1, 2, 2, etc.<\/li>\n        <li class=\"body\"><strong>Valeur de saut<\/strong> : entrez ici la valeur maximum que le compteur peut atteindre, apr\u00e8s laquelle le compteur retournera \u00e0 sa valeur initiale. Elle\n          doit \u00eatre du m\u00eame type que la valeur d\u0092\u00e9tape, par exemple si vous avez un compteur n\u00e9gatif en \u00e9tape s\u00e9lectionn\u00e9 \u00e0 -2, vous ne\n          pouvez choisir que des valeurs n\u00e9gatives pour le saut. Entrer 0 d\u00e9sactivera cette fonction. <\/li>\n        <li><strong>Nombre de chiffres<\/strong>: le nombre minimum de chiffres pr\u00e9sent dans le texte. Par exemple, en entrant 5, le compteur sera pr\u00e9sent\u00e9 comme 00001, 00002,\n          00003 etc.\n          <ul>\n          <\/ul>\n        <\/li>\n        <li class=\"body\"><strong>Format<\/strong>: le format peut \u00eatre appliqu\u00e9 \u00e0 la valeur lue de la source de donn\u00e9es (optionnel). Vous pouvez choisir un format pr\u00e9d\u00e9fini de la\n          liste ou entrer un format personnalis\u00e9.<\/li>\n      <\/ul>\n      <p class=\"note\"> <strong>Attention<\/strong>: <br\/>\n        Dans les cas de combinaison d\u0092une valeur de saut et d\u0092une \u00e9tape autre que 1, gardez toujours \u00e0 l\u0092esprit que la valeur affich\u00e9e sur\n        l\u0092\u00e9tiquette sera toujours calcul\u00e9e selon la position de l\u0092\u00e9tiquette. Afin d\u0092\u00e9viter des r\u00e9sultats inattendus, faites en sorte de toujours\n        garder une valeur de saut qui est un multiple de la valeur d\u0092\u00e9tape. <br\/>\n        Par exemple, si vous entrez \u00c9tape = 2, et que vous souhaitez ajouter une valeur de saut, faites en sorte qu\u0092elle soit un multiple de 2\n        telle que 4, 6, 8, etc.<\/p>\n      <p class=\"body\">L\u0092option <em>Montrer ce formulaire lors de l\u0092ajout de nouveaux<\/em> <em>objets<\/em>, si elle est activ\u00e9e ouvrira automatiquement une popup\n        lorsqu\u0092un nouveau compteur sera ajout\u00e9 au texte.<\/p>\n      <p class=\"note\"> <strong>Attention<\/strong>: <br\/>\n        Le texte concat\u00e9n\u00e9 peut inclure plus qu\u0092un seul contraire. Chaque compteur aura ses propres d\u00e9buts, \u00e9tapes, nombre de chiffres et formats\n        ind\u00e9pendamment des autres compteurs inclus dans le texte.<\/p><\/td>\n  <\/tr>\n<\/table>\n<\/span> <br>\n\n<\/div>\n","protected":false},"excerpt":{"rendered":"<p>Cette page fait r\u00e9f\u00e9rence \u00e0 Labeljoy 5, qui n&rsquo;est pas notre derni\u00e8re version. Effectuez une mise \u00e0 niveau vers Labeljoy 6 pour obtenir la derni\u00e8re version du logiciel avec toutes ses fonctionnalit\u00e9s \u00e9tonnantes ou, si vous l\u2019utilisez d\u00e9j\u00e0, visitez le guide de l\u2019utilisateur de Labeljoy 6.<\/p>\n","protected":false},"author":8,"featured_media":0,"parent":22289,"menu_order":0,"comment_status":"open","ping_status":"closed","template":"page-template-left-sidebar.php","meta":{"inline_featured_image":false,"_monsterinsights_skip_tracking":false,"_monsterinsights_sitenote_active":false,"_monsterinsights_sitenote_note":"","_monsterinsights_sitenote_category":0,"footnotes":""},"class_list":{"0":"post-22703","1":"page","2":"type-page","3":"status-publish","5":"infinite-scroll-item"},"aioseo_notices":[],"_links":{"self":[{"href":"https:\/\/www.labeljoy.com\/fr\/wp-json\/wp\/v2\/pages\/22703","targetHints":{"allow":["GET"]}}],"collection":[{"href":"https:\/\/www.labeljoy.com\/fr\/wp-json\/wp\/v2\/pages"}],"about":[{"href":"https:\/\/www.labeljoy.com\/fr\/wp-json\/wp\/v2\/types\/page"}],"author":[{"embeddable":true,"href":"https:\/\/www.labeljoy.com\/fr\/wp-json\/wp\/v2\/users\/8"}],"replies":[{"embeddable":true,"href":"https:\/\/www.labeljoy.com\/fr\/wp-json\/wp\/v2\/comments?post=22703"}],"version-history":[{"count":3,"href":"https:\/\/www.labeljoy.com\/fr\/wp-json\/wp\/v2\/pages\/22703\/revisions"}],"predecessor-version":[{"id":22763,"href":"https:\/\/www.labeljoy.com\/fr\/wp-json\/wp\/v2\/pages\/22703\/revisions\/22763"}],"up":[{"embeddable":true,"href":"https:\/\/www.labeljoy.com\/fr\/wp-json\/wp\/v2\/pages\/22289"}],"wp:attachment":[{"href":"https:\/\/www.labeljoy.com\/fr\/wp-json\/wp\/v2\/media?parent=22703"}],"curies":[{"name":"wp","href":"https:\/\/api.w.org\/{rel}","templated":true}]}}