{"id":22704,"date":"2014-11-20T11:24:48","date_gmt":"2014-11-20T11:24:48","guid":{"rendered":"http:\/\/www.labeljoy.com\/aide\/manage-references\/"},"modified":"2015-02-03T18:11:43","modified_gmt":"2015-02-03T18:11:43","slug":"gerer-les-references","status":"publish","type":"page","link":"https:\/\/www.labeljoy.com\/fr\/aide\/gerer-les-references\/","title":{"rendered":"G\u00e9rer les r\u00e9f\u00e9rences"},"content":{"rendered":"<div data-partent=\"19635\" class=\"callout callout-warning\">\n<h4>Cette page fait r\u00e9f\u00e9rence \u00e0 Labeljoy 5, qui n&rsquo;est pas notre derni\u00e8re version.<\/h4>\n<p>Effectuez une <a href=\"\/fr\/achat\/\">mise \u00e0 niveau vers Labeljoy 6<\/a> pour obtenir la derni\u00e8re version du logiciel avec toutes ses fonctionnalit\u00e9s \u00e9tonnantes ou, si vous l\u2019utilisez d\u00e9j\u00e0, visitez le <a href=\"\/help-lj6\/\">guide de l\u2019utilisateur de Labeljoy 6<\/a>.<\/p>\n<\/div>\n<div id=\"help-guide\">\n\r\n<p class=\"title\">g\u00e9rer les r\u00e9f\u00e9rences<\/p>\r\n<p class=\"body\">Dans les \u00e9l\u00e9ments de type <a href=\"http:\/\/www.labeljoy.com\/fr\/aide\/definir-un-texte\/\">Texte<\/a> et <a href=\"http:\/\/www.labeljoy.com\/fr\/aide\/definir-un-element-de-page\/\">\u00e9l\u00e9ment de page<\/a> vous pouvez <strong>concat\u00e9ner \u00e0 l'interieur du texte une ou plusieures r\u00e9f\u00e9rences<\/strong>:<\/p>\r\n<span>\r\n<table width=\"100%\" border=\"0\" cellspacing=\"2\" cellpadding=\"2\">\r\n  <tr>\r\n    <td><img src=\"http:\/\/www.labeljoy.com\/user-guide-files\/fr\/4060_001.png\" align=\"left\" style=\"margin: 0px 24px 4px 0px\"> <span class=\"body\">En cliquant sur le bouton <em>R\u00e9f\u00e9rence<\/em> vous afficherez <strong>un menu contextuel <\/strong>contenent les 18 types de r\u00e9f\u00e9rences\r\n      g\u00e9r\u00e9es par Labeljoy (13 pour les \u00e9l\u00e9ments de page). <br>\r\n      En s\u00e9l\u00e9ctionnant le nom de la r\u00e9f\u00e9rence, il sera <strong>ins\u00e9r\u00e9e dans le texte <\/strong>sous la forme de <em>lien<\/em> actif.<\/span>\r\n      <p class=\"body\"> La fonctionnalit\u00e9 de concat\u00e9nation des r\u00e9f\u00e9rences est pr\u00e9sente dans la version <strong>Full <\/strong>et <strong>Basic<\/strong>.<\/p><\/td>\r\n  <\/tr>\r\n  <tr>\r\n    <td class=\"body\"><img src=\"http:\/\/www.labeljoy.com\/user-guide-files\/fr\/4060_002.png\" align=\"left\" style=\"margin: 0px 24px 4px 0px\">\r\n      <p class=\"body\">Les r\u00e9f\u00e9rences figurantes dans le texte seront affich\u00e9es sous forme de <em>liens <\/em>actifs avec un <strong>fond rose <\/strong>et incluses\r\n        dans des <strong>accolades<\/strong>. <br\/>\r\n        <strong>En cliquant sur les noms des r\u00e9f\u00e9rences<\/strong>, vous pouvez acc\u00e9der \u00e0 la fen\u00eatre des propri\u00e9t\u00e9s de la r\u00e9f\u00e9rence, et d\u00e9finir certaines propri\u00e9t\u00e9s suppl\u00e9mentaires. <\/p><\/td>\r\n  <\/tr>\r\n  <tr>\r\n    <td class=\"body\"><img src=\"http:\/\/www.labeljoy.com\/user-guide-files\/fr\/4060_003.png\" align=\"left\" style=\"margin: 0px 24px 4px 0px\">\r\n      <p class=\"body\"> La fen\u00eatre d'\u00e9dition d'une r\u00e9f\u00e9rence permet d'agir sur les propri\u00e9t\u00e9s suivantes:<\/p>\r\n      <ul>\r\n        <li class=\"body\"><strong>R\u00e9f\u00e9rence<\/strong>: \u00e0 partir de cette liste d\u00e9roulante vous pouvez changer le type de r\u00e9f\u00e9rence choisie pendant l'insertion. <br\/>\r\n          Les r\u00e9f\u00e9rences disponibles sont les suivantes:\r\n          <ul class=\"body\">\r\n            <li class=\"body\"><strong>Page courante<\/strong>: affiche le num\u00e9ro de la page sur laquelle se trouve l'\u00e9l\u00e9ment. <\/li>\r\n            <li class=\"body\"><strong>Total pages<\/strong>: shows the total number of pages of the current job.<\/li>\r\n            <li class=\"body\"><strong>Premi\u00e8re \u00e9tiquette sur la page<\/strong>: affiche le premier num\u00e9ro de l'\u00e9tiquette figurante sur la page courante. Par exemple, si la configuration actuelle se\r\n              compose de 24 \u00e9tiquettes, sur la premi\u00e8re page ce num\u00e9ro de r\u00e9f\u00e9rence affichera 1, sur la deuxi\u00e8me le num\u00e9ro 25, le num\u00e9ro\r\n              49 sur le troisi\u00e8me, etc.<\/li>\r\n            <li class=\"body\"> <strong>Derni\u00e8re \u00e9tiquette sur la page<\/strong>: affiche le dernier num\u00e9ro d'\u00e9tiquette sur la la page courante: toujours dans le cas d'une mise en page compos\u00e9e de 24\r\n              \u00e9tiquettes, sur la premi\u00e8re page il affichera 24, 48 sur la deuxi\u00e8me, 72 sur la troisi\u00e8me et ainsi de suite. <\/li>\r\n            <li class=\"body\"><strong>Total \u00e9tiquettes<\/strong>: affiche le num\u00e9ro total des \u00e9tiquettes pr\u00e9sentes dans le travail courant, en comprenant tous les groupes. <\/li>\r\n            <li class=\"body\"><strong>Parcours et nom fichier<\/strong>: affiche le chemin et le nom du fichier en cours. Si le travail n'a pas encore \u00e9t\u00e9 enregistr\u00e9, cette r\u00e9f\u00e9rence reste vide. <\/li>\r\n            <li class=\"body\"><strong>Nom fichier<\/strong>: le nom sans le chemin du fichier en cours. Si le travail n'a pas encore \u00e9t\u00e9 enregistr\u00e9, cette r\u00e9f\u00e9rence reste vide. <\/li>\r\n            <li class=\"body\"><strong>Marque mise en page<\/strong>: marque de la mise en page courante, ainsi comme specifi\u00e9 dans l'onglet <em>Avanc\u00e9<\/em> de la <a href=\"http:\/\/www.labeljoy.com\/fr\/aide\/definir-la-mise-en-page\/\">fen\u00eatre de gestion de la mise en page<\/a>.<\/li>\r\n            <li class=\"body\"><strong>Description mise en page<\/strong>: description de la mise en page utilis\u00e9e, comme specifi\u00e9 dans l'onglet <em>Avanc\u00e9<\/em> de la fen\u00eatre de la gestion de la\r\n              mise en page.<\/li>\r\n            <li class=\"body\"><strong>Mod\u00e8le mise en page<\/strong>: mod\u00e8le de la mise en page courante, comme specifi\u00e9 dans l'onglet <em>Avanc\u00e9<\/em> de la fen\u00eatre de la gestion de la mise\r\n              en page.<\/li>\r\n            <li class=\"body\"><strong>Date\/Heure courante<\/strong>: date et heure courante. Pour en personaliser l'aspect, utilisez la case <em>Format<\/em>. <\/li>\r\n            <li class=\"body\"><strong>Nom ordinateur<\/strong>: nom de l'ordinateur utilis\u00e9, comme specifi\u00e9 dans les d\u00e9tails de Windows. <\/li>\r\n            <li class=\"body\"><strong>Nom utilisateur<\/strong>: nom de l'utilisateur de Windows. <\/li>\r\n            <li class=\"body\"><strong>Colonne<\/strong>: num\u00e9ro de la colonne sur laquelle l'\u00e9tiquette est positionn\u00e9e (non disponible pour les \u00e9l\u00e9ments de page). <\/li>\r\n            <li class=\"body\"><strong>Ligne<\/strong>: num\u00e9ro de la ligne sur laquelle l'\u00e9tiquette est positionn\u00e9e (non disponible pour les \u00e9l\u00e9ments de page). <\/li>\r\n            <li class=\"body\"><strong>Num\u00e9ro \u00e9tiquette<\/strong>: num\u00e9ero de l'\u00e9tiquette depuis le d\u00e9but du groupe (non disponible pour les \u00e9l\u00e9ments de page). <\/li>\r\n            <li class=\"body\"> <strong>Nom groupe<\/strong>: nom du groupe comme specifi\u00e9 dans l'onglet <em>Principal<\/em> della <a href=\"http:\/\/www.labeljoy.com\/fr\/aide\/gerer-les-groupes\/\">fen\u00eatre de propriet\u00e9 groupe <\/a>(non disponible\r\n              pour les \u00e9l\u00e9ments de page).<\/li>\r\n            <li class=\"body\"><strong>Somme de controle Modulo-10<\/strong>: ajoute un caract\u00e8re de contr\u00f4le pr\u00e9c\u00e9dant imm\u00e9diatement la s\u00e9quence de nombres, calcul\u00e9 selon l'algorithme EAN\/UPC\/GS1\r\n              Modulo-10. Par exemple, si ajout\u00e9 imm\u00e9diatement apr\u00e8s la s\u00e9quence 123456789 cela deviendra 1234567895, o\u00f9 5 (le dernier\r\n              chiffre) est le caract\u00e8re de contr\u00f4le. Cette r\u00e9f\u00e9rence fonctionne seulement si elle est plac\u00e9e imm\u00e9diatement apr\u00e8s une\r\n              s\u00e9quence num\u00e9rique. Les caract\u00e8res non num\u00e9riques r\u00e9initialisent le calcul. Par exemple, dans le cas de <strong>12345-6789{Checksum Modulo-10} <\/strong>le calcul ne prend en compte que les chiffres de 6789, c'est \u00e0 dire ceux\r\n              pr\u00e9c\u00e9dants imm\u00e9diatement la r\u00e9f\u00e9rence.<\/li>\r\n          <\/ul>\r\n        <\/li>\r\n        <li class=\"body\"><strong>Format<\/strong>: bo\u00eete pour le r\u00e9glage du format \u00e0 appliquer \u00e0 la valeur (optional). Par exemple, si la r\u00e9f\u00e9rence contient une date, vous pouvez\r\n          sp\u00e9cifier le format de texte j, comme <em>jj\/mm\/aaaa <\/em>pour afficher la date comme <em>28\/11\/2012<\/em>, ou sp\u00e9cifier le format <em>dddd d mmmm aaaa<\/em> pour obtenir l'affichage <em>mercredi 28 Novembre, 2012<\/em>. <br\/>\r\n          Vous pouvez personnaliser le format en ins\u00e9rant un masque de forme sp\u00e9ecifique ou en s\u00e9lectionnant une dans la liste des formats\r\n          pr\u00e9d\u00e9finis. <br\/>\r\n          Dans le cas de la s\u00e9lection de la somme de contr\u00f4le <em>Checksum Modulo-10<\/em> le format n'est pas pris en compte. <\/li>\r\n      <\/ul>\r\n      <p class=\"body\">L'option <em>Montrer cette fen\u00eatre quand des nouveaux \u00e9l\u00e9ments sont ajout\u00e9s<\/em><em>, si activ\u00e9e,<\/em> permet de s'assurer que chaque fois\r\n        qu'une nouvelle r\u00e9f\u00e9rence est concat\u00e9n\u00e9e au texte, cette fen\u00eatre de propri\u00e9t\u00e9s s'affiche automatiquement. <\/p>\r\n      <p class=\"note\"><strong>Note<\/strong>: <br\/>\r\n        Le texte concat\u00e9n\u00e9 peut inclure la m\u00eame r\u00e9f\u00e9rence r\u00e9p\u00e9t\u00e9e plusieurs fois, et chaque instance aura sa propre mise en forme sp\u00e9cifique et\r\n        ind\u00e9pendant des autres instances de la m\u00eame r\u00e9f\u00e9rence. <\/p><\/td>\r\n  <\/tr>\r\n  <tr>\r\n    <td class=\"body\">&nbsp;<\/td>\r\n  <\/tr>\r\n<\/table>\r\n<\/span> <br>\n<\/div>\n","protected":false},"excerpt":{"rendered":"<p>Cette page fait r\u00e9f\u00e9rence \u00e0 Labeljoy 5, qui n&rsquo;est pas notre derni\u00e8re version. Effectuez une mise \u00e0 niveau vers Labeljoy 6 pour obtenir la derni\u00e8re version du logiciel avec toutes ses fonctionnalit\u00e9s \u00e9tonnantes ou, si vous l\u2019utilisez d\u00e9j\u00e0, visitez le guide de l\u2019utilisateur de Labeljoy 6.<\/p>\n","protected":false},"author":8,"featured_media":0,"parent":22289,"menu_order":0,"comment_status":"open","ping_status":"closed","template":"page-template-left-sidebar.php","meta":{"inline_featured_image":false,"_monsterinsights_skip_tracking":false,"_monsterinsights_sitenote_active":false,"_monsterinsights_sitenote_note":"","_monsterinsights_sitenote_category":0,"footnotes":""},"class_list":{"0":"post-22704","1":"page","2":"type-page","3":"status-publish","5":"infinite-scroll-item"},"aioseo_notices":[],"_links":{"self":[{"href":"https:\/\/www.labeljoy.com\/fr\/wp-json\/wp\/v2\/pages\/22704","targetHints":{"allow":["GET"]}}],"collection":[{"href":"https:\/\/www.labeljoy.com\/fr\/wp-json\/wp\/v2\/pages"}],"about":[{"href":"https:\/\/www.labeljoy.com\/fr\/wp-json\/wp\/v2\/types\/page"}],"author":[{"embeddable":true,"href":"https:\/\/www.labeljoy.com\/fr\/wp-json\/wp\/v2\/users\/8"}],"replies":[{"embeddable":true,"href":"https:\/\/www.labeljoy.com\/fr\/wp-json\/wp\/v2\/comments?post=22704"}],"version-history":[{"count":3,"href":"https:\/\/www.labeljoy.com\/fr\/wp-json\/wp\/v2\/pages\/22704\/revisions"}],"predecessor-version":[{"id":22755,"href":"https:\/\/www.labeljoy.com\/fr\/wp-json\/wp\/v2\/pages\/22704\/revisions\/22755"}],"up":[{"embeddable":true,"href":"https:\/\/www.labeljoy.com\/fr\/wp-json\/wp\/v2\/pages\/22289"}],"wp:attachment":[{"href":"https:\/\/www.labeljoy.com\/fr\/wp-json\/wp\/v2\/media?parent=22704"}],"curies":[{"name":"wp","href":"https:\/\/api.w.org\/{rel}","templated":true}]}}