{"id":22767,"date":"2014-11-20T11:25:43","date_gmt":"2014-11-20T11:25:43","guid":{"rendered":"http:\/\/www.labeljoy.com\/aide\/display-a-text-preview\/"},"modified":"2015-02-05T09:13:54","modified_gmt":"2015-02-05T09:13:54","slug":"afficher-l-apercu-d-un-texte","status":"publish","type":"page","link":"https:\/\/www.labeljoy.com\/fr\/aide\/afficher-l-apercu-d-un-texte\/","title":{"rendered":"Afficher l&rsquo;aper\u00e7u d&rsquo;un texte"},"content":{"rendered":"<div data-partent=\"19635\" class=\"callout callout-warning\">\n<h4>Cette page fait r\u00e9f\u00e9rence \u00e0 Labeljoy 5, qui n&rsquo;est pas notre derni\u00e8re version.<\/h4>\n<p>Effectuez une <a href=\"\/fr\/achat\/\">mise \u00e0 niveau vers Labeljoy 6<\/a> pour obtenir la derni\u00e8re version du logiciel avec toutes ses fonctionnalit\u00e9s \u00e9tonnantes ou, si vous l\u2019utilisez d\u00e9j\u00e0, visitez le <a href=\"\/help-lj6\/\">guide de l\u2019utilisateur de Labeljoy 6<\/a>.<\/p>\n<\/div>\n<link rel=\"stylesheet\" href=\"http:\/\/www.labeljoy.com\/user-guide-files\/en\/styles.css\" type=\"text\/css\" media=\"all\" \/>\n<div id=\"help-guide\">\n\r\n<p class=\"title\">afficher l'aper\u00e7u d'un texte<\/p>\r\n<span class=\"body\">O\u00f9 il est possible de cr\u00e9er une concat\u00e9nation de textes, le bouton <em>Aper\u00e7u<\/em> sert \u00e0 <strong>activer le mode de pr\u00e9visualisation de texte de sortie<\/strong>. Dans ce mode, <strong>le texte n'est plus modifiable<\/strong> et le texte\r\n    concat\u00e9n\u00e9 est pr\u00e9sent\u00e9 <strong>tel qu'il appara\u00eetra sur les \u00e9tiquettes<\/strong>. <br\/>\r\nLe bouton <em>Aper\u00e7u <\/em>vous permet de <strong>v\u00e9rifier le r\u00e9sultat de la concat\u00e9nation du texte<\/strong>, sans avoir \u00e0 appliquer les changements et\r\n    faire d\u00e9filer les \u00e9tiquettes.\r\n<table width=\"100%\" border=\"0\" cellspacing=\"2\" cellpadding=\"2\">\r\n  <tr>\r\n    <td><img src=\"http:\/\/www.labeljoy.com\/user-guide-files\/fr\/4080_001.png\" align=\"left\" style=\"margin: 0px 24px 4px 0px\"><span class=\"body\">Dans l'\u00e9cran \u00e0 gauche il y a un exemple dans lequel on a cr\u00e9\u00e9 un texte concat\u00e9n\u00e9 \u00e0 une pi\u00e8ce de <strong>texte fixe<\/strong>, <strong>deux champs <\/strong>(Client et Nation), <strong>un compteur <\/strong>et <strong>une r\u00e9f\u00e9rence <\/strong>(date\/heure).<\/span><\/td>\r\n  <\/tr>\r\n  <tr>\r\n    <td class=\"body\"><img src=\"http:\/\/www.labeljoy.com\/user-guide-files\/fr\/4080_002.png\" align=\"left\" style=\"margin: 0px 24px 4px 0px\">\r\n      <p class=\"body\">En cliquant sur le bouton <em>Aper\u00e7u <\/em>le texte est affich\u00e9 en rempla\u00e7ant les noms des champs, le compteur et la r\u00e9f\u00e9rence avec les\r\n        textes suivants:<\/p>\r\n      <ul>\r\n        <li class=\"body\"> Les <strong>champs<\/strong> son remplac\u00e9s avec la valeur <strong>lue \u00e0 la position 1 de la source de donn\u00e9es<\/strong>.<\/li>\r\n        <li class=\"body\">Le <strong>compteur <\/strong> est remplac\u00e9 avec la <strong>valeur de la position 1<\/strong><\/li>\r\n        <li class=\"body\"> La <strong>r\u00e9f\u00e9rence<\/strong> est remplac\u00e9 avec la <strong>date courante<\/strong>.<\/li>\r\n      <\/ul>\r\n      <p class=\"body\"> Notez que dans cet exemple le compteur est r\u00e9gl\u00e9 pour afficher 3 chiffres et que la date a \u00e9t\u00e9e format\u00e9e \u00e0 l'aide du masque<\/p>\r\n      <p class=\"note\"><strong>Note<\/strong>: <br\/>\r\n        En mode <em>Aper\u00e7u <\/em>les boutons pour ins\u00e9rer Champ, Compteur et R\u00e9f\u00e9rence ne sont pas actifs, et le text n'est pas modifiable. <\/p><\/td>\r\n  <\/tr>\r\n<\/table>\r\n<\/span> <br>\n<\/div>\n","protected":false},"excerpt":{"rendered":"<p>Cette page fait r\u00e9f\u00e9rence \u00e0 Labeljoy 5, qui n&rsquo;est pas notre derni\u00e8re version. Effectuez une mise \u00e0 niveau vers Labeljoy 6 pour obtenir la derni\u00e8re version du logiciel avec toutes ses fonctionnalit\u00e9s \u00e9tonnantes ou, si vous l\u2019utilisez d\u00e9j\u00e0, visitez le guide de l\u2019utilisateur de Labeljoy 6.<\/p>\n","protected":false},"author":8,"featured_media":0,"parent":22289,"menu_order":0,"comment_status":"open","ping_status":"closed","template":"page-template-left-sidebar.php","meta":{"inline_featured_image":false,"_monsterinsights_skip_tracking":false,"_monsterinsights_sitenote_active":false,"_monsterinsights_sitenote_note":"","_monsterinsights_sitenote_category":0,"footnotes":""},"class_list":{"0":"post-22767","1":"page","2":"type-page","3":"status-publish","5":"infinite-scroll-item"},"aioseo_notices":[],"_links":{"self":[{"href":"https:\/\/www.labeljoy.com\/fr\/wp-json\/wp\/v2\/pages\/22767","targetHints":{"allow":["GET"]}}],"collection":[{"href":"https:\/\/www.labeljoy.com\/fr\/wp-json\/wp\/v2\/pages"}],"about":[{"href":"https:\/\/www.labeljoy.com\/fr\/wp-json\/wp\/v2\/types\/page"}],"author":[{"embeddable":true,"href":"https:\/\/www.labeljoy.com\/fr\/wp-json\/wp\/v2\/users\/8"}],"replies":[{"embeddable":true,"href":"https:\/\/www.labeljoy.com\/fr\/wp-json\/wp\/v2\/comments?post=22767"}],"version-history":[{"count":2,"href":"https:\/\/www.labeljoy.com\/fr\/wp-json\/wp\/v2\/pages\/22767\/revisions"}],"predecessor-version":[{"id":22788,"href":"https:\/\/www.labeljoy.com\/fr\/wp-json\/wp\/v2\/pages\/22767\/revisions\/22788"}],"up":[{"embeddable":true,"href":"https:\/\/www.labeljoy.com\/fr\/wp-json\/wp\/v2\/pages\/22289"}],"wp:attachment":[{"href":"https:\/\/www.labeljoy.com\/fr\/wp-json\/wp\/v2\/media?parent=22767"}],"curies":[{"name":"wp","href":"https:\/\/api.w.org\/{rel}","templated":true}]}}