{"id":22770,"date":"2014-11-20T11:30:36","date_gmt":"2014-11-20T11:30:36","guid":{"rendered":"http:\/\/www.labeljoy.com\/aide\/exporting-barcodes\/"},"modified":"2015-02-05T10:27:11","modified_gmt":"2015-02-05T10:27:11","slug":"exporter-les-codes-barres","status":"publish","type":"page","link":"https:\/\/www.labeljoy.com\/fr\/aide\/exporter-les-codes-barres\/","title":{"rendered":"Exporter les codes barres"},"content":{"rendered":"<div data-partent=\"19635\" class=\"callout callout-warning\">\n<h4>Cette page fait r\u00e9f\u00e9rence \u00e0 Labeljoy 5, qui n&rsquo;est pas notre derni\u00e8re version.<\/h4>\n<p>Effectuez une <a href=\"\/fr\/achat\/\">mise \u00e0 niveau vers Labeljoy 6<\/a> pour obtenir la derni\u00e8re version du logiciel avec toutes ses fonctionnalit\u00e9s \u00e9tonnantes ou, si vous l\u2019utilisez d\u00e9j\u00e0, visitez le <a href=\"\/help-lj6\/\">guide de l\u2019utilisateur de Labeljoy 6<\/a>.<\/p>\n<\/div>\n<div id=\"help-guide\">\n\r\n<p class=\"title\">exporter les codes barres<\/p>\r\n<p class=\"body\"> En s\u00e9lectionnant le menu <em>Exporter\/Code \u00e0 barres...<\/em> vous affichez la fen\u00eatre d'<strong>exportation des codes barres<\/strong>.<\/p>\r\n<span>\r\n<table width=\"100%\" border=\"0\" cellspacing=\"2\" cellpadding=\"2\">\r\n  <tr>\r\n    <td><p class=\"body\"><img src=\"http:\/\/www.labeljoy.com\/user-guide-files\/fr\/4140_001.png\" align=\"left\" style=\"margin: 0px 24px 4px 0px\">Sur la gauche, on trouve la <strong>la liste des codes barres<\/strong>. Les noms affich\u00e9s sont ceux sp\u00e9cifi\u00e9s dans l'onglet <a href=\"http:\/\/www.labeljoy.com\/fr\/aide\/configurer-un-code-barres\/\">Avanc\u00e9<\/a> de la fen\u00eatre de gestion des codes barres.<\/p>\r\n      <p class=\"body\">Sur la droite, vous trouvez un <strong>aper\u00e7u du groupe des \u00e9tiquettes qui contient les codes barres exportables<\/strong>. En s\u00e9lectionnat\r\n        le nom de la liste de codes barres sur la gauche, l'\u00e9l\u00e9ment correspondant est signal\u00e9 dans l'aper\u00e7u sur la droite. <\/p>\r\n      <p class=\"body\"> Au fond, il y a deux listes d\u00e9roulantes pour d\u00e9finir le format et la qualit\u00e9 d'exportation des fichiers g\u00e9n\u00e9r\u00e9s:<\/p>\r\n      <ul>\r\n        <li class=\"body\"><strong>Format d'exportation<\/strong>: s\u00e9lectionner le format graphique \u00e0 utiliser pour l'exportation des images. A noter que le format Bitmap est un format non\r\n          compress\u00e9, qui donc g\u00e9n\u00e9rera des fichiers de taille consid\u00e9rablement plus \u00e9lev\u00e9e que les autres formats. <\/li>\r\n        <li class=\"body\"><strong>Qualit\u00e9 d'exportation<\/strong>: s\u00e9lectionner la r\u00e9solution dpi (Dot per Inch \u0096 Points par pouce) avec laquelle g\u00e9n\u00e9rer les images. Plus grande la valeur choisie,\r\n          plus grande sera la taille des fichiers obtenus et le temps requis pour leur traitement et g\u00e9n\u00e9ration. <\/li>\r\n      <\/ul>\r\n      <p class=\"body\">Enfin en bas de la fen\u00eatre vous trouvez la case <em>Ouvrir le r\u00e9pertoire de destination apr\u00e8s l'exportation <\/em>qui, quand activ\u00e9e, fait\r\n        que <strong>\u00e0 la fin du processus d'exportation<\/strong>, le dossier de destination s\u00e9lectionn\u00e9 pour l'exportation <strong>soit automatiquement ouverte<\/strong><strong>.<\/strong> <\/p>\r\n      <p class=\"note\"><strong>Note<\/strong>: <br\/>\r\n        Si le code barres que vous exportez contient des <strong>\u00e9l\u00e9ments non statiques<\/strong>, tels que des <strong>textes contenants les champs d'une source de donn\u00e9es<\/strong>, ou des code barres contenant des <strong>compteurs<\/strong>, etc,\r\n        l'exportation g\u00e9n\u00e8re plusieurs fichiers, un pour chaque position. <br\/>\r\n        <strong>S'il y a une source de donn\u00e9es<\/strong> , en outre, il sera \u00e9galement export\u00e9 un fichier de format <strong>Microsoft Access 2003 <\/strong>(.mdb) contenant la source des donn\u00e9es\r\n        ainsi qu'un champ suppl\u00e9mentaire avec le chemin et le nom des fichiers g\u00e9n\u00e9r\u00e9s. <\/p><\/td>\r\n  <\/tr>\r\n<\/table>\r\n<\/span>\n<\/div>\n","protected":false},"excerpt":{"rendered":"<p>Cette page fait r\u00e9f\u00e9rence \u00e0 Labeljoy 5, qui n&rsquo;est pas notre derni\u00e8re version. Effectuez une mise \u00e0 niveau vers Labeljoy 6 pour obtenir la derni\u00e8re version du logiciel avec toutes ses fonctionnalit\u00e9s \u00e9tonnantes ou, si vous l\u2019utilisez d\u00e9j\u00e0, visitez le guide de l\u2019utilisateur de Labeljoy 6.<\/p>\n","protected":false},"author":8,"featured_media":0,"parent":22289,"menu_order":0,"comment_status":"open","ping_status":"closed","template":"page-template-left-sidebar.php","meta":{"inline_featured_image":false,"_monsterinsights_skip_tracking":false,"_monsterinsights_sitenote_active":false,"_monsterinsights_sitenote_note":"","_monsterinsights_sitenote_category":0,"footnotes":""},"class_list":{"0":"post-22770","1":"page","2":"type-page","3":"status-publish","5":"infinite-scroll-item"},"aioseo_notices":[],"_links":{"self":[{"href":"https:\/\/www.labeljoy.com\/fr\/wp-json\/wp\/v2\/pages\/22770","targetHints":{"allow":["GET"]}}],"collection":[{"href":"https:\/\/www.labeljoy.com\/fr\/wp-json\/wp\/v2\/pages"}],"about":[{"href":"https:\/\/www.labeljoy.com\/fr\/wp-json\/wp\/v2\/types\/page"}],"author":[{"embeddable":true,"href":"https:\/\/www.labeljoy.com\/fr\/wp-json\/wp\/v2\/users\/8"}],"replies":[{"embeddable":true,"href":"https:\/\/www.labeljoy.com\/fr\/wp-json\/wp\/v2\/comments?post=22770"}],"version-history":[{"count":3,"href":"https:\/\/www.labeljoy.com\/fr\/wp-json\/wp\/v2\/pages\/22770\/revisions"}],"predecessor-version":[{"id":22839,"href":"https:\/\/www.labeljoy.com\/fr\/wp-json\/wp\/v2\/pages\/22770\/revisions\/22839"}],"up":[{"embeddable":true,"href":"https:\/\/www.labeljoy.com\/fr\/wp-json\/wp\/v2\/pages\/22289"}],"wp:attachment":[{"href":"https:\/\/www.labeljoy.com\/fr\/wp-json\/wp\/v2\/media?parent=22770"}],"curies":[{"name":"wp","href":"https:\/\/api.w.org\/{rel}","templated":true}]}}