{"id":22771,"date":"2014-11-20T11:33:50","date_gmt":"2014-11-20T11:33:50","guid":{"rendered":"http:\/\/www.labeljoy.com\/aide\/using-cliparts\/"},"modified":"2015-02-05T12:53:59","modified_gmt":"2015-02-05T12:53:59","slug":"utiliser-les-cliparts","status":"publish","type":"page","link":"https:\/\/www.labeljoy.com\/fr\/aide\/utiliser-les-cliparts\/","title":{"rendered":"Utiliser les cliparts"},"content":{"rendered":"<div data-partent=\"19635\" class=\"callout callout-warning\">\n<h4>Cette page fait r\u00e9f\u00e9rence \u00e0 Labeljoy 5, qui n&rsquo;est pas notre derni\u00e8re version.<\/h4>\n<p>Effectuez une <a href=\"\/fr\/achat\/\">mise \u00e0 niveau vers Labeljoy 6<\/a> pour obtenir la derni\u00e8re version du logiciel avec toutes ses fonctionnalit\u00e9s \u00e9tonnantes ou, si vous l\u2019utilisez d\u00e9j\u00e0, visitez le <a href=\"\/help-lj6\/\">guide de l\u2019utilisateur de Labeljoy 6<\/a>.<\/p>\n<\/div>\n<div id=\"help-guide\">\n\r\n<p class=\"title\">utiliser les cliparts<\/p>\r\n<p class=\"body\">Labeljoy dispose d'une biblioth\u00e8que d'<strong>environ 1500 cliparts<\/strong>, pr\u00eates \u00e0 \u00eatre ins\u00e9r\u00e9es dans les \u00e9tiquettes. L'image peut \u00eatre utilis\u00e9 dans\r\n  les <a href=\"http:\/\/www.labeljoy.com\/fr\/aide\/definir-un-element-graphique\/\">objets graphiques <\/a>et dans les <a href=\"http:\/\/www.labeljoy.com\/fr\/aide\/definir-un-element-de-page\/\">\u00e9l\u00e9ments de page<\/a>. <\/p>\r\n<p class=\"body\"> La biblioth\u00e8que de cliparts est disponible dans la version <strong>Basic<\/strong> et <strong>Full<\/strong> et en mode d\u00e9mo.<\/p>\r\n<span>\r\n<table width=\"100%\" border=\"0\" cellspacing=\"2\" cellpadding=\"2\">\r\n  <tr>\r\n    <td><p><img src=\"http:\/\/www.labeljoy.com\/user-guide-files\/fr\/4180_001.png\" align=\"left\" style=\"margin: 0px 24px 4px 0px\"><span class=\"body\"> Pour acc\u00e9der \u00e0 la gestion des cliparts, s\u00e9lectionnez l'onglet <em>Image<\/em>, puis sur le bouton <em>Clipart<\/em>.<\/span><\/p><\/td>\r\n  <\/tr>\r\n  <tr>\r\n    <td><p><img src=\"http:\/\/www.labeljoy.com\/user-guide-files\/fr\/4180_002.png\" align=\"left\" style=\"margin: 0px 24px 4px 0px\"><span class=\"body\">La de s\u00e9lection des cliparts est organis\u00e9 en <strong>cat\u00e9gories<\/strong>. Chaque cat\u00e9gorie a un certain nombre d'images figurant dans les\r\n        aper\u00e7us.<\/span><\/p>\r\n      <p class=\"body\"> Lorsque vous avez trouv\u00e9 l'image que vous souhaitez utiliser, s\u00e9lectionnez-la et cliquez sur OK, ou double-cliquez sur l'image.<\/p>\r\n      <p class=\"note\"><strong>Note<\/strong>: <br\/>\r\n        La biblioth\u00e8que de cliparts Labeljoy est constitu\u00e9 d'images au format jpeg avec une taille maximale de 512x512 pixels. <\/p><\/td>\r\n  <\/tr>\r\n<\/table>\r\n<\/span>\n<\/div>\n","protected":false},"excerpt":{"rendered":"<p>Cette page fait r\u00e9f\u00e9rence \u00e0 Labeljoy 5, qui n&rsquo;est pas notre derni\u00e8re version. Effectuez une mise \u00e0 niveau vers Labeljoy 6 pour obtenir la derni\u00e8re version du logiciel avec toutes ses fonctionnalit\u00e9s \u00e9tonnantes ou, si vous l\u2019utilisez d\u00e9j\u00e0, visitez le guide de l\u2019utilisateur de Labeljoy 6.<\/p>\n","protected":false},"author":8,"featured_media":0,"parent":22289,"menu_order":0,"comment_status":"open","ping_status":"closed","template":"page-template-left-sidebar.php","meta":{"inline_featured_image":false,"_monsterinsights_skip_tracking":false,"_monsterinsights_sitenote_active":false,"_monsterinsights_sitenote_note":"","_monsterinsights_sitenote_category":0,"footnotes":""},"class_list":{"0":"post-22771","1":"page","2":"type-page","3":"status-publish","5":"infinite-scroll-item"},"aioseo_notices":[],"_links":{"self":[{"href":"https:\/\/www.labeljoy.com\/fr\/wp-json\/wp\/v2\/pages\/22771","targetHints":{"allow":["GET"]}}],"collection":[{"href":"https:\/\/www.labeljoy.com\/fr\/wp-json\/wp\/v2\/pages"}],"about":[{"href":"https:\/\/www.labeljoy.com\/fr\/wp-json\/wp\/v2\/types\/page"}],"author":[{"embeddable":true,"href":"https:\/\/www.labeljoy.com\/fr\/wp-json\/wp\/v2\/users\/8"}],"replies":[{"embeddable":true,"href":"https:\/\/www.labeljoy.com\/fr\/wp-json\/wp\/v2\/comments?post=22771"}],"version-history":[{"count":3,"href":"https:\/\/www.labeljoy.com\/fr\/wp-json\/wp\/v2\/pages\/22771\/revisions"}],"predecessor-version":[{"id":22852,"href":"https:\/\/www.labeljoy.com\/fr\/wp-json\/wp\/v2\/pages\/22771\/revisions\/22852"}],"up":[{"embeddable":true,"href":"https:\/\/www.labeljoy.com\/fr\/wp-json\/wp\/v2\/pages\/22289"}],"wp:attachment":[{"href":"https:\/\/www.labeljoy.com\/fr\/wp-json\/wp\/v2\/media?parent=22771"}],"curies":[{"name":"wp","href":"https:\/\/api.w.org\/{rel}","templated":true}]}}