{"id":22772,"date":"2014-11-20T11:31:23","date_gmt":"2014-11-20T11:31:23","guid":{"rendered":"http:\/\/www.labeljoy.com\/aide\/exporting-pages\/"},"modified":"2015-02-05T10:27:08","modified_gmt":"2015-02-05T10:27:08","slug":"exporter-les-pages","status":"publish","type":"page","link":"https:\/\/www.labeljoy.com\/fr\/aide\/exporter-les-pages\/","title":{"rendered":"Exporter les pages"},"content":{"rendered":"<div data-partent=\"19635\" class=\"callout callout-warning\">\n<h4>Cette page fait r\u00e9f\u00e9rence \u00e0 Labeljoy 5, qui n&rsquo;est pas notre derni\u00e8re version.<\/h4>\n<p>Effectuez une <a href=\"\/fr\/achat\/\">mise \u00e0 niveau vers Labeljoy 6<\/a> pour obtenir la derni\u00e8re version du logiciel avec toutes ses fonctionnalit\u00e9s \u00e9tonnantes ou, si vous l\u2019utilisez d\u00e9j\u00e0, visitez le <a href=\"\/help-lj6\/\">guide de l\u2019utilisateur de Labeljoy 6<\/a>.<\/p>\n<\/div>\n<div id=\"help-guide\">\n\r\n<p class=\"title\">exporter les pages<\/p>\r\n<p class=\"body\"> En s\u00e9lectionnant le menu <em>Exporter\/Pages...<\/em> vous affichez la fen\u00eatre d'<strong>exportation des pages<\/strong>.<\/p>\r\n<span>\r\n<table width=\"100%\" border=\"0\" cellspacing=\"2\" cellpadding=\"2\">\r\n  <tr>\r\n    <td><p><img src=\"http:\/\/www.labeljoy.com\/user-guide-files\/fr\/4160_001.png\" align=\"left\" style=\"margin: 0px 24px 4px 0px\"><span class=\"body\"> La fen\u00eatre suit ce qui est visible dans la fen\u00eatre d'impression. Vous pouvez choisir parmi les options suivantes:<\/span><\/p>\r\n      <ul>\r\n        <li class=\"body\"> <strong>Toutes<\/strong>: exporte toutes les pages.<\/li>\r\n        <li class=\"body\"><strong>Page courante<\/strong>: exporte seulement la page affich\u00e9e sur l'\u00e9cran.<\/li>\r\n        <li class=\"body\"><strong>Pages<\/strong>: vous permet de d\u00e9finir une page sp\u00e9cifique ou un ensemble de pages \u00e0 exporter. Tapez un num\u00e9ro unique pour exporter une page\r\n          sp\u00e9cifique ou un ensemble de pages dans le format <em>XX-YY<\/em>, o\u00f9 <em>XX <\/em>est le num\u00e9ro de la premi\u00e8re page \u00e0 exporter, et <em>YY <\/em>le num\u00e9ro de la derni\u00e8re page \u00e0 exporter. <\/li>\r\n      <\/ul>\r\n      <p class=\"body\"> Au fond, il y a deux listes d\u00e9roulantes pour d\u00e9finir le format et la qualit\u00e9 d'exportation des fichiers g\u00e9n\u00e9r\u00e9s:<\/p>\r\n      <ul>\r\n        <li class=\"body\"><strong>Format d'exportation<\/strong>: s\u00e9lectionner le format graphique \u00e0 utiliser pour l'exportation des images. A noter que le format Bitmap est un format non\r\n          compress\u00e9, qui donc g\u00e9n\u00e9rera des fichiers de taille consid\u00e9rablement plus \u00e9lev\u00e9e que les autres formats. <\/li>\r\n        <li class=\"body\"><strong>Qualit\u00e9 d'exportation<\/strong>: s\u00e9lectionner la r\u00e9solution dpi (Dot per Inch \u0096 Points par pouce) avec laquelle g\u00e9n\u00e9rer les images. Plus grande la valeur choisie,\r\n          plus grande sera la taille des fichiers obtenus et le temps requis pour leur traitement et g\u00e9n\u00e9ration. <\/li>\r\n      <\/ul>\r\n      <p class=\"body\">Enfin en bas de la fen\u00eatre vous trouvez la case <em>Ouvrir le r\u00e9pertoire de destination apr\u00e8s l'exportation <\/em>qui, quand activ\u00e9e, fait\r\n        que <strong>\u00e0 la fin du processus d'exportation<\/strong>, le dossier de destination s\u00e9lectionn\u00e9 pour l'exportation <strong>soit automatiquement ouverte<\/strong><strong>.<\/strong> <\/p><\/td>\r\n  <\/tr>\r\n<\/table>\r\n<\/span> <br>\n<\/div>\n","protected":false},"excerpt":{"rendered":"<p>Cette page fait r\u00e9f\u00e9rence \u00e0 Labeljoy 5, qui n&rsquo;est pas notre derni\u00e8re version. Effectuez une mise \u00e0 niveau vers Labeljoy 6 pour obtenir la derni\u00e8re version du logiciel avec toutes ses fonctionnalit\u00e9s \u00e9tonnantes ou, si vous l\u2019utilisez d\u00e9j\u00e0, visitez le guide de l\u2019utilisateur de Labeljoy 6.<\/p>\n","protected":false},"author":8,"featured_media":0,"parent":22289,"menu_order":0,"comment_status":"open","ping_status":"closed","template":"page-template-left-sidebar.php","meta":{"inline_featured_image":false,"_monsterinsights_skip_tracking":false,"_monsterinsights_sitenote_active":false,"_monsterinsights_sitenote_note":"","_monsterinsights_sitenote_category":0,"footnotes":""},"class_list":{"0":"post-22772","1":"page","2":"type-page","3":"status-publish","5":"infinite-scroll-item"},"aioseo_notices":[],"_links":{"self":[{"href":"https:\/\/www.labeljoy.com\/fr\/wp-json\/wp\/v2\/pages\/22772","targetHints":{"allow":["GET"]}}],"collection":[{"href":"https:\/\/www.labeljoy.com\/fr\/wp-json\/wp\/v2\/pages"}],"about":[{"href":"https:\/\/www.labeljoy.com\/fr\/wp-json\/wp\/v2\/types\/page"}],"author":[{"embeddable":true,"href":"https:\/\/www.labeljoy.com\/fr\/wp-json\/wp\/v2\/users\/8"}],"replies":[{"embeddable":true,"href":"https:\/\/www.labeljoy.com\/fr\/wp-json\/wp\/v2\/comments?post=22772"}],"version-history":[{"count":3,"href":"https:\/\/www.labeljoy.com\/fr\/wp-json\/wp\/v2\/pages\/22772\/revisions"}],"predecessor-version":[{"id":22838,"href":"https:\/\/www.labeljoy.com\/fr\/wp-json\/wp\/v2\/pages\/22772\/revisions\/22838"}],"up":[{"embeddable":true,"href":"https:\/\/www.labeljoy.com\/fr\/wp-json\/wp\/v2\/pages\/22289"}],"wp:attachment":[{"href":"https:\/\/www.labeljoy.com\/fr\/wp-json\/wp\/v2\/media?parent=22772"}],"curies":[{"name":"wp","href":"https:\/\/api.w.org\/{rel}","templated":true}]}}