{"id":22773,"date":"2014-11-20T11:32:12","date_gmt":"2014-11-20T11:32:12","guid":{"rendered":"http:\/\/www.labeljoy.com\/aide\/exporting-a-label-image\/"},"modified":"2015-02-05T09:14:17","modified_gmt":"2015-02-05T09:14:17","slug":"copier-l-image-d-une-etiquette","status":"publish","type":"page","link":"https:\/\/www.labeljoy.com\/fr\/aide\/copier-l-image-d-une-etiquette\/","title":{"rendered":"Copier l&rsquo;image d&rsquo;une \u00e9tiquette"},"content":{"rendered":"<div data-partent=\"19635\" class=\"callout callout-warning\">\n<h4>Cette page fait r\u00e9f\u00e9rence \u00e0 Labeljoy 5, qui n&rsquo;est pas notre derni\u00e8re version.<\/h4>\n<p>Effectuez une <a href=\"\/fr\/achat\/\">mise \u00e0 niveau vers Labeljoy 6<\/a> pour obtenir la derni\u00e8re version du logiciel avec toutes ses fonctionnalit\u00e9s \u00e9tonnantes ou, si vous l\u2019utilisez d\u00e9j\u00e0, visitez le <a href=\"\/help-lj6\/\">guide de l\u2019utilisateur de Labeljoy 6<\/a>.<\/p>\n<\/div>\n<link rel=\"stylesheet\" href=\"http:\/\/www.labeljoy.com\/user-guide-files\/en\/styles.css\" type=\"text\/css\" media=\"all\" \/>\n<div id=\"help-guide\">\n\r\n<p class=\"title\">copier l'image d'une \u00e9tiquette<\/p>\r\n<p class=\"body\">Dans le cas o\u00f9 vous avez besoin d'utiliser l'<strong>image d'une \u00e9tiquette <\/strong>dans un programme externe, Labeljoy offre la possibilit\u00e9 de cr\u00e9er\r\n  rapidement une image d'une \u00e9tiquette avec le <strong>presse-papiers de Windows<\/strong>.<\/p>\r\n<p class=\"note\"><strong>Note<\/strong>: <br\/>\r\n  Pour <em>exporter <\/em>une \u00e9tiquette et la sauver sur disque dans un des formats image les plus communs, utilisez les fonctionnalit\u00e9s d'<a href=\"http:\/\/www.labeljoy.com\/fr\/aide\/exporter-les-etiquettes\/\">exportation d'\u00e9tiquette<\/a>.<\/p>\r\n<p class=\"body\"><img src=\"http:\/\/www.labeljoy.com\/user-guide-files\/fr\/2360_001.png\" align=\"left\" style=\"margin: 0px 24px 4px 0px\"> Per copier l'image d'une \u00e9tiquette, voil\u00e0 comment faire:<\/p>\r\n<ol>\r\n  <li class=\"body\"> S\u00e9lectionnez le groupe d'\u00e9tiquettes duquel vous voulez exporter l'image.<\/li>\r\n  <li class=\"body\"> Afficher le menu <a href=\"http:\/\/www.labeljoy.com\/fr\/aide\/groupe\/\">Groupe<\/a> en cliquant avec le bouton droit de la souris sur un point vide de l'\u00e9tiquette ou en cliquant sur l'ic\u00f4ne relative. <\/li>\r\n  <li class=\"body\"> S\u00e9lectionnez l'\u00e9l\u00e9ment <em>Copier l'image dans le presse-papiers<\/em>.<\/li>\r\n<\/ol>\r\n<p class=\"note\"><strong>Note<\/strong>: <br\/>\r\n  Dans le cas o\u00f9 le groupe d'\u00e9tiquettes ait une connexion \u00e0 une base de donn\u00e9es et les \u00e9l\u00e9ments qui y sont contenus aient les r\u00e9f\u00e9rences \u00e0 des champs de la\r\n  base de donn\u00e9es, chaque \u00e9tiquette du groupe peut afficher des diff\u00e9rences en fonction du contenu des entr\u00e9es de la table. L'image copi\u00e9e dans le\r\n  presse-papiers de Labeljoy correspondra \u00e0 celle de l'\u00e9tiquette sur laquelle il a \u00e9t\u00e9 cliqu\u00e9 sur le bouton droit de la souris pour afficher le menu <em>Groupe<\/em> ou de la derni\u00e8re \u00e9tiquette cliqu\u00e9e, si la commande est appel\u00e9e en cliquant sur l'ic\u00f4ne. <\/p>\r\n<p class=\"body\">\u00c0 ce point, <strong>une copie de l'\u00e9tiquette choisie r\u00e9side dans le presse-papiers de Windows <\/strong>et est pr\u00eat \u00e0 \u00eatre <em>coll\u00e9e <\/em>dans un programme\r\n  externe, dans n'importe quel contexte o\u00f9 la copie des images dans la presse-papiers de Windows est pr\u00e9vue. <\/p>vue. <\/p>\n<\/div>\n","protected":false},"excerpt":{"rendered":"<p>Cette page fait r\u00e9f\u00e9rence \u00e0 Labeljoy 5, qui n&rsquo;est pas notre derni\u00e8re version. Effectuez une mise \u00e0 niveau vers Labeljoy 6 pour obtenir la derni\u00e8re version du logiciel avec toutes ses fonctionnalit\u00e9s \u00e9tonnantes ou, si vous l\u2019utilisez d\u00e9j\u00e0, visitez le guide de l\u2019utilisateur de Labeljoy 6.<\/p>\n","protected":false},"author":8,"featured_media":0,"parent":22289,"menu_order":0,"comment_status":"open","ping_status":"closed","template":"page-template-left-sidebar.php","meta":{"inline_featured_image":false,"_monsterinsights_skip_tracking":false,"_monsterinsights_sitenote_active":false,"_monsterinsights_sitenote_note":"","_monsterinsights_sitenote_category":0,"footnotes":""},"class_list":{"0":"post-22773","1":"page","2":"type-page","3":"status-publish","5":"infinite-scroll-item"},"aioseo_notices":[],"_links":{"self":[{"href":"https:\/\/www.labeljoy.com\/fr\/wp-json\/wp\/v2\/pages\/22773","targetHints":{"allow":["GET"]}}],"collection":[{"href":"https:\/\/www.labeljoy.com\/fr\/wp-json\/wp\/v2\/pages"}],"about":[{"href":"https:\/\/www.labeljoy.com\/fr\/wp-json\/wp\/v2\/types\/page"}],"author":[{"embeddable":true,"href":"https:\/\/www.labeljoy.com\/fr\/wp-json\/wp\/v2\/users\/8"}],"replies":[{"embeddable":true,"href":"https:\/\/www.labeljoy.com\/fr\/wp-json\/wp\/v2\/comments?post=22773"}],"version-history":[{"count":2,"href":"https:\/\/www.labeljoy.com\/fr\/wp-json\/wp\/v2\/pages\/22773\/revisions"}],"predecessor-version":[{"id":22790,"href":"https:\/\/www.labeljoy.com\/fr\/wp-json\/wp\/v2\/pages\/22773\/revisions\/22790"}],"up":[{"embeddable":true,"href":"https:\/\/www.labeljoy.com\/fr\/wp-json\/wp\/v2\/pages\/22289"}],"wp:attachment":[{"href":"https:\/\/www.labeljoy.com\/fr\/wp-json\/wp\/v2\/media?parent=22773"}],"curies":[{"name":"wp","href":"https:\/\/api.w.org\/{rel}","templated":true}]}}