{"id":22774,"date":"2014-11-20T11:35:36","date_gmt":"2014-11-20T11:35:36","guid":{"rendered":"http:\/\/www.labeljoy.com\/aide\/element-coordinates\/"},"modified":"2015-02-05T09:25:29","modified_gmt":"2015-02-05T09:25:29","slug":"positionner-les-elements","status":"publish","type":"page","link":"https:\/\/www.labeljoy.com\/fr\/aide\/positionner-les-elements\/","title":{"rendered":"Positionner les \u00e9l\u00e9ments"},"content":{"rendered":"<div data-partent=\"19635\" class=\"callout callout-warning\">\n<h4>Cette page fait r\u00e9f\u00e9rence \u00e0 Labeljoy 5, qui n&rsquo;est pas notre derni\u00e8re version.<\/h4>\n<p>Effectuez une <a href=\"\/fr\/achat\/\">mise \u00e0 niveau vers Labeljoy 6<\/a> pour obtenir la derni\u00e8re version du logiciel avec toutes ses fonctionnalit\u00e9s \u00e9tonnantes ou, si vous l\u2019utilisez d\u00e9j\u00e0, visitez le <a href=\"\/help-lj6\/\">guide de l\u2019utilisateur de Labeljoy 6<\/a>.<\/p>\n<\/div>\n<div id=\"help-guide\">\n\r\n<p class=\"title\">positionner les \u00e9l\u00e9ments<\/p>\r\n<p class=\"body\">Le <strong>positionnement<\/strong> et le <strong>redimensionnement<\/strong> des \u00e9l\u00e9ments sur la feuille est habituellement r\u00e9alis\u00e9 <strong>\u00e0 l'aide de la souris<\/strong>.<\/p>\r\n<p class=\"body\">Quand un \u00e9l\u00e9ment est <strong>s\u00e9lectionn\u00e9<\/strong>, le curseur de la souris dessus affichera une ic\u00f4ne repr\u00e9sentant une main pour indiquer que, <strong>en cliquant sur le bouton gauche<\/strong>, vous pouvez faire <em>glisser <\/em>l'\u00e9l\u00e9ment. Une fois gliss\u00e9 l'\u00e9l\u00e9ment \u00e0 la position d\u00e9sir\u00e9e, rel\u00e2chez\r\n  le bouton de la souris pour terminer l'op\u00e9ration de d\u00e9placement.<\/p>\r\n<p class=\"note\"><strong>Note<\/strong>: <br\/>\r\n  Si vous voulez d\u00e9placer un \u00e9l\u00e9ment avec la souris, mais agissant <strong>dans un seul sens<\/strong> (vertical ou horizontal), vous pouvez utiliser les <strong>combinaisons de touches <\/strong><em>ALT + MAJ<\/em> pour le d\u00e9placer <strong>seulement horizontalement,<\/strong> et <em>ALT + CTRL <\/em>pour le\r\n  d\u00e9placer <strong>uniquement dans le sens vertical<\/strong>.<\/p>\r\n<p class=\"body\">Quand le curseur de la souris se trouve dans les <strong>zones au lieu des bords <\/strong>de l'\u00e9l\u00e9ment, il sera fait (selon le bord ou l'angle) de la <strong>forme classique d'une double fl\u00e8che <\/strong>pour indiquer que vous pouvez <strong>redimensionner l'\u00e9l\u00e9ment<\/strong>. Dans ce cas aussi cliquez\r\n  avec le bouton gauche de la souris, redimensionnez la carte et rel\u00e2chez le bouton.<\/p>\r\n<p class=\"note\" style=\"margin-top:12.0pt;margin-right:0cm;margin-bottom:12.0pt;margin-left:0cm;background:#F0F0F0;\"><strong>Note<\/strong>: <br\/>\r\n  Vous pouvez d\u00e9placer ou redimensionner plusieurs articles <strong>au m\u00eame temps<\/strong>. <br\/>\r\n  <br\/>\r\n  S\u00e9lectionnez les \u00e9l\u00e9ments que vous souhaitez d\u00e9placer ou redimensionner en utilisant l'une des m\u00e9thodes suivantes: <br\/>\r\n  1) En cliquant sur eux tout en maintenant enfonc\u00e9e la touche <em>CTRL<\/em> de votre clavier. <br\/>\r\n  2) Cliquez sur une zone vide de l'\u00e9tiquette, maintenez enfonc\u00e9 le bouton gauche de la souris et faites glisser le curseur. Tous les \u00e9l\u00e9ments dans le cadre\r\n  du rectangle de s\u00e9lection seront automatiquement s\u00e9lectionn\u00e9s. <br\/>\r\n  Une fois que vous avez s\u00e9lectionn\u00e9 le dernier \u00e9l\u00e9ment, rel\u00e2chez la touche <em>CTRL<\/em> (ou rel\u00e2chez le bouton gauche de la souris) et d\u00e9placez ou\r\n  redimensionnez les \u00e9l\u00e9ments s\u00e9lectionn\u00e9s. <br\/>\r\n  <br\/>\r\n  Cette fa\u00e7on de travailler, appel\u00e9 <em>multi-s\u00e9lection<\/em>, est possible pour des \u00e9l\u00e9ments appartenant \u00e0 un m\u00eame contexte. Par exemple, vous pouvez\r\n  s\u00e9lectionner des \u00e9l\u00e9ments diff\u00e9rents d'un m\u00eame groupe d'\u00e9tiquettes, des \u00e9l\u00e9ments diff\u00e9rents de la page, mais pas des \u00e9l\u00e9ments appartenants \u00e0 diff\u00e9rents\r\n  groupes d'\u00e9tiquettes ou des \u00e9l\u00e9ments de page et des \u00e9l\u00e9ments de l'\u00e9tiquette.<\/p>\r\n<p class=\"body\">Notez que pour les \u00e9l\u00e9ments positionnables dans les \u00e9tiquettes (codes barres, textes et graphiques) la s\u00e9lection de l'\u00e9l\u00e9ment, son entra\u00eenement ou son\r\n  redimensionnement sont possibles <strong>seulement si l'article est dans la zone du groupe d'\u00e9tiquettes dont il fait partie<\/strong>. En d'autres termes,\r\n  si un \u00e9l\u00e9ment est d\u00e9plac\u00e9 et son bord droit est en dehors de l'\u00e9tiquette, vous ne pouvez pas acc\u00e9der aux fonctions de redimensionnement du bord droite,\r\n  comme <strong>la souris n'aura aucun effet sur la zone \u00e0 l'ext\u00e9rieur<\/strong>.<\/p>\r\n<p class=\"body\">Dans ces cas, ou si vous souhaitez apporter des <strong>modifications pr\u00e9cises <\/strong>\u00e0 la position ou la taille d'un article, vous pouvez agir par \u00e0\r\n  travers de l'onglet <em>Avanc\u00e9<\/em>, pr\u00e9sent dans <strong>toutes les fen\u00eatres de propri\u00e9t\u00e9s <\/strong>des \u00e9l\u00e9ments. <\/p>\r\n<p class=\"body\">L'onglet <em>Avanc\u00e9 a<\/em> <strong>5 bo\u00eetes<\/strong> <strong> \u00e0 travers desquelles il est possible de d\u00e9finir les coordonn\u00e9es, la taille et la rotation des \u00e9l\u00e9ments:<\/strong><\/p>\r\n<img src=\"http:\/\/www.labeljoy.com\/user-guide-files\/fr\/2120_008.png\" align=\"left\" style=\"margin: 0px 24px 4px 0px\">\r\n<ul>\r\n  <li class=\"body\"><strong>Gauche<\/strong>: position de le bord gauche de l'\u00e9l\u00e9ment. Pour la page des \u00e9l\u00e9ments cette valeur est rapport\u00e9e au bord gauche de la feuille; pour tous les autres\r\n    \u00e9l\u00e9ments au bord gauche de l'\u00e9tiquette.<\/li>\r\n  <li class=\"body\"><strong>Haut<\/strong>: position du bord sup\u00e9rieur de l'\u00e9l\u00e9ment. Pour les \u00e9l\u00e9ments de page cette valeur est rapport\u00e9 au bord sup\u00e9rieur de la feuille, pour tous les\r\n    autres \u00e9l\u00e9ments au bord sup\u00e9rieure de l'\u00e9tiquette.<\/li>\r\n  <li class=\"body\"> <strong>Larguer<\/strong>: dimension horizontale de l'\u00e9l\u00e9ment.<\/li>\r\n  <li class=\"body\"><strong>Hauteur<\/strong>: dimension verticale de l'\u00e9l\u00e9ment.<\/li>\r\n  <li class=\"body\"><strong>Rotation<\/strong>: valeur en degr\u00e9s de l'angle de <a href=\"http:\/\/www.labeljoy.com\/fr\/aide\/faire-pivoter-les-elements\/\">rotation d<\/a>e l'\u00e9l\u00e9ment.<\/li>\r\n<\/ul>\r\n<p class=\"note\"><strong>Note<\/strong>: <br\/>\r\n  Dans les cases de texte sur l'onglet <em>Avanc\u00e9<\/em>, vous pouvez taper uniquement des chiffres et le signe \"moins\" et la virgule. Les mesures peuvent \u00eatre\r\n  exprim\u00e9es en centim\u00e8tres ou en pouces selon le r\u00e9glage d\u00e9fini dans la fen\u00eatre des options de l'onglet <a href=\"http:\/\/www.labeljoy.com\/fr\/aide\/principal\/\">Interface<\/a>. <\/p>\r\n<p class=\"body\"> <strong>Il y a aussi deux contr\u00f4les pour d\u00e9finir deux param\u00e8tres importants:<\/strong><\/p>\r\n<ul>\r\n  <li class=\"body\"><strong>R\u00e9pondre \u00e0 la souris<\/strong>: bo\u00eete qui d\u00e9termine si la souris est activ\u00e9e pour agir sur l'\u00e9l\u00e9ment.<\/li>\r\n  <li class=\"body\"><strong>Nom<\/strong>: nom de l'\u00e9l\u00e9ment. Le texte entr\u00e9 ici (maximum 32 caract\u00e8res) sera affich\u00e9 lorsque vous <a href=\"http:\/\/www.labeljoy.com\/fr\/aide\/selection-des-elements\/\">passez la souris<\/a> (si l'option est activ\u00e9e) et dans\r\n    le menu de <a href=\"http:\/\/www.labeljoy.com\/fr\/aide\/principal\/\">lecture<\/a>. <\/li>\r\n<\/ul>\r\n<p class=\"body\">Si la case <strong>R\u00e9pondre \u00e0 la souris <\/strong>est d\u00e9sactiv\u00e9e, la souris n'aura plus aucun effet sur l'\u00e9l\u00e9ment. Donc, ne peuvent plus se d\u00e9placer,\r\n  redimensionner ou faire pivoter l'objet avec l'aide de la souris. Ce r\u00e9glage peut \u00eatre utile si vous voulez avoir un \u00e9l\u00e9ment sur toute la surface de\r\n  l'\u00e9tiquette, mais sans qu'il emp\u00eache l'acc\u00e8s aux propri\u00e9t\u00e9s de l'\u00e9tiquette, ou \u00e0 d'autres \u00e9l\u00e9ments positionn\u00e9s dans la m\u00eame zone. Dans d'autres cas, il\r\n  peut \u00eatre n\u00e9cessaire de s'assurer qu'un \u00e9l\u00e9ment ne soit pas accidentellement d\u00e9plac\u00e9 ou redimensionn\u00e9. Dans tous les cas, n'oubliez pas que: <\/p>\r\n<p class=\"note\"><strong>Pour acc\u00e9der aux propri\u00e9t\u00e9s d'un \u00e9l\u00e9ment inactif \u00e0 la souris<\/strong> , s\u00e9lectionnez-le en utilisant l'ic\u00f4ne <a href=\"http:\/\/www.labeljoy.com\/fr\/aide\/affichage-d-element\/\">affiche les \u00e9l\u00e9ments<\/a> , et puis cliquez sur l'ic\u00f4ne <a href=\"http:\/\/www.labeljoy.com\/fr\/aide\/element\/\">param\u00e8tre \u00e9l\u00e9ment<\/a>.<\/p>>\n<\/div>\n","protected":false},"excerpt":{"rendered":"<p>Cette page fait r\u00e9f\u00e9rence \u00e0 Labeljoy 5, qui n&rsquo;est pas notre derni\u00e8re version. Effectuez une mise \u00e0 niveau vers Labeljoy 6 pour obtenir la derni\u00e8re version du logiciel avec toutes ses fonctionnalit\u00e9s \u00e9tonnantes ou, si vous l\u2019utilisez d\u00e9j\u00e0, visitez le guide de l\u2019utilisateur de Labeljoy 6.<\/p>\n","protected":false},"author":8,"featured_media":0,"parent":22289,"menu_order":0,"comment_status":"open","ping_status":"closed","template":"page-template-left-sidebar.php","meta":{"inline_featured_image":false,"_monsterinsights_skip_tracking":false,"_monsterinsights_sitenote_active":false,"_monsterinsights_sitenote_note":"","_monsterinsights_sitenote_category":0,"footnotes":""},"class_list":{"0":"post-22774","1":"page","2":"type-page","3":"status-publish","5":"infinite-scroll-item"},"aioseo_notices":[],"_links":{"self":[{"href":"https:\/\/www.labeljoy.com\/fr\/wp-json\/wp\/v2\/pages\/22774","targetHints":{"allow":["GET"]}}],"collection":[{"href":"https:\/\/www.labeljoy.com\/fr\/wp-json\/wp\/v2\/pages"}],"about":[{"href":"https:\/\/www.labeljoy.com\/fr\/wp-json\/wp\/v2\/types\/page"}],"author":[{"embeddable":true,"href":"https:\/\/www.labeljoy.com\/fr\/wp-json\/wp\/v2\/users\/8"}],"replies":[{"embeddable":true,"href":"https:\/\/www.labeljoy.com\/fr\/wp-json\/wp\/v2\/comments?post=22774"}],"version-history":[{"count":3,"href":"https:\/\/www.labeljoy.com\/fr\/wp-json\/wp\/v2\/pages\/22774\/revisions"}],"predecessor-version":[{"id":22797,"href":"https:\/\/www.labeljoy.com\/fr\/wp-json\/wp\/v2\/pages\/22774\/revisions\/22797"}],"up":[{"embeddable":true,"href":"https:\/\/www.labeljoy.com\/fr\/wp-json\/wp\/v2\/pages\/22289"}],"wp:attachment":[{"href":"https:\/\/www.labeljoy.com\/fr\/wp-json\/wp\/v2\/media?parent=22774"}],"curies":[{"name":"wp","href":"https:\/\/api.w.org\/{rel}","templated":true}]}}