{"id":22801,"date":"2014-11-20T11:40:23","date_gmt":"2014-11-20T11:40:23","guid":{"rendered":"http:\/\/www.labeljoy.com\/aide\/defining-colors\/"},"modified":"2015-02-05T11:16:40","modified_gmt":"2015-02-05T11:16:40","slug":"regler-les-couleurs","status":"publish","type":"page","link":"https:\/\/www.labeljoy.com\/fr\/aide\/regler-les-couleurs\/","title":{"rendered":"R\u00e9gler les couleurs"},"content":{"rendered":"<div data-partent=\"19635\" class=\"callout callout-warning\">\n<h4>Cette page fait r\u00e9f\u00e9rence \u00e0 Labeljoy 5, qui n&rsquo;est pas notre derni\u00e8re version.<\/h4>\n<p>Effectuez une <a href=\"\/fr\/achat\/\">mise \u00e0 niveau vers Labeljoy 6<\/a> pour obtenir la derni\u00e8re version du logiciel avec toutes ses fonctionnalit\u00e9s \u00e9tonnantes ou, si vous l\u2019utilisez d\u00e9j\u00e0, visitez le <a href=\"\/help-lj6\/\">guide de l\u2019utilisateur de Labeljoy 6<\/a>.<\/p>\n<\/div>\n<div id=\"help-guide\">\n\r\n<p class=\"title\">r\u00e9gler les couleurs<\/p>\r\n<p class=\"body\"><strong>Le r\u00e9glage des couleurs <\/strong> se fait \u00e0 travers une s\u00e9rie de contr\u00f4les plac\u00e9s dans les <strong>onglets couleurs<\/strong>. Par exemple, l'onglet <em>Remplissage<\/em> d'un \u00e9l\u00e9ment <em>Texte <\/em> affiche les commandes de r\u00e9glage de la couleur int\u00e9rieure du texte.<\/p>\r\n<p class=\"note\"><strong>Note<\/strong>: <br\/>\r\n  en cliquant avec <strong>le bouton droit de la souris <\/strong>sur le volet d'aper\u00e7u en bas de la couleur pour afficher <strong>un menu contextuel <\/strong>qui vous permet de <strong>copier<\/strong>, <strong>coller<\/strong>, et <strong>r\u00e9tablir la valeur par d\u00e9faut <\/strong> de chaque couleur.<\/p>\r\n<p class=\"body\">Les pages de \u00e9glage de la couleur vous permettent de d\u00e9finir une couleur <em>pleine<\/em> (une seule couleur sans gradients) ou <em>fondue<\/em> (deux\r\n  teintes uns avec les autres et peuvent avoir des \u00e9l\u00e9ments d'opacit\u00e9).<\/p>\r\n<p class=\"note\"><strong>Note<\/strong>: <br\/>\r\n  Le mode <em>Fondue <\/em><em>ne sera pr\u00e9sente que <\/em><em><strong>o\u00f9 appliquable<\/strong><\/em><em>. Par exemple, dans le cas de la couleur du code dans les \u00e9l\u00e9ments <\/em><em>Codes<\/em><em> <\/em><em>barres <\/em><em>il ne sera pas possible de fixer des nuances mais seulement une couleur pleine. Dans ces cas, le bouton <\/em><em>Plein\/Fondu<\/em> <em> ne sera pas visible<\/em>. <\/p>\r\n<p class=\"body\"> Le due modalit\u00e0 <em>Plein<\/em> et <em>Fondu<\/em> affichent les <strong>contr\u00f4les<\/strong>:<\/p>\r\n<table width=\"100%\">\r\n  <tr valign=\"top\">\r\n    <td><p class=\"body\"><img src=\"http:\/\/www.labeljoy.com\/user-guide-files\/fr\/2060_003.png\" align=\"left\" style=\"margin: 0px 24px 4px 0px\"><strong>Plein: <\/strong> au sommet, il y a la bo\u00eete s\u00e9lection de couleurs: en cliquant l\u00e0 vous s\u00e9lectionnerez la couleur sur laquelle le curseur de la souris\r\n        est positionn\u00e9 \u00e0 ce moment-l\u00e0. \u00c0 sa droite se trouve la barre pour r\u00e9gler la luminosit\u00e9: en cliquant dessus vous pouvez changer les\r\n        couleurs sur l'\u00e9cran et configurer ses valeurs de luminosit\u00e9. <br\/>\r\n        Dans la partie inf\u00e9rieure, il y a des zones de texte qui montrent les valeurs num\u00e9riques de rouge, de vert et de bleu correspondants \u00e0\r\n        la couleur s\u00e9lectionn\u00e9e. Notez que vous pouvez changer les couleurs agissant \u00e9galement sur ces cases de texte et en entrant\r\n        manuellement les valeurs (0 \u00e0 255). <br\/>\r\n        Le panneau du bas montre la couleur s\u00e9lectionn\u00e9e. <\/p><\/td>\r\n  <\/tr>\r\n  <tr valign=\"top\">\r\n    <td><p class=\"body\"><img src=\"http:\/\/www.labeljoy.com\/user-guide-files\/fr\/2300_001.png\" align=\"left\" style=\"margin: 0px 24px 4px 0px\"><strong>Fondu: <\/strong> dans ce mode, la fen\u00eatre est divis\u00e9e en deux sections et chacune g\u00e8re l'une des deux couleurs qui seront combin\u00e9es pour former la\r\n        couleur fondue que vous voulez. <br\/>\r\n        Dans la partie sup\u00e9rieure de chaque section , \u00e0 part le cadre de la s\u00e9lection de couleurs actuelle et la barre de luminosit\u00e9, il y a\r\n        aussi les barres de transparence qui permettent de fixer le montant de l'opacit\u00e9 de la couleur (de 0 \u00e0 255, o\u00f9 0 est compl\u00e8tement\r\n        transparent et 255 totalement opaque). Dans chacune des deux cadres de couleur il y a trois cases avec les valeurs de rouge, de vert et\r\n        de bleu ainsi que la case <em>Opacit\u00e9 <\/em> qui indique pr\u00e9cis\u00e9ment la valeur de transparence s\u00e9lectionn\u00e9e. <br\/>\r\n        Vous pouvez <em>copier <\/em> les couleurs ensemble \u00e0 l'aide des boutons marqu\u00e9s par \u00ab et par \u00bb. <br\/>\r\n        Au fond il y a le volet d'aper\u00e7u qui montre la combinaison choisie. \u00c0 sa droite se trouvent les commandes qui vous permettent de\r\n        d\u00e9finir l'angle \u00e0 utiliser pour le fondu. Dans ce cas aussi il est possible d'agir sur la barre de d\u00e9filement ou de taper les valeurs\r\n        directement dans la zone de texte (de 0\u00b0 \u00e0 359\u00b0). <\/p>\r\n      <p class=\"note\"><strong>Note<\/strong>: <br\/>\r\n        Le mode <em>F<\/em><em>ondu <\/em><em>n'est pas <\/em>disponible dans la version <em>Light<\/em>. <\/p><\/td>\r\n  <\/tr>\r\n<\/table>\r\n<p class=\"body\">Une fois d\u00e9fini la couleur d\u00e9sir\u00e9e, cliquez sur <em>OK<\/em> ou sur <em>Appliquer<\/em> pour confirmer votre choix ou sur <em>Annuler<\/em> pour ne faire pas de changements.<\/p>\n<\/div>\n","protected":false},"excerpt":{"rendered":"<p>Cette page fait r\u00e9f\u00e9rence \u00e0 Labeljoy 5, qui n&rsquo;est pas notre derni\u00e8re version. Effectuez une mise \u00e0 niveau vers Labeljoy 6 pour obtenir la derni\u00e8re version du logiciel avec toutes ses fonctionnalit\u00e9s \u00e9tonnantes ou, si vous l\u2019utilisez d\u00e9j\u00e0, visitez le guide de l\u2019utilisateur de Labeljoy 6.<\/p>\n","protected":false},"author":8,"featured_media":0,"parent":22289,"menu_order":0,"comment_status":"open","ping_status":"closed","template":"page-template-left-sidebar.php","meta":{"inline_featured_image":false,"_monsterinsights_skip_tracking":false,"_monsterinsights_sitenote_active":false,"_monsterinsights_sitenote_note":"","_monsterinsights_sitenote_category":0,"footnotes":""},"class_list":{"0":"post-22801","1":"page","2":"type-page","3":"status-publish","5":"infinite-scroll-item"},"aioseo_notices":[],"_links":{"self":[{"href":"https:\/\/www.labeljoy.com\/fr\/wp-json\/wp\/v2\/pages\/22801","targetHints":{"allow":["GET"]}}],"collection":[{"href":"https:\/\/www.labeljoy.com\/fr\/wp-json\/wp\/v2\/pages"}],"about":[{"href":"https:\/\/www.labeljoy.com\/fr\/wp-json\/wp\/v2\/types\/page"}],"author":[{"embeddable":true,"href":"https:\/\/www.labeljoy.com\/fr\/wp-json\/wp\/v2\/users\/8"}],"replies":[{"embeddable":true,"href":"https:\/\/www.labeljoy.com\/fr\/wp-json\/wp\/v2\/comments?post=22801"}],"version-history":[{"count":3,"href":"https:\/\/www.labeljoy.com\/fr\/wp-json\/wp\/v2\/pages\/22801\/revisions"}],"predecessor-version":[{"id":22846,"href":"https:\/\/www.labeljoy.com\/fr\/wp-json\/wp\/v2\/pages\/22801\/revisions\/22846"}],"up":[{"embeddable":true,"href":"https:\/\/www.labeljoy.com\/fr\/wp-json\/wp\/v2\/pages\/22289"}],"wp:attachment":[{"href":"https:\/\/www.labeljoy.com\/fr\/wp-json\/wp\/v2\/media?parent=22801"}],"curies":[{"name":"wp","href":"https:\/\/api.w.org\/{rel}","templated":true}]}}