{"id":22802,"date":"2014-11-20T13:18:37","date_gmt":"2014-11-20T13:18:37","guid":{"rendered":"http:\/\/www.labeljoy.com\/aide\/setting-visualization-priority\/"},"modified":"2015-02-05T09:55:25","modified_gmt":"2015-02-05T09:55:25","slug":"definir-l-ordre-d-affichage","status":"publish","type":"page","link":"https:\/\/www.labeljoy.com\/fr\/aide\/definir-l-ordre-d-affichage\/","title":{"rendered":"D\u00e9finir l&rsquo;ordre d&rsquo;affichage"},"content":{"rendered":"<div data-partent=\"19635\" class=\"callout callout-warning\">\n<h4>Cette page fait r\u00e9f\u00e9rence \u00e0 Labeljoy 5, qui n&rsquo;est pas notre derni\u00e8re version.<\/h4>\n<p>Effectuez une <a href=\"\/fr\/achat\/\">mise \u00e0 niveau vers Labeljoy 6<\/a> pour obtenir la derni\u00e8re version du logiciel avec toutes ses fonctionnalit\u00e9s \u00e9tonnantes ou, si vous l\u2019utilisez d\u00e9j\u00e0, visitez le <a href=\"\/help-lj6\/\">guide de l\u2019utilisateur de Labeljoy 6<\/a>.<\/p>\n<\/div>\n<link rel=\"stylesheet\" href=\"http:\/\/www.labeljoy.com\/user-guide-files\/en\/styles.css\" type=\"text\/css\" media=\"all\" \/>\n<div id=\"help-guide\">\n\r\n<p class=\"title\">d\u00e9finir l'ordre d'affichage<\/p>\r\n<p class=\"body\">Quand il y a des \u00e9l\u00e9ments qui se <strong>juxtaposent<\/strong>, m\u00eame partiellement, vous pouvez choisir <strong>l'ordre d'affichage <\/strong>\u00e0 l'aide de\r\n  deux commandes qui sont \u00e0 l'int\u00e9rieur du menu <a href=\"http:\/\/www.labeljoy.com\/fr\/aide\/element\/\">Param\u00e8tres des \u00e9l\u00e9ments<\/a>. <\/p>\r\n<p class=\"body\">La modification de l'ordre d'affichage vous permet de d\u00e9finir <strong>l'ordre dans lequel les \u00e9l\u00e9ments sont rendus<\/strong>. Si, par exemple, deux \u00e9l\u00e9ments\r\n  de texte se juxtaposent partiellement, il sera possible de <strong>d\u00e9cider lequel de ces deux \u00e9l\u00e9ments aura la priorit\u00e9 <\/strong>dans la zone de\r\n  juxtaposition, de sorte qu'il soit enti\u00e8rement visible au d\u00e9triment du second \u00e9l\u00e9ment.<\/p>\r\n<table width=\"100%\">\r\n  <tr valign=\"top\">\r\n    <td><p class=\"body\"><img src=\"http:\/\/www.labeljoy.com\/user-guide-files\/fr\/2340_001.png\" align=\"left\" style=\"margin: 0px 24px 4px 0px\"> Pour modifier l'ordre d'affichage, faites comme il suit:<\/p>\r\n      <ol>\r\n        <li class=\"body\"> S\u00e9lectionnez l'\u00e9l\u00e9ment pour lequel vous souhaitez modifier l'ordre d'affichage.<\/li>\r\n        <li class=\"body\"> Afficher le menu <em>Param\u00e8tres des \u00e9l\u00e9ments<\/em>, ou utilisez les commandes dans la <a href=\"http:\/\/www.labeljoy.com\/fr\/aide\/la-barre-des-outils\/\">barre des outils<\/a>.<\/li>\r\n        <li class=\"body\">S\u00e9lectionnez <em>Mettre au premier plan <\/em>pour donner la priorit\u00e9 \u00e0 l'\u00e9l\u00e9ment ou s\u00e9lectionnez <em>Mettre en arri\u00e8re plan <\/em> pour donner une priorit\u00e9 inf\u00e9rieure \u00e0 l'\u00e9l\u00e9ment.<\/li>\r\n      <\/ol><\/td>\r\n  <\/tr>\r\n  <tr valign=\"top\">\r\n    <td><p class=\"note\"><img src=\"http:\/\/www.labeljoy.com\/user-guide-files\/fr\/2340_002.png\" align=\"left\" style=\"margin: 0px 24px 4px 0px\"><strong>Note<\/strong>: <br\/>\r\n        Les \u00e9l\u00e9ments de page ont normalement une <strong>priorit\u00e9 plus \u00e9lev\u00e9e <\/strong>que les \u00e9l\u00e9ments de l'\u00e9tiquette. La priorit\u00e9 des \u00e9l\u00e9ments de\r\n        page est modifi\u00e9e par rapport aux autres \u00e9l\u00e9ments. Si vous voulez qu'un \u00e9l\u00e9ment de page soit plac\u00e9 derri\u00e8re les \u00e9l\u00e9ments d'\u00e9tiquettes,\r\n        d\u00e9finissez l'option <em>Derri\u00e8re les \u00e9tiquettes<\/em> dans l'onglet <em>Pagination <\/em>de de la fen\u00eatre des propri\u00e9t\u00e9s de <a href=\"http:\/\/www.labeljoy.com\/fr\/aide\/definir-un-element-de-page\/\">l'\u00e9l\u00e9ment de\r\n        page.<\/a><\/p><\/td>\r\n  <\/tr>\r\n<\/table>able>\n<\/div>\n","protected":false},"excerpt":{"rendered":"<p>Cette page fait r\u00e9f\u00e9rence \u00e0 Labeljoy 5, qui n&rsquo;est pas notre derni\u00e8re version. Effectuez une mise \u00e0 niveau vers Labeljoy 6 pour obtenir la derni\u00e8re version du logiciel avec toutes ses fonctionnalit\u00e9s \u00e9tonnantes ou, si vous l\u2019utilisez d\u00e9j\u00e0, visitez le guide de l\u2019utilisateur de Labeljoy 6.<\/p>\n","protected":false},"author":8,"featured_media":0,"parent":22289,"menu_order":0,"comment_status":"open","ping_status":"closed","template":"page-template-left-sidebar.php","meta":{"inline_featured_image":false,"_monsterinsights_skip_tracking":false,"_monsterinsights_sitenote_active":false,"_monsterinsights_sitenote_note":"","_monsterinsights_sitenote_category":0,"footnotes":""},"class_list":{"0":"post-22802","1":"page","2":"type-page","3":"status-publish","5":"infinite-scroll-item"},"aioseo_notices":[],"_links":{"self":[{"href":"https:\/\/www.labeljoy.com\/fr\/wp-json\/wp\/v2\/pages\/22802","targetHints":{"allow":["GET"]}}],"collection":[{"href":"https:\/\/www.labeljoy.com\/fr\/wp-json\/wp\/v2\/pages"}],"about":[{"href":"https:\/\/www.labeljoy.com\/fr\/wp-json\/wp\/v2\/types\/page"}],"author":[{"embeddable":true,"href":"https:\/\/www.labeljoy.com\/fr\/wp-json\/wp\/v2\/users\/8"}],"replies":[{"embeddable":true,"href":"https:\/\/www.labeljoy.com\/fr\/wp-json\/wp\/v2\/comments?post=22802"}],"version-history":[{"count":2,"href":"https:\/\/www.labeljoy.com\/fr\/wp-json\/wp\/v2\/pages\/22802\/revisions"}],"predecessor-version":[{"id":22827,"href":"https:\/\/www.labeljoy.com\/fr\/wp-json\/wp\/v2\/pages\/22802\/revisions\/22827"}],"up":[{"embeddable":true,"href":"https:\/\/www.labeljoy.com\/fr\/wp-json\/wp\/v2\/pages\/22289"}],"wp:attachment":[{"href":"https:\/\/www.labeljoy.com\/fr\/wp-json\/wp\/v2\/media?parent=22802"}],"curies":[{"name":"wp","href":"https:\/\/api.w.org\/{rel}","templated":true}]}}