{"id":22803,"date":"2014-11-20T11:44:06","date_gmt":"2014-11-20T11:44:06","guid":{"rendered":"http:\/\/www.labeljoy.com\/aide\/copying-and-pasting-elements\/"},"modified":"2015-02-05T11:53:33","modified_gmt":"2015-02-05T11:53:33","slug":"copier-et-coller-les-elements","status":"publish","type":"page","link":"https:\/\/www.labeljoy.com\/fr\/aide\/copier-et-coller-les-elements\/","title":{"rendered":"Copier et coller les \u00e9l\u00e9ments"},"content":{"rendered":"<div data-partent=\"19635\" class=\"callout callout-warning\">\n<h4>Cette page fait r\u00e9f\u00e9rence \u00e0 Labeljoy 5, qui n&rsquo;est pas notre derni\u00e8re version.<\/h4>\n<p>Effectuez une <a href=\"\/fr\/achat\/\">mise \u00e0 niveau vers Labeljoy 6<\/a> pour obtenir la derni\u00e8re version du logiciel avec toutes ses fonctionnalit\u00e9s \u00e9tonnantes ou, si vous l\u2019utilisez d\u00e9j\u00e0, visitez le <a href=\"\/help-lj6\/\">guide de l\u2019utilisateur de Labeljoy 6<\/a>.<\/p>\n<\/div>\n<div id=\"help-guide\">\n\r\n<p class=\"title\">copier et coller les \u00e9l\u00e9ments<\/p>\r\n<p class=\"body\">Dans le cas o\u00f9 vous avez besoin pour <strong>cr\u00e9er des copies <\/strong>d'un \u00e9l\u00e9ment d'\u00e9tiquette ou de page, vous pouvez atteindre cet objectif gr\u00e2ce \u00e0 la\r\n  fonction <em>Copier\/Coller<\/em>.<\/p>\r\n<table width=\"100%\">\r\n  <tr valign=\"top\">\r\n    <td><p class=\"body\"><img src=\"http:\/\/www.labeljoy.com\/user-guide-files\/fr\/2320_001.png\" align=\"left\" style=\"margin: 0px 24px 4px 0px\"> Pour cr\u00e9er la copie d'un \u00e9l\u00e9ment faites comme il suit:<\/p>\r\n      <ol>\r\n        <li class=\"body\"> S\u00e9lectionnez les <strong>\u00e9l\u00e9ments \u00e0 copier<\/strong>.<\/li>\r\n        <li class=\"body\"> Affichez\r\n          le <strong>menu de gestion \u00e9l\u00e9ments <\/strong> en cliquant avec le bouton droit de la souris ou en cliquant sur l'ic\u00f4ne <a href=\"http:\/\/www.labeljoy.com\/fr\/aide\/element\/\">\u00e9l\u00e9ments<\/a> .<\/li>\r\n        <li class=\"body\"> Selectionnez <em>Copier<\/em> pour <strong>memoriser les \u00e9l\u00e9ments originaux <\/strong><strong>dont vous voulez cr\u00e9er une copie<\/strong>.<\/li>\r\n        <li class=\"body\"> Affichez \u00e0 nouveau le menu de gestion de l'\u00e9l\u00e9ment.<\/li>\r\n        <li class=\"body\">S\u00e9lectionnez <em>Coller<\/em><em>. <\/em><em>Ainsi le programme <\/em><em><strong>ajoutera une copie identique des \u00e9l\u00e9ments <\/strong><\/em> <em>originaux<\/em>.<\/li>\r\n      <\/ol>\r\n      <p class=\"body\">La commande <em>Coller<\/em> est affich\u00e9e aussi dans le menu de gestion <a href=\"http:\/\/www.labeljoy.com\/fr\/aide\/groupe\/\">groupe<\/a> pour rendre plus simple la <strong>copie entre groupes differents <\/strong>ou quand le groupe de\r\n        destination ne contient pas d'\u00e9l\u00e9ments.<\/p>\r\n      <p class=\"note\"><strong>Note<\/strong>: <br\/>\r\n        La cr\u00e9ation de copies d'\u00e9l\u00e9ments est possible seulement si vous respectez les contextes d'origine et de destination. Par exemple, vous pouvez copier un\r\n        \u00e9l\u00e9ment de page sur la feuille, mais pas dans une \u00e9tiquette: car l'\u00e9l\u00e9ment de page ne peut pas appartenir \u00e0 une \u00e9tiquette. Au lieu de cela, vous pouvez\r\n        cr\u00e9er des copies des \u00e9l\u00e9ments d'\u00e9tiquette, <strong>m\u00eame parmi des groupes d'\u00e9tiquettes differents<\/strong>, mais pas copier un \u00e9l\u00e9ment \u00e9tiquette sur la\r\n        feuille.<\/p>\r\n      <p class=\"body\">&nbsp;<\/p><\/td>\r\n  <\/tr>\r\n<\/table>><\/td>\r\n  <\/tr>\r\n<\/table>\n<\/div>\n","protected":false},"excerpt":{"rendered":"<p>Cette page fait r\u00e9f\u00e9rence \u00e0 Labeljoy 5, qui n&rsquo;est pas notre derni\u00e8re version. Effectuez une mise \u00e0 niveau vers Labeljoy 6 pour obtenir la derni\u00e8re version du logiciel avec toutes ses fonctionnalit\u00e9s \u00e9tonnantes ou, si vous l\u2019utilisez d\u00e9j\u00e0, visitez le guide de l\u2019utilisateur de Labeljoy 6.<\/p>\n","protected":false},"author":8,"featured_media":0,"parent":22289,"menu_order":0,"comment_status":"open","ping_status":"closed","template":"page-template-left-sidebar.php","meta":{"inline_featured_image":false,"_monsterinsights_skip_tracking":false,"_monsterinsights_sitenote_active":false,"_monsterinsights_sitenote_note":"","_monsterinsights_sitenote_category":0,"footnotes":""},"class_list":{"0":"post-22803","1":"page","2":"type-page","3":"status-publish","5":"infinite-scroll-item"},"aioseo_notices":[],"_links":{"self":[{"href":"https:\/\/www.labeljoy.com\/fr\/wp-json\/wp\/v2\/pages\/22803","targetHints":{"allow":["GET"]}}],"collection":[{"href":"https:\/\/www.labeljoy.com\/fr\/wp-json\/wp\/v2\/pages"}],"about":[{"href":"https:\/\/www.labeljoy.com\/fr\/wp-json\/wp\/v2\/types\/page"}],"author":[{"embeddable":true,"href":"https:\/\/www.labeljoy.com\/fr\/wp-json\/wp\/v2\/users\/8"}],"replies":[{"embeddable":true,"href":"https:\/\/www.labeljoy.com\/fr\/wp-json\/wp\/v2\/comments?post=22803"}],"version-history":[{"count":3,"href":"https:\/\/www.labeljoy.com\/fr\/wp-json\/wp\/v2\/pages\/22803\/revisions"}],"predecessor-version":[{"id":22847,"href":"https:\/\/www.labeljoy.com\/fr\/wp-json\/wp\/v2\/pages\/22803\/revisions\/22847"}],"up":[{"embeddable":true,"href":"https:\/\/www.labeljoy.com\/fr\/wp-json\/wp\/v2\/pages\/22289"}],"wp:attachment":[{"href":"https:\/\/www.labeljoy.com\/fr\/wp-json\/wp\/v2\/media?parent=22803"}],"curies":[{"name":"wp","href":"https:\/\/api.w.org\/{rel}","templated":true}]}}