{"id":22804,"date":"2014-11-20T13:19:30","date_gmt":"2014-11-20T13:19:30","guid":{"rendered":"http:\/\/www.labeljoy.com\/aide\/setting-the-print-start-position\/"},"modified":"2015-02-05T12:53:11","modified_gmt":"2015-02-05T12:53:11","slug":"definir-le-point-de-demarrage-d-impression","status":"publish","type":"page","link":"https:\/\/www.labeljoy.com\/fr\/aide\/definir-le-point-de-demarrage-d-impression\/","title":{"rendered":"D\u00e9finir le point de d\u00e9marrage d&rsquo;impression"},"content":{"rendered":"<div data-partent=\"19635\" class=\"callout callout-warning\">\n<h4>Cette page fait r\u00e9f\u00e9rence \u00e0 Labeljoy 5, qui n&rsquo;est pas notre derni\u00e8re version.<\/h4>\n<p>Effectuez une <a href=\"\/fr\/achat\/\">mise \u00e0 niveau vers Labeljoy 6<\/a> pour obtenir la derni\u00e8re version du logiciel avec toutes ses fonctionnalit\u00e9s \u00e9tonnantes ou, si vous l\u2019utilisez d\u00e9j\u00e0, visitez le <a href=\"\/help-lj6\/\">guide de l\u2019utilisateur de Labeljoy 6<\/a>.<\/p>\n<\/div>\n<div id=\"help-guide\">\n\r\n<p class=\"title\">d\u00e9finir le point de d\u00e9marrage d'impression<\/p>\n<p class=\"body\">Labeljoy permet d'imprimer les travails en utilisant aussi des <strong>feuilles d'\u00e9tiquettes d\u00e9j\u00e0 partiellement utilis\u00e9s<\/strong>. Il n'est pas rare, en\n  fait, qu'\u00e0 la fin d'un travail d'impression la derni\u00e8re feuille ne soit que <strong>partiellement utilis\u00e9e<\/strong>. Pour <strong>\u00e9viter du gaspillage<\/strong>, Labeljoy vous permet de lancer une nouvelle impression en utilisant <strong>comme premi\u00e8re page <\/strong>une feuille\n  d'\u00e9tiquettes d\u00e9j\u00e0 partiellement utilis\u00e9e.<\/p>\n<table width=\"100%\">\n  <tr valign=\"top\">\n    <td><p class=\"body\"><img src=\"http:\/\/www.labeljoy.com\/user-guide-files\/fr\/2380_001.png\" align=\"left\" style=\"margin: 0px 24px 4px 0px\"> Vous pouvez d\u00e9finir les <strong>cordonn\u00e9es de d\u00e9marrage d'impression <\/strong>avec le bouton relatif dans la <a href=\"http:\/\/www.labeljoy.com\/fr\/aide\/la-barre-des-outils\/\">barre des outils<\/a>.<\/p><\/td>\n  <\/tr>\n  <tr valign=\"top\">\n    <td><p class=\"body\"><img src=\"http:\/\/www.labeljoy.com\/user-guide-files\/fr\/2380_002.png\" align=\"left\" style=\"margin: 0px 24px 4px 0px\"> Ou dans les r\u00e9glages dans l'onglet <a href=\"http:\/\/www.labeljoy.com\/help-fr\/print-options-fr\/\">Imprimer<\/a>, dans la fen\u00eatre <a href=\"http:\/\/www.labeljoy.com\/fr\/aide\/options-fr\/\">Options.<\/a><\/p><\/td>\n  <\/tr>\n<\/table>\n<span class=\"body\">Vous pouvez aussi utiliser la souris pour <strong>configurer cela tr\u00e8s rapidement<\/strong>. <br\/>\nPour d\u00e9finir la position de d\u00e9marrage d'impression avec la souris, proc\u00e9dez comme il suit: avant tout, pour plus de facilit\u00e9, r\u00e9glez le zoom \u00e0 pleine page. <br\/>\nPuis appuyez et maintenez enfonc\u00e9 les touches <em>SHIFT<\/em>, <em>CTRL <\/em>et <em>ALT<\/em>. Cliquez sur la position du papier de laquelle vous souhaitez\n    lancer l'impression. \u00c0 ce stade, si vous avez cliqu\u00e9 sur une position diff\u00e9rente de la rang\u00e9e 1 - colonne 1, Labeljoy va effacer toutes les positions\n    pr\u00e9c\u00e9dentes celle s\u00e9lectionn\u00e9 en d\u00e9pla\u00e7ant (offset) toutes les \u00e9tiquettes vers le bas.<\/span>\n<\/div>\n","protected":false},"excerpt":{"rendered":"<p>Cette page fait r\u00e9f\u00e9rence \u00e0 Labeljoy 5, qui n&rsquo;est pas notre derni\u00e8re version. Effectuez une mise \u00e0 niveau vers Labeljoy 6 pour obtenir la derni\u00e8re version du logiciel avec toutes ses fonctionnalit\u00e9s \u00e9tonnantes ou, si vous l\u2019utilisez d\u00e9j\u00e0, visitez le guide de l\u2019utilisateur de Labeljoy 6.<\/p>\n","protected":false},"author":8,"featured_media":0,"parent":22289,"menu_order":0,"comment_status":"open","ping_status":"closed","template":"page-template-left-sidebar.php","meta":{"inline_featured_image":false,"_monsterinsights_skip_tracking":false,"_monsterinsights_sitenote_active":false,"_monsterinsights_sitenote_note":"","_monsterinsights_sitenote_category":0,"footnotes":""},"class_list":{"0":"post-22804","1":"page","2":"type-page","3":"status-publish","5":"infinite-scroll-item"},"aioseo_notices":[],"_links":{"self":[{"href":"https:\/\/www.labeljoy.com\/fr\/wp-json\/wp\/v2\/pages\/22804","targetHints":{"allow":["GET"]}}],"collection":[{"href":"https:\/\/www.labeljoy.com\/fr\/wp-json\/wp\/v2\/pages"}],"about":[{"href":"https:\/\/www.labeljoy.com\/fr\/wp-json\/wp\/v2\/types\/page"}],"author":[{"embeddable":true,"href":"https:\/\/www.labeljoy.com\/fr\/wp-json\/wp\/v2\/users\/8"}],"replies":[{"embeddable":true,"href":"https:\/\/www.labeljoy.com\/fr\/wp-json\/wp\/v2\/comments?post=22804"}],"version-history":[{"count":3,"href":"https:\/\/www.labeljoy.com\/fr\/wp-json\/wp\/v2\/pages\/22804\/revisions"}],"predecessor-version":[{"id":22851,"href":"https:\/\/www.labeljoy.com\/fr\/wp-json\/wp\/v2\/pages\/22804\/revisions\/22851"}],"up":[{"embeddable":true,"href":"https:\/\/www.labeljoy.com\/fr\/wp-json\/wp\/v2\/pages\/22289"}],"wp:attachment":[{"href":"https:\/\/www.labeljoy.com\/fr\/wp-json\/wp\/v2\/media?parent=22804"}],"curies":[{"name":"wp","href":"https:\/\/api.w.org\/{rel}","templated":true}]}}