{"id":22805,"date":"2014-11-20T13:20:33","date_gmt":"2014-11-20T13:20:33","guid":{"rendered":"http:\/\/www.labeljoy.com\/aide\/working-with-images\/"},"modified":"2015-02-05T12:52:58","modified_gmt":"2015-02-05T12:52:58","slug":"definir-une-image","status":"publish","type":"page","link":"https:\/\/www.labeljoy.com\/fr\/aide\/definir-une-image\/","title":{"rendered":"D\u00e9finir une image"},"content":{"rendered":"<div data-partent=\"19635\" class=\"callout callout-warning\">\n<h4>Cette page fait r\u00e9f\u00e9rence \u00e0 Labeljoy 5, qui n&rsquo;est pas notre derni\u00e8re version.<\/h4>\n<p>Effectuez une <a href=\"\/fr\/achat\/\">mise \u00e0 niveau vers Labeljoy 6<\/a> pour obtenir la derni\u00e8re version du logiciel avec toutes ses fonctionnalit\u00e9s \u00e9tonnantes ou, si vous l\u2019utilisez d\u00e9j\u00e0, visitez le <a href=\"\/help-lj6\/\">guide de l\u2019utilisateur de Labeljoy 6<\/a>.<\/p>\n<\/div>\n<div id=\"help-guide\">\n\r\n<p class=\"title\">d\u00e9finir une image<\/p>\r\n<p class=\"body\">Dans les fen\u00eatres des propri\u00e9t\u00e9s <a href=\"http:\/\/www.labeljoy.com\/fr\/aide\/definir-un-element-graphique\/\">graphique<\/a>, <a href=\"http:\/\/www.labeljoy.com\/fr\/aide\/definir-la-mise-en-page\/\">mise en page<\/a>, et <a href=\"http:\/\/www.labeljoy.com\/fr\/aide\/definir-un-element-de-page\/\">\u00e9l\u00e9ment de page<\/a>, il y a un onglet <em>Image <\/em>\u00e0 travers lequel vous\r\n  pouvez <strong>t\u00e9l\u00e9charger une image <\/strong>\u00e0 utiliser dans le cadre relative. <\/p>\r\n<table width=\"100%\">\r\n  <tr valign=\"top\">\r\n    <td><p class=\"body\"><img src=\"http:\/\/www.labeljoy.com\/user-guide-files\/fr\/2120_001.png\" align=\"left\" style=\"margin: 0px 24px 4px 0px\"> La d\u00e9finition de l'image se pass \u00e0 travers une fen\u00eatre avec les contr\u00f4les suivants:<\/p>\r\n      <ul>\r\n        <li class=\"body\"><img src=\"http:\/\/www.labeljoy.com\/user-guide-files\/fr\/2400_001.png\" style=\"margin: 0px 4px 0px 0px\"> <strong>Champ<\/strong>: bouton pour lier l'image \u00e0 un champ de la source des donn\u00e9es (o\u00f9 pr\u00e9sente). <\/li>\r\n        <li class=\"body\"><img src=\"http:\/\/www.labeljoy.com\/user-guide-files\/fr\/2400_002.png\" style=\"margin: 0px 4px 0px 0px\"> <strong>Fichier<\/strong>: bouton pour afficher une bo\u00eete de dialogue pour la s\u00e9lection d'un fichier d'image. <\/li>\r\n        <li class=\"body\"><img src=\"http:\/\/www.labeljoy.com\/user-guide-files\/fr\/2400_003.png\" style=\"margin: 0px 4px 0px 0px\"> <strong>Scanner<\/strong>: bouton pour importer une image d'une source TWAIN (scanner, camera, etc). L'importation depuis un scanner se passe \u00e0 travers le\r\n          programme de gestion de la p\u00e9riph\u00e9rique s\u00e9lectionn\u00e9e.<\/li>\r\n        <li class=\"body\"><img src=\"http:\/\/www.labeljoy.com\/user-guide-files\/fr\/2400_004.png\" style=\"margin: 0px 4px 0px 0px\"> <strong>Clipart<\/strong>: bouton pour acc\u00e9der \u00e0 l'\u00e9cran de s\u00e9lection <a href=\"http:\/\/www.labeljoy.com\/fr\/aide\/utiliser-les-cliparts\/\">Clipart<\/a> (pas disponible dans la version <em>Light<\/em>). <\/li>\r\n        <li class=\"body\"><img src=\"http:\/\/www.labeljoy.com\/user-guide-files\/fr\/2400_005.png\" style=\"margin: 0px 4px 0px 0px\"> <strong>Enlever<\/strong>: bouton pour effacer l'image s\u00e9lectionn\u00e9e.<\/li>\r\n        <li class=\"body\"><strong>Zoom<\/strong>: liste de s\u00e9lection de la m\u00e9thode de montage de la taille de l'image \u00e0 la taille de l'\u00e9l\u00e9ment qui la contient: <\/li>\r\n        <ul>\r\n          <li class=\"body\"><em>(Rien)<\/em> : pas de zoom, l'image sera affich\u00e9e dans sa taille originale. <\/li>\r\n          <li class=\"body\"><em>Proportionel:<\/em> enlarge au maximum l'image \u00e0 l'interieur de l'\u00e9l\u00e9ment en gardant les proportions originales. <\/li>\r\n          <li class=\"body\"><em>Etirer: <\/em> l'image est positionn\u00e9e sur l'\u00e9l\u00e9ment en utilisant tout l'\u00e9space disponible sans garder les proportions originales.<\/li>\r\n        <\/ul>\r\n        <li class=\"body\"><strong>Position<\/strong>: liste de s\u00e9lection pour la d\u00e9finition de la position de l'image dans le rectangle auquel elle appartient. Cette option est\r\n          d\u00e9sactiv\u00e9e si la s\u00e9lection de Zoom est <em>Etirer<\/em>.<\/li>\r\n        <li class=\"body\"><strong>Param\u00e8tres RGB<\/strong>: il y a 5 options pour r\u00e9gler les \u00e9l\u00e9ments RGB:<\/li>\r\n        <ul>\r\n          <li class=\"body\"><img src=\"http:\/\/www.labeljoy.com\/user-guide-files\/fr\/2400_006.png\" style=\"margin: 0px 4px 0px 0px\"> Quantit\u00e9 de rouge.<\/li>\r\n          <li class=\"body\"><img src=\"http:\/\/www.labeljoy.com\/user-guide-files\/fr\/2400_007.png\" style=\"margin: 0px 4px 0px 0px\"> Quantit\u00e9 de vert.<\/li>\r\n          <li class=\"body\"><img src=\"http:\/\/www.labeljoy.com\/user-guide-files\/fr\/2400_008.png\" style=\"margin: 0px 4px 0px 0px\"> Quantit\u00e9 de bleu.<\/li>\r\n          <li class=\"body\"><img src=\"http:\/\/www.labeljoy.com\/user-guide-files\/fr\/2400_009.png\" style=\"margin: 0px 4px 0px 0px\"> Transparence de l'image (<em>Alpha<\/em>).<\/li>\r\n          <li class=\"body\"><img src=\"http:\/\/www.labeljoy.com\/user-guide-files\/fr\/2400_010.png\" style=\"margin: 0px 4px 0px 0px\"> Intensit\u00e9 des couleurs (<em>Gamma<\/em>).<\/li>\r\n        <\/ul>\r\n        <li class=\"body\"><strong>Interpolation<\/strong>: la fa\u00e7on de <em>rendre <\/em>l'image, c'est \u00e0 dire la d\u00e9finition de la qualit\u00e9 avec laquelle l'image est dessin\u00e9e. Les param\u00e8tres\r\n          sont les suivants:<\/li>\r\n        <ul>\r\n          <li class=\"body\"><em>Faible qualit\u00e9<\/em>: l'image est dessin\u00e9e en basse qualit\u00e9 (plus rapide).<\/li>\r\n          <li class=\"body\"><em>Qualit\u00e9 \u00e9l\u00e9v\u00e9e<\/em>: l'image est dessin\u00e9e en haute qualit\u00e9.<\/li>\r\n          <li class=\"body\"><em>Bilin\u00e9aire<\/em>: pas de pr\u00e9-filtrage est appliqu\u00e9. Ce mode n'est pas id\u00e9al si l'image doit \u00eatre r\u00e9duite \u00e0 moins de 50% de la taille\r\n            originale.<\/li>\r\n          <li class=\"body\"><em>Bicubique<\/em>: pas de pr\u00e9-filtrage est appliqu\u00e9. Ce mode n'est pas id\u00e9al si l'image doit \u00eatre r\u00e9duite \u00e0 moins de 25% de la taille\r\n            originale.<\/li>\r\n          <li class=\"body\"><em>Voisin le plus proche<\/em> (par d\u00e9faut): interpolation appell\u00e9e <em>Nearest-neighbor<\/em> ou <em>Jagged<\/em>. Elle convient pour des images sans\r\n            l'effect anti-alias.<\/li>\r\n          <li class=\"body\"><em>AQ bilin\u00e9aire<\/em>: bilin\u00e9aire de haute qualit\u00e9. Ex\u00e9cute une pr\u00e9-filtration pour assurer un r\u00e9dimensionnement de haute qualit\u00e9. <\/li>\r\n          <li class=\"body\"><em>AQ bicubique<\/em>: bicubique de haute qualit\u00e9. Ex\u00e9cute une pr\u00e9-filtration pour assurer un r\u00e9dimensionnement de haute qualit\u00e9. Ce mode\r\n            produit des images redimensionn\u00e9es avec une meilleure qualit\u00e9 (plus lent). <\/li>\r\n        <\/ul>\r\n      <\/ul><\/td>\r\n  <\/tr>\r\n<\/table>\r\n<p class=\"note\"><strong>Note:<\/strong> <br\/>\r\n  L'application d'un effet de <strong>transparence<\/strong>, de <strong>luminosit\u00e9 <\/strong>ou <strong>interpolation <\/strong>peut <strong>r\u00e9duire les performances du programme<\/strong>, comme il est n\u00e9cessaire un effort consid\u00e9rable pour le processeur de traitement d'image. <br\/>\r\n  Il est conseill\u00e9 d'utiliser soigneusement ces caract\u00e9ristiques.<\/p>\n<\/div>\n","protected":false},"excerpt":{"rendered":"<p>Cette page fait r\u00e9f\u00e9rence \u00e0 Labeljoy 5, qui n&rsquo;est pas notre derni\u00e8re version. Effectuez une mise \u00e0 niveau vers Labeljoy 6 pour obtenir la derni\u00e8re version du logiciel avec toutes ses fonctionnalit\u00e9s \u00e9tonnantes ou, si vous l\u2019utilisez d\u00e9j\u00e0, visitez le guide de l\u2019utilisateur de Labeljoy 6.<\/p>\n","protected":false},"author":8,"featured_media":0,"parent":22289,"menu_order":0,"comment_status":"open","ping_status":"closed","template":"page-template-left-sidebar.php","meta":{"inline_featured_image":false,"_monsterinsights_skip_tracking":false,"_monsterinsights_sitenote_active":false,"_monsterinsights_sitenote_note":"","_monsterinsights_sitenote_category":0,"footnotes":""},"class_list":{"0":"post-22805","1":"page","2":"type-page","3":"status-publish","5":"infinite-scroll-item"},"aioseo_notices":[],"_links":{"self":[{"href":"https:\/\/www.labeljoy.com\/fr\/wp-json\/wp\/v2\/pages\/22805","targetHints":{"allow":["GET"]}}],"collection":[{"href":"https:\/\/www.labeljoy.com\/fr\/wp-json\/wp\/v2\/pages"}],"about":[{"href":"https:\/\/www.labeljoy.com\/fr\/wp-json\/wp\/v2\/types\/page"}],"author":[{"embeddable":true,"href":"https:\/\/www.labeljoy.com\/fr\/wp-json\/wp\/v2\/users\/8"}],"replies":[{"embeddable":true,"href":"https:\/\/www.labeljoy.com\/fr\/wp-json\/wp\/v2\/comments?post=22805"}],"version-history":[{"count":3,"href":"https:\/\/www.labeljoy.com\/fr\/wp-json\/wp\/v2\/pages\/22805\/revisions"}],"predecessor-version":[{"id":22850,"href":"https:\/\/www.labeljoy.com\/fr\/wp-json\/wp\/v2\/pages\/22805\/revisions\/22850"}],"up":[{"embeddable":true,"href":"https:\/\/www.labeljoy.com\/fr\/wp-json\/wp\/v2\/pages\/22289"}],"wp:attachment":[{"href":"https:\/\/www.labeljoy.com\/fr\/wp-json\/wp\/v2\/media?parent=22805"}],"curies":[{"name":"wp","href":"https:\/\/api.w.org\/{rel}","templated":true}]}}