{"id":22807,"date":"2014-11-20T13:23:29","date_gmt":"2014-11-20T13:23:29","guid":{"rendered":"http:\/\/www.labeljoy.com\/aide\/the-welcome-screen\/"},"modified":"2018-09-25T16:04:47","modified_gmt":"2018-09-25T16:04:47","slug":"l-ecran-d-accueil","status":"publish","type":"page","link":"https:\/\/www.labeljoy.com\/fr\/aide\/l-ecran-d-accueil\/","title":{"rendered":"L&rsquo;\u00e9cran d&rsquo;accueil"},"content":{"rendered":"<div data-partent=\"19635\" class=\"callout callout-warning\">\n<h4>Cette page fait r\u00e9f\u00e9rence \u00e0 Labeljoy 5, qui n&rsquo;est pas notre derni\u00e8re version.<\/h4>\n<p>Effectuez une <a href=\"\/fr\/achat\/\">mise \u00e0 niveau vers Labeljoy 6<\/a> pour obtenir la derni\u00e8re version du logiciel avec toutes ses fonctionnalit\u00e9s \u00e9tonnantes ou, si vous l\u2019utilisez d\u00e9j\u00e0, visitez le <a href=\"\/help-lj6\/\">guide de l\u2019utilisateur de Labeljoy 6<\/a>.<\/p>\n<\/div>\n<link rel=\"stylesheet\" href=\"http:\/\/www.labeljoy.com\/user-guide-files\/en\/styles.css\" type=\"text\/css\" media=\"all\" \/>\n<div id=\"help-guide\">\n\r\n<p class=\"title\">l'\u00e9cran d'accueil<\/p>\r\n<p class=\"body\"> Quand vous d\u00e9marrez Labeljoy, il est montr\u00e9 un \u00e9cran d'introduction que rend l'<strong>acc\u00e8s rapide aux fonctions fr\u00e9quemment utilis\u00e9es<\/strong>. <br\/>\r\n  En haut \u00e0 droite il y a une bo\u00eete pour <strong>d\u00e9terminer la langue utilis\u00e9e<\/strong> pour l'interface de Labeljoy. <\/p>\r\n<table width=\"100%\">\r\n  <tr valign=\"top\">\r\n    <td><p><img src=\"http:\/\/www.labeljoy.com\/user-guide-files\/fr\/4200_001.png\" align=\"left\" style=\"margin: 0px 24px 4px 0px\"><\/p>\r\n      <p class=\"body\"><strong><u>CREER UN NOUVEAU PROJET<\/u><\/strong> <br\/>\r\n        La premi\u00e8re section en haut \u00e0 gauche vous permet de cr\u00e9er un nouveau projet et <strong>aller directement \u00e0 la d\u00e9finition de la <\/strong> <a href=\"http:\/\/www.labeljoy.com\/fr\/aide\/definir-la-mise-en-page\/\">mise en page<\/a>. <br\/>\r\n        La commande <em>Nouveau projet<\/em> <em>\u00e0 partir d'une mise en page existante <\/em>cr\u00e9e un nouveau projet et ouvre la fen\u00eatre de r\u00e9glage de\r\n        la mise en page \u00e0 l'onglet <em>Recherche de mise en page <\/em>qui vous permet de charger un mod\u00e8le existant de la biblioth\u00e8que de Labeljoy. <br\/>\r\n        La commande <em>Nouveau projet \u00e0 partir d'une mise en page personnalis\u00e9e<\/em> cr\u00e9e un nouveau projet et ouvre la fen\u00eatre de la mise en page\r\n        \u00e0 l'onglet <em>Personnaliser<\/em> qui permet la d\u00e9finition personnalis\u00e9e des param\u00e8tres de la page, le nombre d'\u00e9tiquettes, l'espacement,\r\n        etc<\/p>\r\n      <p class=\"body\"><strong><u>CHARGER UN PROJET EXISTANT<\/u><\/strong> <br\/>\r\n        La section du milieu en haut vous permet de <a href=\"http:\/\/www.labeljoy.com\/fr\/aide\/ouvrir\/\">charger<\/a> <strong>l'un des derniers fichiers utilis\u00e9s<\/strong>. <br\/>\r\n        Il y a aussi la commande <em>Ouvrir<\/em> pour s\u00e9lectionner manuellement un fichier \u00e0 t\u00e9l\u00e9charger. <\/p>\r\n      <p class=\"body\"><strong><u>CHARGER UN FICHIER D'EXEMPLE<\/u><\/strong> <br\/>\r\n        Labeljoy est distribu\u00e9 avec quelques <a href=\"http:\/\/www.labeljoy.com\/fr\/aide\/les-exemples\/\">exemples du travail <\/a>de ce qui est possible r\u00e9aliser, et qui peut \u00eatre utilis\u00e9 comme source de\r\n        nouveaux travails. <br\/>\r\n        <em>Il ya quatre \u00e9l\u00e9ments, mais vous pouvez t\u00e9l\u00e9charger des fichiers suppl\u00e9mentaires manuellement en cliquant sur <\/em> <em>Autres exemples...<\/em><\/p>\r\n      <p class=\"note\"><strong>Note<\/strong>: <br\/>\r\n        Si vous souhaitez modifier, personnaliser et enregistrer les exemples, vous devriez, imm\u00e9diatement apr\u00e8s l'ouverture, les enregistrer sous\r\n        un nouveau nom, afin de ne pas effacer l'exemple original.<\/p>\r\n      <p class=\"body\"><strong><u>LIER LES DONNEES SOURCES<\/u><\/strong> <u> <strong> <br\/>\r\n        <\/strong> <\/u> En bas \u00e0 gauche il y a la commande pour d\u00e9marrer la connexion <a href=\"http:\/\/www.labeljoy.com\/fr\/aide\/procedure-guidee-pour-la-connexion-a-une-source-de-donnees\/\">procedure guid\u00e9e d<\/a>e liaison \u00e0 une source de donn\u00e9es. <\/p>\r\n      <p class=\"note\"><strong>Note<\/strong>: <br\/>\r\n        La connexion \u00e0 la source de donn\u00e9es est uniquement disponible dans la version <strong>Full<\/strong> ou pendant la p\u00e9riode d'essai. <\/p>\r\n      <p class=\"body\"><strong><u>ACTIVATION<\/u><\/strong> <u> <strong> <br\/>\r\n        <\/strong> <\/u> Pendant que <strong>Labeljoy est en mode d\u00e9mo<\/strong>, cette section est affich\u00e9e pour montrer un <strong>acc\u00e8s rapide \u00e0 la fen\u00eatre d'<\/strong><a href=\"http:\/\/www.labeljoy.com\/fr\/aide\/activer-le-logiciel\/\">activation<\/a><strong> <\/strong><strong>du programme<\/strong>. <\/p>\r\n      <p class=\"body\"><strong><u>AIDE<\/u><\/strong> <strong> <br\/>\r\n        <\/strong> Liens rapides pour afficher les \u00e9l\u00e9ments de ce guide relatifs \u00e0 <strong>chacun de domaines <\/strong>dans la fen\u00eatre d'introduction. <\/p>\r\n      <p class=\"body\">En outre, en bas \u00e0 gauche il y a la case <em>Afficher au d\u00e9marrage<\/em>, qui si active fait que <strong>cette fen\u00eatre d'introduction soit automatiquement ouverte <\/strong>\u00e0 la fin de la phase de d\u00e9marrage du programme. D\u00e9cochez cette\r\n        case pour emp\u00eacher que l'\u00e9cran d'introduction s'affiche au d\u00e9marrage.<\/p>\r\n      <p class=\"body\">Enfin en bas \u00e0 droite il y a la commande pour d\u00e9finir <strong>l'unit\u00e9 de mesure utilis\u00e9e dans le programme<\/strong>. Vous pouvez \u00e9galement\r\n        modifier ce param\u00e8tre \u00e0 partir de la fen\u00eatre Options, dans le premier onglet <a href=\"http:\/\/www.labeljoy.com\/fr\/aide\/principal\/\">Principal<\/a>.<\/p>\r\n      <p class=\"note\"><strong>Note<\/strong>: <br\/>\r\n        En d\u00e9sactivant l'option <em>Afficher au d\u00e9marrage<\/em> la fen\u00eatre de bienvenue ne sera plus automatiquement visible. S'il devient\r\n        n\u00e9cessaire de l'afficher, s\u00e9lectionnez l'\u00e9l\u00e9ment <em>Introduction <\/em>dans le menu <a href=\"http:\/\/www.labeljoy.com\/fr\/aide\/aide-icone\/\">Aide<\/a>. <\/p><\/td>\r\n  <\/tr>\r\n<\/table>\n<\/div>\n","protected":false},"excerpt":{"rendered":"<p>Cette page fait r\u00e9f\u00e9rence \u00e0 Labeljoy 5, qui n&rsquo;est pas notre derni\u00e8re version. Effectuez une mise \u00e0 niveau vers Labeljoy 6 pour obtenir la derni\u00e8re version du logiciel avec toutes ses fonctionnalit\u00e9s \u00e9tonnantes ou, si vous l\u2019utilisez d\u00e9j\u00e0, visitez le guide de l\u2019utilisateur de Labeljoy 6.<\/p>\n","protected":false},"author":8,"featured_media":0,"parent":22289,"menu_order":0,"comment_status":"open","ping_status":"closed","template":"page-template-left-sidebar.php","meta":{"inline_featured_image":false,"_monsterinsights_skip_tracking":false,"_monsterinsights_sitenote_active":false,"_monsterinsights_sitenote_note":"","_monsterinsights_sitenote_category":0,"footnotes":""},"class_list":{"0":"post-22807","1":"page","2":"type-page","3":"status-publish","5":"infinite-scroll-item"},"aioseo_notices":[],"_links":{"self":[{"href":"https:\/\/www.labeljoy.com\/fr\/wp-json\/wp\/v2\/pages\/22807","targetHints":{"allow":["GET"]}}],"collection":[{"href":"https:\/\/www.labeljoy.com\/fr\/wp-json\/wp\/v2\/pages"}],"about":[{"href":"https:\/\/www.labeljoy.com\/fr\/wp-json\/wp\/v2\/types\/page"}],"author":[{"embeddable":true,"href":"https:\/\/www.labeljoy.com\/fr\/wp-json\/wp\/v2\/users\/8"}],"replies":[{"embeddable":true,"href":"https:\/\/www.labeljoy.com\/fr\/wp-json\/wp\/v2\/comments?post=22807"}],"version-history":[{"count":2,"href":"https:\/\/www.labeljoy.com\/fr\/wp-json\/wp\/v2\/pages\/22807\/revisions"}],"predecessor-version":[{"id":22834,"href":"https:\/\/www.labeljoy.com\/fr\/wp-json\/wp\/v2\/pages\/22807\/revisions\/22834"}],"up":[{"embeddable":true,"href":"https:\/\/www.labeljoy.com\/fr\/wp-json\/wp\/v2\/pages\/22289"}],"wp:attachment":[{"href":"https:\/\/www.labeljoy.com\/fr\/wp-json\/wp\/v2\/media?parent=22807"}],"curies":[{"name":"wp","href":"https:\/\/api.w.org\/{rel}","templated":true}]}}