{"id":22808,"date":"2014-11-20T13:22:31","date_gmt":"2014-11-20T13:22:31","guid":{"rendered":"http:\/\/www.labeljoy.com\/aide\/simultaneous-edits\/"},"modified":"2018-09-30T20:04:41","modified_gmt":"2018-09-30T20:04:41","slug":"changements-simultanes","status":"publish","type":"page","link":"https:\/\/www.labeljoy.com\/fr\/aide\/changements-simultanes\/","title":{"rendered":"Changements simultan\u00e9s"},"content":{"rendered":"<div data-partent=\"19635\" class=\"callout callout-warning\">\n<h4>Cette page fait r\u00e9f\u00e9rence \u00e0 Labeljoy 5, qui n&rsquo;est pas notre derni\u00e8re version.<\/h4>\n<p>Effectuez une <a href=\"\/fr\/achat\/\">mise \u00e0 niveau vers Labeljoy 6<\/a> pour obtenir la derni\u00e8re version du logiciel avec toutes ses fonctionnalit\u00e9s \u00e9tonnantes ou, si vous l\u2019utilisez d\u00e9j\u00e0, visitez le <a href=\"\/help-lj6\/\">guide de l\u2019utilisateur de Labeljoy 6<\/a>.<\/p>\n<\/div>\n<div id=\"help-guide\">\n\r\n<p class=\"title\">changements simultan\u00e9s<\/p>\r\n<p class=\"body\"> Labeljoy vous permet d'<strong>\u00e9diter simultan\u00e9ment<\/strong> des caract\u00e9ristiques communes des \u00e9l\u00e9ments.<\/p>\r\n<table width=\"100%\">\r\n  <tr valign=\"top\">\r\n    <td><p class=\"body\"><img src=\"http:\/\/www.labeljoy.com\/user-guide-files\/fr\/2900_001.png\" align=\"left\" style=\"margin: 0px 24px 4px 0px\"> Ces caract\u00e9ristique sont:<\/p>\r\n      <ul>\r\n        <li class=\"body\"><strong>Police<\/strong><\/li>\r\n        <li class=\"body\"><strong>Couleur du devant<\/strong><\/li>\r\n        <li class=\"body\"><strong>Couleur du fond<\/strong><\/li>\r\n      <\/ul>\r\n      <p class=\"body\">Dans certains cas, il est n\u00e9cessaire de <strong>d\u00e9finir les m\u00eames caract\u00e9ristiques dans la plupart des \u00e9l\u00e9ments <\/strong>pr\u00e9sents sur les\r\n        \u00e9tiquettes. <br\/>\r\n        Notez que ces changements seront mis <strong>seulement le cas \u00e9ch\u00e9ant<\/strong>. <br\/>\r\n        Par exemple, changer le caract\u00e8re d'un \u00e9l\u00e9ment graphique ne sortir\u00e0 aucun effet, puisque ce type d'\u00e9l\u00e9ments n'affiche pas le texte. <\/p>\r\n      <p class=\"note\"><strong>Exemple<\/strong>: <br\/>\r\n        Disons que vous avez une \u00e9tiquette avec deux \u00e9l\u00e9ments de texte, et vous voulez changer la police utilis\u00e9e par les deux: s\u00e9lectionnez les\r\n        deux \u00e9l\u00e9ments en utilisant la <a href=\"http:\/\/www.labeljoy.com\/fr\/aide\/selection-des-elements\/\">s\u00e9lection multiple<\/a>, et cliquez sur la commande <em>Police <\/em>dans le menu <em>Edition<\/em>. Puis\r\n        vous devrez choisir le caract\u00e8re d\u00e9sir\u00e9 dans la fen\u00eatre de s\u00e9lection de la police<em>.<\/em> <br\/>\r\n        Cliquez sur <em>Ok<\/em> pour appliquer la police s\u00e9lectionn\u00e9e aux deux \u00e9l\u00e9ments s\u00e9lectionn\u00e9s. <\/p><\/td>\r\n  <\/tr>\r\n<\/table>\n<\/div>\n","protected":false},"excerpt":{"rendered":"<p>Cette page fait r\u00e9f\u00e9rence \u00e0 Labeljoy 5, qui n&rsquo;est pas notre derni\u00e8re version. Effectuez une mise \u00e0 niveau vers Labeljoy 6 pour obtenir la derni\u00e8re version du logiciel avec toutes ses fonctionnalit\u00e9s \u00e9tonnantes ou, si vous l\u2019utilisez d\u00e9j\u00e0, visitez le guide de l\u2019utilisateur de Labeljoy 6.<\/p>\n","protected":false},"author":8,"featured_media":0,"parent":22289,"menu_order":0,"comment_status":"open","ping_status":"closed","template":"page-template-left-sidebar.php","meta":{"inline_featured_image":false,"_monsterinsights_skip_tracking":false,"_monsterinsights_sitenote_active":false,"_monsterinsights_sitenote_note":"","_monsterinsights_sitenote_category":0,"footnotes":""},"class_list":{"0":"post-22808","1":"page","2":"type-page","3":"status-publish","5":"infinite-scroll-item"},"aioseo_notices":[],"_links":{"self":[{"href":"https:\/\/www.labeljoy.com\/fr\/wp-json\/wp\/v2\/pages\/22808","targetHints":{"allow":["GET"]}}],"collection":[{"href":"https:\/\/www.labeljoy.com\/fr\/wp-json\/wp\/v2\/pages"}],"about":[{"href":"https:\/\/www.labeljoy.com\/fr\/wp-json\/wp\/v2\/types\/page"}],"author":[{"embeddable":true,"href":"https:\/\/www.labeljoy.com\/fr\/wp-json\/wp\/v2\/users\/8"}],"replies":[{"embeddable":true,"href":"https:\/\/www.labeljoy.com\/fr\/wp-json\/wp\/v2\/comments?post=22808"}],"version-history":[{"count":3,"href":"https:\/\/www.labeljoy.com\/fr\/wp-json\/wp\/v2\/pages\/22808\/revisions"}],"predecessor-version":[{"id":22841,"href":"https:\/\/www.labeljoy.com\/fr\/wp-json\/wp\/v2\/pages\/22808\/revisions\/22841"}],"up":[{"embeddable":true,"href":"https:\/\/www.labeljoy.com\/fr\/wp-json\/wp\/v2\/pages\/22289"}],"wp:attachment":[{"href":"https:\/\/www.labeljoy.com\/fr\/wp-json\/wp\/v2\/media?parent=22808"}],"curies":[{"name":"wp","href":"https:\/\/api.w.org\/{rel}","templated":true}]}}