{"id":23037,"date":"2015-02-16T13:41:01","date_gmt":"2015-02-16T13:41:01","guid":{"rendered":"http:\/\/www.labeljoy.com\/assistance\/guide-codes-barres\/pdf-417\/"},"modified":"2021-01-05T15:13:35","modified_gmt":"2021-01-05T15:13:35","slug":"generateur-pdf-417-fr","status":"publish","type":"page","link":"https:\/\/www.labeljoy.com\/fr\/assistance\/guide-codes-barres\/generateur-pdf-417-fr\/","title":{"rendered":"PDF417"},"content":{"rendered":"<h1>G\u00e9n\u00e9rateur des PDF417<\/h1>\n<p>Gr\u00e2ce \u00e0 Labeljoy vous pouvez <strong>g\u00e9n\u00e9rer un code-barres aux normes\u00a0PDF417<\/strong>, un format qui est utilis\u00e9 pour un grand nombre d\u2019application. Les codes-barres aux normes\u00a0PDF417 sont utilis\u00e9s dans la <strong>gestion d\u2019inventaire, le transport et les cartes d\u2019identit\u00e9<\/strong>.<\/p>\n<div class=\"tt-notification tip\"><p style=\"font-size:12px;\"><strong>Attention<\/strong>: La norme pour ce type de code-barres est que le texte visible par l\u2019homme n\u2019est pas affich\u00e9.<br \/>\n<\/p><\/div>\n<h2>Comment g\u00e9n\u00e9rer un code-barres\u00a0PDF417<\/h2>\n<p><span lang=\"fr-FR\">Les codse-barres\u00a0PDF417 g\u00e9n\u00e9r\u00e9s par Labeljoy peuvent \u00eatre encod\u00e9s de <\/span><span lang=\"fr-FR\"><b>3 diff\u00e9rentes mani\u00e8res<\/b><\/span><span lang=\"fr-FR\">. Utilisez la boite de dialogue d\u2019<\/span><span lang=\"fr-FR\"><b>Encodage<\/b><\/span><span lang=\"fr-FR\"> composite afin de d\u00e9finir quel est l\u2019algorithme de cryptage que vous souhaitez utiliser:<\/span><\/p>\n<ul>\n<li><strong>(Mixte)<\/strong>: <span lang=\"fr-FR\">le param\u00e8tre par d\u00e9faut. Permets l\u2019encodage des donn\u00e9es en utilisant une combinaison des autres types de mode d\u2019encodage sur les types de donn\u00e9es trouv\u00e9es. G\u00e9n\u00e9ralement ce proc\u00e9d\u00e9 obtient les meilleurs r\u00e9sultats.<\/span>.<\/li>\n<li><strong>Texte<\/strong>: <span lang=\"fr-FR\">permet l\u2019encodage de plus de 256 caract\u00e8res issus des la table de caract\u00e8re ASCII. Permets les meilleurs r\u00e9sultats pour les caract\u00e8res num\u00e9riques et les valeurs ASCII entre 0 et 127<\/span>.<\/li>\n<li><strong>Numerique<\/strong>: <span lang=\"fr-FR\">permets un encodage compos\u00e9 de chiffres seulement<\/span>.<\/li>\n<\/ul>\n<p style=\"text-align: center\">Encodage PDF417: Labeljoy peut g\u00e9n\u00e9rer les codes-barres 0123456789 PDF417<\/p>\n<div class=\"one_half\">\n<p><img decoding=\"async\" width=\"228\" height=\"56\" src=\"http:\/\/www.labeljoy.com\/user-guide-files\/en\/bcd_pdf417_1.png\" alt=\"Avec l\u2019encodage mixte\" \/><\/p>\n<\/div>\n<div class=\"one_half\">\n<p><img decoding=\"async\" width=\"228\" height=\"56\" src=\"http:\/\/www.labeljoy.com\/user-guide-files\/en\/bcd_pdf417_2.png\" alt=\"Avec l'encodage texte\" \/><\/p>\n<\/div>\n<div class=\"column-clear\"><\/div>\n<p>La boite de dialogue <em>Niveau de correction d\u2019erreur<\/em> vous permet de choisir entre 9 diff\u00e9rents niveaux de r\u00e9cup\u00e9ration concernant les d\u00e9g\u00e2ts faits au code-barres, de 0 \u00e0 8.<br \/>\nPDF417 impl\u00e9mente la correction d\u2019erreur pour assurer la lecture de codes-barres partiellement endommag\u00e9s. Plus grand est le niveau de correction d\u2019erreur, plus le code-barres contenant la donn\u00e9 sera grand.<\/p>\n<p style=\"text-align: center\">Encodage PDF417: http:\/\/www.labeljoy.com\/en\/download-software-create-labels.html<\/p>\n<div class=\"one_half\">\n<p><img decoding=\"async\" width=\"228\" height=\"56\" src=\"http:\/\/www.labeljoy.com\/user-guide-files\/en\/bcd_pdf417_3.png\" alt=\"Avec un niveau 0 de correction d\u2019erreur\" \/><\/p>\n<\/div>\n<div class=\"one_half\">\n<p><img decoding=\"async\" width=\"228\" height=\"91\" src=\"http:\/\/www.labeljoy.com\/user-guide-files\/en\/bcd_pdf417_4.png\" alt=\"Avec un niveau 8 de correction d\u2019erreur\" \/><\/p>\n<\/div>\n<div class=\"column-clear\"><\/div>\n<div class=\"tt-notification tip\"><p style=\"font-size:12px;\"><strong>Concat\u00e9nation de texte:<\/strong><br \/>\nQuand un code-barres PDF417 est g\u00e9n\u00e9r\u00e9 par la concat\u00e9nation de champs ou compteurs, les r\u00e8gles suivantes s\u2019appliquent:<\/p>\n<ul class=\"barcode-ul\">\n<li>Le texte doit \u00eatre compatible avec l\u2019algorithme d\u2019encodage s\u00e9lectionn\u00e9.<\/li>\n<li>La longueur du texte ne doit pas exc\u00e9der la capacit\u00e9 maximum du code-barres.<\/li>\n<\/ul>\n<p>Quand une valeur n\u2019est pas compatible avec les r\u00e8gles pr\u00e9sent\u00e9es ci-dessus, le code-barres ne sera pas affich\u00e9.<br \/>\n<\/p><\/div>\n<div class=\"tt-notification tip\"><p style=\"font-size:12px;\"><strong>Limitations<\/strong>:<br \/>\nLes codes-barres g\u00e9n\u00e9r\u00e9s par PDF417 Labeljoy ne sont pas compatibles avec: Extended Channel Interpretation (ECI), et le mode Structure Append (Macro PDF417).<br \/>\n<\/p><\/div>\n<div class=\"hr hr-dotted\">&nbsp;<\/div>\n<div class=\"one_half\">\n<p style=\"text-align: center\"><a href=\"\/fr\/achat\/\" class=\"large blue tt-button\" target=\"_self\">Achetez le logiciel pour code-barres\u00a0PDF417<\/a>\n<\/div>\n<div class=\"one_half\">\n<p style=\"text-align: center\"><a href=\"\/fr\/download-fr\/\" class=\"large green tt-button\" target=\"_self\">T\u00e9l\u00e9charger gratuitement<\/a>\n<\/div>\n","protected":false},"excerpt":{"rendered":"<p>G\u00e9n\u00e9rateur des PDF417 Gr\u00e2ce \u00e0 Labeljoy vous pouvez g\u00e9n\u00e9rer un code-barres aux normes\u00a0PDF417, un format qui est utilis\u00e9 pour un grand nombre d\u2019application. Les codes-barres aux normes\u00a0PDF417 sont utilis\u00e9s dans la gestion d\u2019inventaire, le transport et les cartes d\u2019identit\u00e9. Comment g\u00e9n\u00e9rer un code-barres\u00a0PDF417 Les codse-barres\u00a0PDF417 g\u00e9n\u00e9r\u00e9s par Labeljoy peuvent \u00eatre encod\u00e9s de 3 diff\u00e9rentes mani\u00e8res. &#8230; <a title=\"PDF417\" class=\"read-more\" href=\"https:\/\/www.labeljoy.com\/fr\/assistance\/guide-codes-barres\/generateur-pdf-417-fr\/\" aria-label=\"En savoir plus sur PDF417\">Read more<\/a><\/p>\n","protected":false},"author":1,"featured_media":0,"parent":2784,"menu_order":0,"comment_status":"open","ping_status":"closed","template":"page-template-left-sidebar.php","meta":{"inline_featured_image":false,"_monsterinsights_skip_tracking":false,"_monsterinsights_sitenote_active":false,"_monsterinsights_sitenote_note":"","_monsterinsights_sitenote_category":0,"footnotes":""},"class_list":{"0":"post-23037","1":"page","2":"type-page","3":"status-publish","5":"infinite-scroll-item"},"aioseo_notices":[],"_links":{"self":[{"href":"https:\/\/www.labeljoy.com\/fr\/wp-json\/wp\/v2\/pages\/23037","targetHints":{"allow":["GET"]}}],"collection":[{"href":"https:\/\/www.labeljoy.com\/fr\/wp-json\/wp\/v2\/pages"}],"about":[{"href":"https:\/\/www.labeljoy.com\/fr\/wp-json\/wp\/v2\/types\/page"}],"author":[{"embeddable":true,"href":"https:\/\/www.labeljoy.com\/fr\/wp-json\/wp\/v2\/users\/1"}],"replies":[{"embeddable":true,"href":"https:\/\/www.labeljoy.com\/fr\/wp-json\/wp\/v2\/comments?post=23037"}],"version-history":[{"count":8,"href":"https:\/\/www.labeljoy.com\/fr\/wp-json\/wp\/v2\/pages\/23037\/revisions"}],"predecessor-version":[{"id":35182,"href":"https:\/\/www.labeljoy.com\/fr\/wp-json\/wp\/v2\/pages\/23037\/revisions\/35182"}],"up":[{"embeddable":true,"href":"https:\/\/www.labeljoy.com\/fr\/wp-json\/wp\/v2\/pages\/2784"}],"wp:attachment":[{"href":"https:\/\/www.labeljoy.com\/fr\/wp-json\/wp\/v2\/media?parent=23037"}],"curies":[{"name":"wp","href":"https:\/\/api.w.org\/{rel}","templated":true}]}}