{"id":23845,"date":"2015-03-20T09:17:32","date_gmt":"2015-03-20T09:17:32","guid":{"rendered":"http:\/\/www.labeljoy.com\/labeljoy-on-mac-how-it-works-2\/"},"modified":"2022-12-14T13:38:41","modified_gmt":"2022-12-14T13:38:41","slug":"labeljoy-on-mac-how-it-works","status":"publish","type":"page","link":"https:\/\/www.labeljoy.com\/fr\/labeljoy-on-mac-how-it-works\/","title":{"rendered":"Comment fonctionne Labeljoy sur Mac"},"content":{"rendered":"<h1>Labeljoy sur Mac? Voici comment \u00e7a marche<\/h1>\n<p><img decoding=\"async\" width=\"754\" height=\"438\" class=\" aligncenter\" src=\"http:\/\/www.labeljoy.com\/images\/mac\/fr\/install-labeljoy-o-mac.jpg\" alt=\"Installer Labeljoy sur Mac\"><\/p>\n<p>Utilisez <strong>Labeljoy <\/strong>et ses fonctionnalit\u00e9s <strong>directement sur Mac<\/strong>. Gr\u00e2ce \u00e0 <a title=\"Parallel Desktop\" href=\"http:\/\/www.parallels.com\/eu\/products\/desktop\/\" target=\"_blank\" rel=\"noopener\">Parallels Desktop<\/a> et une version de Windows, vous pourrez profiter de toutes les fonctionnalit\u00e9s que Labeljoy peut vous offrir dans le cadre de la cr\u00e9ation de vos \u00e9tiquettes et codes-barres. and a Windows, you will be able to enjoy all the features that Labeljoy provides for the creation of your labels and barcodes.<\/p>\n<p><a class=\"hover-item\" style=\"margin-right: 15px\" title=\"Labeljoy on Mac\" href=\"http:\/\/www.labeljoy.com\/images\/mac\/fr\/parallels-labeljoy-1.jpg\"><img decoding=\"async\" width=\"1280\" height=\"800\" src=\"http:\/\/www.labeljoy.com\/images\/mac\/fr\/parallels-labeljoy-1.jpg\" alt=\"\" width=\"300px\" border=\"0\"><\/a><a class=\"hover-item\" style=\"margin-left: 15px\" title=\"Labeljoy on Mac\" href=\"http:\/\/www.labeljoy.com\/images\/mac\/fr\/parallels-labeljoy-2.jpg\"><img decoding=\"async\" width=\"1280\" height=\"800\" src=\"http:\/\/www.labeljoy.com\/images\/mac\/fr\/parallels-labeljoy-2.jpg\" alt=\"\" width=\"300px\" border=\"0\"><\/a><\/p>\n<p>En quelques clics vous pouvez <strong>configurer Labeljoy et l\u2019utiliser sans aucune limitation<\/strong>. Toutes les fonctionnalit\u00e9s du logiciel, de la cr\u00e9ation d\u2019\u00e9tiquette \u00e0 la g\u00e9n\u00e9ration de codes-barres, seront int\u00e9gralement fonctionnelles comme si vous lanciez le logiciel sur un ordinateur avec Windows int\u00e9gr\u00e9.<\/p>\n<p>De plus, gr\u00e2ce \u00e0 <a title=\"Parallel Desktop\" href=\"http:\/\/www.parallels.com\/eu\/products\/desktop\/\" target=\"_blank\" rel=\"noopener\">Parallels Desktop<\/a> et une licence Windows vous pourrez installer et utiliser vos ex\u00e9cutables Windows favoris sur votre Mac OS X, et ce sans aucun probl\u00e8me.<\/p>\n<div style=\"text-align: center\"><a class=\"jumbo green tt-button\" style=\"margin-top: 15px\" href=\"http:\/\/www.labeljoy.com\/fr\/download-fr\/\" target=\"_self\" rel=\"noopener\">T\u00e9l\u00e9charger Labeljoy Maintenant <\/a><\/div>\n","protected":false},"excerpt":{"rendered":"<p>Labeljoy sur Mac? Voici comment \u00e7a marche Utilisez Labeljoy et ses fonctionnalit\u00e9s directement sur Mac. Gr\u00e2ce \u00e0 Parallels Desktop et une version de Windows, vous pourrez profiter de toutes les fonctionnalit\u00e9s que Labeljoy peut vous offrir dans le cadre de la cr\u00e9ation de vos \u00e9tiquettes et codes-barres. and a Windows, you will be able to &#8230; <a title=\"Comment fonctionne Labeljoy sur Mac\" class=\"read-more\" href=\"https:\/\/www.labeljoy.com\/fr\/labeljoy-on-mac-how-it-works\/\" aria-label=\"En savoir plus sur Comment fonctionne Labeljoy sur Mac\">Read more<\/a><\/p>\n","protected":false},"author":1,"featured_media":0,"parent":0,"menu_order":2,"comment_status":"open","ping_status":"closed","template":"","meta":{"inline_featured_image":false,"_monsterinsights_skip_tracking":false,"_monsterinsights_sitenote_active":false,"_monsterinsights_sitenote_note":"","_monsterinsights_sitenote_category":0,"footnotes":""},"class_list":{"0":"post-23845","1":"page","2":"type-page","3":"status-publish","5":"infinite-scroll-item"},"aioseo_notices":[],"_links":{"self":[{"href":"https:\/\/www.labeljoy.com\/fr\/wp-json\/wp\/v2\/pages\/23845","targetHints":{"allow":["GET"]}}],"collection":[{"href":"https:\/\/www.labeljoy.com\/fr\/wp-json\/wp\/v2\/pages"}],"about":[{"href":"https:\/\/www.labeljoy.com\/fr\/wp-json\/wp\/v2\/types\/page"}],"author":[{"embeddable":true,"href":"https:\/\/www.labeljoy.com\/fr\/wp-json\/wp\/v2\/users\/1"}],"replies":[{"embeddable":true,"href":"https:\/\/www.labeljoy.com\/fr\/wp-json\/wp\/v2\/comments?post=23845"}],"version-history":[{"count":8,"href":"https:\/\/www.labeljoy.com\/fr\/wp-json\/wp\/v2\/pages\/23845\/revisions"}],"predecessor-version":[{"id":39495,"href":"https:\/\/www.labeljoy.com\/fr\/wp-json\/wp\/v2\/pages\/23845\/revisions\/39495"}],"wp:attachment":[{"href":"https:\/\/www.labeljoy.com\/fr\/wp-json\/wp\/v2\/media?parent=23845"}],"curies":[{"name":"wp","href":"https:\/\/api.w.org\/{rel}","templated":true}]}}