{"id":23850,"date":"2015-04-09T09:58:38","date_gmt":"2015-04-09T09:58:38","guid":{"rendered":"http:\/\/www.labeljoy.com\/assistance\/comment-faire\/incremental-counters\/"},"modified":"2025-03-03T08:28:35","modified_gmt":"2025-03-03T08:28:35","slug":"compteur-incrementiel","status":"publish","type":"page","link":"https:\/\/www.labeljoy.com\/fr\/assistance\/comment-faire\/compteur-incrementiel\/","title":{"rendered":"Compteur incr\u00e9mentiel"},"content":{"rendered":"<p>Une des fonctionnalit\u00e9s des codes-barres est la <strong>cr\u00e9ation de compteurs incr\u00e9mentiels<\/strong>: des codes dynamiques qui augmentent graduellement selon les param\u00e8tres que vous avez fix\u00e9s.<\/p>\n<h2>Cr\u00e9ez des centaines de codes-barres automatiquement<\/h2>\n<p>Gr\u00e2ce \u00e0 notre compteur incr\u00e9mentiel, vous pouvez <strong>imprimer des centaines de codes-barres sans avoir \u00e0 les \u00e9crire \u00e0 la main<\/strong>: Labeljoy va g\u00e9n\u00e9rer les compteurs pour vous, en suivant vos instructions. Le type de compteur (d\u00e9cimal, alphanum\u00e9rique, hexad\u00e9cimal), les \u00e9carts (les valeurs par lesquelles le compteur augmentera) et combien de fois la r\u00e9p\u00e9tition doit \u00eatre effectu\u00e9e : il ne s\u2019agit que de quelques fonctionnalit\u00e9s parmi d\u2019autres que vous pourrez configurer.<\/p>\n<p>Vous pouvez <strong>exporter ces codes-barres vers le format de votre choix<\/strong> (PDF, JPG, PNG ou TIFF, par exemple) ou <strong>les imprimer directement sur vos \u00e9tiquettes<\/strong>.<\/p>\n<h3>Comment utiliser les compteurs incr\u00e9mentiels<\/h3>\n<p>Ce tutoriel explique comment cr\u00e9er des \u00e9tiquettes avec des codes-barres \u00e0 la suite des uns les autres <strong>sans \u00e9crire les codes \u00e0 la main.<\/strong><\/p>\n<p>1) Doublecliquez sur le code-barres.<\/p>\n<p><a href=\"https:\/\/www.labeljoy.com\/wp-content\/uploads\/2025\/03\/1-Doublecliquez-sur-le-code-barres.-Imgur-1024x609.png\"><img decoding=\"async\" class=\"alignnone wp-image-43102 size-large\" src=\"https:\/\/www.labeljoy.com\/wp-content\/uploads\/2025\/03\/1-Doublecliquez-sur-le-code-barres.-Imgur-1024x609.png\" alt=\"1) Doublecliquez sur le code-barres. - Imgur\" width=\"1024\" height=\"609\" srcset=\"https:\/\/www.labeljoy.com\/wp-content\/uploads\/2025\/03\/1-Doublecliquez-sur-le-code-barres.-Imgur-1024x609.png 1024w, https:\/\/www.labeljoy.com\/wp-content\/uploads\/2025\/03\/1-Doublecliquez-sur-le-code-barres.-Imgur-300x178.png 300w, https:\/\/www.labeljoy.com\/wp-content\/uploads\/2025\/03\/1-Doublecliquez-sur-le-code-barres.-Imgur-768x457.png 768w, https:\/\/www.labeljoy.com\/wp-content\/uploads\/2025\/03\/1-Doublecliquez-sur-le-code-barres.-Imgur-1536x914.png 1536w, https:\/\/www.labeljoy.com\/wp-content\/uploads\/2025\/03\/1-Doublecliquez-sur-le-code-barres.-Imgur.png 1920w\" sizes=\"(max-width: 1024px) 100vw, 1024px\" \/><\/a><\/p>\n<h4>Parties fixes + dynamiques<\/h4>\n<p>2) Dans ce cas une partie <strong>fixe a \u00e9t\u00e9 ajout\u00e9e<\/strong> (00000) et une partie dynamique en cliquant sur <strong>l\u2019ic\u00f4ne du compteur<\/strong>.<\/p>\n<p><a href=\"https:\/\/www.labeljoy.com\/wp-content\/uploads\/2025\/03\/2-Dans-ce-cas-une-partie-fixe-a-ete-ajoutee-00000-et-une-partie-dynamique-en-cliquant-sur-licone-du-compteur.-Imgur.png\"><img decoding=\"async\" class=\"alignnone wp-image-43093 size-full\" src=\"https:\/\/www.labeljoy.com\/wp-content\/uploads\/2025\/03\/2-Dans-ce-cas-une-partie-fixe-a-ete-ajoutee-00000-et-une-partie-dynamique-en-cliquant-sur-licone-du-compteur.-Imgur.png\" alt=\"2) Dans ce cas une partie\u00a0fixe a \u00e9t\u00e9 ajout\u00e9e\u00a0(00000) et une partie dynamique en cliquant sur\u00a0l\u2019ic\u00f4ne du compteur. - Imgur\" width=\"865\" height=\"732\" srcset=\"https:\/\/www.labeljoy.com\/wp-content\/uploads\/2025\/03\/2-Dans-ce-cas-une-partie-fixe-a-ete-ajoutee-00000-et-une-partie-dynamique-en-cliquant-sur-licone-du-compteur.-Imgur.png 865w, https:\/\/www.labeljoy.com\/wp-content\/uploads\/2025\/03\/2-Dans-ce-cas-une-partie-fixe-a-ete-ajoutee-00000-et-une-partie-dynamique-en-cliquant-sur-licone-du-compteur.-Imgur-300x254.png 300w, https:\/\/www.labeljoy.com\/wp-content\/uploads\/2025\/03\/2-Dans-ce-cas-une-partie-fixe-a-ete-ajoutee-00000-et-une-partie-dynamique-en-cliquant-sur-licone-du-compteur.-Imgur-768x650.png 768w\" sizes=\"(max-width: 865px) 100vw, 865px\" \/><\/a><\/p>\n<p>&nbsp;<\/p>\n<p>3) Cliquez sur <em>compteur 0-9<\/em> pour ouvrir une nouvelle fen\u00eatre de configuration.<\/p>\n<p><a href=\"https:\/\/www.labeljoy.com\/wp-content\/uploads\/2025\/03\/3-Cliquez-sur-compteur-0-9-pour-ouvrir-une-nouvelle-fenetre-de-configuration.-Imgur.png\"><img decoding=\"async\" class=\"alignnone wp-image-43084 size-full\" src=\"https:\/\/www.labeljoy.com\/wp-content\/uploads\/2025\/03\/3-Cliquez-sur-compteur-0-9-pour-ouvrir-une-nouvelle-fenetre-de-configuration.-Imgur.png\" alt=\"3) Cliquez sur compteur 0-9 pour ouvrir une nouvelle fen\u00eatre de configuration. - Imgur\" width=\"867\" height=\"738\" srcset=\"https:\/\/www.labeljoy.com\/wp-content\/uploads\/2025\/03\/3-Cliquez-sur-compteur-0-9-pour-ouvrir-une-nouvelle-fenetre-de-configuration.-Imgur.png 867w, https:\/\/www.labeljoy.com\/wp-content\/uploads\/2025\/03\/3-Cliquez-sur-compteur-0-9-pour-ouvrir-une-nouvelle-fenetre-de-configuration.-Imgur-300x255.png 300w, https:\/\/www.labeljoy.com\/wp-content\/uploads\/2025\/03\/3-Cliquez-sur-compteur-0-9-pour-ouvrir-une-nouvelle-fenetre-de-configuration.-Imgur-768x654.png 768w\" sizes=\"(max-width: 867px) 100vw, 867px\" \/><\/a><\/p>\n<p>4) La boite de dialogue de modification du compteur vous permet de modifier certaines propri\u00e9t\u00e9s (<a title=\"Manage counters\" href=\"http:\/\/www.labeljoy.com\/fr\/aide\/gerer-les-compteurs\/\">plus de d\u00e9tails ici<\/a>)<\/p>\n<p><a href=\"https:\/\/www.labeljoy.com\/wp-content\/uploads\/2025\/03\/4-La-boite-de-dialogue-de-modification-du-compteur-vous-permet-de-modifier-certaines-proprietes-plus-de-details-ici-Imgur.png\"><img decoding=\"async\" class=\"alignnone wp-image-43075 size-full\" src=\"https:\/\/www.labeljoy.com\/wp-content\/uploads\/2025\/03\/4-La-boite-de-dialogue-de-modification-du-compteur-vous-permet-de-modifier-certaines-proprietes-plus-de-details-ici-Imgur.png\" alt=\"4) La boite de dialogue de modification du compteur vous permet de modifier certaines propri\u00e9t\u00e9s (plus de d\u00e9tails ici) - Imgur\" width=\"863\" height=\"738\" srcset=\"https:\/\/www.labeljoy.com\/wp-content\/uploads\/2025\/03\/4-La-boite-de-dialogue-de-modification-du-compteur-vous-permet-de-modifier-certaines-proprietes-plus-de-details-ici-Imgur.png 863w, https:\/\/www.labeljoy.com\/wp-content\/uploads\/2025\/03\/4-La-boite-de-dialogue-de-modification-du-compteur-vous-permet-de-modifier-certaines-proprietes-plus-de-details-ici-Imgur-300x257.png 300w, https:\/\/www.labeljoy.com\/wp-content\/uploads\/2025\/03\/4-La-boite-de-dialogue-de-modification-du-compteur-vous-permet-de-modifier-certaines-proprietes-plus-de-details-ici-Imgur-768x657.png 768w\" sizes=\"(max-width: 863px) 100vw, 863px\" \/><\/a><\/p>\n<p>5) Cliquez sur OK: <strong>les codes-barres<\/strong> sont g\u00e9n\u00e9r\u00e9s automatiquement!<\/p>\n<p><a href=\"https:\/\/www.labeljoy.com\/wp-content\/uploads\/2025\/03\/5-Cliquez-sur-OK-les-codes-barres-sont-generes-automatiquement-Imgur-1024x750.png\"><img decoding=\"async\" class=\"alignnone wp-image-43066 size-large\" src=\"https:\/\/www.labeljoy.com\/wp-content\/uploads\/2025\/03\/5-Cliquez-sur-OK-les-codes-barres-sont-generes-automatiquement-Imgur-1024x750.png\" alt=\"5) Cliquez sur OK les codes-barres sont g\u00e9n\u00e9r\u00e9s automatiquement!\u00a0 \u00a0 \u00a0 \u00a0 \u00a0\u00a0 - Imgur\" width=\"1024\" height=\"750\" srcset=\"https:\/\/www.labeljoy.com\/wp-content\/uploads\/2025\/03\/5-Cliquez-sur-OK-les-codes-barres-sont-generes-automatiquement-Imgur-1024x750.png 1024w, https:\/\/www.labeljoy.com\/wp-content\/uploads\/2025\/03\/5-Cliquez-sur-OK-les-codes-barres-sont-generes-automatiquement-Imgur-300x220.png 300w, https:\/\/www.labeljoy.com\/wp-content\/uploads\/2025\/03\/5-Cliquez-sur-OK-les-codes-barres-sont-generes-automatiquement-Imgur-768x563.png 768w, https:\/\/www.labeljoy.com\/wp-content\/uploads\/2025\/03\/5-Cliquez-sur-OK-les-codes-barres-sont-generes-automatiquement-Imgur.png 1436w\" sizes=\"(max-width: 1024px) 100vw, 1024px\" \/><\/a><\/p>\n<hr style=\"margin: 20px 0;\" \/>\n<h4>Concat\u00e9ner plusieurs compteurs incr\u00e9mentiels<\/h4>\n<p><a href=\"https:\/\/www.labeljoy.com\/wp-content\/uploads\/2025\/03\/Concatener-plusieurs-compteurs-incrementiels-Imgur.png\"><img decoding=\"async\" class=\"alignnone wp-image-43057 size-full\" src=\"https:\/\/www.labeljoy.com\/wp-content\/uploads\/2025\/03\/Concatener-plusieurs-compteurs-incrementiels-Imgur.png\" alt=\"Concat\u00e9ner plusieurs compteurs incr\u00e9mentiels - Imgur\" width=\"865\" height=\"735\" srcset=\"https:\/\/www.labeljoy.com\/wp-content\/uploads\/2025\/03\/Concatener-plusieurs-compteurs-incrementiels-Imgur.png 865w, https:\/\/www.labeljoy.com\/wp-content\/uploads\/2025\/03\/Concatener-plusieurs-compteurs-incrementiels-Imgur-300x255.png 300w, https:\/\/www.labeljoy.com\/wp-content\/uploads\/2025\/03\/Concatener-plusieurs-compteurs-incrementiels-Imgur-768x653.png 768w\" sizes=\"(max-width: 865px) 100vw, 865px\" \/><\/a><\/p>\n<p>1) Choisissez un <strong>compteur d\u00e9cimal<\/strong><\/p>\n<p><a href=\"https:\/\/www.labeljoy.com\/wp-content\/uploads\/2025\/03\/1-Choisissez-un-compteur-decimal-Imgur.png\"><img decoding=\"async\" class=\"alignnone wp-image-43048 size-full\" src=\"https:\/\/www.labeljoy.com\/wp-content\/uploads\/2025\/03\/1-Choisissez-un-compteur-decimal-Imgur.png\" alt=\"1) Choisissez un compteur d\u00e9cimal - Imgur\" width=\"868\" height=\"737\" srcset=\"https:\/\/www.labeljoy.com\/wp-content\/uploads\/2025\/03\/1-Choisissez-un-compteur-decimal-Imgur.png 868w, https:\/\/www.labeljoy.com\/wp-content\/uploads\/2025\/03\/1-Choisissez-un-compteur-decimal-Imgur-300x255.png 300w, https:\/\/www.labeljoy.com\/wp-content\/uploads\/2025\/03\/1-Choisissez-un-compteur-decimal-Imgur-768x652.png 768w\" sizes=\"(max-width: 868px) 100vw, 868px\" \/><\/a><\/p>\n<p>2) Choisissez un <strong>compteur alphab\u00e9tique majuscule<\/strong><\/p>\n<p><a href=\"https:\/\/www.labeljoy.com\/wp-content\/uploads\/2025\/03\/2-Choisissez-un-compteur-alphabetique-majuscule-Imgur.png\"><img decoding=\"async\" class=\"alignnone wp-image-43039 size-full\" src=\"https:\/\/www.labeljoy.com\/wp-content\/uploads\/2025\/03\/2-Choisissez-un-compteur-alphabetique-majuscule-Imgur.png\" alt=\"2) Choisissez un compteur alphab\u00e9tique majuscule - Imgur\" width=\"865\" height=\"734\" srcset=\"https:\/\/www.labeljoy.com\/wp-content\/uploads\/2025\/03\/2-Choisissez-un-compteur-alphabetique-majuscule-Imgur.png 865w, https:\/\/www.labeljoy.com\/wp-content\/uploads\/2025\/03\/2-Choisissez-un-compteur-alphabetique-majuscule-Imgur-300x255.png 300w, https:\/\/www.labeljoy.com\/wp-content\/uploads\/2025\/03\/2-Choisissez-un-compteur-alphabetique-majuscule-Imgur-768x652.png 768w\" sizes=\"(max-width: 865px) 100vw, 865px\" \/><\/a><\/p>\n<p>3) Voici vos codes-barres!<\/p>\n<p><a href=\"https:\/\/www.labeljoy.com\/wp-content\/uploads\/2025\/03\/3-Voici-vos-codes-barres-Imgur-1024x752.png\"><img decoding=\"async\" class=\"alignnone wp-image-43030 size-large\" src=\"https:\/\/www.labeljoy.com\/wp-content\/uploads\/2025\/03\/3-Voici-vos-codes-barres-Imgur-1024x752.png\" alt=\"3) Voici vos codes-barres! - Imgur\" width=\"1024\" height=\"752\" srcset=\"https:\/\/www.labeljoy.com\/wp-content\/uploads\/2025\/03\/3-Voici-vos-codes-barres-Imgur-1024x752.png 1024w, https:\/\/www.labeljoy.com\/wp-content\/uploads\/2025\/03\/3-Voici-vos-codes-barres-Imgur-300x220.png 300w, https:\/\/www.labeljoy.com\/wp-content\/uploads\/2025\/03\/3-Voici-vos-codes-barres-Imgur-768x564.png 768w, https:\/\/www.labeljoy.com\/wp-content\/uploads\/2025\/03\/3-Voici-vos-codes-barres-Imgur.png 1433w\" sizes=\"(max-width: 1024px) 100vw, 1024px\" \/><\/a><\/p>\n<div class=\"also-like\"><strong>Vous pourriez aussi aimer<\/strong><\/p>\n<ul>\n<li><a title=\"g\u00e9rer les compteurs\" href=\"http:\/\/www.labeljoy.com\/fr\/aide\/gerer-les-compteurs\/\">Guide: g\u00e9rer les compteurs<\/a><\/li>\n<li><a title=\"Video compteurs incr\u00e9mentiels\" href=\"http:\/\/www.labeljoy.com\/fr\/video-assistance\/compteurs-incrementaux\/\">Vid\u00e9o : les compteurs incr\u00e9mentiels<\/a><\/li>\n<li><a title=\"G\u00e9n\u00e9rateur de codes-barres en ligne gratuit\" href=\"https:\/\/www.labeljoy.com\/generateur-code-barre-gratuit\/\">G\u00e9n\u00e9rateur de codes-barres en ligne<\/a><\/li>\n<\/ul>\n<\/div>\n","protected":false},"excerpt":{"rendered":"<p>Une des fonctionnalit\u00e9s des codes-barres est la cr\u00e9ation de compteurs incr\u00e9mentiels: des codes dynamiques qui augmentent graduellement selon les param\u00e8tres que vous avez fix\u00e9s. Cr\u00e9ez des centaines de codes-barres automatiquement Gr\u00e2ce \u00e0 notre compteur incr\u00e9mentiel, vous pouvez imprimer des centaines de codes-barres sans avoir \u00e0 les \u00e9crire \u00e0 la main: Labeljoy va g\u00e9n\u00e9rer les compteurs &#8230; <a title=\"Compteur incr\u00e9mentiel\" class=\"read-more\" href=\"https:\/\/www.labeljoy.com\/fr\/assistance\/comment-faire\/compteur-incrementiel\/\" aria-label=\"En savoir plus sur Compteur incr\u00e9mentiel\">Read more<\/a><\/p>\n","protected":false},"author":1,"featured_media":0,"parent":2767,"menu_order":0,"comment_status":"closed","ping_status":"closed","template":"","meta":{"inline_featured_image":false,"_monsterinsights_skip_tracking":false,"_monsterinsights_sitenote_active":false,"_monsterinsights_sitenote_note":"","_monsterinsights_sitenote_category":0,"footnotes":""},"class_list":{"0":"post-23850","1":"page","2":"type-page","3":"status-publish","5":"infinite-scroll-item"},"aioseo_notices":[],"_links":{"self":[{"href":"https:\/\/www.labeljoy.com\/fr\/wp-json\/wp\/v2\/pages\/23850","targetHints":{"allow":["GET"]}}],"collection":[{"href":"https:\/\/www.labeljoy.com\/fr\/wp-json\/wp\/v2\/pages"}],"about":[{"href":"https:\/\/www.labeljoy.com\/fr\/wp-json\/wp\/v2\/types\/page"}],"author":[{"embeddable":true,"href":"https:\/\/www.labeljoy.com\/fr\/wp-json\/wp\/v2\/users\/1"}],"replies":[{"embeddable":true,"href":"https:\/\/www.labeljoy.com\/fr\/wp-json\/wp\/v2\/comments?post=23850"}],"version-history":[{"count":5,"href":"https:\/\/www.labeljoy.com\/fr\/wp-json\/wp\/v2\/pages\/23850\/revisions"}],"predecessor-version":[{"id":43112,"href":"https:\/\/www.labeljoy.com\/fr\/wp-json\/wp\/v2\/pages\/23850\/revisions\/43112"}],"up":[{"embeddable":true,"href":"https:\/\/www.labeljoy.com\/fr\/wp-json\/wp\/v2\/pages\/2767"}],"wp:attachment":[{"href":"https:\/\/www.labeljoy.com\/fr\/wp-json\/wp\/v2\/media?parent=23850"}],"curies":[{"name":"wp","href":"https:\/\/api.w.org\/{rel}","templated":true}]}}