{"id":24330,"date":"2015-07-13T13:57:27","date_gmt":"2015-07-13T13:57:27","guid":{"rendered":"http:\/\/www.labeljoy.com\/?page_id=24330"},"modified":"2018-10-02T17:35:54","modified_gmt":"2018-10-02T17:35:54","slug":"format-detiquettes-pour-lhuile-dolive","status":"publish","type":"page","link":"https:\/\/www.labeljoy.com\/fr\/modeles\/format-detiquettes-pour-lhuile-dolive\/","title":{"rendered":"Format d\u2019\u00e9tiquettes pour l\u2019huile d\u2019olive"},"content":{"rendered":"<h1>Format d\u2019\u00e9tiquettes pour l\u2019huile d\u2019olive<\/h1>\n<p>T\u00e9l\u00e9charger <strong>des formats gratuits pour les huiles d\u2019olive<\/strong> avec diverses formes et diverses tailles.<img decoding=\"async\" class=\"alignright\" src=\"http:\/\/www.labeljoy.com\/label-templates\/olive-oil\/olive-oil-label-templates.jpg\" alt=\"Olive oil label templates\" width=\"305\" height=\"192\" \/><\/p>\n<p>Personnalisez votre \u00e9tiquette pour votre huile d\u2019olive avec:<\/p>\n<ul>\n<li>Le logo de la soci\u00e9t\u00e9<\/li>\n<li>La police et sa taille<\/li>\n<li>Les images et effets graphiques<\/li>\n<li><a title=\"Codes-barres g\u00e9n\u00e9r\u00e9s par le logiciel\" href=\"http:\/\/www.labeljoy.com\/fr\/logiciel-impression-code-barre\/\">Codes-barres g\u00e9n\u00e9r\u00e9s par le logiciel<\/a><\/li>\n<\/ul>\n<h2>Personnalisez les \u00e9tiquettes pour les huiles d\u2019olive en quelques \u00e9tapes<\/h2>\n<p>Les \u00e9tiquettes destin\u00e9es aux huiles d\u2019olive doivent donner les informations n\u00e9cessaires pour d\u00e9finir l\u2019identit\u00e9 du produit et ses qualit\u00e9s. Toutes ces questions sont r\u00e9gies \u00e0 un niveau national par le <a href=\"http:\/\/www.usda.gov\/wps\/portal\/usda\/usdahome\">D\u00e9partement de l&rsquo;Agriculture des \u00c9tats-Unis<\/a> et le <a href=\"http:\/\/www.internationaloliveoil.org\/?lang=fr_FR\">International Olive Council<\/a> pour l\u2019Europe.<\/p>\n<p>Une fois que vous avez r\u00e9alis\u00e9 vos propres \u00e9tiquettes pour l\u2019huile d\u2019olive, il vous suffit d\u2019imprimer l\u2019\u00e9tiquette sur un papier adh\u00e9sif en utilisant une imprimante normale ou <a href=\"http:\/\/www.labeljoy.com\/fr\/video-assistance\/imprimer-imprimante-rouleau\/\">une imprimante \u00e0 rouleaux.<\/a><\/p>\n<div class=\"column-clear\"><\/div>\n<div class=\"one_third\"> <div class=\"img-frame full-fourth\"><div class=\"lightbox-zoom\"><a title=\"\u00c9tiquettes pour l\u2019huile d\u2019olives rectangulaires\" href=\"http:\/\/www.labeljoy.com\/label-templates\/olive-oil\/olive-oil1b.jpg\" data-gal=\"prettyPhoto[olive oil]\" class=\"hover-item\"><img decoding=\"async\" width=\"197\" height=\"133\" alt=\"\u00c9tiquettes pour l\u2019huile d\u2019olives rectangulaires\" src=\"https:\/\/www.labeljoy.com\/wp-content\/plugins\/sterling-shortcodes\/\/timthumb\/timthumb.php?src=http:\/\/www.labeljoy.com\/label-templates\/olive-oil\/olive-oil1s.jpg&#038;h=133&#038;w=197\"><\/a><\/div><\/div>\n<p style=\"text-align: center\"><a href=\"http:\/\/www.labeljoy.com\/label-templates\/olive-oil\/olive-oil1.lpa\" class=\"small white tt-button\" target=\"_self\"> T\u00e9l\u00e9charger <\/a>\n<\/div>\n<div class=\"one_third\"> <div class=\"img-frame full-fourth\"><div class=\"lightbox-zoom\"><a title=\"Format d\u2019\u00e9tiquettes pour l\u2019huile d\u2019olive\" href=\"http:\/\/www.labeljoy.com\/label-templates\/olive-oil\/olive-oil2b.jpg\" data-gal=\"prettyPhoto[olive oil]\" class=\"hover-item\"><img decoding=\"async\" width=\"197\" height=\"133\" alt=\"Format d\u2019\u00e9tiquettes pour l\u2019huile d\u2019olive\" src=\"https:\/\/www.labeljoy.com\/wp-content\/plugins\/sterling-shortcodes\/\/timthumb\/timthumb.php?src=http:\/\/www.labeljoy.com\/label-templates\/olive-oil\/olive-oil2s.jpg&#038;h=133&#038;w=197\"><\/a><\/div><\/div>\n<p style=\"text-align: center\"><a href=\"http:\/\/www.labeljoy.com\/label-templates\/olive-oil\/olive-oil2.lpa\" class=\"small white tt-button\" target=\"_self\"> T\u00e9l\u00e9charger <\/a>\n<\/div>\n<div class=\"one_third\"> <div class=\"img-frame full-fourth\"><div class=\"lightbox-zoom\"><a title=\"\u00c9tiquettes pour l\u2019huile d\u2019olive \u00e0 imprimer\" href=\"http:\/\/www.labeljoy.com\/label-templates\/olive-oil\/olive-oil3b.jpg\" data-gal=\"prettyPhoto[olive oil]\" class=\"hover-item\"><img decoding=\"async\" width=\"197\" height=\"133\" alt=\"\u00c9tiquettes pour l\u2019huile d\u2019olive \u00e0 imprimer\" src=\"https:\/\/www.labeljoy.com\/wp-content\/plugins\/sterling-shortcodes\/\/timthumb\/timthumb.php?src=http:\/\/www.labeljoy.com\/label-templates\/olive-oil\/olive-oil3s.jpg&#038;h=133&#038;w=197\"><\/a><\/div><\/div>\n<p style=\"text-align: center\"><a href=\"http:\/\/www.labeljoy.com\/label-templates\/olive-oil\/olive-oil3.lpa\" class=\"small white tt-button\" target=\"_self\"> T\u00e9l\u00e9charger <\/a>\n<\/div>\n<div class=\"hr hr-dotted\">&nbsp;<\/div>\n<div class=\"one_third\"> <div class=\"img-frame full-fourth\"><div class=\"lightbox-zoom\"><a title=\"\u00c9tiquettes pour l\u2019huile d\u2019olive carr\u00e9es\" href=\"http:\/\/www.labeljoy.com\/label-templates\/olive-oil\/olive-oil4b.jpg\" data-gal=\"prettyPhoto[olive oil]\" class=\"hover-item\"><img decoding=\"async\" width=\"197\" height=\"133\" alt=\"\u00c9tiquettes pour l\u2019huile d\u2019olive carr\u00e9es\" src=\"https:\/\/www.labeljoy.com\/wp-content\/plugins\/sterling-shortcodes\/\/timthumb\/timthumb.php?src=http:\/\/www.labeljoy.com\/label-templates\/olive-oil\/olive-oil4s.jpg&#038;h=133&#038;w=197\"><\/a><\/div><\/div>\n<p style=\"text-align: center\"><a href=\"http:\/\/www.labeljoy.com\/label-templates\/olive-oil\/olive-oil4.lpa\" class=\"small white tt-button\" target=\"_self\"> T\u00e9l\u00e9charger <\/a>\n<\/div>\n<div class=\"one_third\"> <div class=\"img-frame full-fourth\"><div class=\"lightbox-zoom\"><a title=\"Format d\u2019\u00e9tiquettes pour l\u2019huile d\u2019olive circulaire\" href=\"http:\/\/www.labeljoy.com\/label-templates\/olive-oil\/olive-oil5b.jpg\" data-gal=\"prettyPhoto[olive oil]\" class=\"hover-item\"><img decoding=\"async\" width=\"197\" height=\"133\" alt=\"Format d\u2019\u00e9tiquettes pour l\u2019huile d\u2019olive circulaire\" src=\"https:\/\/www.labeljoy.com\/wp-content\/plugins\/sterling-shortcodes\/\/timthumb\/timthumb.php?src=http:\/\/www.labeljoy.com\/label-templates\/olive-oil\/olive-oil5s.jpg&#038;h=133&#038;w=197\"><\/a><\/div><\/div>\n<p style=\"text-align: center\"><a href=\"http:\/\/www.labeljoy.com\/label-templates\/olive-oil\/olive-oil5.lpa\" class=\"small white tt-button\" target=\"_self\"> T\u00e9l\u00e9charger <\/a>\n<\/div>\n<div class=\"one_third\"> <div class=\"img-frame full-fourth\"><div class=\"lightbox-zoom\"><a title=\"\u00c9tiquette pour l\u2019huile d\u2019olive italienne\" href=\"http:\/\/www.labeljoy.com\/label-templates\/olive-oil\/olive-oil6b.jpg\" data-gal=\"prettyPhoto[olive oil]\" class=\"hover-item\"><img decoding=\"async\" width=\"197\" height=\"133\" alt=\"\u00c9tiquette pour l\u2019huile d\u2019olive italienne\" src=\"https:\/\/www.labeljoy.com\/wp-content\/plugins\/sterling-shortcodes\/\/timthumb\/timthumb.php?src=http:\/\/www.labeljoy.com\/label-templates\/olive-oil\/olive-oil6s.jpg&#038;h=133&#038;w=197\"><\/a><\/div><\/div>\n<p style=\"text-align: center\"><a href=\"http:\/\/www.labeljoy.com\/label-templates\/olive-oil\/olive-oil6.lpa\" class=\"small white tt-button\" target=\"_self\"> T\u00e9l\u00e9charger <\/a>\n<\/div>\n<div class=\"hr hr-dotted\">&nbsp;<\/div>\n<div class=\"one_half\">\n<p style=\"text-align: center\"><a href=\"\/purchase\/\" class=\"large blue tt-button\" target=\"\"> Acheter le logiciel <\/a>\n<\/div>\n<div class=\"one_half\">\n<p style=\"text-align: center\"><a href=\"\/download\/\" class=\"large green tt-button\" target=\"\"> T\u00e9l\u00e9chargez gratuitement <\/a>\n<\/div>\n","protected":false},"excerpt":{"rendered":"<p>Format d\u2019\u00e9tiquettes pour l\u2019huile d\u2019olive T\u00e9l\u00e9charger des formats gratuits pour les huiles d\u2019olive avec diverses formes et diverses tailles. Personnalisez votre \u00e9tiquette pour votre huile d\u2019olive avec: Le logo de la soci\u00e9t\u00e9 La police et sa taille Les images et effets graphiques Codes-barres g\u00e9n\u00e9r\u00e9s par le logiciel Personnalisez les \u00e9tiquettes pour les huiles d\u2019olive en &#8230; <a title=\"Format d\u2019\u00e9tiquettes pour l\u2019huile d\u2019olive\" class=\"read-more\" href=\"https:\/\/www.labeljoy.com\/fr\/modeles\/format-detiquettes-pour-lhuile-dolive\/\" aria-label=\"En savoir plus sur Format d\u2019\u00e9tiquettes pour l\u2019huile d\u2019olive\">Read more<\/a><\/p>\n","protected":false},"author":10,"featured_media":0,"parent":2788,"menu_order":0,"comment_status":"open","ping_status":"closed","template":"page-template-left-sidebar.php","meta":{"inline_featured_image":false,"_monsterinsights_skip_tracking":false,"_monsterinsights_sitenote_active":false,"_monsterinsights_sitenote_note":"","_monsterinsights_sitenote_category":0,"footnotes":""},"class_list":{"0":"post-24330","1":"page","2":"type-page","3":"status-publish","5":"infinite-scroll-item"},"aioseo_notices":[],"_links":{"self":[{"href":"https:\/\/www.labeljoy.com\/fr\/wp-json\/wp\/v2\/pages\/24330","targetHints":{"allow":["GET"]}}],"collection":[{"href":"https:\/\/www.labeljoy.com\/fr\/wp-json\/wp\/v2\/pages"}],"about":[{"href":"https:\/\/www.labeljoy.com\/fr\/wp-json\/wp\/v2\/types\/page"}],"author":[{"embeddable":true,"href":"https:\/\/www.labeljoy.com\/fr\/wp-json\/wp\/v2\/users\/10"}],"replies":[{"embeddable":true,"href":"https:\/\/www.labeljoy.com\/fr\/wp-json\/wp\/v2\/comments?post=24330"}],"version-history":[{"count":2,"href":"https:\/\/www.labeljoy.com\/fr\/wp-json\/wp\/v2\/pages\/24330\/revisions"}],"predecessor-version":[{"id":30635,"href":"https:\/\/www.labeljoy.com\/fr\/wp-json\/wp\/v2\/pages\/24330\/revisions\/30635"}],"up":[{"embeddable":true,"href":"https:\/\/www.labeljoy.com\/fr\/wp-json\/wp\/v2\/pages\/2788"}],"wp:attachment":[{"href":"https:\/\/www.labeljoy.com\/fr\/wp-json\/wp\/v2\/media?parent=24330"}],"curies":[{"name":"wp","href":"https:\/\/api.w.org\/{rel}","templated":true}]}}