{"id":25822,"date":"2016-03-17T09:18:15","date_gmt":"2016-03-17T09:18:15","guid":{"rendered":"http:\/\/www.labeljoy.com\/fr\/?page_id=25822"},"modified":"2024-04-12T13:09:09","modified_gmt":"2024-04-12T13:09:09","slug":"la-gestion-des-ecoles-et-les-bibliotheques-est-facile-avec-labeljoy","status":"publish","type":"page","link":"https:\/\/www.labeljoy.com\/fr\/modeles\/la-gestion-des-ecoles-et-les-bibliotheques-est-facile-avec-labeljoy\/","title":{"rendered":"Mod\u00e8les pour les \u00e9coles, les universit\u00e9s et les biblioth\u00e8ques"},"content":{"rendered":"<h1>Mod\u00e8les pour les \u00e9coles, les universit\u00e9s et les biblioth\u00e8ques<\/h1>\n<p><strong>Labeljoy Barcode Software<\/strong> permet de cr\u00e9er des badges d&rsquo;\u00e9tudiants, des \u00e9tiquettes de biblioth\u00e8que et beaucoup d&rsquo;autres objets qui vous aideront \u00e0 g\u00e9rer les documents de votre \u00e9cole.<\/p>\n<p>Les \u00e9coles, les coll\u00e8ges et les universit\u00e9s utilisent des badges d&rsquo;\u00e9tudiants. Ceux-ci permettent de cr\u00e9er un environnement d&rsquo;apprentissage s\u00e9curitaire et fonctionnel.<\/p>\n<p>Gr\u00e2ce aux badges, il est possible d&rsquo;automatiser des processus tels que :<\/p>\n<ul>\n<li>L&rsquo;acc\u00e8s \u00e0 la cantine<\/li>\n<li>Les livres emprunt\u00e9s<\/li>\n<li>L&rsquo;acc\u00e8s aux r\u00e9unions et aux assembl\u00e9es scolaires<\/li>\n<\/ul>\n<p>Labeljoy vous permet de personnaliser les graphiques des badges et d&rsquo;inclure un code QR ou code \u00e0 barres, parfait pour reconna\u00eetre l&rsquo;identit\u00e9 de l&rsquo;\u00e9tudiant. Le badge peut \u00eatre personnalis\u00e9 avec :<\/p>\n<ul>\n<li>Le pr\u00e9nom et le nom de famille<\/li>\n<li>La photographie<\/li>\n<li>La date de naissance<\/li>\n<li>La classe ou le cours d&rsquo;\u00e9tude<\/li>\n<li>La date d&rsquo;expiration<\/li>\n<\/ul>\n<p>Il est possible d&rsquo;importer des donn\u00e9es \u00e0 partir d&rsquo;une source de donn\u00e9es comme <em>Excel, Access, DBase, texte<\/em> et bien plus encore. Toutes les informations des \u00e9tudiants sont remplies automatiquement. Vous pouvez cr\u00e9er et imprimer des centaines de badges en quelques minutes.<\/p>\n<h1>Biblioth\u00e8que<\/h1>\n<p>De nombreuses universit\u00e9s et \u00e9coles utilisent des codes \u00e0 barres et des codes QR pour reconna\u00eetre et g\u00e9rer toutes les proc\u00e9dures num\u00e9riques de biblioth\u00e8que. Tous les livres emprunt\u00e9s sont contr\u00f4l\u00e9s facilement et sans erreur.<\/p>\n<p>Labeljoy permet de cr\u00e9er et d&rsquo;imprimer des \u00e9tiquettes et des codes \u00e0 barres, afin d&rsquo;automatiser la biblioth\u00e8que.<\/p>\n<h3>Vous trouverez ci-dessous quelques mod\u00e8les pr\u00eats \u00e0 \u00eatre utilis\u00e9s avec des badges et des \u00e9tiquettes<\/h3>\n<div class=\"one_third\">\n<p>Badges d&rsquo;\u00e9tudiants<\/p>\n<div class=\"img-frame full-fourth\"><div class=\"lightbox-zoom\"><a title=\"Badges d&#039;\u00e9tudiants\" href=\"http:\/\/www.labeljoy.com\/label-templates\/school\/school_1.jpg\" data-gal=\"prettyPhoto[address label]\" class=\"hover-item\"><img decoding=\"async\" width=\"197\" height=\"133\" alt=\"Badges d&#039;\u00e9tudiants\" src=\"https:\/\/www.labeljoy.com\/wp-content\/plugins\/sterling-shortcodes\/\/timthumb\/timthumb.php?src=http:\/\/www.labeljoy.com\/label-templates\/school\/school.jpg&#038;h=133&#038;w=197\"><\/a><\/div><\/div>\n<p style=\"text-align: center\"><a href=\"http:\/\/www.labeljoy.com\/label-templates\/school\/school.lpa\" class=\"small white tt-button\" target=\"_self\"> T\u00e9l\u00e9chargez<\/a>\n<\/div>\n<div class=\"one_third\">\n<p>Badges d&rsquo;\u00e9tudiants<\/p>\n<div class=\"img-frame full-fourth\"><div class=\"lightbox-zoom\"><a title=\"Badges d&#039;\u00e9tudiants 1\" href=\"http:\/\/www.labeljoy.com\/label-templates\/school\/school1_1.jpg\" data-gal=\"prettyPhoto[address label]\" class=\"hover-item\"><img decoding=\"async\" width=\"197\" height=\"133\" alt=\"Badges d&#039;\u00e9tudiants 1\" src=\"https:\/\/www.labeljoy.com\/wp-content\/plugins\/sterling-shortcodes\/\/timthumb\/timthumb.php?src=http:\/\/www.labeljoy.com\/label-templates\/school\/school1.jpg&#038;h=133&#038;w=197\"><\/a><\/div><\/div>\n<p style=\"text-align: center\"><a href=\"http:\/\/www.labeljoy.com\/label-templates\/school\/school2.lpa\" class=\"small white tt-button\" target=\"_self\"> T\u00e9l\u00e9chargez<\/a>\n<\/div>\n<div class=\"one_third\">\n<p>Badges d&rsquo;\u00e9tudiants<\/p>\n<div class=\"img-frame full-fourth\"><div class=\"lightbox-zoom\"><a title=\"Badges d&#039;\u00e9tudiants 2\" href=\"http:\/\/www.labeljoy.com\/label-templates\/school\/school2_1.jpg\" data-gal=\"prettyPhoto[address label]\" class=\"hover-item\"><img decoding=\"async\" width=\"197\" height=\"133\" alt=\"Badges d&#039;\u00e9tudiants 2\" src=\"https:\/\/www.labeljoy.com\/wp-content\/plugins\/sterling-shortcodes\/\/timthumb\/timthumb.php?src=http:\/\/www.labeljoy.com\/label-templates\/school\/school2.jpg&#038;h=133&#038;w=197\"><\/a><\/div><\/div>\n<p style=\"text-align: center\"><a href=\"http:\/\/www.labeljoy.com\/label-templates\/school\/school3.lpa\" class=\"small white tt-button\" target=\"_self\"> T\u00e9l\u00e9chargez<\/a>\n<\/div>\n<div class=\"hr hr-dotted\">&nbsp;<\/div>\n<div class=\"one_third\">\n<p>\u00e9tiquettes de biblioth\u00e8que <\/p>\n<div class=\"img-frame full-fourth\"><div class=\"lightbox-zoom\"><a title=\"\u00e9tiquettes de biblioth\u00e8que \" href=\"http:\/\/www.labeljoy.com\/label-templates\/school\/library_labels_1.jpg\" data-gal=\"prettyPhoto[address label]\" class=\"hover-item\"><img decoding=\"async\" width=\"197\" height=\"133\" alt=\"\u00e9tiquettes de biblioth\u00e8que \" src=\"https:\/\/www.labeljoy.com\/wp-content\/plugins\/sterling-shortcodes\/\/timthumb\/timthumb.php?src=http:\/\/www.labeljoy.com\/label-templates\/school\/library_label.jpg&#038;h=133&#038;w=197\"><\/a><\/div><\/div>\n<p style=\"text-align: center\"><a href=\"http:\/\/www.labeljoy.com\/label-templates\/school\/library_labels.lpa\" class=\"small white tt-button\" target=\"_self\"> T\u00e9l\u00e9chargez<\/a>\n<\/div>\n<div class=\"one_third\">\n<p>\u00e9tiquettes de biblioth\u00e8que  1<\/p>\n<div class=\"img-frame full-fourth\"><div class=\"lightbox-zoom\"><a title=\"\u00e9tiquettes de biblioth\u00e8que 1\" href=\"http:\/\/www.labeljoy.com\/label-templates\/school\/library_labels1_1.jpg\" data-gal=\"prettyPhoto[address label]\" class=\"hover-item\"><img decoding=\"async\" width=\"197\" height=\"133\" alt=\"\u00e9tiquettes de biblioth\u00e8que 1\" src=\"https:\/\/www.labeljoy.com\/wp-content\/plugins\/sterling-shortcodes\/\/timthumb\/timthumb.php?src=http:\/\/www.labeljoy.com\/label-templates\/school\/library_label1.jpg&#038;h=133&#038;w=197\"><\/a><\/div><\/div>\n<p style=\"text-align: center\"><a href=\"http:\/\/www.labeljoy.com\/label-templates\/school\/library_labels1.lpa\" class=\"small white tt-button\" target=\"_self\"> T\u00e9l\u00e9chargez<\/a>\n<\/div>\n<div class=\"hr hr-dotted\">&nbsp;<\/div>\n<div class=\"one_third\">\n<p>\u00c9tiquette de l&rsquo;enseignant<\/p>\n<div class=\"img-frame full-fourth\"><div class=\"lightbox-zoom\"><a title=\"\u00c9tiquette de l&#039;enseignant\" href=\"http:\/\/www.labeljoy.com\/label-templates\/school\/teacher_labels_1.jpg\" data-gal=\"prettyPhoto[address label]\" class=\"hover-item\"><img decoding=\"async\" width=\"197\" height=\"133\" alt=\"\u00c9tiquette de l&#039;enseignant\" src=\"https:\/\/www.labeljoy.com\/wp-content\/plugins\/sterling-shortcodes\/\/timthumb\/timthumb.php?src=http:\/\/www.labeljoy.com\/label-templates\/school\/teacher_label_1s.jpg&#038;h=133&#038;w=197\"><\/a><\/div><\/div>\n<p style=\"text-align: center\"><a href=\"http:\/\/www.labeljoy.com\/label-templates\/school\/teacher1.lpa\" class=\"small white tt-button\" target=\"_self\"> T\u00e9l\u00e9chargez <\/a>\n<\/div>\n<div class=\"one_third\">\n<p>\u00c9tiquette de l&rsquo;enseignant 1<\/p>\n<div class=\"img-frame full-fourth\"><div class=\"lightbox-zoom\"><a title=\"\u00c9tiquette de l&#039;enseignant\" href=\"http:\/\/www.labeljoy.com\/label-templates\/school\/teacher_labels_2.jpg\" data-gal=\"prettyPhoto[address label]\" class=\"hover-item\"><img decoding=\"async\" width=\"197\" height=\"133\" alt=\"\u00c9tiquette de l&#039;enseignant\" src=\"https:\/\/www.labeljoy.com\/wp-content\/plugins\/sterling-shortcodes\/\/timthumb\/timthumb.php?src=http:\/\/www.labeljoy.com\/label-templates\/school\/teacher_label_2s.jpg&#038;h=133&#038;w=197\"><\/a><\/div><\/div>\n<p style=\"text-align: center\"><a href=\"http:\/\/www.labeljoy.com\/label-templates\/school\/teacher2.lpa\" class=\"small white tt-button\" target=\"_self\"> T\u00e9l\u00e9chargez <\/a>\n<\/div>\n<div class=\"hr hr-dotted\">&nbsp;<\/div>\n<div class=\"one_half\">\n<p style=\"text-align: center\"><a href=\"\/fr\/achat\/\" class=\"large blue tt-button\" target=\"\"> Acheter le Logiciel <\/a>\n<\/div>\n<div class=\"one_half\">\n<p style=\"text-align: center\"><a href=\"\/fr\/download-fr\/\" class=\"large green tt-button\" target=\"\"> T\u00e9l\u00e9charger Maintenant <\/a>\n<\/div>\n","protected":false},"excerpt":{"rendered":"<p>Mod\u00e8les pour les \u00e9coles, les universit\u00e9s et les biblioth\u00e8ques Labeljoy Barcode Software permet de cr\u00e9er des badges d&rsquo;\u00e9tudiants, des \u00e9tiquettes de biblioth\u00e8que et beaucoup d&rsquo;autres objets qui vous aideront \u00e0 g\u00e9rer les documents de votre \u00e9cole. Les \u00e9coles, les coll\u00e8ges et les universit\u00e9s utilisent des badges d&rsquo;\u00e9tudiants. Ceux-ci permettent de cr\u00e9er un environnement d&rsquo;apprentissage s\u00e9curitaire &#8230; <a title=\"Mod\u00e8les pour les \u00e9coles, les universit\u00e9s et les biblioth\u00e8ques\" class=\"read-more\" href=\"https:\/\/www.labeljoy.com\/fr\/modeles\/la-gestion-des-ecoles-et-les-bibliotheques-est-facile-avec-labeljoy\/\" aria-label=\"En savoir plus sur Mod\u00e8les pour les \u00e9coles, les universit\u00e9s et les biblioth\u00e8ques\">Read more<\/a><\/p>\n","protected":false},"author":12,"featured_media":0,"parent":2788,"menu_order":0,"comment_status":"closed","ping_status":"closed","template":"","meta":{"inline_featured_image":false,"_monsterinsights_skip_tracking":false,"_monsterinsights_sitenote_active":false,"_monsterinsights_sitenote_note":"","_monsterinsights_sitenote_category":0,"footnotes":""},"class_list":{"0":"post-25822","1":"page","2":"type-page","3":"status-publish","5":"infinite-scroll-item"},"aioseo_notices":[],"_links":{"self":[{"href":"https:\/\/www.labeljoy.com\/fr\/wp-json\/wp\/v2\/pages\/25822","targetHints":{"allow":["GET"]}}],"collection":[{"href":"https:\/\/www.labeljoy.com\/fr\/wp-json\/wp\/v2\/pages"}],"about":[{"href":"https:\/\/www.labeljoy.com\/fr\/wp-json\/wp\/v2\/types\/page"}],"author":[{"embeddable":true,"href":"https:\/\/www.labeljoy.com\/fr\/wp-json\/wp\/v2\/users\/12"}],"replies":[{"embeddable":true,"href":"https:\/\/www.labeljoy.com\/fr\/wp-json\/wp\/v2\/comments?post=25822"}],"version-history":[{"count":6,"href":"https:\/\/www.labeljoy.com\/fr\/wp-json\/wp\/v2\/pages\/25822\/revisions"}],"predecessor-version":[{"id":41053,"href":"https:\/\/www.labeljoy.com\/fr\/wp-json\/wp\/v2\/pages\/25822\/revisions\/41053"}],"up":[{"embeddable":true,"href":"https:\/\/www.labeljoy.com\/fr\/wp-json\/wp\/v2\/pages\/2788"}],"wp:attachment":[{"href":"https:\/\/www.labeljoy.com\/fr\/wp-json\/wp\/v2\/media?parent=25822"}],"curies":[{"name":"wp","href":"https:\/\/api.w.org\/{rel}","templated":true}]}}