{"id":2743,"date":"2012-06-29T12:44:22","date_gmt":"2012-06-29T12:44:22","guid":{"rendered":"http:\/\/www.labeljoy.com\/features-2\/"},"modified":"2026-03-06T06:35:14","modified_gmt":"2026-03-06T06:35:14","slug":"caracteristiques","status":"publish","type":"page","link":"https:\/\/www.labeljoy.com\/fr\/caracteristiques\/","title":{"rendered":"Caract\u00e9ristiques"},"content":{"rendered":"<h1>Caract\u00e9ristiques de Labeljoy<\/h1>\n<p>Labeljoy est un logiciel professionnel, perfectionn\u00e9, facile \u00e0 utiliser pour cr\u00e9er des \u00e9tiquettes code-barres. Il permet de g\u00e9n\u00e9rer des codes-barres lin\u00e9aires et en 2D, concevoir et <strong>imprimer des \u00e9tiquettes personnalis\u00e9es<\/strong>, et <strong>importer des donn\u00e9es<\/strong> \u00e0 partir de sources externes. L\u2019application \u00a0peut \u00eatre utilis\u00e9e avec des imprimantes standards laser, \u00e0 jet d\u2019encre et \u00e0 rouleau.<\/p>\n<p>&nbsp;<\/p>\n<p class=\"tt-icon icon-star\"><strong>SIMPLE ET FACILE \u00c0 UTILISER<\/strong><br \/>\nCr\u00e9er et imprimer des \u00e9tiquettes est tr\u00e8s simple et facile avec Labeljoy gr\u00e2ce \u00e0 son interface simple. Vous pouvez cr\u00e9er des \u00e9tiquettes basiques en quelques clics ou cr\u00e9er des \u00e9tiquettes professionnelles en utilisant pleinement les fonctionnalit\u00e9s du logiciel.<\/p>\n<p style=\"text-align: center;\"><a class=\"small white tt-button\" title=\"video simple\" href=\"https:\/\/youtu.be\/aSIiwAZrgmA\" target=\"_blank\" rel=\"noopener\"> Pr\u00e9sentation vid\u00e9o <\/a><\/p>\n<div class=\"hr hr-dotted\">&nbsp;<\/div>\n<p class=\"tt-icon icon-db2\"><a href=\"http:\/\/www.labeljoy.com\/fr\/assistance\/comment-faire\/imprimer-etiquettes-excel\/\"><strong>CONNEXION A UNE BASE DE DONNEES EXTERNE<\/strong><\/a><br \/>\nVous pouvez connecter des textes, des codes-barres et des images \u00e0 une source ou base de donn\u00e9es externe comme Excel, Access, SQLite,\u00a0Outlook, csv, txt, wk1-2-3, Sql Server, MySql, Oracle. Vous pourrez g\u00e9n\u00e9rer rapidement des \u00e9tiquettes de code-barres personnalis\u00e9es.<\/p>\n<p style=\"text-align: center;\"><a class=\"small white tt-button\" title=\"connecter \u00e0 des sources externes\" href=\"https:\/\/youtu.be\/UaTGPYSV_I4\" target=\"_blank\" rel=\"noopener\"> Comment connecter \u00e0 des sources de donn\u00e9es externes <\/a><\/p>\n<div class=\"hr hr-dotted\">&nbsp;<\/div>\n<div class=\"one_half\">\n<p class=\"tt-icon icon-refresh\"> <strong>MISE A JOUR DYNAMIQUE<\/strong><br \/>\nLes \u00e9tiquettes li\u00e9es \u00e0 des donn\u00e9es peuvent \u00eatre mise \u00e0 jour en un seul clic et mettre \u00e0 jour rapidement tous vos champs. <\/p>\n<p style=\"text-align: center;\"><a class=\"small white tt-button\" title=\"Mettre \u00e0 jour Dynamiquemente\" href=\"https:\/\/youtu.be\/VIXQ67AXP6o\" target=\"_blank\" rel=\"noopener\"> Comment Mettre \u00e0 jour Dynamiquement <\/a><\/p>\n<\/div>\n<div class=\"one_half\">\n<p class=\"tt-icon icon-arrow-up-b\"> <strong>COMPTEURS INCREMENTALS<\/strong><br \/>\nVous pouvez ins\u00e9rer des compteurs incr\u00e9mentaux dans les codes-barres et les champs textuels, avec des valeurs num\u00e9riques et alphanum\u00e9riques.<\/p>\n<p style=\"text-align: center;\"><a class=\"small white tt-button\" title=\"Utiliser un compteur incr\u00e9mental\" href=\"https:\/\/youtu.be\/5Z13u1LoVpM\" target=\"_blank\" rel=\"noopener\"> Comment utiliser un compteur incr\u00e9mental <\/a><\/p>\n<\/div>\n<div class=\"hr hr-dotted\">&nbsp;<\/div>\n<p class=\"tt-icon icon-qrcode\"><strong>GENERATEUR DE CODE QR<\/strong><br \/>\nLabeljoy est \u00e9quip\u00e9 d\u2019un g\u00e9n\u00e9rateur de code QR. Vous pouvez g\u00e9n\u00e9rer un nombre illimit\u00e9 de Codes-barres 2D et les exporter ou imprimer. Visitez notre guide\u00a0<a title=\"Guide QR code\" href=\"https:\/\/www.labeljoy.com\/fr\/assistance\/guide-codes-qr\/\">sur les Code QR<\/a>\u00a0pour en savoir plus sur le Code QR.<\/p>\n<p style=\"text-align: center;\"><a class=\"small white tt-button\" title=\"G\u00e9n\u00e9rer un Code QR\" href=\"https:\/\/youtu.be\/GE91QCvAOrY\" target=\"_blank\" rel=\"noopener\"> Comment g\u00e9n\u00e9rer un Code QR <\/a><\/p>\n<div class=\"hr hr-dotted\">&nbsp;<\/div>\n<p class=\"tt-icon icon-barcode\"><strong>GESTION DES CODES-BARRES<\/strong><br \/>\nCr\u00e9er et imprimer les codes-barres suivants: Ean 13, Ean 8, Ean 128, ITF 14, CUP, Code 32, Code 39, Code 93, GS1-128, Code 39 Etendu, 2 parmi 5 Entrelac\u00e9, 2 parmi 5 Industriel, Codabar, Datamatrix, code Postnet et code Planet. Visitez notre<a title=\"Guide codes barres\" href=\"https:\/\/www.labeljoy.com\/fr\/assistance\/guide-codes-barres\/\"> Guide sur les Codes-barres<\/a>\u00a0pour en savoir plus sur les caract\u00e9ristiques de chaque symbologie.<\/p>\n<p style=\"text-align: center;\"><a class=\"small white tt-button\" title=\"G\u00e9n\u00e9rer les Codes-barres\" href=\"https:\/\/youtu.be\/GE91QCvAOrY\" target=\"_blank\" rel=\"noopener\"> Comment g\u00e9n\u00e9rer les Codes-barres <\/a><\/p>\n<div class=\"hr hr-dotted\">&nbsp;<\/div>\n<div class=\"one_half\">\n<p class=\"tt-icon icon-printer\"><strong>IMPRIMANTES NORMALES<\/strong><br \/>\nVous pouvez imprimer sur des imprimantes standards sur des feuilles A4, A5, etc.<\/p>\n<p style=\"text-align: center;\"><a class=\"small white tt-button\" title=\"Choisir un format\" href=\"https:\/\/youtu.be\/qwhUzuDVoCs\" target=\"_blank\" rel=\"noopener\"> Comment Choisir un format <\/a><\/p>\n<\/div>\n<div class=\"one_half\">\n<p class=\"tt-icon icon-roll-printer\"><a href=\"http:\/\/www.labeljoy.com\/fr\/assistance\/comment-faire\/travailler-imprimantes-rouleaux\/\"><strong>IMPRIMANTES A ROULEAU<\/strong><\/a><br \/>\nOu imprimer avec une imprimante \u00e0 rouleau, en chargeant le papier mod\u00e8le ou en le personnalisant.<\/p>\n<p style=\"text-align: center;\"><a class=\"small white tt-button\" title=\"Imprimer avec une Imprimante \u00e0 Rouleau\" href=\"https:\/\/youtu.be\/z_NH9RXph1s\" target=\"_blank\" rel=\"noopener\"> Imprimer avec une Imprimante \u00e0 Rouleau <\/a><\/p>\n<\/div>\n<div class=\"hr hr-dotted\">&nbsp;<\/div>\n<p class=\"tt-icon icon-laptop\"><strong>WYSIWYG<\/strong><br \/>\nL\u2019interface \u00ab ce que vous voyez est ce que vous obtenez \u00bb rend la cr\u00e9ation des \u00e9tiquettes simple, rapide et facile. Vous pouvez voir les r\u00e9sultats directement sur votre \u00e9cran et imprimer les \u00e9tiquettes simplement.<\/p>\n<p style=\"text-align: center;\"><a class=\"small white tt-button\" title=\"WYSIWYG Interface\" href=\"https:\/\/youtu.be\/aSIiwAZrgmA\" target=\"_blank\" rel=\"noopener\"> Interface WYSIWYG <\/a><\/p>\n<div class=\"hr hr-dotted\">&nbsp;<\/div>\n<p class=\"tt-icon icon-layout\"><strong>11.000 FORMATS<\/strong><br \/>\nChoisissez entre 11.000 formats pr\u00e9 charg\u00e9s en utilisant le moteur de recherche interne. Vous pouvez rechercher par le nom du producteur ou simplement par le code du produit. Vous pouvez aussi personnaliser et cr\u00e9er votre propre format en mettant les dimensions requises.<\/p>\n<p style=\"text-align: center;\"><a class=\"small white tt-button\" title=\"Cr\u00e9er un format\" href=\"https:\/\/youtu.be\/qwhUzuDVoCs\" target=\"_blank\" rel=\"noopener\"> Comment Cr\u00e9er un format <\/a><\/p>\n<div class=\"hr hr-dotted\">&nbsp;<\/div>\n<div class=\"one_third\">\n<p class=\"tt-icon icon-export\"><strong>EXPORTER VERS UNE IMAGE<\/strong><br \/>\nVous pouvez exporter une feuille enti\u00e8re, une seule \u00e9tiquette ou les codes-barres sur un disque dans les formats graphiques plus communs comme jpg, png ou pdf.<\/p>\n<\/div>\n<div class=\"one_third\">\n<p class=\"tt-icon icon-photos\"><strong>CHARGER JPG, PNG, TIG<\/strong><br \/>\nLabeljoy supporte plusieurs formats images: vous pouvez charger des images png, tif, bmp, jpg, fig ou ico.<\/p>\n<\/div>\n<div class=\"one_third\">\n<p class=\"tt-icon icon-cliparts\"><strong>1.500 CLIPARTS<\/strong><br \/>\nLabeljoy a une base de donn\u00e9es avec plus de 1500 cliparts class\u00e9s pour personnaliser vos \u00e9tiquettes rapidement et sans difficult\u00e9s.<\/p>\n<\/div>\n<div class=\"hr hr-dotted\">&nbsp;<\/div>\n<div class=\"one_half\">\n<p class=\"tt-icon icon-custom\"><strong>ETIQUETTES COMPLETEMENT PERSONNALISABLES<\/strong><br \/>\nVous pouvez personnaliser compl\u00e8tement les \u00e9tiquettes, modifier les textes, les images et les codes-barres. Vous d\u00e9cidez quels graphismes est le plus appropri\u00e9.<\/p>\n<\/div>\n<div class=\"one_half\">\n<p class=\"tt-icon icon-effect\"><strong>EFFETS GRAPHIQUES<\/strong><br \/>\nVous pouvez personnaliser les graphismes avec des effets comme la transparence, estampage, textures et bords.<\/p>\n<\/div>\n<div class=\"hr hr-dotted\">&nbsp;<\/div>\n<div class=\"one_half\">\n<p class=\"tt-icon icon-multilanguage\"><strong>MULTI-LANGUE<\/strong><br \/>\nLabeljoy est disponible en 18 langues: bulgare, danois, allemand, anglais, espagnol, fran\u00e7ais, grec, italien, hongrois, n\u00e9erlandais, norv\u00e9gien, polonais, portugais, roumain, russe, finnois, su\u00e9dois, turc<\/p>\n<\/div>\n<div class=\"one_half\">\n<p class=\"tt-icon icon-measure\"><strong>CENTIM\u00c8TRES OU POUCES<\/strong><br \/>\nIl est possible de choisir l\u2019 unit\u00e9 de mesure : centim\u00e8tres ou pouces.<\/p>\n<\/div>\n<div class=\"column-clear\"><\/div>\n<p style=\"text-align: center;\">\u00a0<a href=\"\/fr\/download-fr\/\" class=\"large orange tt-button\" target=\"_self\">\u00a0\u00a0\u00a0 \u00a0 \u00a0\u00a0 \u00a0\u00a0\u00a0 \u00a0\u00a0ESSAYEZ-LE MAINTENANT\u00a0 \u00a0\u00a0 \u00a0\u00a0 \u00a0\u00a0\u00a0\u00a0\u00a0 <\/a>\n<p>&nbsp;<\/p>\n","protected":false},"excerpt":{"rendered":"<p>Caract\u00e9ristiques de Labeljoy Labeljoy est un logiciel professionnel, perfectionn\u00e9, facile \u00e0 utiliser pour cr\u00e9er des \u00e9tiquettes code-barres. Il permet de g\u00e9n\u00e9rer des codes-barres lin\u00e9aires et en 2D, concevoir et imprimer des \u00e9tiquettes personnalis\u00e9es, et importer des donn\u00e9es \u00e0 partir de sources externes. L\u2019application \u00a0peut \u00eatre utilis\u00e9e avec des imprimantes standards laser, \u00e0 jet d\u2019encre et &#8230; <a title=\"Caract\u00e9ristiques\" class=\"read-more\" href=\"https:\/\/www.labeljoy.com\/fr\/caracteristiques\/\" aria-label=\"En savoir plus sur Caract\u00e9ristiques\">Read more<\/a><\/p>\n","protected":false},"author":1,"featured_media":0,"parent":0,"menu_order":36,"comment_status":"closed","ping_status":"closed","template":"","meta":{"inline_featured_image":false,"_monsterinsights_skip_tracking":false,"_monsterinsights_sitenote_active":false,"_monsterinsights_sitenote_note":"","_monsterinsights_sitenote_category":0,"footnotes":""},"class_list":{"0":"post-2743","1":"page","2":"type-page","3":"status-publish","5":"infinite-scroll-item"},"aioseo_notices":[],"_links":{"self":[{"href":"https:\/\/www.labeljoy.com\/fr\/wp-json\/wp\/v2\/pages\/2743","targetHints":{"allow":["GET"]}}],"collection":[{"href":"https:\/\/www.labeljoy.com\/fr\/wp-json\/wp\/v2\/pages"}],"about":[{"href":"https:\/\/www.labeljoy.com\/fr\/wp-json\/wp\/v2\/types\/page"}],"author":[{"embeddable":true,"href":"https:\/\/www.labeljoy.com\/fr\/wp-json\/wp\/v2\/users\/1"}],"replies":[{"embeddable":true,"href":"https:\/\/www.labeljoy.com\/fr\/wp-json\/wp\/v2\/comments?post=2743"}],"version-history":[{"count":50,"href":"https:\/\/www.labeljoy.com\/fr\/wp-json\/wp\/v2\/pages\/2743\/revisions"}],"predecessor-version":[{"id":45119,"href":"https:\/\/www.labeljoy.com\/fr\/wp-json\/wp\/v2\/pages\/2743\/revisions\/45119"}],"wp:attachment":[{"href":"https:\/\/www.labeljoy.com\/fr\/wp-json\/wp\/v2\/media?parent=2743"}],"curies":[{"name":"wp","href":"https:\/\/api.w.org\/{rel}","templated":true}]}}