{"id":2767,"date":"2012-07-26T12:21:48","date_gmt":"2012-07-26T12:21:48","guid":{"rendered":"http:\/\/www.labeljoy.com\/assistance\/how-to\/"},"modified":"2022-01-14T14:28:53","modified_gmt":"2022-01-14T14:28:53","slug":"comment-faire","status":"publish","type":"page","link":"https:\/\/www.labeljoy.com\/fr\/assistance\/comment-faire\/","title":{"rendered":"Comment faire"},"content":{"rendered":"<h1>Section tutoriel \u00ab\u00a0Comment faire\u00a0\u00bb de Labeljoy<\/h1>\n<p>La collection contient des instructions faciles et intuitives <strong>sur comment cr\u00e9er des \u00e9tiquettes<\/strong> de toutes sortes.<\/p>\n<p>Comprenez les <a href=\"http:\/\/www.labeljoy.com\/fr\/caracteristiques\/\" title=\"Caract\u00e9ristiques\">caract\u00e9ristiques professionnelles<\/a> de ce logiciel et obtenez des <strong>guides pratiques<\/strong> avec des textes et des images.<\/p>\n<p>Des tutoriels vid\u00e9o sont disponibles dans la <a href=\"http:\/\/www.labeljoy.com\/fr\/video-assistance\/\" title=\"Vid\u00e9os\">section vid\u00e9o<\/a>, avec des explications \u00e9tape par \u00e9tape de toutes les <strong>caract\u00e9ristiques de Labeljoy<\/strong>.<\/p>\n<ul class=\"lp-2013 clearfix\">\n<li><a href=\"http:\/\/www.labeljoy.com\/fr\/assistance\/comment-faire\/creez-cartes-de-visite\/\" title=\"Cr\u00e9er des Cartes de visite\" style=\"height: 154px\"> <span class=\"lp-2013-title\">Cr\u00e9er des Cartes de visite<\/span> <span class=\"lp-2013-description\">&#8211; Data<br \/>\n&#8211; Code QR<br \/>\n&#8211; Graphiques sur mesure<br \/>\n&#8211; Importation de donn\u00e9es<\/span><img decoding=\"async\" width=\"48\" height=\"48\" src=\"http:\/\/www.labeljoy.com\/images\/how-to\/icons\/business-card.png\"><\/a><\/li>\n<li><a href=\"http:\/\/www.labeljoy.com\/fr\/assistance\/comment-faire\/creez-etiquettes-prix\/\" title=\"Cr\u00e9ez des \u00e9tiquettes de prix\" style=\"height: 154px\"> <span class=\"lp-2013-title\">Cr\u00e9ez des \u00e9tiquettes de prix<\/span><span class=\"lp-2013-description\">&#8211; Taill\u00e9es sur mesure<br \/>\n&#8211; Codes barres<br \/>\n&#8211; Import d&rsquo;images<br \/>\n&#8211; Importation de donn\u00e9es<\/span><img decoding=\"async\" width=\"48\" height=\"48\" alt=\"Price tag\" src=\"http:\/\/www.labeljoy.com\/images\/how-to\/icons\/price-tag.png\"><\/a><\/li>\n<li><a href=\"http:\/\/www.labeljoy.com\/fr\/assistance\/comment-faire\/travailler-imprimantes-rouleaux\/\" title=\"Travaillez avec des imprimantes \u00e0 rouleau\" style=\"height: 154px\"><span class=\"lp-2013-title\">Travaillez avec des imprimantes \u00e0 rouleau<\/span><span class=\"lp-2013-description\">&#8211; D\u00e9finissez la mise en page<br \/>\n&#8211; D\u00e9finissez les marges<br \/>\n&#8211; Imprimez<\/span><img decoding=\"async\" width=\"48\" height=\"48\" alt=\"Roll prineter\" src=\"http:\/\/www.labeljoy.com\/images\/how-to\/icons\/roll-print.png\"><\/a><\/li>\n<li><a href=\"http:\/\/www.labeljoy.com\/fr\/assistance\/comment-faire\/generer-codes-barres-gs1-128\/\" title=\"G\u00e9n\u00e9rez des codes barres GS1-128\" style=\"height: 154px\"> <span class=\"lp-2013-title\">G\u00e9n\u00e9rez des codes barres GS1-128<\/span><span class=\"lp-2013-description\">&#8211; G\u00e9n\u00e9ration automatique<br \/>\n&#8211; Num\u00e9ro GTIN<br \/>\n&#8211; Import de fichiers Excel<\/span><img decoding=\"async\" width=\"48\" height=\"48\" alt=\"gs1 barcode icon\" src=\"http:\/\/www.labeljoy.com\/images\/how-to\/icons\/gs1-128.png\"><\/a><\/li>\n<li><a href=\"https:\/\/www.labeljoy.com\/fr\/assistance\/comment-faire\/generer-des-codes-barres-sscc-18\/\" title=\"G\u00e9n\u00e9rez des codes barres SSCC-18\" style=\"height: 154px\"> <span class=\"lp-2013-title\">G\u00e9n\u00e9rez des codes barres SSCC-18<\/span><span class=\"lp-2013-description\"><\/span><img decoding=\"async\" width=\"48\" height=\"48\" alt=\"SSCC-18 barcode icon\" src=\"https:\/\/www.labeljoy.com\/wp-content\/uploads\/2020\/09\/SSCC-18.png\"><\/a><\/li>\n<li><a href=\"http:\/\/www.labeljoy.com\/fr\/assistance\/comment-faire\/integrer-logiciel-gestion\/\" title=\"Int\u00e9gration du logiciel de gestion\" style=\"height: 154px\"> <span class=\"lp-2013-title\">Int\u00e9gration du logiciel de gestion<\/span><span class=\"lp-2013-description\">&#8211; Utilisation du VBA<br \/>\n&#8211; Syst\u00e8me ERP<br \/>\n&#8211; Int\u00e9gration d&rsquo;Excel<\/span><img decoding=\"async\" width=\"48\" height=\"48\" alt=\"software icon\" src=\"http:\/\/www.labeljoy.com\/images\/how-to\/icons\/software.png\"><\/a><\/li>\n<li><a href=\"http:\/\/www.labeljoy.com\/fr\/assistance\/comment-faire\/impression-codes-barres\/\" title=\"Pratiques d'impression des codes barres\" style=\"height: 154px\"> <span class=\"lp-2013-title\">Pratiques d&rsquo;impression des codes barres<\/span><span class=\"lp-2013-description\">&#8211; Dimensions<br \/>\n&#8211; Contraste<br \/>\n&#8211; Rotation<\/span><img decoding=\"async\" width=\"48\" height=\"48\" alt=\"barcode icon\" src=\"http:\/\/www.labeljoy.com\/images\/how-to\/icons\/barcode.png\"><\/a><\/li>\n<li><a href=\"http:\/\/www.labeljoy.com\/fr\/assistance\/comment-faire\/imprimer-etiquettes-excel\/\" title=\"Impression d'\u00e9tiquettes depuis Excel\" style=\"height: 154px\"> <span class=\"lp-2013-title\">Impression d&rsquo;\u00e9tiquettes depuis Excel<\/span><span class=\"lp-2013-description\">&#8211; Import de bases de donn\u00e9es<br \/>\n&#8211; R\u00e9glages personnalis\u00e9s<br \/>\n&#8211; Lignes Excel<br \/>\n&#8211; Filtre personnalis\u00e9<\/span><img decoding=\"async\" width=\"48\" height=\"48\" alt=\"Excel icon\" src=\"http:\/\/www.labeljoy.com\/images\/how-to\/icons\/excel.png\"><\/a><\/li>\n<li><a href=\"http:\/\/www.labeljoy.com\/fr\/assistance\/comment-faire\/compteur-incrementiel\/\" title=\"Compteur incr\u00e9mentiel\" style=\"height: 154px\"> <span class=\"lp-2013-title\">Compteur incr\u00e9mentiel <\/span><span class=\"lp-2013-description\">&#8211; G\u00e9n\u00e9rer des codes \u00e0 barres<br \/>\n&#8211; Pas \u00e9criture<br \/>\n&#8211; Compteurs multi<br \/>\n&#8211; Fixe et dynamique<\/span><img decoding=\"async\" width=\"48\" height=\"48\" src=\"http:\/\/www.labeljoy.com\/images\/how-to\/icons\/counter.png\"><\/a><\/li>\n<li><a href=\"http:\/\/www.labeljoy.com\/fr\/assistance\/comment-faire\/application-identifiers-gs1-128\/\" title=\"Code d\u2019identification&nbsp;GS1\" style=\"height: 154px\"> <span class=\"lp-2013-title\">Code identification&nbsp;GS1<\/span><span class=\"lp-2013-description\">&#8211; Listes<br \/>\n&#8211; Tableau<br \/>\n&#8211; Description<\/span><img decoding=\"async\" width=\"48\" height=\"48\" src=\"http:\/\/www.labeljoy.com\/images\/how-to\/icons\/gs1-128.png\"><\/a><\/li>\n<\/ul>\n","protected":false},"excerpt":{"rendered":"<p>Section tutoriel \u00ab\u00a0Comment faire\u00a0\u00bb de Labeljoy La collection contient des instructions faciles et intuitives sur comment cr\u00e9er des \u00e9tiquettes de toutes sortes. Comprenez les caract\u00e9ristiques professionnelles de ce logiciel et obtenez des guides pratiques avec des textes et des images. Des tutoriels vid\u00e9o sont disponibles dans la section vid\u00e9o, avec des explications \u00e9tape par \u00e9tape &#8230; <a title=\"Comment faire\" class=\"read-more\" href=\"https:\/\/www.labeljoy.com\/fr\/assistance\/comment-faire\/\" aria-label=\"En savoir plus sur Comment faire\">Read more<\/a><\/p>\n","protected":false},"author":1,"featured_media":0,"parent":2138,"menu_order":0,"comment_status":"open","ping_status":"closed","template":"","meta":{"inline_featured_image":false,"_monsterinsights_skip_tracking":false,"_monsterinsights_sitenote_active":false,"_monsterinsights_sitenote_note":"","_monsterinsights_sitenote_category":0,"footnotes":""},"class_list":{"0":"post-2767","1":"page","2":"type-page","3":"status-publish","5":"infinite-scroll-item"},"aioseo_notices":[],"_links":{"self":[{"href":"https:\/\/www.labeljoy.com\/fr\/wp-json\/wp\/v2\/pages\/2767","targetHints":{"allow":["GET"]}}],"collection":[{"href":"https:\/\/www.labeljoy.com\/fr\/wp-json\/wp\/v2\/pages"}],"about":[{"href":"https:\/\/www.labeljoy.com\/fr\/wp-json\/wp\/v2\/types\/page"}],"author":[{"embeddable":true,"href":"https:\/\/www.labeljoy.com\/fr\/wp-json\/wp\/v2\/users\/1"}],"replies":[{"embeddable":true,"href":"https:\/\/www.labeljoy.com\/fr\/wp-json\/wp\/v2\/comments?post=2767"}],"version-history":[{"count":28,"href":"https:\/\/www.labeljoy.com\/fr\/wp-json\/wp\/v2\/pages\/2767\/revisions"}],"predecessor-version":[{"id":36405,"href":"https:\/\/www.labeljoy.com\/fr\/wp-json\/wp\/v2\/pages\/2767\/revisions\/36405"}],"up":[{"embeddable":true,"href":"https:\/\/www.labeljoy.com\/fr\/wp-json\/wp\/v2\/pages\/2138"}],"wp:attachment":[{"href":"https:\/\/www.labeljoy.com\/fr\/wp-json\/wp\/v2\/media?parent=2767"}],"curies":[{"name":"wp","href":"https:\/\/api.w.org\/{rel}","templated":true}]}}