{"id":2770,"date":"2012-08-07T09:12:49","date_gmt":"2012-08-07T09:12:49","guid":{"rendered":"http:\/\/www.labeljoy.com\/assistance\/comment-faire\/how-to-create-your-own-price-tag\/"},"modified":"2023-04-28T15:53:44","modified_gmt":"2023-04-28T15:53:44","slug":"creez-etiquettes-prix","status":"publish","type":"page","link":"https:\/\/www.labeljoy.com\/fr\/assistance\/comment-faire\/creez-etiquettes-prix\/","title":{"rendered":"Cr\u00e9er des \u00e9tiquettes prix"},"content":{"rendered":"<h1>Cr\u00e9er des \u00e9tiquettes prix<\/h1>\n<p>Ce tutoriel vous montre comment cr\u00e9er vos propres \u00e9tiquettes prix pour vos produits.<\/p>\n<p>Nous commen\u00e7ons avec une \u00e9tiquette tr\u00e8s simple pour entrep\u00f4t et nous passerons graduellement \u00e0 un design plus complexe avec une connexion \u00e0 une source de donn\u00e9es externe qui contient les donn\u00e9es qui doivent apparaitre sur les \u00e9tiquettes.<\/p>\n<p>&nbsp;<\/p>\n<h2>1 \u2013 Choisir la bonne dimension<\/h2>\n<p>Comme toujours, la premi\u00e8re chose est de choisir ou cr\u00e9er le bon format de papier o\u00f9 vous imprimerez.<\/p>\n<p>Dans cet exemple nous utiliserons le format <em>Devauzet 63P<\/em><em>, avec 12 \u00e9tiquettes prix de 2.5 pour 2.5 pouces sur une page A4<\/em>.<\/p>\n<p><a href=\"http:\/\/www.labeljoy.com\/images\/how-to\/price-tag\/fr\/image002.png\" class=\"hover-item\" data-gal=\"prettyPhoto[prix]\"><img decoding=\"async\" width=\"872\" height=\"568\" src=\"http:\/\/www.labeljoy.com\/images\/how-to\/price-tag\/fr\/image002.png\" alt=\"Choisissez la mise en page \u00e9tiquette de prix \"><\/a><\/p>\n<p>&nbsp;<\/p>\n<h2>2 \u2013 Choisir la symbologie de code-barres<\/h2>\n<p>C\u2019est la partie la plus d\u00e9licate, si vous n\u2019avez jamais travaill\u00e9 avec les codes-barres, il se peut que vous vous demandiez d\u2019o\u00f9 commencer.  Essentiellement vous avez deux possibilit\u00e9s:<\/p>\n<ul>\n<li><strong>USAGE PRIVE<\/strong>: vous avez besoin d\u2019un seul symbole de code-barres pour entrep\u00f4t qui vous permette de lire le num\u00e9ro de s\u00e9rie dans votre syst\u00e8me pour la gestion de l\u2019entrep\u00f4t ou quand un client veut acheter un de vos produits.Vos codes-barres ont une signification seulement pour votre activit\u00e9 et n\u2019auront aucun sens pour le reste du monde.Vous pouvez utiliser un symbole de code-barres Code 128 qui code la plupart des valeurs alphanum\u00e9riques, jusqu\u2019\u00e0 255 caract\u00e8res. Bien s\u00fbr, vous devez avoir une infrastructure informatique pour g\u00e9rer les codes-barres lus, en montrant le type de produit lu et, facultativement, ajouter le produit dans le panier d\u2019achat, r\u00e9cup\u00e9rer les informations du produit comme le prix etc.<\/li>\n<li><strong>PUBLIC USE<\/strong>: vos produits seront envoy\u00e9s dans le monde entier et le symbole du code-barres doit identifier de fa\u00e7on univoque vos produits. Dans ce cas, vous devez utiliser un code-barres UPC (Am\u00e9rique du Nord, GB, Australie et Nouvelle Z\u00e9lande) ou un code-barres EAN 13 (pour le reste du monde). Pour g\u00e9n\u00e9rer ces symboles, d\u2019abord, vous devez acheter un num\u00e9ro de s\u00e9rie de l\u2019autorit\u00e9 locale <a title=\"Gs1\" href=\"http:\/\/www.gs1.org\/\" target=\"_blank\" rel=\"noopener\">GS1<\/a>. Le(s) num\u00e9ro(s) de s\u00e9rie que vous achetez contiennent une s\u00e9rie de chiffres qui identifient univoquement vos produits dans le monde, et contiennent des informations comme l\u2019ID du pays, l\u2019ID de la soci\u00e9t\u00e9 et vos codes produits uniques. Ce num\u00e9ro de s\u00e9rie peut \u00eatre utilis\u00e9 par Labeljoy pour <a href=\"https:\/\/www.labeljoy.com\/generateur-code-barre-gratuit\/\" title=\"G\u00e9n\u00e9rateur de codes-barres en ligne gratuit\">g\u00e9n\u00e9rer les symboles de codes-barres<\/a> appropri\u00e9s.<\/li>\n<\/ul>\n<div><\/div>\n<h2>3 \u2013 Etiquette pour entrep\u00f4t<\/h2>\n<p>Si vous voulez imprimer une \u00e9tiquette pour entrep\u00f4t lisible par un lecteur de codes-barres pour votre activit\u00e9, vous n\u2019avez qu\u2019\u00e0 personnaliser 2 \u00e9l\u00e9ments par d\u00e9faut sur l\u2019\u00e9tiquette : un texte et un code-barres.<\/p>\n<p>Faites double clic sur le texte<em> \u00ab <\/em><em>Double clic pour modifier<\/em><em> \u00bb<\/em> et ins\u00e9rer la description de l\u2019article:<br \/>\n<a href=\"http:\/\/www.labeljoy.com\/images\/how-to\/price-tag\/fr\/image004.png\" class=\"hover-item\" data-gal=\"prettyPhoto[prix]\"><img decoding=\"async\" width=\"698\" height=\"454\" src=\"http:\/\/www.labeljoy.com\/images\/how-to\/price-tag\/fr\/image004.png\" alt=\"Ins\u00e9rez donn\u00e9es\"><\/a><\/p>\n<p>Cliquez sur OK pour appliquer les modifications:<\/p>\n<p><a href=\"http:\/\/www.labeljoy.com\/images\/how-to\/price-tag\/fr\/image006.png\" class=\"hover-item\" data-gal=\"prettyPhoto[prix]\"><img decoding=\"async\" width=\"1247\" height=\"943\" src=\"http:\/\/www.labeljoy.com\/images\/how-to\/price-tag\/fr\/image006.png\" alt=\"nom du produit \"><\/a><\/p>\n<p>Maintenant travaillons sur le code-barres.<br \/>\nDouble clic sur le code-barres pour ouvrir son \u00e9diteur. Choisissez la symbologie correcte et ins\u00e9rez le num\u00e9ro de s\u00e9rie que vous voulez coder dans le symbole:<\/p>\n<p><a href=\"http:\/\/www.labeljoy.com\/images\/how-to\/price-tag\/fr\/image008.png\" class=\"hover-item\" data-gal=\"prettyPhoto[prix]\"><img decoding=\"async\" width=\"698\" height=\"454\" src=\"http:\/\/www.labeljoy.com\/images\/how-to\/price-tag\/fr\/image008.png\" alt=\"Ajouter un logo\"><\/a><\/p>\n<p>Dans cet exemple <em>d\u2019\u00e9tiquette Entrep\u00f4t<\/em> nous utilisons la symbologie Code 128 et nous codons le num\u00e9ro de s\u00e9rie qui, dans votre syst\u00e8me, correspond \u00e0 l\u2019article pour lequel nous cr\u00e9ons l\u2019\u00e9tiquette.<br \/>\nCliquez sur OK pour appliquer les modifications.<\/p>\n<p><a href=\"http:\/\/www.labeljoy.com\/images\/how-to\/price-tag\/fr\/image010.png\" class=\"hover-item\" data-gal=\"prettyPhoto[prix]\"><img decoding=\"async\" width=\"1247\" height=\"943\" src=\"http:\/\/www.labeljoy.com\/images\/how-to\/price-tag\/fr\/image010.png\" alt=\"Ajouter \u00e0 barocde \u00e9tiquette de prix \"><\/a><\/p>\n<p>&nbsp;<\/p>\n<p>Nous pla\u00e7ons les 2 \u00e9l\u00e9ments au centre (horizontal et vertical) et nous sp\u00e9cifions, dans le champ de texte en haut \u00e0 gauche, combien d\u2019\u00e9tiquettes nous voulons imprimer.<\/p>\n<p>Le champ de texte en haut \u00e0 gauche dans la barre des outils indique le nombre total d\u2019\u00e9tiquette que nous voulons imprimer, dans notre cas 12 remplit toute la feuille.<\/p>\n<p>Nous sommes pr\u00eats pour imprimer vos \u00e9tiquettes pour l\u2019entrep\u00f4t.<\/p>\n<p>&nbsp;<\/p>\n<p style=\"text-align: center\"><a href=\"http:\/\/www.labeljoy.com\/images\/how-to\/price-tag\/price_tag_1.lpa\" class=\"large green tt-button\" target=\"_self\"> T\u00e9l\u00e9chargez ce fichier d\u2019\u00e9tiquette pour entrep\u00f4t <\/a>\n<p>&nbsp;<\/p>\n<h2>4 \u2013 Etiquette prix<\/h2>\n<p>L\u2019\u00e9tiquette ci-dessus est utile pour un sc\u00e9nario de gestion interne, comme un entrep\u00f4t o\u00f9 les \u00e9tiquettes sont utilis\u00e9es pour g\u00e9rer des produits par les seuls employ\u00e9es de la soci\u00e9t\u00e9.<\/p>\n<p>Quand les \u00e9tiquettes sont aussi vues par vos clients, vous voulez, peut-\u00eatre ajouter plus d\u2019informations et les rendre plus attrayantes.<\/p>\n<p>Commen\u00e7ons en ajoutant plus de donn\u00e9es textuelles pour d\u00e9crire plus l\u2019article.<br \/>\nCopions et collons l\u2019\u00e9l\u00e9ment textuel pour en cr\u00e9er un deuxi\u00e8me.<br \/>\nS\u00e9lectionnez-le et utilisez les boutons Copier et Coller dans la barre des outils:<\/p>\n<p><a href=\"http:\/\/www.labeljoy.com\/images\/how-to\/price-tag\/fr\/image012.png\" class=\"hover-item\" data-gal=\"prettyPhoto[prix]\"><img decoding=\"async\" width=\"1247\" height=\"943\" src=\"http:\/\/www.labeljoy.com\/images\/how-to\/price-tag\/fr\/image012.png\" alt=\"D\u00e9finir le nombre d'\u00e9tiquettes de prix\"><\/a><\/p>\n<p>Faites double clic sur le nouveau texte cr\u00e9\u00e9 et modifiez-le en changeant le texte:<\/p>\n<p><a href=\"http:\/\/www.labeljoy.com\/images\/how-to\/price-tag\/fr\/image014.png\" class=\"hover-item\" data-gal=\"prettyPhoto[prix]\"><img decoding=\"async\" width=\"698\" height=\"454\" src=\"http:\/\/www.labeljoy.com\/images\/how-to\/price-tag\/fr\/image014.png\" alt=\"\u00c9tiquette de prix \"><\/a><\/p>\n<p>Diminuons aussi la dimension de la police de caract\u00e8res et alignons le texte \u00e0 gauche:<\/p>\n<p><a href=\"http:\/\/www.labeljoy.com\/images\/how-to\/price-tag\/fr\/image016.png\" class=\"hover-item\" data-gal=\"prettyPhoto[prix]\"><img decoding=\"async\" width=\"698\" height=\"454\" src=\"http:\/\/www.labeljoy.com\/images\/how-to\/price-tag\/fr\/image016.png\" alt=\"Ajouter du texte \u00e0 \u00e9tiquette de prix \u00e9tiquette\"><\/a><\/p>\n<p>Nous modifions aussi le sous-titre de l\u2019\u00e9l\u00e9ment textuel plus grand en enlevant la ligne \u00ab Dimension 12 \u00bb et alignons-le \u00e0 gauche.<br \/>\nNous modifions un peu les choses pour obtenir ceci:<\/p>\n<p><a href=\"http:\/\/www.labeljoy.com\/images\/how-to\/price-tag\/fr\/image018.png\" class=\"hover-item\" data-gal=\"prettyPhoto[prix]\"><img decoding=\"async\" width=\"1247\" height=\"943\" src=\"http:\/\/www.labeljoy.com\/images\/how-to\/price-tag\/fr\/image018.png\" alt=\"R\u00e9glez texte\"><\/a><\/p>\n<p>Maintenant ajoutons une image qui transmet mieux le type d\u2019article qui sera achet\u00e9.<br \/>\nCliquez sur le bouton <em>ins\u00e9rer graphique<\/em> dans la barre des outils et dessinez un rectangle en haut \u00e0 droite. L\u2019image par d\u00e9faut est donc ajout\u00e9e:<\/p>\n<p><a href=\"http:\/\/www.labeljoy.com\/images\/how-to\/price-tag\/fr\/image020.png\" class=\"hover-item\" data-gal=\"prettyPhoto[prix]\"><img decoding=\"async\" width=\"1247\" height=\"943\" src=\"http:\/\/www.labeljoy.com\/images\/how-to\/price-tag\/fr\/image020.png\" alt=\"Prix \u200b\u200btag exemple \"><\/a><\/p>\n<p>Note: selon les param\u00e8tres trouv\u00e9s dans la fen\u00eatre des <em>Options<\/em> \u2013 Onglet <em>Principal<\/em> \u2013 <em>Montrer \u00e9diteur apr\u00e8s avoir ajout\u00e9 article<\/em>, chaque fois que vous ajoutez un nouvel \u00e9l\u00e9ment, la fen\u00eatre de ses propri\u00e9t\u00e9s s\u2019ouvrira automatiquement. Si elle ne s\u2019ouvre pas, vous n\u2019avez qu\u2019\u00e0 faire un double clic sur les nouveaux \u00e9l\u00e9ments ajout\u00e9s pour modifier leur apparence.<\/p>\n<p>Ouvrez l\u2019\u00e9diteur de l\u2019image et cliquez sur le bouton <em>Clipart<\/em>.<\/p>\n<p>La fen\u00eatre de s\u00e9lection des cliparts apparait.<\/p>\n<p>S\u00e9lectionnez la cat\u00e9gorie <em>Outils<\/em> et choisissez l\u2019image du tournevis.<\/p>\n<p><a href=\"http:\/\/www.labeljoy.com\/images\/how-to\/price-tag\/fr\/image022.png\" class=\"hover-item\" data-gal=\"prettyPhoto[prix]\"><img decoding=\"async\" width=\"620\" height=\"472\" src=\"http:\/\/www.labeljoy.com\/images\/how-to\/price-tag\/fr\/image022.png\" alt=\"Ins\u00e9rer une image \u00e0 \u00e9tiqueter\"><\/a><\/p>\n<p>Cliquez sur OK pour confirmer et cliquez encore sur OK dans l\u2019\u00e9diteur de l\u2019image pour confirmer les modifications.<\/p>\n<p>D\u00e9placez et redimensionnez le clipart pour qu\u2019il s\u2019adapte parfaitement \u00e0 l\u2019\u00e9tiquette et d\u00e9placez aussi le code-barres plus haut pour laisser de la place dans la partie basse.<\/p>\n<p>Votre \u00e9tiquette prix doit donc ressembler \u00e0 ceci:<\/p>\n<p><a href=\"http:\/\/www.labeljoy.com\/images\/how-to\/price-tag\/fr\/image024.png\" class=\"hover-item\" data-gal=\"prettyPhoto[prix]\"><img decoding=\"async\" width=\"1247\" height=\"943\" src=\"http:\/\/www.labeljoy.com\/images\/how-to\/price-tag\/fr\/image024.png\" alt=\"Images\"><\/a><\/p>\n<p>Maintenant nous allons ajouter le logo et le nom de votre soci\u00e9t\u00e9 dans la partie basse de l\u2019\u00e9tiquette.<\/p>\n<p>Premi\u00e8rement, ajoutez le logo en ajoutant un nouvel objet <em>Graphique<\/em>. Dans l\u2019\u00e9diteur de l\u2019image, cliquez sur le bouton <em>Fichier<\/em> et naviguez dans les r\u00e9pertoires de votre ordinateur pour localiser le fichier image avec votre logo.<\/p>\n<p>S\u00e9lectionnez-le et cliquez sur OK:<\/p>\n<p><a href=\"http:\/\/www.labeljoy.com\/images\/how-to\/price-tag\/fr\/image026.png\" class=\"hover-item\" data-gal=\"prettyPhoto[prix]\"><img decoding=\"async\" width=\"1247\" height=\"943\" src=\"http:\/\/www.labeljoy.com\/images\/how-to\/price-tag\/fr\/image026.png\" alt=\"Prix \u200b\u200br\u00e9sultat de l'\u00e9tiquette de mot-cl\u00e9\"><\/a><\/p>\n<p>Enfin, ajoutez le nom de votre soci\u00e9t\u00e9 et des informations ult\u00e9rieures, avec 2 \u00e9l\u00e9ments textuels centr\u00e9s avec des polices de caract\u00e8res diff\u00e9rentes et une couleur grise:<\/p>\n<p><a href=\"http:\/\/www.labeljoy.com\/images\/how-to\/price-tag\/fr\/image028.png\" class=\"hover-item\" data-gal=\"prettyPhoto[prix]\"><img decoding=\"async\" width=\"1247\" height=\"943\" src=\"http:\/\/www.labeljoy.com\/images\/how-to\/price-tag\/fr\/image028.png\" alt=\"\u00c9tiquette de prix avec des d\u00e9tails\"><\/a><\/p>\n<p style=\"text-align: center\"><a href=\"http:\/\/www.labeljoy.com\/images\/how-to\/price-tag\/price_tag_2.lpa\" class=\"large green tt-button\" target=\"_self\"> T\u00e9l\u00e9chargez le fichier de cette \u00e9tiquette prix <\/a>\n<p>&nbsp;<\/p>\n<h2>5 \u2013 Donn\u00e9es li\u00e9es dans l\u2019\u00e9tiquette prix<\/h2>\n<p>Jusqu\u2019\u00e0 maintenant nous avons vu comment cr\u00e9er des \u00e9tiquettes <em>statiques<\/em>, des \u00e9tiquettes qui sont copi\u00e9es sans changements dans chaque emplacement de la page.<\/p>\n<p>Toutefois, la plupart du temps, nous devons imprimer des \u00e9tiquettes avec des contenus diff\u00e9rents, bas\u00e9s sur des donn\u00e9es m\u00e9moris\u00e9es sur une base de donn\u00e9es externes, comme un fichier Excel, Access, une liste d\u2019adresses ou un tableau ou une vue d\u2019une base de donn\u00e9e professionnelle.<\/p>\n<p>Par exemple, supposez que votre entrep\u00f4t doit \u00e9tiqueter tous les articles d\u2019un lot de quincaillerie qui vient de vous arriver par un fournisseur.<\/p>\n<p>Dans un sc\u00e9nario r\u00e9aliste, ces donn\u00e9es seraient m\u00e9moris\u00e9es dans notre syst\u00e8me informatique, par exemple un fichier Excel, et nous voudrions que les \u00e9tiquettes reportent les informations selon le fichier Excel. Probablement nous voudrions aussi imprimer le nombre n\u00e9cessaire d\u2019\u00e9tiquettes.<\/p>\n<p>Nous allons utiliser le fichier Excel suivant comme source de donn\u00e9es pour nos \u00e9tiquettes prix:<\/p>\n<p><a href=\"http:\/\/www.labeljoy.com\/images\/how-to\/price-tag\/fr\/image030.png\" class=\"hover-item\" data-gal=\"prettyPhoto[prix]\"><img decoding=\"async\" width=\"1063\" height=\"480\" src=\"http:\/\/www.labeljoy.com\/images\/how-to\/price-tag\/fr\/image030.png\" alt=\"\u00c9tiquette de prix tag\"><\/a><\/p>\n<p>Ce simple fichier Excel 2007 contient les colonnes:<\/p>\n<ul>\n<li><strong>Code article<\/strong>: code qui identifie univoquement l\u2019article dans votre activit\u00e9.<\/li>\n<li><strong>Quantit\u00e9<\/strong>: le nombre d\u2019articles re\u00e7us.<\/li>\n<li><strong>Nom<\/strong>: le nom principal de l\u2019article.<\/li>\n<li><strong>Taille<\/strong>: la taille de l&rsquo;article.<\/li>\n<li><strong>Description<\/strong>: une br\u00e8ve description de chaque article.<\/li>\n<li><strong>Prix<\/strong>: le prix de l\u2019article.<\/li>\n<li><strong>Image<\/strong>: le parcours et le nom du fichier image de l\u2019article.<\/li>\n<\/ul>\n<p>Utilisons ces donn\u00e9es pour imprimer nos \u00e9tiquettes.<\/p>\n<p>D\u2019abord nous devons <em>connecter<\/em> le fichier Labeljoy au fichier des donn\u00e9es.<\/p>\n<p>Nous utilisons l\u2019<em>assistant de connexion donn\u00e9es<\/em> pour r\u00e9cup\u00e9rer toutes les informations utilis\u00e9es par Labeljoy pour se connecter \u00e0 une source de donn\u00e9es.<\/p>\n<p>Cliquez sur le bouton appropri\u00e9 dans la barre des outils pour d\u00e9marrer l\u2019assistant:<\/p>\n<p><a href=\"http:\/\/www.labeljoy.com\/images\/how-to\/price-tag\/fr\/image032.png\" class=\"hover-item\" data-gal=\"prettyPhoto[prix]\"><img decoding=\"async\" width=\"1247\" height=\"943\" src=\"http:\/\/www.labeljoy.com\/images\/how-to\/price-tag\/fr\/image032.png\" alt=\"Datas li\u00e9es prix balise label \"><\/a><\/p>\n<p>Deuxi\u00e8mement nous devons d\u00e9finir le type de fichier Excel utilis\u00e9. Choisir la premi\u00e8re option parce que nous avons un fichier Excel 2007:<\/p>\n<p><a href=\"http:\/\/www.labeljoy.com\/images\/how-to\/price-tag\/fr\/image036.png\" class=\"hover-item\" data-gal=\"prettyPhoto[prix]\"><img decoding=\"async\" width=\"620\" height=\"472\" src=\"http:\/\/www.labeljoy.com\/images\/how-to\/price-tag\/fr\/image036.png\" alt=\"Datas li\u00e9es prix balise label\"><\/a><\/p>\n<p>Ensuite nous devons localiser le fichier Excel avec les donn\u00e9es auxquelles on veut se connecter. Pour ceci, cliquez sur <em>Naviguer et localiser le fichier<\/em>:<\/p>\n<p><a href=\"http:\/\/www.labeljoy.com\/images\/how-to\/price-tag\/fr\/image40.png\" class=\"hover-item\" data-gal=\"prettyPhoto[prix]\"><img decoding=\"async\" width=\"620\" height=\"472\" src=\"http:\/\/www.labeljoy.com\/images\/how-to\/price-tag\/fr\/image040.png\" alt=\"\u00c9tiquette de prix donn\u00e9es li\u00e9es\"><\/a><\/p>\n<p>Maintenant, sautez les 3 passages suivant en laissant les param\u00e8tres par d\u00e9faut et arr\u00eatez-vous \u00e0 la <em>Quantit\u00e9.<\/em> Comme on a d\u00e9j\u00e0 vu, le fichier Excel contient une colonne avec le nombre d\u2019articles \u00e0 imprimer. Nous utilisons cette information pour dire \u00e0 Labeljoy combien d\u2019\u00e9tiquettes il doit g\u00e9n\u00e9rer pour chaque article.<\/p>\n<p>S\u00e9lectionnez le champ <em>Quantit\u00e9<\/em> du menu d\u00e9roulant:<\/p>\n<p><a href=\"http:\/\/www.labeljoy.com\/images\/how-to\/price-tag\/fr\/image042.png\" class=\"hover-item\" data-gal=\"prettyPhoto[prix]\"><img decoding=\"async\" width=\"620\" height=\"472\" src=\"http:\/\/www.labeljoy.com\/images\/how-to\/price-tag\/fr\/image042.png\" alt=\"\u00c9tiquette de prix donn\u00e9es li\u00e9es \"><\/a><\/p>\n<p>Maintenant continuons jusqu\u2019\u00e0 <em>V\u00e9rification des donn\u00e9es<\/em>. Ici nous pouvons voir les donn\u00e9es charg\u00e9es du fichier Excel avant de les connecter:<\/p>\n<p><a href=\"http:\/\/www.labeljoy.com\/images\/how-to\/price-tag\/fr\/image044.png\" class=\"hover-item\" data-gal=\"prettyPhoto[prix]\"><img decoding=\"async\" width=\"620\" height=\"472\" src=\"http:\/\/www.labeljoy.com\/images\/how-to\/price-tag\/fr\/image044.png\" alt=\"Prix \u200b\u200bBarcode Tag\"><\/a><\/p>\n<p>Cliquez sur <em>Suivant<\/em> pour confirmer et puis sur <em>OK<\/em> pour quitter l\u2019assistant.<\/p>\n<p>Nous venons de connecter votre source de donn\u00e9es \u00e0 vos \u00e9tiquettes.<\/p>\n<p>Maintenant nous devons seulement montrer ces informations dans les \u00e9tiquettes prix.<\/p>\n<p>Nous commen\u00e7ons par personnaliser le texte plus grand en haut \u00e0 gauche. Faites double clic sur lui pour ouvrir l\u2019\u00e9diteur et effacer le texte <em>Tournevis<\/em>.<\/p>\n<p>A sa place nous ajoutons un champ de la source de donn\u00e9es sous-jacente: le champ <em>Nom<\/em>.<\/p>\n<p>Cliquez sur <em>Champ<\/em> et s\u00e9lectionnez <em>Nom<\/em>:<\/p>\n<p><a href=\"http:\/\/www.labeljoy.com\/images\/how-to\/price-tag\/fr\/image046.png\" class=\"hover-item\" data-gal=\"prettyPhoto[prix]\"><img decoding=\"async\" width=\"698\" height=\"454\" src=\"http:\/\/www.labeljoy.com\/images\/how-to\/price-tag\/fr\/image046.png\" alt=\"\u00c9tiquette de prix donn\u00e9es li\u00e9es\"><\/a><\/p>\n<p>Cliquez OK pour confirmer.<\/p>\n<p>Notez que le champ en haut \u00e0 gauche utilis\u00e9 pour ins\u00e9rer la quantit\u00e9 des \u00e9tiquettes est maintenant d\u00e9sactiv\u00e9. Il montre <em>33<\/em> qui est le nombre total d\u2019\u00e9tiquettes g\u00e9n\u00e9r\u00e9es avec les param\u00e8tres de la source de donn\u00e9es actuelle.<\/p>\n<p><a href=\"http:\/\/www.labeljoy.com\/images\/how-to\/price-tag\/fr\/image048.png\" class=\"hover-item\" data-gal=\"prettyPhoto[prix]\"><img decoding=\"async\" width=\"1247\" height=\"943\" src=\"http:\/\/www.labeljoy.com\/images\/how-to\/price-tag\/fr\/image048.png\" alt=\"\u00c9tiquette de prix donn\u00e9es li\u00e9es\"><\/a><\/p>\n<p>Apr\u00e8s avoir appliqu\u00e9 ces premi\u00e8res modifications au texte, \u00e0 la 9<sup>\u00e8me<\/sup> position de la page, maintenant, apparait <em>Club marteau<\/em>. Cela arrive parce que, comme vu dans le fichier source, nous avons 8 tournevis et puis 5 Clubs marteau.<\/p>\n<p>Travaillons, maintenant, sur le texte descriptif plus petit pour incorporer les donn\u00e9es externes.<\/p>\n<p>En rempla\u00e7ant une partie du texte existant avec les champs de la source de donn\u00e9es, nous nous assurons que chaque \u00e9tiquette pr\u00e9sente les donn\u00e9es correctes.<\/p>\n<p><a href=\"http:\/\/www.labeljoy.com\/images\/how-to\/price-tag\/fr\/image050.png\" class=\"hover-item\" data-gal=\"prettyPhoto[prix]\"><img decoding=\"async\" width=\"698\" height=\"454\" src=\"http:\/\/www.labeljoy.com\/images\/how-to\/price-tag\/fr\/image050.png\" alt=\"\u00e9tiquettes prix code-barres\"><\/a><\/p>\n<p>Connectons l\u2019image en haut \u00e0 gauche au champ <em>Image<\/em> de la source de donn\u00e9es, afin que chaque \u00e9tiquette montre l\u2019image de l\u2019outil correcte.<\/p>\n<p>Faites double clic sur l\u2019image du tournevis, cliquez sur le bouton <em>Champ<\/em> et s\u00e9lectionnez le champ <em>Image<\/em> comme d\u00e9fini dans le fichier Excel:<\/p>\n<p><a href=\"http:\/\/www.labeljoy.com\/images\/how-to\/price-tag\/fr\/image052.png\" class=\"hover-item\" data-gal=\"prettyPhoto[prix]\"><img decoding=\"async\" width=\"698\" height=\"454\" src=\"http:\/\/www.labeljoy.com\/images\/how-to\/price-tag\/fr\/image052.png\" alt=\"\u00e9tiquettes prix\"><\/a><\/p>\n<p>Cliquez OK pour confirmer.<\/p>\n<p>A ce point, la premi\u00e8re page de votre fichier Labeljoy ressemble \u00e0 ceci:<\/p>\n<p><a href=\"http:\/\/www.labeljoy.com\/images\/how-to\/price-tag\/fr\/image054.png\" class=\"hover-item\" data-gal=\"prettyPhoto[prix]\"><img decoding=\"async\" width=\"1247\" height=\"943\" src=\"http:\/\/www.labeljoy.com\/images\/how-to\/price-tag\/fr\/image054.png\" alt=\"\u00e9tiquettes prix code-barres\"><\/a><\/p>\n<p>Il nous ne reste qu\u2019adapter le code-barres \u00e0 la source de donn\u00e9es.<\/p>\n<p>Faites double clic sur le code-barres et effacez les 4 chiffres du texte. Puis s\u00e9lectionnez le champ <em>code article<\/em> en cliquant sur le bouton<em> champ<\/em>.<\/p>\n<p>Nous avons dit \u00e0 Labeljoy de g\u00e9n\u00e9rer un code-barres form\u00e9 d\u2019une partie statique plus 4 chiffres dynamiques:<\/p>\n<p><a href=\"http:\/\/www.labeljoy.com\/images\/how-to\/price-tag\/fr\/image056.png\" class=\"hover-item\" data-gal=\"prettyPhoto[prix]\"><img decoding=\"async\" width=\"698\" height=\"454\" src=\"http:\/\/www.labeljoy.com\/images\/how-to\/price-tag\/fr\/image056.png\" alt=\"\u00e9tiquettes prix code-barres\"><\/a><\/p>\n<p>Cliquez sur OK pour confirmer les modifications.<\/p>\n<p>Les \u00e9tiquettes prix sont donc termin\u00e9es. Vous ne devez que les imprimer avec une imprimante \u00e0 jet d\u2019encre, laser et les coller aux produits.<\/p>\n<p>&nbsp;<\/p>\n<p style=\"text-align: center\"><a href=\"http:\/\/www.labeljoy.com\/images\/how-to\/price-tag\/price_tag_3.zip\" class=\"large green tt-button\" target=\"_self\"> T\u00e9l\u00e9chargez le fichier de cette \u00e9tiquette prix <\/a>\n<p>Voil\u00e0 la page 2 et 3 du travail:<\/p>\n<p><a href=\"http:\/\/www.labeljoy.com\/images\/how-to\/price-tag\/fr\/image058.png\" class=\"hover-item\" data-gal=\"prettyPhoto[prix]\"><img decoding=\"async\" width=\"1247\" height=\"943\" src=\"http:\/\/www.labeljoy.com\/images\/how-to\/price-tag\/fr\/image058.png\" alt=\"\u00e9tiquettes prix\"><\/a><\/p>\n<p>&nbsp;<\/p>\n<p><a href=\"http:\/\/www.labeljoy.com\/images\/how-to\/price-tag\/fr\/image060.png\" class=\"hover-item\" data-gal=\"prettyPhoto[prix]\"><img decoding=\"async\" width=\"1247\" height=\"943\" src=\"http:\/\/www.labeljoy.com\/images\/how-to\/price-tag\/fr\/image060.png\" alt=\"\u00e9tiquettes prix code-barres\"><\/a><\/p>\n","protected":false},"excerpt":{"rendered":"<p>Cr\u00e9er des \u00e9tiquettes prix Ce tutoriel vous montre comment cr\u00e9er vos propres \u00e9tiquettes prix pour vos produits. Nous commen\u00e7ons avec une \u00e9tiquette tr\u00e8s simple pour entrep\u00f4t et nous passerons graduellement \u00e0 un design plus complexe avec une connexion \u00e0 une source de donn\u00e9es externe qui contient les donn\u00e9es qui doivent apparaitre sur les \u00e9tiquettes. &nbsp; &#8230; <a title=\"Cr\u00e9er des \u00e9tiquettes prix\" class=\"read-more\" href=\"https:\/\/www.labeljoy.com\/fr\/assistance\/comment-faire\/creez-etiquettes-prix\/\" aria-label=\"En savoir plus sur Cr\u00e9er des \u00e9tiquettes prix\">Read more<\/a><\/p>\n","protected":false},"author":1,"featured_media":0,"parent":2767,"menu_order":0,"comment_status":"open","ping_status":"closed","template":"","meta":{"inline_featured_image":false,"_monsterinsights_skip_tracking":false,"_monsterinsights_sitenote_active":false,"_monsterinsights_sitenote_note":"","_monsterinsights_sitenote_category":0,"footnotes":""},"class_list":{"0":"post-2770","1":"page","2":"type-page","3":"status-publish","5":"infinite-scroll-item"},"aioseo_notices":[],"_links":{"self":[{"href":"https:\/\/www.labeljoy.com\/fr\/wp-json\/wp\/v2\/pages\/2770","targetHints":{"allow":["GET"]}}],"collection":[{"href":"https:\/\/www.labeljoy.com\/fr\/wp-json\/wp\/v2\/pages"}],"about":[{"href":"https:\/\/www.labeljoy.com\/fr\/wp-json\/wp\/v2\/types\/page"}],"author":[{"embeddable":true,"href":"https:\/\/www.labeljoy.com\/fr\/wp-json\/wp\/v2\/users\/1"}],"replies":[{"embeddable":true,"href":"https:\/\/www.labeljoy.com\/fr\/wp-json\/wp\/v2\/comments?post=2770"}],"version-history":[{"count":31,"href":"https:\/\/www.labeljoy.com\/fr\/wp-json\/wp\/v2\/pages\/2770\/revisions"}],"predecessor-version":[{"id":39761,"href":"https:\/\/www.labeljoy.com\/fr\/wp-json\/wp\/v2\/pages\/2770\/revisions\/39761"}],"up":[{"embeddable":true,"href":"https:\/\/www.labeljoy.com\/fr\/wp-json\/wp\/v2\/pages\/2767"}],"wp:attachment":[{"href":"https:\/\/www.labeljoy.com\/fr\/wp-json\/wp\/v2\/media?parent=2770"}],"curies":[{"name":"wp","href":"https:\/\/api.w.org\/{rel}","templated":true}]}}