{"id":2773,"date":"2012-07-26T12:22:23","date_gmt":"2012-07-26T12:22:23","guid":{"rendered":"http:\/\/www.labeljoy.com\/assistance\/comment-faire\/how-to-create-your-own-business-cards\/"},"modified":"2022-12-14T14:26:28","modified_gmt":"2022-12-14T14:26:28","slug":"creez-cartes-de-visite","status":"publish","type":"page","link":"https:\/\/www.labeljoy.com\/fr\/assistance\/comment-faire\/creez-cartes-de-visite\/","title":{"rendered":"Cr\u00e9ez ses cartes de visite"},"content":{"rendered":"<h1>Comment cr\u00e9er vos propres cartes de visite<\/h1>\n<p>Si vous devez cr\u00e9er et imprimer vos propres cartes de visite, Labeljoy est l\u2019outil id\u00e9al. Vous n\u2019avez qu\u2019\u00e0 suivre nos conseils et, en peu de temps, vous pourrez imprimer toutes les cartes de visite que  vous voulez.<\/p>\n<p><a class=\"hover-item\" data-gal=\"prettyPhoto[carte-visite]\" href=\"http:\/\/www.labeljoy.com\/images\/how-to\/business-card\/fr\/image002.jpg\"><img decoding=\"async\" width=\"2100\" height=\"1200\" src=\"http:\/\/www.labeljoy.com\/images\/how-to\/business-card\/fr\/image002.jpg\" alt=\"Exemple de carte de visite\" style=\"max-width: 500px;\"><\/a><\/p>\n<p>&nbsp;<\/p>\n<h2>1 \u2013 Choisir la bonne dimension<\/h2>\n<p>D\u2019abord, on doit d\u00e9finir la dimension de nos cartes de visite. Une dimension de 9.6 X 6.2 cm (3 \u00be X 2 \u215c pouces) est le standard, mais le choix, en r\u00e9alit\u00e9, d\u00e9pend du type de papier sur lequel on imprime. Si vous avez choisi un papier d\u00e9j\u00e0 coup\u00e9 pour cartes de visite, vous devrez choisir le format correct dans la librairie des formats de Labeljoy. Sinon, vous pouvez imprimer sur un papier standard pour cartes de visite et le couper apr\u00e8s l\u2019avoir imprim\u00e9.<\/p>\n<p>Dans les deux cas, vous devez, premi\u00e8rement, aller dans la fen\u00eatre des Formats:<\/p>\n<p><a class=\"hover-item\" data-gal=\"prettyPhoto[carte-visite]\" href=\"http:\/\/www.labeljoy.com\/images\/how-to\/business-card\/fr\/image004.jpg\"><img decoding=\"async\" width=\"700\" height=\"456\" src=\"http:\/\/www.labeljoy.com\/images\/how-to\/business-card\/fr\/image004.jpg\" alt=\"Choisissez la mise en page\" style=\"max-width: 500px;\"><\/a><\/p>\n<p>Si vous travaillez avec des papiers d\u00e9j\u00e0 coup\u00e9s, ins\u00e9rez son nom (ou une partie) dans le champ de texte et cliquez <em>Rechercher<\/em>. Une liste apparaitra avec tous les formats de papiers qui correspondent au texte ins\u00e9r\u00e9. S\u00e9lectionnez le bon format et cliquez <em>OK<\/em>.<\/p>\n<p>Si vous travaillez avec du papier entier, non coup\u00e9 et vous voulez d\u00e9finir librement les dimensions, vous devez cliquer sur l\u2019onglet <em>Personnalis\u00e9<\/em>:<\/p>\n<p><a class=\"hover-item\" data-gal=\"prettyPhoto[carte-visite]\" href=\"http:\/\/www.labeljoy.com\/images\/how-to\/business-card\/fr\/image006.jpg\"><img decoding=\"async\" width=\"700\" height=\"456\" src=\"http:\/\/www.labeljoy.com\/images\/how-to\/business-card\/fr\/image006.jpg\" alt=\"D\u00e9finir pr\u00e9sentation personnalis\u00e9e\" style=\"max-width: 500px;\"><\/a><\/p>\n<p>Cette fen\u00eatre vous permet de d\u00e9finir la dimension du papier, les marges, l\u2019espace vertical et horizontal, le nombre de colonnes et lignes qui d\u00e9finissent la zone o\u00f9 les cartes de visites seront imprim\u00e9es. La partie droite montre un aper\u00e7u et a partie basse, o\u00f9 se trouve <em>dimension de l\u2019\u00e9tiquette, <\/em> montre la dimension finale. Ins\u00e9rez les param\u00e8tres ici.<\/p>\n<p>Vous devez faire attention au param\u00e8tre <em>limite de tol\u00e9rance<\/em>. Il d\u00e9finit le nombre de <em>bavures<\/em> autoris\u00e9es pour chaque position. Si vous pensez de mettre un arri\u00e8re-plan color\u00e9 ou de mettre des \u00e9l\u00e9ments proches d\u2019un bord, la tol\u00e9rance permet de corriger les erreurs en compensant les fluctuations subtiles du papiers pendant l\u2019impression.<\/p>\n<p>Enfin, si vous imprimez sur un papier non coup\u00e9, il peut \u00eatre utile d\u2019avoir les marques de d\u00e9coupage, pour couper avec plus de pr\u00e9cision. Ouvrez la fen\u00eatre des <em>Options<\/em> et cliquez sur l\u2019onglet <em>Imprimer<\/em>:<\/p>\n<p><a class=\"hover-item\" data-gal=\"prettyPhoto[carte-visite]\" href=\"http:\/\/www.labeljoy.com\/images\/how-to\/business-card\/fr\/image008.jpg\"><img decoding=\"async\" width=\"700\" height=\"456\" src=\"http:\/\/www.labeljoy.com\/images\/how-to\/business-card\/fr\/image008.jpg\" alt=\"Ensemble de la carte de visite de couleur\" style=\"max-width: 500px;\"><\/a><\/p>\n<p>D\u00e9finissez les marques de d\u00e9coupage que vous voulez et la couleur. Cliquez sur <em>OK<\/em> pour valider la configuration.<\/p>\n<p>Maintenant vous \u00eates pr\u00eats pour cr\u00e9er le design de votre carte de visite.<\/p>\n<p>&nbsp;<\/p>\n<h2>2 \u2013 Ajouter des \u00e9l\u00e9ments textuels<\/h2>\n<p>Maintenant que le format de votre page est d\u00e9fini, vous devez commencer \u00e0 ajouter des \u00e9l\u00e9ments \u00e0 votre carte de visite.<\/p>\n<p>Voil\u00e0 quelques conseils pour d\u00e9finir le bon style:<\/p>\n<ul>\n<li>Maintenez une distance des bords, environ 0.5 cm (\u00bc pouce).<\/li>\n<li>Evitez des textes plus petits de 6 points, ils doivent \u00eatre lisibles facilement.<\/li>\n<li>Le nom et\/ou le nom de la soci\u00e9t\u00e9 doivent \u00eatre au moins 12 points.<\/li>\n<li>Augmenter la dimension des caract\u00e8res si le texte est sur un arri\u00e8re-plan fonc\u00e9.<\/li>\n<li>Maintenez les choses simples.<\/li>\n<\/ul>\n<p>D\u2019abord, v\u00e9rifiez d\u2019effacer tous les \u00e9l\u00e9ments ajout\u00e9s automatiquement par Labeljoy, pour obtenir une surface vide:<\/p>\n<p><a class=\"hover-item\" data-gal=\"prettyPhoto[carte-visite]\" href=\"http:\/\/www.labeljoy.com\/images\/how-to\/business-card\/fr\/image010.jpg\"><img decoding=\"async\" width=\"744\" height=\"536\" src=\"http:\/\/www.labeljoy.com\/images\/how-to\/business-card\/fr\/image010.jpg\" alt=\"Ajout d'\u00e9l\u00e9ments de texte\" style=\"max-width: 500px;\"><\/a><\/p>\n<p>Maintenant commen\u00e7ons par ajouter le nom: cliquez sur l\u2019outil <em>Texte<\/em> dans la barre des outils \u00e0 gauche et dessinez un rectangle sur une des cartes de visite. Laissez le bouton gauche de la souris et un nouveau texte sera ins\u00e9r\u00e9 dans toutes les cartes de visites:<\/p>\n<p><a class=\"hover-item\" data-gal=\"prettyPhoto[carte-visite]\" href=\"http:\/\/www.labeljoy.com\/images\/how-to\/business-card\/fr\/image012.jpg\"><img decoding=\"async\" width=\"750\" height=\"536\" src=\"http:\/\/www.labeljoy.com\/images\/how-to\/business-card\/fr\/image012.jpg\" alt=\"Ajouter du texte \u00e0 la voiture d'affaires\" style=\"max-width: 500px;\"><\/a><\/p>\n<p>Maintenant nous devons ins\u00e9rer les bonnes informations et \u00e9diter l\u2019apparence du texte. Faites double clic sur le nouveau \u00e9l\u00e9ment de texte pour ouvrir la fen\u00eatre des propri\u00e9t\u00e9s.<\/p>\n<p><em>Note: selon les param\u00e8tres trouv\u00e9s dans la fen\u00eatre des <\/em><em>Options<\/em><em> \u2013 Onglet <\/em><em>Principal<\/em><em> \u2013 <\/em><em>Montrer \u00e9diteur apr\u00e8s avoir ajout\u00e9 article<\/em><em>, chaque fois que vous ajoutez un nouvel \u00e9l\u00e9ment, la fen\u00eatre de ses propri\u00e9t\u00e9s s\u2019ouvrira automatiquement. Si elle ne s\u2019ouvre pas, vous n\u2019avez qu\u2019\u00e0 faire un double clic sur les nouveaux \u00e9l\u00e9ments ajout\u00e9s pour modifier leur apparence.<\/em><\/p>\n<p>S\u00e9lectionnez l\u2019onglet <em>Texte<\/em> et remplacez le texte existant avec votre nom.<\/p>\n<p><a class=\"hover-item\" data-gal=\"prettyPhoto[carte-visite]\" href=\"http:\/\/www.labeljoy.com\/images\/how-to\/business-card\/fr\/image014.jpg\"><img decoding=\"async\" width=\"700\" height=\"456\" src=\"http:\/\/www.labeljoy.com\/images\/how-to\/business-card\/fr\/image014.jpg\" alt=\"Ecrire textd\" style=\"max-width: 500px;\"><\/a><\/p>\n<p>S\u00e9lectionnez l\u2019onglet <em>Police de caract\u00e8res<\/em> et d\u00e9finissez les propri\u00e9t\u00e9s de la police, comme le nom, la dimension, gras et l\u2019alignement.<\/p>\n<p><a class=\"hover-item\" data-gal=\"prettyPhoto[carte-visite]\" href=\"http:\/\/www.labeljoy.com\/images\/how-to\/business-card\/fr\/image016.jpg\"><img decoding=\"async\" width=\"700\" height=\"456\" src=\"http:\/\/www.labeljoy.com\/images\/how-to\/business-card\/fr\/image016.jpg\" alt=\"Cadre de texte pour personnaliser carte de visite\" style=\"max-width: 500px;\"><\/a><\/p>\n<p>S\u00e9lectionnez la <em>couleur de remplissage <\/em>et d\u00e9finissez la couleur du texte:<\/p>\n<p><a class=\"hover-item\" data-gal=\"prettyPhoto[carte-visite]\" href=\"http:\/\/www.labeljoy.com\/images\/how-to\/business-card\/fr\/image018.jpg\"><img decoding=\"async\" width=\"712\" height=\"456\" src=\"http:\/\/www.labeljoy.com\/images\/how-to\/business-card\/fr\/image018.jpg\" alt=\"La couleur des \u00e9l\u00e9ments de texte \" style=\"max-width: 500px;\"><\/a><\/p>\n<p>Enfin, cliquez sur <em>OK<\/em> pour appliquer la nouvelle configuration:<\/p>\n<p><a class=\"hover-item\" data-gal=\"prettyPhoto[carte-visite]\" href=\"http:\/\/www.labeljoy.com\/images\/how-to\/business-card\/fr\/image020.jpg\"><img decoding=\"async\" width=\"749\" height=\"536\" src=\"http:\/\/www.labeljoy.com\/images\/how-to\/business-card\/fr\/image020.jpg\" alt=\"Ajout d'\u00e9l\u00e9ments de texte\" style=\"max-width: 500px;\"><\/a><\/p>\n<p>Maintenant cr\u00e9ons une copie du texte qu\u2019on vient d\u2019ajouter en le s\u00e9lectionnant et en utilisant les boutons copier\/coller dans la barre des outils sur la droite (3<sup>\u00e8me<\/sup> groupe en bas):<\/p>\n<p><a class=\"hover-item\" data-gal=\"prettyPhoto[carte-visite]\" href=\"http:\/\/www.labeljoy.com\/images\/how-to\/business-card\/fr\/image022.jpg\"><img decoding=\"async\" width=\"771\" height=\"535\" src=\"http:\/\/www.labeljoy.com\/images\/how-to\/business-card\/fr\/image022.jpg\" alt=\"Dupliquer les \u00e9l\u00e9ments de texte\" style=\"max-width: 500px;\"><\/a><\/p>\n<p>En utilisant une copie du premier texte nous pouvons ajouter les informations concernant l\u2019adresse en maintenant le format pr\u00e9c\u00e9dent. Faites double clic sur copier et ins\u00e9rez votre adresse.<\/p>\n<p>Ensuite, allez sur l\u2019onglet <em>Police de caract\u00e8res<\/em>, s\u00e9lectionnez une dimension plus petite et effacez l\u2019attribut <em>Gras<\/em>:<\/p>\n<p><a class=\"hover-item\" data-gal=\"prettyPhoto[carte-visite]\" href=\"http:\/\/www.labeljoy.com\/images\/how-to\/business-card\/fr\/image024.jpg\"><img decoding=\"async\" width=\"751\" height=\"538\" src=\"http:\/\/www.labeljoy.com\/images\/how-to\/business-card\/fr\/image024.jpg\" alt=\"Adresse sur votre carte de visite\" style=\"max-width: 500px;\"><\/a><\/p>\n<p>D\u00e9placez les deux \u00e9l\u00e9ments textuels dans la position d\u00e9sir\u00e9e et utilisez les commandes d\u2019alignement et dimensionnement dans la partie basse de la barre des outils pour s\u2019assurer du bon emplacement.<\/p>\n<p>Avec la m\u00eame technique du copier\/coller, ajoutons d\u2019autres informations:<\/p>\n<p><a href=\"http:\/\/www.labeljoy.com\/images\/how-to\/business-card\/fr\/image026.jpg\"><img decoding=\"async\" width=\"749\" height=\"535\" src=\"http:\/\/www.labeljoy.com\/images\/how-to\/business-card\/fr\/image026.jpg\" alt=\"Datas sur la carte\" style=\"max-width: 500px;\"><\/a><\/p>\n<p>&nbsp;<\/p>\n<h2>3 \u2013 Ajouter un logo<\/h2>\n<p>Cliquez sur <em>Ins\u00e9rer graphique<\/em> dans la barre des outils et dessinez un rectangle dans la partie en haut \u00e0 gauche. L\u2019image par d\u00e9faut est ajout\u00e9e:<\/p>\n<p><a class=\"hover-item\" data-gal=\"prettyPhoto[carte-visite]\" href=\"http:\/\/www.labeljoy.com\/images\/how-to\/business-card\/fr\/image028.jpg\"><img decoding=\"async\" width=\"750\" height=\"537\" src=\"http:\/\/www.labeljoy.com\/images\/how-to\/business-card\/fr\/image028.jpg\" alt=\"L'ajout d'un logo\" style=\"max-width: 500px;\"><\/a><\/p>\n<p>Cliquez sur le bouton <em>Fichier<\/em> dans l\u2019onglet <em>Image<\/em> et naviguez dans les fichiers de votre ordinateur pour localiser votre logo:<\/p>\n<p><a class=\"hover-item\" data-gal=\"prettyPhoto[carte-visite]\" href=\"http:\/\/www.labeljoy.com\/images\/how-to\/business-card\/fr\/image030.jpg\"><img decoding=\"async\" width=\"700\" height=\"456\" src=\"http:\/\/www.labeljoy.com\/images\/how-to\/business-card\/fr\/image030.jpg\" alt=\"Choisissez logo de PC\" style=\"max-width: 500px;\"><\/a><\/p>\n<p>D\u00e9placez et redimensionnez le logo pour l\u2019adapter \u00e0 la carte de visite:<\/p>\n<p><a class=\"hover-item\" data-gal=\"prettyPhoto[carte-visite]\" href=\"http:\/\/www.labeljoy.com\/images\/how-to\/business-card\/fr\/image032.jpg\"><img decoding=\"async\" width=\"752\" height=\"542\" src=\"http:\/\/www.labeljoy.com\/images\/how-to\/business-card\/fr\/image032.jpg\" alt=\"Carte de visite avec le logo\" style=\"max-width: 500px;\"><\/a><\/p>\n<p>&nbsp;<\/p>\n<h2>4 \u2013 Am\u00e9liorations graphiques<\/h2>\n<p>Maintenant toutes les informations sont sur la carte de visite. Jusqu\u2019\u00e0 maintenant nous avons essay\u00e9 de faire les choses simples et efficaces. C\u2019est le moment de rendre le tout plus attrayant.<\/p>\n<p>D\u2019abord, nous ajoutons une ligne de s\u00e9paration entre la partie haute avec le nom et le logo et la partie basse avec les informations de contact. Nous ajoutons un nouvel \u00e9l\u00e9ment <em>graphique<\/em>, effa\u00e7ons l\u2019image par d\u00e9faut et modifions les param\u00e8tres dans l\u2019onglet <em>Ligne<\/em>. La couleur de la ligne est d\u00e9finie dans l\u2019onglet <em>Couleur premier plan<\/em>:<\/p>\n<p><a class=\"hover-item\" data-gal=\"prettyPhoto[carte-visite]\" href=\"http:\/\/www.labeljoy.com\/images\/how-to\/business-card\/fr\/image034.jpg\"><img decoding=\"async\" width=\"700\" height=\"456\" src=\"http:\/\/www.labeljoy.com\/images\/how-to\/business-card\/fr\/image034.jpg\" alt=\"Ensemble de carte de ligne \" style=\"max-width: 500px;\"><\/a><\/p>\n<p>Dans ce cas la couleur d\u00e9finie est la couleur du \u00abJ\u00bb du logo. Cliquez sur OK pour appliquer les param\u00e8tres et d\u00e9placez la ligne de s\u00e9paration entre les deux parties:<\/p>\n<p><a class=\"hover-item\" data-gal=\"prettyPhoto[carte-visite]\" href=\"http:\/\/www.labeljoy.com\/images\/how-to\/business-card\/fr\/image036.jpg\"><img decoding=\"async\" width=\"750\" height=\"536\" src=\"http:\/\/www.labeljoy.com\/images\/how-to\/business-card\/fr\/image036.jpg\" alt=\"am\u00e9liorations graphiques \" style=\"max-width: 500px;\"><\/a><\/p>\n<p>Enfin, d\u00e9finissons la couleur de l\u2019arri\u00e8re-plan global de toute la carte avec un effet d\u2019estampage discret.<\/p>\n<p>Faites un double clic sur le coin en haut \u00e0 gauche de la carte de visite (ou une partie vide) pour ouvrir la fen\u00eatre des propri\u00e9t\u00e9s <em>Groupe<\/em>. S\u00e9lectionnez l\u2019onglet <em>Couleur arri\u00e8re-plan<\/em> et activez la case <em>Activer couleur arri\u00e8re-plan<\/em>. Maintenant cliquez sur le bouton <em>estampage<\/em> pour voir les contr\u00f4les qui d\u00e9finissent la couleur d\u2019estampage:<\/p>\n<p><a class=\"hover-item\" data-gal=\"prettyPhoto[carte-visite]\" href=\"http:\/\/www.labeljoy.com\/images\/how-to\/business-card\/fr\/image038.jpg\"><img decoding=\"async\" width=\"700\" height=\"456\" src=\"http:\/\/www.labeljoy.com\/images\/how-to\/business-card\/fr\/image038.jpg\" alt=\"Couleur de carte de visite backgorund \" style=\"max-width: 500px;\"><\/a><\/p>\n<p>Nous allons d\u00e9finir une lumi\u00e8re de fond qui va d\u2019un blanc (\u00e0 gauche) \u00e0 une l\u00e9g\u00e8re ombre marron avec un angle de 45\u00b0. Ceci ajoutera un effet subtil de lumi\u00e8re qui part du c\u00f4t\u00e9 gauche sup\u00e9rieur:<\/p>\n<p><a class=\"hover-item\" data-gal=\"prettyPhoto[carte-visite]\" href=\"http:\/\/www.labeljoy.com\/images\/how-to\/business-card\/fr\/image040.jpg\"><img decoding=\"async\" width=\"749\" height=\"535\" src=\"http:\/\/www.labeljoy.com\/images\/how-to\/business-card\/fr\/image040.jpg\" alt=\"am\u00e9liorations graphiques\" style=\"max-width: 500px;\"><\/a><\/p>\n<p style=\"text-align: center\"><a href=\"http:\/\/www.labeljoy.com\/images\/how-to\/business-card\/fr\/businesscard1.lpa\" class=\"large green tt-button\" target=\"_self\"> T\u00e9l\u00e9chargez ce fichier Labeljoy <\/a>\n<p>&nbsp;<\/p>\n<h2>5 \u2013 Code QR<\/h2>\n<p>En ajoutant un code 2D dans votre carte de visite, vos clients pourront num\u00e9riser vos informations de contact avec un lecteur de codes-barres 2D ou un Smartphone. Pour ceci, nous devons ajouter un \u00e9l\u00e9ment code-barres qui code les informations voulues.<\/p>\n<p>Premi\u00e8rement, d\u00e9pla\u00e7ons quelques \u00e9l\u00e9ments pour faire de la place au symbole Code QR:<\/p>\n<p><a class=\"hover-item\" data-gal=\"prettyPhoto[carte-visite]\" href=\"http:\/\/www.labeljoy.com\/images\/how-to\/business-card\/fr\/image042.jpg\"><img decoding=\"async\" width=\"753\" height=\"540\" src=\"http:\/\/www.labeljoy.com\/images\/how-to\/business-card\/fr\/image042.jpg\" alt=\"Espace QR Code \" style=\"max-width: 500px;\"><\/a><\/p>\n<p>Ensuite, en utilisant le bouton <em> Code-barres<\/em>, ajoutez l\u2019\u00e9l\u00e9ment code-barres dans la partie en haut \u00e0 gauche:<\/p>\n<p><a class=\"hover-item\" data-gal=\"prettyPhoto[carte-visite]\" href=\"http:\/\/www.labeljoy.com\/images\/how-to\/business-card\/fr\/image044.jpg\"><img decoding=\"async\" width=\"756\" height=\"539\" src=\"http:\/\/www.labeljoy.com\/images\/how-to\/business-card\/fr\/image044.jpg\" alt=\"Ajouter QR Code pour votre carte de visite\" style=\"max-width: 500px;\"><\/a><\/p>\n<p>Faites double clic sur le code-barres pour d\u00e9finir ses propri\u00e9t\u00e9s:<\/p>\n<p><a class=\"hover-item\" data-gal=\"prettyPhoto[carte-visite]\" href=\"http:\/\/www.labeljoy.com\/images\/how-to\/business-card\/fr\/image046.jpg\"><img decoding=\"async\" width=\"700\" height=\"456\" src=\"http:\/\/www.labeljoy.com\/images\/how-to\/business-card\/fr\/image046.jpg\" alt=\"Donn\u00e9es QR Code \" style=\"max-width: 500px;\"><\/a><\/p>\n<p>Comme vous le voyez, d\u2019abord nous devons choisir le <em>Code QR<\/em> de la liste des symbologies. Puis, nous devons ajouter un texte avec les informations de contact, selon le format du standard <em>VCARD<\/em>. Vous trouverez plus d\u2019informations sur <a title=\"VCard\" href=\"http:\/\/fr.wikipedia.org\/wiki\/VCard\">wikipedia<\/a>.<\/p>\n<p>Vu que le texte contient plusieurs lettres minuscules, nous appliquons le codage <em>Octets (string)<\/em> qui produit des symboles plus petits.<\/p>\n<p>Enfin, avec l\u2019arri\u00e8re-plan de couleur blanche, nous pouvons d\u00e9sactiver l\u2019arri\u00e8re-plan blanc par d\u00e9faut, afin de mieux int\u00e9grer le code-barres avec l\u2019arri\u00e8re-plan estamp\u00e9 en le maintenant lisible. Retournez \u00e0 l\u2019onglet <em>Couleur arri\u00e8re-plan<\/em> et d\u00e9s\u00e9lectionnez la case <em>Activer couleur arri\u00e8re-plan<\/em>.<\/p>\n<p>Cliquez sur <em>OK<\/em> pour appliquer les modifications.<\/p>\n<p>D\u00e9placez et redimensionnez le symbole code-barres pour l\u2019adapter au design existant. Faites attention que le symbole, pour \u00eatre lisible, ne doit pas \u00eatre trop petit.<\/p>\n<p><a class=\"hover-item\" data-gal=\"prettyPhoto[carte-visite]\" href=\"http:\/\/www.labeljoy.com\/images\/how-to\/business-card\/fr\/image048.jpg\"><img decoding=\"async\" width=\"751\" height=\"536\" src=\"http:\/\/www.labeljoy.com\/images\/how-to\/business-card\/fr\/image048.jpg\" alt=\"Carte de visite avec QR Code\" style=\"max-width: 500px;\"><\/a><\/p>\n<p style=\"text-align: center\"><a href=\"http:\/\/www.labeljoy.com\/images\/how-to\/business-card\/fr\/businesscard2.lpa\" class=\"large green tt-button\" target=\"_self\"> T\u00e9l\u00e9chargez ce fichier Labeljoy <\/a>\n","protected":false},"excerpt":{"rendered":"<p>Comment cr\u00e9er vos propres cartes de visite Si vous devez cr\u00e9er et imprimer vos propres cartes de visite, Labeljoy est l\u2019outil id\u00e9al. Vous n\u2019avez qu\u2019\u00e0 suivre nos conseils et, en peu de temps, vous pourrez imprimer toutes les cartes de visite que vous voulez. &nbsp; 1 \u2013 Choisir la bonne dimension D\u2019abord, on doit d\u00e9finir &#8230; <a title=\"Cr\u00e9ez ses cartes de visite\" class=\"read-more\" href=\"https:\/\/www.labeljoy.com\/fr\/assistance\/comment-faire\/creez-cartes-de-visite\/\" aria-label=\"En savoir plus sur Cr\u00e9ez ses cartes de visite\">Read more<\/a><\/p>\n","protected":false},"author":1,"featured_media":0,"parent":2767,"menu_order":0,"comment_status":"open","ping_status":"closed","template":"","meta":{"inline_featured_image":false,"_monsterinsights_skip_tracking":false,"_monsterinsights_sitenote_active":false,"_monsterinsights_sitenote_note":"","_monsterinsights_sitenote_category":0,"footnotes":""},"class_list":{"0":"post-2773","1":"page","2":"type-page","3":"status-publish","5":"infinite-scroll-item"},"aioseo_notices":[],"_links":{"self":[{"href":"https:\/\/www.labeljoy.com\/fr\/wp-json\/wp\/v2\/pages\/2773","targetHints":{"allow":["GET"]}}],"collection":[{"href":"https:\/\/www.labeljoy.com\/fr\/wp-json\/wp\/v2\/pages"}],"about":[{"href":"https:\/\/www.labeljoy.com\/fr\/wp-json\/wp\/v2\/types\/page"}],"author":[{"embeddable":true,"href":"https:\/\/www.labeljoy.com\/fr\/wp-json\/wp\/v2\/users\/1"}],"replies":[{"embeddable":true,"href":"https:\/\/www.labeljoy.com\/fr\/wp-json\/wp\/v2\/comments?post=2773"}],"version-history":[{"count":13,"href":"https:\/\/www.labeljoy.com\/fr\/wp-json\/wp\/v2\/pages\/2773\/revisions"}],"predecessor-version":[{"id":39503,"href":"https:\/\/www.labeljoy.com\/fr\/wp-json\/wp\/v2\/pages\/2773\/revisions\/39503"}],"up":[{"embeddable":true,"href":"https:\/\/www.labeljoy.com\/fr\/wp-json\/wp\/v2\/pages\/2767"}],"wp:attachment":[{"href":"https:\/\/www.labeljoy.com\/fr\/wp-json\/wp\/v2\/media?parent=2773"}],"curies":[{"name":"wp","href":"https:\/\/api.w.org\/{rel}","templated":true}]}}