{"id":2784,"date":"2012-07-04T08:25:05","date_gmt":"2012-07-04T08:25:05","guid":{"rendered":"http:\/\/www.labeljoy.com\/assistance\/about-barcode\/"},"modified":"2024-08-20T13:00:37","modified_gmt":"2024-08-20T13:00:37","slug":"guide-codes-barres","status":"publish","type":"page","link":"https:\/\/www.labeljoy.com\/fr\/assistance\/guide-codes-barres\/","title":{"rendered":"Guide du Code \u00e0 Barres"},"content":{"rendered":"<h1>Types de codes \u00e0 barres<\/h1>\n<p>Un <strong>symbole de code \u00e0 barres<\/strong> est un ensemble d&rsquo;\u00e9l\u00e9ments graphiques pr\u00e9sentant un contraste \u00e9lev\u00e9 con\u00e7u pour \u00eatre lisible par un lecteur \u00e0 balayage, pour \u00eatre d\u00e9cod\u00e9 et pour retourner les informations qui y sont contenues.<\/p>\n<h2>Types de codes \u00e0 barres: Choisir le bon code \u00e0 barres<\/h2>\n<p>Labeljoy est un logiciel de code barres qui vous permet de <strong><a href=\"https:\/\/www.labeljoy.com\/generateur-code-barre-gratuit\/\" title=\"G\u00e9n\u00e9rateur de codes-barres en ligne gratuit\">g\u00e9n\u00e9rer des codes \u00e0 barres<\/a> avec 26 symboles diff\u00e9rents<\/strong>, tels que <strong>Code 39<\/strong>, <strong>Code 128<\/strong>, <strong>EAN13<\/strong>, <strong>UPC-A<\/strong>.<\/p>\n<p>Avec Labeljoy, vous pouvez imprimer des codes barres ou les exporter aux formats pdf ou jpg, le tout gratuitement. La capacit\u00e9 \u00e0 <strong>cr\u00e9er des codes barres<\/strong> et \u00e0 imprimer des codes barres font de Labeljoy le choix parfait pour une multitude d&rsquo;applications en entreprise, telles que l&rsquo;\u00e9tiquetage des prix, l&rsquo;\u00e9tiquetage des produits ou l&rsquo;\u00e9tiquetage du courrier. <a href=\"http:\/\/www.labeljoy.com\/fr\/download-fr\/\" title=\"T\u00e9l\u00e9charger Labeljoy\">T\u00e9l\u00e9charger Labeljoy<\/a> et essayez-le gratuitement.<\/p>\n<p><em>Labeljoy peut g\u00e9n\u00e9rer des codes barres des types suivants<\/em>:<\/p>\n<table width=\"100%\" border=\"0\" cellspacing=\"0\" cellpadding=\"8\" class=\"bgtable\">\n<tbody>\n<tr>\n<td><a href=\"http:\/\/www.labeljoy.com\/fr\/assistance\/guide-codes-barres\/code-32-fr\/\" title=\"Code 32 symbol\"><img decoding=\"async\" width=\"277\" height=\"145\" class=\"imgbarcode\" src=\"https:\/\/www.labeljoy.com\/user-guide-lj6-files\/en\/bcd_code32_1.png\" alt=\"code 32 barcode\"><\/a><br \/>\n<a href=\"http:\/\/www.labeljoy.com\/fr\/assistance\/guide-codes-barres\/code-32-fr\/\" title=\"Code 32 barcode generator\">CODE 32<\/a><\/td>\n<td><a href=\"http:\/\/www.labeljoy.com\/fr\/assistance\/guide-codes-barres\/code-39-fr\/\" title=\"Code 39 symbol\"><img decoding=\"async\" width=\"210\" height=\"119\" class=\"imgbarcode\" src=\"http:\/\/www.labeljoy.com\/images\/barcode-types\/code-39.jpg\" alt=\"code 39 barcode\"><\/a><br \/>\n<a href=\"http:\/\/www.labeljoy.com\/fr\/assistance\/guide-codes-barres\/code-39-fr\/\" title=\"Code 39 barcode generator\">CODE 39<\/a><\/td>\n<td><a href=\"http:\/\/www.labeljoy.com\/fr\/assistance\/guide-codes-barres\/code-93-fr\/\" title=\"Code 93 symbol\"><img decoding=\"async\" width=\"210\" height=\"119\" class=\"imgbarcode\" src=\"http:\/\/www.labeljoy.com\/images\/barcode-types\/code-93.jpg\" alt=\"code 93 barcode generator\"><\/a><br \/>\n<a href=\"http:\/\/www.labeljoy.com\/fr\/assistance\/guide-codes-barres\/code-93-fr\/\" title=\"Code 93 barcode generator\">CODE 93<\/a><\/td>\n<\/tr>\n<tr>\n<td><a href=\"http:\/\/www.labeljoy.com\/fr\/assistance\/guide-codes-barres\/code-128-fr\/\" title=\"code 128 symbol\"><img decoding=\"async\" width=\"210\" height=\"119\" class=\"imgbarcode\" src=\"http:\/\/www.labeljoy.com\/images\/barcode-types\/code-128.jpg\" alt=\"code 128 barcode generator\"><\/a><br \/>\n<a href=\"http:\/\/www.labeljoy.com\/fr\/assistance\/guide-codes-barres\/code-128-fr\/\" title=\"code 128 barcode generator\">CODE 128<\/a><\/td>\n<td><a href=\"http:\/\/www.labeljoy.com\/fr\/assistance\/guide-codes-barres\/ean-13-fr\/\" title=\"EAN 13 symbol\"><img decoding=\"async\" width=\"210\" height=\"119\" class=\"imgbarcode\" src=\"http:\/\/www.labeljoy.com\/images\/barcode-types\/ean-13.jpg\" alt=\"ean 13 barcode generator\"><\/a><br \/>\n<a href=\"http:\/\/www.labeljoy.com\/fr\/assistance\/guide-codes-barres\/ean-13-fr\/\" title=\"EAN 13 barcode generator\">EAN 13<\/a><\/td>\n<td><a href=\"http:\/\/www.labeljoy.com\/fr\/assistance\/guide-codes-barres\/ean-128-fr\/\" title=\"EAN 128 symbol\"><img decoding=\"async\" width=\"210\" height=\"119\" class=\"imgbarcode\" src=\"http:\/\/www.labeljoy.com\/images\/barcode-types\/ean-128.jpg\" alt=\"ean 128 barcode generator\"><\/a><br \/>\n<a href=\"http:\/\/www.labeljoy.com\/fr\/assistance\/guide-codes-barres\/ean-128-fr\/\" title=\"EAN 128 barcode generator\">EAN 128<\/a><\/td>\n<\/tr>\n<tr>\n<td><a href=\"http:\/\/www.labeljoy.com\/fr\/assistance\/guide-codes-barres\/ean-8-fr\/\" title=\"EAN 8 symbol\"><img decoding=\"async\" width=\"210\" height=\"119\" class=\"imgbarcode\" src=\"http:\/\/www.labeljoy.com\/images\/barcode-types\/ean-8.jpg\" alt=\"ean 8 barcode\"><\/a><br \/>\n<a href=\"http:\/\/www.labeljoy.com\/fr\/assistance\/guide-codes-barres\/ean-8-fr\/\" title=\"EAN 8 barcode generator\">EAN 8<\/a><\/td>\n<td><a href=\"http:\/\/www.labeljoy.com\/fr\/assistance\/guide-codes-barres\/gs1-128-fr\/\" title=\"GS1 128 symbol\"><img decoding=\"async\" width=\"210\" height=\"119\" class=\"imgbarcode\" src=\"http:\/\/www.labeljoy.com\/images\/barcode-types\/gs1-128.jpg\" alt=\"gs1 128 barcode\"><\/a><br \/>\n<a href=\"http:\/\/www.labeljoy.com\/fr\/assistance\/guide-codes-barres\/gs1-128-fr\/\" title=\"GS1 128 barcode generator\">GS1 128<\/a><\/td>\n<td><a href=\"https:\/\/www.labeljoy.com\/fr\/assistance\/comment-faire\/generer-des-codes-barres-sscc-18\/\" title=\"SSCC-18 symbol\"><img decoding=\"async\" width=\"210\" height=\"119\" class=\"imgbarcode\" src=\"https:\/\/www.labeljoy.com\/images\/barcode-types\/SSCC-18.jpg\" alt=\"SSCC-18 barcode\"><\/a><br \/>\n<a href=\"https:\/\/www.labeljoy.com\/fr\/assistance\/comment-faire\/generer-des-codes-barres-sscc-18\/\" title=\"SSCC-18 barcode generator\">SSCC-18<\/a><\/td>\n<\/tr>\n<tr>\n<td><a href=\"http:\/\/www.labeljoy.com\/fr\/assistance\/guide-codes-barres\/itf-14-fr\/\" title=\"ITF 14 symbol\"><img decoding=\"async\" width=\"210\" height=\"119\" class=\"imgbarcode\" src=\"http:\/\/www.labeljoy.com\/images\/barcode-types\/itf-14.jpg\" alt=\"itf 14 barcode\"><\/a><br \/>\n<a href=\"http:\/\/www.labeljoy.com\/fr\/assistance\/guide-codes-barres\/itf-14-fr\/\" title=\"ITF 14 barcode generator\">ITF 14<\/a><\/td>\n<td><a href=\"http:\/\/www.labeljoy.com\/fr\/assistance\/guide-codes-barres\/upc-code-fr\/\" title=\"UPC code symbol\"><img decoding=\"async\" width=\"210\" height=\"119\" class=\"imgbarcode\" src=\"http:\/\/www.labeljoy.com\/images\/barcode-types\/upc-a.jpg\" alt=\"upc a barcode\"><\/a><br \/>\n<a href=\"http:\/\/www.labeljoy.com\/fr\/assistance\/guide-codes-barres\/upc-code-fr\/\" title=\"UPC code barcode generator\">UPC-A<\/a><\/td>\n<td><a href=\"http:\/\/www.labeljoy.com\/fr\/assistance\/guide-codes-barres\/code-11-fr\/\" title=\"Code 11 symbol\"><img decoding=\"async\" width=\"210\" height=\"119\" class=\"imgbarcode\" src=\"http:\/\/www.labeljoy.com\/images\/barcode-types\/code-11.jpg\" alt=\"code 11 barcode\"><\/a><br \/>\n<a href=\"http:\/\/www.labeljoy.com\/fr\/assistance\/guide-codes-barres\/code-11-fr\/\" title=\"Code 11 barcode generator\">CODE 11<\/a><\/td>\n<\/tr>\n<tr>\n<td><a href=\"http:\/\/www.labeljoy.com\/fr\/assistance\/guide-codes-barres\/interleaved-2-of-5-fr\/\" title=\"Interleaved 2 of 5 symbol\"><img decoding=\"async\" width=\"210\" height=\"119\" class=\"imgbarcode\" src=\"http:\/\/www.labeljoy.com\/images\/barcode-types\/interleaved.jpg\" alt=\"interleaved barcode\"><\/a><br \/>\n<a href=\"http:\/\/www.labeljoy.com\/fr\/assistance\/guide-codes-barres\/interleaved-2-of-5-fr\/\" title=\"Interleaved barcode generator\">INTERLEAVED 2 of 5<\/a><\/td>\n<td><a href=\"http:\/\/www.labeljoy.com\/fr\/assistance\/guide-codes-barres\/industrial-2-of-5-fr\/\" title=\"Industrial 2 of 5 symbol\"><img decoding=\"async\" width=\"210\" height=\"119\" class=\"imgbarcode\" src=\"http:\/\/www.labeljoy.com\/images\/barcode-types\/industrial.jpg\" alt=\"industrial barcode\"><\/a><br \/>\n<a href=\"http:\/\/www.labeljoy.com\/fr\/assistance\/guide-codes-barres\/industrial-2-of-5-fr\/\" title=\"Industrial barcode generator\">INDUSTRIAL 2 of 5<\/a><\/td>\n<td><a href=\"http:\/\/www.labeljoy.com\/fr\/assistance\/guide-codes-barres\/codabar-fr\/\" title=\"Codabar symbol\"><img decoding=\"async\" width=\"210\" height=\"119\" class=\"imgbarcode\" src=\"http:\/\/www.labeljoy.com\/images\/barcode-types\/codabar.jpg\" alt=\"codabar barcode\"><\/a><br \/>\n<a href=\"http:\/\/www.labeljoy.com\/fr\/assistance\/guide-codes-barres\/codabar-fr\/\" title=\"Codabar barcode generator\">CODABAR<\/a><\/td>\n<\/tr>\n<\/tbody>\n<\/table>\n<p>&nbsp;<\/p>\n<div class=\"hr hr-dotted\"><\/div>\n<h3 style=\"margin-bottom:10px\">Codes barres 2D<\/h3>\n<table width=\"100%\" border=\"0\" cellspacing=\"0\" cellpadding=\"8\" class=\"bgtable\">\n<tbody>\n<tr>\n<td width=\"33%\"><a href=\"http:\/\/www.labeljoy.com\/fr\/assistance\/guide-codes-barres\/datamatrix-fr\/\" title=\"Datamatrix symbol\"><img decoding=\"async\" width=\"102\" height=\"102\" class=\"imgbarcode\" src=\"http:\/\/www.labeljoy.com\/images\/barcode-types\/datamatrix.jpg\" alt=\"datamatrix barcode\"><\/a><br \/>\n<a href=\"http:\/\/www.labeljoy.com\/fr\/assistance\/guide-codes-barres\/datamatrix-fr\/\" title=\"Datamatrix barcode generator\">DATAMATRIX<\/a><\/td>\n<td width=\"33%\"><a href=\"http:\/\/www.labeljoy.com\/fr\/assistance\/guide-codes-barres\/postnet-fr\/\" title=\"Postnet barcode symbol\"><img decoding=\"async\" width=\"180\" height=\"102\" class=\"imgbarcode\" src=\"http:\/\/www.labeljoy.com\/images\/barcode-types\/postnet.jpg\" alt=\"postnet barcode barcode\"><\/a><br \/>\n<a href=\"http:\/\/www.labeljoy.com\/fr\/assistance\/guide-codes-barres\/postnet-fr\/\" title=\"Postnet barcode\">POSTNET<\/a><\/td>\n<td width=\"33%\"><a href=\"http:\/\/www.labeljoy.com\/fr\/assistance\/guide-codes-barres\/planet-code-fr\/\" title=\"planet code symbol\"><img decoding=\"async\" width=\"180\" height=\"102\" class=\"imgbarcode\" src=\"http:\/\/www.labeljoy.com\/images\/barcode-types\/planet.jpg\" alt=\"planet code barcode\"><\/a><br \/>\n<a href=\"http:\/\/www.labeljoy.com\/fr\/assistance\/guide-codes-barres\/planet-code-fr\/\" title=\"Planet code barcode generator\">PLANET<\/a><\/td>\n<\/tr>\n<tr>\n<td width=\"33%\"><a href=\"http:\/\/www.labeljoy.com\/fr\/qr-code-fr\/\" title=\"QR Code symbol\"><img decoding=\"async\" width=\"102\" height=\"102\" class=\"imgbarcode\" src=\"http:\/\/www.labeljoy.com\/images\/barcode-types\/qr-code.jpg\" alt=\"qr code barcode\"><\/a><br \/>\n<a href=\"http:\/\/www.labeljoy.com\/fr\/qr-code-fr\/\" title=\"QR Code barcode\">QR CODE<\/a><\/td>\n<td width=\"33%\"<a title=\"Code-barres GS1 Data Matrix\" href=\"https:\/\/www.labeljoy.com\/fr\/assistance\/guide-codes-barres\/gs1-data-matrix\/\"><img decoding=\"async\" alt=\"Code-barres GS1 Data Matrix\" src=\"https:\/\/www.labeljoy.com\/wp-content\/uploads\/2023\/10\/codice_a_barre_gs1_data_matrix.png\" width=\"102px\" height=\"100px\"><\/a><br \/>\n<a title=\"Code-barres GS1 Data Matrix\" href=\"https:\/\/www.labeljoy.com\/fr\/assistance\/guide-codes-barres\/gs1-data-matrix\/\">GS1 DATA MATRIX<\/a><\/td>\n<td width=\"33%\"><a title=\"Code Aztec\" href=\"https:\/\/www.labeljoy.com\/fr\/assistance\/guide-codes-barres\/aztec\/\"><img decoding=\"async\" alt=\"Code Aztec\" src=\"https:\/\/www.labeljoy.com\/wp-content\/uploads\/2023\/10\/barcode-aztec.jpg\" width=\"120px\" height=\"108px\"><\/a><br \/>\n<a title=\"Code Aztec\" href=\"https:\/\/www.labeljoy.com\/fr\/assistance\/guide-codes-barres\/aztec\/\">AZTEC<\/a><\/td>\n<\/tr>\n<\/tbody>\n<\/table>\n<p>&nbsp;<\/p>\n<p>Selon le type de code barre choisi, vous serez invit\u00e9 \u00e0 entrer les quelques param\u00e8tres requis par chaque type de code barre, comme indiqu\u00e9 dans les param\u00e8tres du code barre.<\/p>\n","protected":false},"excerpt":{"rendered":"<p>Types de codes \u00e0 barres Un symbole de code \u00e0 barres est un ensemble d&rsquo;\u00e9l\u00e9ments graphiques pr\u00e9sentant un contraste \u00e9lev\u00e9 con\u00e7u pour \u00eatre lisible par un lecteur \u00e0 balayage, pour \u00eatre d\u00e9cod\u00e9 et pour retourner les informations qui y sont contenues. Types de codes \u00e0 barres: Choisir le bon code \u00e0 barres Labeljoy est un &#8230; <a title=\"Guide du Code \u00e0 Barres\" class=\"read-more\" href=\"https:\/\/www.labeljoy.com\/fr\/assistance\/guide-codes-barres\/\" aria-label=\"En savoir plus sur Guide du Code \u00e0 Barres\">Read more<\/a><\/p>\n","protected":false},"author":1,"featured_media":0,"parent":2138,"menu_order":23,"comment_status":"closed","ping_status":"closed","template":"","meta":{"inline_featured_image":false,"_monsterinsights_skip_tracking":false,"_monsterinsights_sitenote_active":false,"_monsterinsights_sitenote_note":"","_monsterinsights_sitenote_category":0,"footnotes":""},"class_list":{"0":"post-2784","1":"page","2":"type-page","3":"status-publish","5":"infinite-scroll-item"},"aioseo_notices":[],"_links":{"self":[{"href":"https:\/\/www.labeljoy.com\/fr\/wp-json\/wp\/v2\/pages\/2784","targetHints":{"allow":["GET"]}}],"collection":[{"href":"https:\/\/www.labeljoy.com\/fr\/wp-json\/wp\/v2\/pages"}],"about":[{"href":"https:\/\/www.labeljoy.com\/fr\/wp-json\/wp\/v2\/types\/page"}],"author":[{"embeddable":true,"href":"https:\/\/www.labeljoy.com\/fr\/wp-json\/wp\/v2\/users\/1"}],"replies":[{"embeddable":true,"href":"https:\/\/www.labeljoy.com\/fr\/wp-json\/wp\/v2\/comments?post=2784"}],"version-history":[{"count":30,"href":"https:\/\/www.labeljoy.com\/fr\/wp-json\/wp\/v2\/pages\/2784\/revisions"}],"predecessor-version":[{"id":41359,"href":"https:\/\/www.labeljoy.com\/fr\/wp-json\/wp\/v2\/pages\/2784\/revisions\/41359"}],"up":[{"embeddable":true,"href":"https:\/\/www.labeljoy.com\/fr\/wp-json\/wp\/v2\/pages\/2138"}],"wp:attachment":[{"href":"https:\/\/www.labeljoy.com\/fr\/wp-json\/wp\/v2\/media?parent=2784"}],"curies":[{"name":"wp","href":"https:\/\/api.w.org\/{rel}","templated":true}]}}