{"id":2788,"date":"2012-07-03T09:03:16","date_gmt":"2012-07-03T09:03:16","guid":{"rendered":"http:\/\/www.labeljoy.com\/templates-2\/"},"modified":"2022-01-14T14:43:55","modified_gmt":"2022-01-14T14:43:55","slug":"modeles","status":"publish","type":"page","link":"https:\/\/www.labeljoy.com\/fr\/modeles\/","title":{"rendered":"Mod\u00e8les d&rsquo;\u00e9tiquettes"},"content":{"rendered":"<h1>T\u00e9l\u00e9charger les Mod\u00e8les d\u2019Etiquettes<\/h1>\n<h2>Cr\u00e9er des Etiquettes Personnalis\u00e9es avec Labeljoy<\/h2>\n<p><strong>Cr\u00e9er une \u00e9tiquette personnalis\u00e9e<\/strong> avec Labeljoy est vraiment facile. Vous pouvez <strong>cr\u00e9er une nouvelle \u00e9tiquette <\/strong>ou <strong>t\u00e9l\u00e9charger nos mod\u00e8les<\/strong> et les personnaliser!<\/p>\n<p>Les mod\u00e8les sont organis\u00e9s en cat\u00e9gories, comme montr\u00e9 dans la section sur la gauche.<\/p>\n<div class=\"tt-notification success \">\n<p style=\"font-size: 14px\">Vous pouvez changer la mise en page du mod\u00e8le sans changer aucun champ.<\/p>\n<\/div>\n<p><em>Mod\u00e8les d\u2019Etiquettes Personnalis\u00e9s<\/em> \u2013 ajoutez le nom de votre soci\u00e9t\u00e9, le logo, ou autres contenus personnalis\u00e9s dans nos mod\u00e8les d\u2019\u00e9tiquettes con\u00e7us pour les march\u00e9s de l\u2019industrie, des livraisons, pour les aires d\u2019int\u00e9r\u00eats, les vacances, les occasions sp\u00e9ciales afin de cr\u00e9er vos \u00e9tiquettes personnalis\u00e9es.<\/p>\n<p>Les Mod\u00e8les d\u2019Etiquettes Personnalis\u00e9s sont votre solution pour des produits promotionnels uniques.<\/p>\n<div class=\"one_half\">\n<div class=\"tt-notification tip \">\n<p style=\"font-size: 12px\">Editer et ajouter texte<\/p>\n<\/div>\n<div class=\"tt-notification tip \">\n<p style=\"font-size: 12px\">Ins\u00e9rer nouvelles images<\/p>\n<\/div>\n<div class=\"tt-notification tip \">\n<p style=\"font-size: 12px\">Ins\u00e9rer code-barres et code QR<\/p>\n<\/div>\n<\/div>\n<div class=\"one_half\">\n<div class=\"one_half\"><\/div>\n<div class=\"tt-notification tip \">\n<p style=\"font-size: 12px\">Ins\u00e9rer donn\u00e9es de base de donn\u00e9es externe<\/p>\n<\/div>\n<div class=\"tt-notification tip \">\n<p style=\"font-size: 12px\">Utiliser 1.500 cliparts pr\u00e9-charg\u00e9s<\/p>\n<\/div>\n<div class=\"tt-notification tip\">\n<p style=\"font-size: 12px\">Exporter vers les formats pdf et jpg<\/p>\n<\/div>\n<\/div>\n<p>Imprimez les \u00e9tiquettes avec votre imprimante laser, \u00e0 jet d\u2019encre ou \u00e0 rouleau.<\/p>\n<p style=\"text-align: center\"><div class=\"one_half\">\n<p style=\"text-align: center\"><a href=\"\/fr\/caracteristiques\/\" class=\"large grey tt-button\" target=\"_self\">D\u00e9couvrez les fonctionnalit\u00e9s de Labeljoy<\/a>\n<p style=\"text-align: center\"><\/div>\n<p style=\"text-align: center\"><div class=\"one_half\">\n<p style=\"text-align: center\"><a href=\"\/fr\/download-fr\/\" class=\"large green tt-button\" target=\"_self\">&nbsp;&nbsp;&nbsp;&nbsp;&nbsp;&nbsp; T\u00e9l\u00e9charger le Logiciel&nbsp;&nbsp;&nbsp;&nbsp;&nbsp;&nbsp; <\/a>\n<p style=\"text-align: center\"><\/div>\n","protected":false},"excerpt":{"rendered":"<p>T\u00e9l\u00e9charger les Mod\u00e8les d\u2019Etiquettes Cr\u00e9er des Etiquettes Personnalis\u00e9es avec Labeljoy Cr\u00e9er une \u00e9tiquette personnalis\u00e9e avec Labeljoy est vraiment facile. Vous pouvez cr\u00e9er une nouvelle \u00e9tiquette ou t\u00e9l\u00e9charger nos mod\u00e8les et les personnaliser! Les mod\u00e8les sont organis\u00e9s en cat\u00e9gories, comme montr\u00e9 dans la section sur la gauche. Vous pouvez changer la mise en page du mod\u00e8le &#8230; <a title=\"Mod\u00e8les d&rsquo;\u00e9tiquettes\" class=\"read-more\" href=\"https:\/\/www.labeljoy.com\/fr\/modeles\/\" aria-label=\"En savoir plus sur Mod\u00e8les d&rsquo;\u00e9tiquettes\">Read more<\/a><\/p>\n","protected":false},"author":1,"featured_media":0,"parent":0,"menu_order":43,"comment_status":"open","ping_status":"closed","template":"","meta":{"inline_featured_image":false,"_monsterinsights_skip_tracking":false,"_monsterinsights_sitenote_active":false,"_monsterinsights_sitenote_note":"","_monsterinsights_sitenote_category":0,"footnotes":""},"class_list":{"0":"post-2788","1":"page","2":"type-page","3":"status-publish","5":"infinite-scroll-item"},"aioseo_notices":[],"_links":{"self":[{"href":"https:\/\/www.labeljoy.com\/fr\/wp-json\/wp\/v2\/pages\/2788","targetHints":{"allow":["GET"]}}],"collection":[{"href":"https:\/\/www.labeljoy.com\/fr\/wp-json\/wp\/v2\/pages"}],"about":[{"href":"https:\/\/www.labeljoy.com\/fr\/wp-json\/wp\/v2\/types\/page"}],"author":[{"embeddable":true,"href":"https:\/\/www.labeljoy.com\/fr\/wp-json\/wp\/v2\/users\/1"}],"replies":[{"embeddable":true,"href":"https:\/\/www.labeljoy.com\/fr\/wp-json\/wp\/v2\/comments?post=2788"}],"version-history":[{"count":21,"href":"https:\/\/www.labeljoy.com\/fr\/wp-json\/wp\/v2\/pages\/2788\/revisions"}],"predecessor-version":[{"id":36426,"href":"https:\/\/www.labeljoy.com\/fr\/wp-json\/wp\/v2\/pages\/2788\/revisions\/36426"}],"wp:attachment":[{"href":"https:\/\/www.labeljoy.com\/fr\/wp-json\/wp\/v2\/media?parent=2788"}],"curies":[{"name":"wp","href":"https:\/\/api.w.org\/{rel}","templated":true}]}}