{"id":2811,"date":"2012-07-18T09:48:06","date_gmt":"2012-07-18T09:48:06","guid":{"rendered":"http:\/\/www.labeljoy.com\/modeles\/bottle-label\/"},"modified":"2020-12-28T12:18:17","modified_gmt":"2020-12-28T12:18:17","slug":"etiquettes-bouteille","status":"publish","type":"page","link":"https:\/\/www.labeljoy.com\/fr\/modeles\/etiquettes-bouteille\/","title":{"rendered":"Bouteilles"},"content":{"rendered":"<h1>Mod\u00e8les d\u2019\u00e9tiquettes pour bouteille\u00a0personnalis\u00e9s<\/h1>\n<h2>Personnalisez les \u00e9tiquettes de vos bouteilles!<\/h2>\n<p>Avec Labeljoy vous pouvez cr\u00e9er <strong>vos propres bouteilles <\/strong>d\u2019eau <strong>avec une \u00e9tiquette unique<\/strong>, des <a title=\"\u00e9tiquettes bouteilles vin\" href=\"http:\/\/www.labeljoy.com\/fr\/modeles\/etiquettes-vin\/\">\u00e9tiquettes pour les bouteilles de vin<\/a>\u00a0et des \u00e9tiquettes pour les bouteilles de bi\u00e8re personnalis\u00e9es.<\/p>\n<p>Etes-vous \u00e0 la recherche d\u2019<em>\u00e9tiquettes personnalis\u00e9es pour bouteille de niveau professionnels\u00a0?<\/em> Aucun probl\u00e8me, <em>\u00a0cr\u00e9ez vos propres \u00e9tiquettes pour vos bouteille<\/em> en quelque clic.<\/p>\n<h3>Vous pouvez cr\u00e9er des \u00e9tiquettes personnalis\u00e9es pour vos bouteilles pour toutes les occasions!<\/h3>\n<p>Cr\u00e9er un impact imm\u00e9diat \u00e0 votre prochain \u00e9v\u00e8nement. Vous pouvez cr\u00e9er des \u00e9tiquettes pour anniversaires, vacances, comm\u00e9morations. Labeljoy vous permet de <strong>cr\u00e9er des \u00e9tiquettes totalement personnalis\u00e9es pour vos bouteilles<\/strong>, <a title=\"ajoutant des caract\u00e8res\" href=\"http:\/\/www.labeljoy.com\/fr\/video-assistance\/presentation-logiciel\/\">ajoutant des textes, modifiant les polices de caract\u00e8res<\/a>\u00a0et les dimensions, ins\u00e9rant des images depuis votre PC, utilisant des effets de transparence et ajoutant des cadres. De plus, pour des raisons commerciales, vous pouvez aussi ajouter des codes-barres et li\u00e9s les champs de texte \u00e0 des <a title=\"bases de donn\u00e9es externes\" href=\"http:\/\/www.labeljoy.com\/fr\/video-assistance\/connecter-sources-externes\/\">bases de donn\u00e9es externes<\/a>.<\/p>\n<p>Et ensuite vous pouvez imprimer vos \u00e9tiquettes personnalis\u00e9es sur le papier que vous pr\u00e9f\u00e9rez en utilisant des imprimantes standards ou \u00e0 rouleau.<\/p>\n<div class=\"one_third\"> <div class=\"img-frame full-fourth\"><div class=\"lightbox-zoom\"><a title=\"\u00c9tiquette de la bouteille d&#039;eau\" href=\"http:\/\/www.labeljoy.com\/label-templates\/bottle\/bottle1b.jpg\" data-gal=\"prettyPhoto[Etiquettes pour bouteille]\" class=\"hover-item\"><img decoding=\"async\" width=\"197\" height=\"133\" alt=\"\u00c9tiquette de la bouteille d&#039;eau\" src=\"https:\/\/www.labeljoy.com\/wp-content\/plugins\/sterling-shortcodes\/\/timthumb\/timthumb.php?src=http:\/\/www.labeljoy.com\/label-templates\/bottle\/bottle1s.jpg&#038;h=133&#038;w=197\"><\/a><\/div><\/div>\n<p style=\"text-align: center\"><a href=\"http:\/\/www.labeljoy.com\/label-templates\/bottle\/bottle1.lpa\" class=\"small white tt-button\" target=\"_self\"> T\u00e9l\u00e9charger\u00a0<\/a>\n<\/div>\n<div class=\"one_third\"> <div class=\"img-frame full-fourth\"><div class=\"lightbox-zoom\"><a title=\"Limoncello \u00e9tiquette de bouteille\" href=\"http:\/\/www.labeljoy.com\/label-templates\/bottle\/bottle2b.jpg\" data-gal=\"prettyPhoto[Etiquettes pour bouteillel]\" class=\"hover-item\"><img decoding=\"async\" width=\"197\" height=\"133\" alt=\"Limoncello \u00e9tiquette de bouteille\" src=\"https:\/\/www.labeljoy.com\/wp-content\/plugins\/sterling-shortcodes\/\/timthumb\/timthumb.php?src=http:\/\/www.labeljoy.com\/label-templates\/bottle\/bottle2s.jpg&#038;h=133&#038;w=197\"><\/a><\/div><\/div>\n<p style=\"text-align: center\"><a href=\"http:\/\/www.labeljoy.com\/label-templates\/bottle\/bottle2.lpa\" class=\"small white tt-button\" target=\"_self\"> T\u00e9l\u00e9charger<\/a>\n<\/div>\n<div class=\"one_third\"> <div class=\"img-frame full-fourth\"><div class=\"lightbox-zoom\"><a title=\"\u00c9tiquette de la bouteille d&#039;huile\" href=\"http:\/\/www.labeljoy.com\/label-templates\/bottle\/bottle3b.jpg\" data-gal=\"prettyPhoto[Etiquettes pour bouteille]\" class=\"hover-item\"><img decoding=\"async\" width=\"197\" height=\"133\" alt=\"\u00c9tiquette de la bouteille d&#039;huile\" src=\"https:\/\/www.labeljoy.com\/wp-content\/plugins\/sterling-shortcodes\/\/timthumb\/timthumb.php?src=http:\/\/www.labeljoy.com\/label-templates\/bottle\/bottle3s.jpg&#038;h=133&#038;w=197\"><\/a><\/div><\/div>\n<p style=\"text-align: center\"><a href=\"http:\/\/www.labeljoy.com\/label-templates\/bottle\/bottle3.lpa\" class=\"small white tt-button\" target=\"_self\"> T\u00e9l\u00e9charger<\/a>\n<\/div>\n<div class=\"hr hr-dotted\">&nbsp;<\/div>\n<div class=\"one_half\">\n<p style=\"text-align: right\"><a href=\"\/fr\/achat\/\" class=\"large blue tt-button\" target=\"\"> Acheter le Logiciel\u00a0<\/a>\n<\/p>\n<\/div>\n<div class=\"one_half\">\n<p style=\"text-align: left\">ou &nbsp;&nbsp;&nbsp;&nbsp; <a href=\"\/fr\/download-fr\/\" class=\"large green tt-button\" target=\"\"> T\u00e9l\u00e9charger Maintenant <\/a>\n<\/p>\n<\/div>\n","protected":false},"excerpt":{"rendered":"<p>Mod\u00e8les d\u2019\u00e9tiquettes pour bouteille\u00a0personnalis\u00e9s Personnalisez les \u00e9tiquettes de vos bouteilles! Avec Labeljoy vous pouvez cr\u00e9er vos propres bouteilles d\u2019eau avec une \u00e9tiquette unique, des \u00e9tiquettes pour les bouteilles de vin\u00a0et des \u00e9tiquettes pour les bouteilles de bi\u00e8re personnalis\u00e9es. Etes-vous \u00e0 la recherche d\u2019\u00e9tiquettes personnalis\u00e9es pour bouteille de niveau professionnels\u00a0? Aucun probl\u00e8me, \u00a0cr\u00e9ez vos propres \u00e9tiquettes &#8230; <a title=\"Bouteilles\" class=\"read-more\" href=\"https:\/\/www.labeljoy.com\/fr\/modeles\/etiquettes-bouteille\/\" aria-label=\"En savoir plus sur Bouteilles\">Read more<\/a><\/p>\n","protected":false},"author":1,"featured_media":0,"parent":2788,"menu_order":0,"comment_status":"open","ping_status":"closed","template":"page-template-left-sidebar.php","meta":{"inline_featured_image":false,"_monsterinsights_skip_tracking":false,"_monsterinsights_sitenote_active":false,"_monsterinsights_sitenote_note":"","_monsterinsights_sitenote_category":0,"footnotes":""},"class_list":{"0":"post-2811","1":"page","2":"type-page","3":"status-publish","5":"infinite-scroll-item"},"aioseo_notices":[],"_links":{"self":[{"href":"https:\/\/www.labeljoy.com\/fr\/wp-json\/wp\/v2\/pages\/2811","targetHints":{"allow":["GET"]}}],"collection":[{"href":"https:\/\/www.labeljoy.com\/fr\/wp-json\/wp\/v2\/pages"}],"about":[{"href":"https:\/\/www.labeljoy.com\/fr\/wp-json\/wp\/v2\/types\/page"}],"author":[{"embeddable":true,"href":"https:\/\/www.labeljoy.com\/fr\/wp-json\/wp\/v2\/users\/1"}],"replies":[{"embeddable":true,"href":"https:\/\/www.labeljoy.com\/fr\/wp-json\/wp\/v2\/comments?post=2811"}],"version-history":[{"count":14,"href":"https:\/\/www.labeljoy.com\/fr\/wp-json\/wp\/v2\/pages\/2811\/revisions"}],"predecessor-version":[{"id":17278,"href":"https:\/\/www.labeljoy.com\/fr\/wp-json\/wp\/v2\/pages\/2811\/revisions\/17278"}],"up":[{"embeddable":true,"href":"https:\/\/www.labeljoy.com\/fr\/wp-json\/wp\/v2\/pages\/2788"}],"wp:attachment":[{"href":"https:\/\/www.labeljoy.com\/fr\/wp-json\/wp\/v2\/media?parent=2811"}],"curies":[{"name":"wp","href":"https:\/\/api.w.org\/{rel}","templated":true}]}}