{"id":2813,"date":"2012-07-18T09:47:35","date_gmt":"2012-07-18T09:47:35","guid":{"rendered":"http:\/\/www.labeljoy.com\/modeles\/cosemetic-label\/"},"modified":"2020-12-22T18:31:24","modified_gmt":"2020-12-22T18:31:24","slug":"etiquettes-cosmetiques","status":"publish","type":"page","link":"https:\/\/www.labeljoy.com\/fr\/modeles\/etiquettes-cosmetiques\/","title":{"rendered":"Produits cosm\u00e9tiques"},"content":{"rendered":"<h1>Mod\u00e8les d\u2019\u00e9tiquettes pour produits cosm\u00e9tiques<\/h1>\n<h2>Cr\u00e9ez des \u00e9tiquettes personnalis\u00e9es pour les emballages des produits de beaut\u00e9<\/h2>\n<p>Les \u00e9tiquettes pour produits de beaut\u00e9 peuvent \u00eatre utilis\u00e9es avec plusieurs cosm\u00e9tiques comme les lotions, les baumes \u00e0 l\u00e8vres, les savons, les shampoings, les apr\u00e8s-shampoing, les huiles essentiels et les maquillages.<\/p>\n<h3><\/h3>\n<p><strong>Concevez vos propres \u00e9tiquettes pour produits de beaut\u00e9<\/strong> avec Labeljoy ou t\u00e9l\u00e9chargez un des <em>mod\u00e8les disponibles<\/em><\/p>\n<p>Labeljoy permet de cr\u00e9er des \u00e9tiquettes de tr\u00e8s hautes qualit\u00e9s pour produits cosm\u00e9tiques. Vous pouvez cr\u00e9er des <strong>\u00e9tiquettes professionnelles <\/strong>pour des soci\u00e9t\u00e9s importantes ou pour des produits fait-maison.<\/p>\n<p>Vous pouvez ajouter des codes-barres en peu de clics, personnaliser les polices de caract\u00e8res et les textes, ajouter des images de clipart ou importer des images m\u00e9moris\u00e9es sur votre PC.<br \/>\nVous pouvez aussi imprimer vos <strong>\u00e9tiquettes priv\u00e9es pour cosm\u00e9tiques<\/strong> avec n\u2019importe quelle imprimante, laser, \u00e0 jet d\u2019encre ou \u00e0 rouleau.<\/p>\n<h3>Maintenant cr\u00e9er vos \u00e9tiquettes priv\u00e9es pour produits de beaut\u00e9 est facile!<\/h3>\n<p>Lisez le\u00a0<a title=\"Cosmetic labeling guide\" href=\"http:\/\/www.fda.gov\/Cosmetics\/GuidanceRegulation\/default.htm\" target=\"_blank\" rel=\"noopener\">Guide sur l\u2019\u00e9tiquetage des produits de beaut\u00e9<\/a><\/p>\n<div class=\"one_third\"> <div class=\"img-frame full-fourth\"><div class=\"lightbox-zoom\"><a title=\"\u00e9tiquette cosm\u00e9tique\" href=\"http:\/\/www.labeljoy.com\/label-templates\/cosmetic\/cosmetic1b.jpg\" data-gal=\"prettyPhoto[Etiquettes cosmetiques]\" class=\"hover-item\"><img decoding=\"async\" width=\"197\" height=\"133\" alt=\"\u00e9tiquette cosm\u00e9tique\" src=\"https:\/\/www.labeljoy.com\/wp-content\/plugins\/sterling-shortcodes\/\/timthumb\/timthumb.php?src=http:\/\/www.labeljoy.com\/label-templates\/cosmetic\/cosmetic1s.jpg&#038;h=133&#038;w=197\"><\/a><\/div><\/div>\n<p style=\"text-align: center\"><a href=\"http:\/\/www.labeljoy.com\/label-templates\/cosmetic\/cosmetic1.lpa\" class=\"small white tt-button\" target=\"_self\"> T\u00e9l\u00e9charger<\/a>\n<\/div>\n<div class=\"one_third\"> <div class=\"img-frame full-fourth\"><div class=\"lightbox-zoom\"><a title=\"\u00c9tiquette pour le produit cosm\u00e9tique\" href=\"http:\/\/www.labeljoy.com\/label-templates\/cosmetic\/cosmetic2b.jpg\" data-gal=\"prettyPhoto[Etiquettes cosmetiques]\" class=\"hover-item\"><img decoding=\"async\" width=\"197\" height=\"133\" alt=\"\u00c9tiquette pour le produit cosm\u00e9tique\" src=\"https:\/\/www.labeljoy.com\/wp-content\/plugins\/sterling-shortcodes\/\/timthumb\/timthumb.php?src=http:\/\/www.labeljoy.com\/label-templates\/cosmetic\/cosmetic2s.jpg&#038;h=133&#038;w=197\"><\/a><\/div><\/div>\n<p style=\"text-align: center\"><a href=\"http:\/\/www.labeljoy.com\/label-templates\/cosmetic\/cosmetic2.lpa\" class=\"small white tt-button\" target=\"_self\"> T\u00e9l\u00e9charger<\/a>\n<\/div>\n<div class=\"one_third\"> <div class=\"img-frame full-fourth\"><div class=\"lightbox-zoom\"><a title=\"\u00c9tiquette personnalis\u00e9e cosm\u00e9tique\" href=\"http:\/\/www.labeljoy.com\/label-templates\/cosmetic\/cosmetic3b.jpg\" data-gal=\"prettyPhoto[Etiquettes cosmetiques]\" class=\"hover-item\"><img decoding=\"async\" width=\"197\" height=\"133\" alt=\"\u00c9tiquette personnalis\u00e9e cosm\u00e9tique\" src=\"https:\/\/www.labeljoy.com\/wp-content\/plugins\/sterling-shortcodes\/\/timthumb\/timthumb.php?src=http:\/\/www.labeljoy.com\/label-templates\/cosmetic\/cosmetic3s.jpg&#038;h=133&#038;w=197\"><\/a><\/div><\/div>\n<p style=\"text-align: center\"><a href=\"http:\/\/www.labeljoy.com\/label-templates\/cosmetic\/cosmetic3.lpa\" class=\"small white tt-button\" target=\"_self\"> T\u00e9l\u00e9charger<\/a>\n<\/div>\n<div class=\"hr hr-dotted\">&nbsp;<\/div>\n<div class=\"one_half\">\n<p style=\"text-align: right\"><a href=\"\/fr\/achat\/\" class=\"large blue tt-button\" target=\"\"> Acheter le Logiciel\u00a0<\/a>\n<\/p>\n<\/div>\n<div class=\"one_half\">\n<p style=\"text-align: left\">ou &nbsp;&nbsp;&nbsp;&nbsp; <a href=\"\/fr\/download-fr\/\" class=\"large green tt-button\" target=\"\"> T\u00e9l\u00e9charger Maintenant <\/a>\n<\/p>\n<\/div>\n","protected":false},"excerpt":{"rendered":"<p>Mod\u00e8les d\u2019\u00e9tiquettes pour produits cosm\u00e9tiques Cr\u00e9ez des \u00e9tiquettes personnalis\u00e9es pour les emballages des produits de beaut\u00e9 Les \u00e9tiquettes pour produits de beaut\u00e9 peuvent \u00eatre utilis\u00e9es avec plusieurs cosm\u00e9tiques comme les lotions, les baumes \u00e0 l\u00e8vres, les savons, les shampoings, les apr\u00e8s-shampoing, les huiles essentiels et les maquillages. Concevez vos propres \u00e9tiquettes pour produits de beaut\u00e9 &#8230; <a title=\"Produits cosm\u00e9tiques\" class=\"read-more\" href=\"https:\/\/www.labeljoy.com\/fr\/modeles\/etiquettes-cosmetiques\/\" aria-label=\"En savoir plus sur Produits cosm\u00e9tiques\">Read more<\/a><\/p>\n","protected":false},"author":1,"featured_media":0,"parent":2788,"menu_order":0,"comment_status":"open","ping_status":"closed","template":"page-template-left-sidebar.php","meta":{"inline_featured_image":false,"_monsterinsights_skip_tracking":false,"_monsterinsights_sitenote_active":false,"_monsterinsights_sitenote_note":"","_monsterinsights_sitenote_category":0,"footnotes":""},"class_list":{"0":"post-2813","1":"page","2":"type-page","3":"status-publish","5":"infinite-scroll-item"},"aioseo_notices":[],"_links":{"self":[{"href":"https:\/\/www.labeljoy.com\/fr\/wp-json\/wp\/v2\/pages\/2813","targetHints":{"allow":["GET"]}}],"collection":[{"href":"https:\/\/www.labeljoy.com\/fr\/wp-json\/wp\/v2\/pages"}],"about":[{"href":"https:\/\/www.labeljoy.com\/fr\/wp-json\/wp\/v2\/types\/page"}],"author":[{"embeddable":true,"href":"https:\/\/www.labeljoy.com\/fr\/wp-json\/wp\/v2\/users\/1"}],"replies":[{"embeddable":true,"href":"https:\/\/www.labeljoy.com\/fr\/wp-json\/wp\/v2\/comments?post=2813"}],"version-history":[{"count":20,"href":"https:\/\/www.labeljoy.com\/fr\/wp-json\/wp\/v2\/pages\/2813\/revisions"}],"predecessor-version":[{"id":35031,"href":"https:\/\/www.labeljoy.com\/fr\/wp-json\/wp\/v2\/pages\/2813\/revisions\/35031"}],"up":[{"embeddable":true,"href":"https:\/\/www.labeljoy.com\/fr\/wp-json\/wp\/v2\/pages\/2788"}],"wp:attachment":[{"href":"https:\/\/www.labeljoy.com\/fr\/wp-json\/wp\/v2\/media?parent=2813"}],"curies":[{"name":"wp","href":"https:\/\/api.w.org\/{rel}","templated":true}]}}