{"id":2822,"date":"2012-07-18T09:47:02","date_gmt":"2012-07-18T09:47:02","guid":{"rendered":"http:\/\/www.labeljoy.com\/modeles\/wine-label\/"},"modified":"2020-12-28T13:33:21","modified_gmt":"2020-12-28T13:33:21","slug":"etiquettes-vin","status":"publish","type":"page","link":"https:\/\/www.labeljoy.com\/fr\/modeles\/etiquettes-vin\/","title":{"rendered":"Mod\u00e8les d&rsquo;\u00e9tiquettes de vin"},"content":{"rendered":"<h1>Mod\u00e8les d&rsquo;\u00e9tiquettes de vin<\/h1>\n<h2>Cr\u00e9ez vos \u00e9tiquettes personnalis\u00e9es de vin<\/h2>\n<p>Faire les \u00e9tiquettes pour vin pour vos bouteilles de vins avec des mod\u00e8les imprimables sur des imprimantes laser, \u00e0 jet d\u2019encre et \u00e0 rouleau.<\/p>\n<p><strong>Etiquettes pour Vin Personnalis\u00e9es<\/strong> \u2013 Les \u00e9tiquettes pour vin personnalis\u00e9es color\u00e9es sont facilement personnalisables et <strong>id\u00e9ales pour les producteurs de vins<\/strong> et les amateurs de vin! Faites vos propres \u00e9tiquettes pour vin personnalis\u00e9es avec le logiciel d\u2019\u00e9tiquetage Labeljoy!<\/p>\n<p>T\u00e9l\u00e9chargez un mod\u00e8le d\u2019\u00e9tiquette pour vin et personnalisez-le:\u00a0<a title=\"personnalisez design logicel\" href=\"http:\/\/www.labeljoy.com\/fr\/video-assistance\/presentation-logiciel\/\">personnalisez le design<\/a>, ajoutez votre logo, votre photo pr\u00e9f\u00e9r\u00e9e, saisissez un texte et choisissez votre couleur pr\u00e9f\u00e9r\u00e9e pour avoir un look totalement personnalis\u00e9.<\/p>\n<h3>Sauvegardez et imprimez gratuitement vos designs d\u2019\u00e9tiquettes pour vin personnalis\u00e9s!<\/h3>\n<p>Labeljoy offre des \u00e9tiquettes imprimables gratuites. Elles sont cr\u00e9\u00e9es selon plusieurs th\u00e8mes par des cr\u00e9ateurs fameux.<\/p>\n<p><strong><strong>Maintenant cr\u00e9er des \u00e9tiquettes pour vin uniques est facile<\/strong>!<\/strong><\/p>\n<div class=\"one_third\"> <div class=\"img-frame full-fourth\"><div class=\"lightbox-zoom\"><a title=\"Etiquette de vin\" href=\"http:\/\/www.labeljoy.com\/label-templates\/wine\/wine1b.jpg\" data-gal=\"prettyPhoto[Etiquettes vin]\" class=\"hover-item\"><img decoding=\"async\" width=\"197\" height=\"133\" alt=\"Etiquette de vin\" src=\"https:\/\/www.labeljoy.com\/wp-content\/plugins\/sterling-shortcodes\/\/timthumb\/timthumb.php?src=http:\/\/www.labeljoy.com\/label-templates\/wine\/wine1s.jpg&#038;h=133&#038;w=197\"><\/a><\/div><\/div>\n<p style=\"text-align: center\"><a href=\"http:\/\/www.labeljoy.com\/label-templates\/wine\/wine1.lpa\" class=\"small white tt-button\" target=\"_self\"> T\u00e9l\u00e9charger<\/a>\n<\/div>\n<div class=\"one_third\"> <div class=\"img-frame full-fourth\"><div class=\"lightbox-zoom\"><a title=\"\u00c9tiquettes de vin personnalis\u00e9e\" href=\"http:\/\/www.labeljoy.com\/label-templates\/wine\/wine2b.jpg\" data-gal=\"prettyPhoto[Etiquettes vin]\" class=\"hover-item\"><img decoding=\"async\" width=\"197\" height=\"133\" alt=\"\u00c9tiquettes de vin personnalis\u00e9e\" src=\"https:\/\/www.labeljoy.com\/wp-content\/plugins\/sterling-shortcodes\/\/timthumb\/timthumb.php?src=http:\/\/www.labeljoy.com\/label-templates\/wine\/wine2s.jpg&#038;h=133&#038;w=197\"><\/a><\/div><\/div>\n<p style=\"text-align: center\"><a href=\"http:\/\/www.labeljoy.com\/label-templates\/wine\/wine2.lpa\" class=\"small white tt-button\" target=\"_self\"> T\u00e9l\u00e9charger<\/a>\n<\/div>\n<div class=\"one_third\"> <div class=\"img-frame full-fourth\"><div class=\"lightbox-zoom\"><a title=\"\u00c9tiquettes pour bouteilles de vin\" href=\"http:\/\/www.labeljoy.com\/label-templates\/wine\/wine3b.jpg\" data-gal=\"prettyPhoto[Etiquettes vin]\" class=\"hover-item\"><img decoding=\"async\" width=\"197\" height=\"133\" alt=\"\u00c9tiquettes pour bouteilles de vin\" src=\"https:\/\/www.labeljoy.com\/wp-content\/plugins\/sterling-shortcodes\/\/timthumb\/timthumb.php?src=http:\/\/www.labeljoy.com\/label-templates\/wine\/wine3s.jpg&#038;h=133&#038;w=197\"><\/a><\/div><\/div>\n<p style=\"text-align: center\"><a href=\"http:\/\/www.labeljoy.com\/label-templates\/wine\/wine3.lpa\" class=\"small white tt-button\" target=\"_self\"> T\u00e9l\u00e9charger<\/a>\n<\/div>\n<div class=\"hr hr-dotted\">&nbsp;<\/div>\n<div class=\"one_third\"> <div class=\"img-frame full-fourth\"><div class=\"lightbox-zoom\"><a title=\"\u00c9tiquette de bouteille de vin personnalis\u00e9e\" href=\"http:\/\/www.labeljoy.com\/label-templates\/wine\/wine4b.jpg\" data-gal=\"prettyPhoto[Etiquettes vin]\" class=\"hover-item\"><img decoding=\"async\" width=\"197\" height=\"133\" alt=\"\u00c9tiquette de bouteille de vin personnalis\u00e9e\" src=\"https:\/\/www.labeljoy.com\/wp-content\/plugins\/sterling-shortcodes\/\/timthumb\/timthumb.php?src=http:\/\/www.labeljoy.com\/label-templates\/wine\/wine4s.jpg&#038;h=133&#038;w=197\"><\/a><\/div><\/div>\n<p style=\"text-align: center\"><a href=\"http:\/\/www.labeljoy.com\/label-templates\/wine\/wine4.lpa\" class=\"small white tt-button\" target=\"_self\"> T\u00e9l\u00e9charger<\/a>\n<\/div>\n<div class=\"one_third\"> <div class=\"img-frame full-fourth\"><div class=\"lightbox-zoom\"><a title=\"Blanc mod\u00e8le d&#039;\u00e9tiquette de vin\" href=\"http:\/\/www.labeljoy.com\/label-templates\/wine\/wine5b.jpg\" data-gal=\"prettyPhoto[Etiquettes vin]\" class=\"hover-item\"><img decoding=\"async\" width=\"197\" height=\"133\" alt=\"Blanc mod\u00e8le d&#039;\u00e9tiquette de vin\" src=\"https:\/\/www.labeljoy.com\/wp-content\/plugins\/sterling-shortcodes\/\/timthumb\/timthumb.php?src=http:\/\/www.labeljoy.com\/label-templates\/wine\/wine5s.jpg&#038;h=133&#038;w=197\"><\/a><\/div><\/div>\n<p style=\"text-align: center\"><a href=\"http:\/\/www.labeljoy.com\/label-templates\/wine\/wine5.lpa\" class=\"small white tt-button\" target=\"_self\"> T\u00e9l\u00e9charger<\/a>\n<\/div>\n<div class=\"hr hr-dotted\">&nbsp;<\/div>\n<div class=\"one_half\">\n<p style=\"text-align: right\"><a href=\"\/fr\/achat\/\" class=\"large blue tt-button\" target=\"\"> Acheter le Logiciel\u00a0<\/a>\n<\/p>\n<\/div>\n<div class=\"one_half\">\n<p style=\"text-align: left\">ou &nbsp;&nbsp;&nbsp;&nbsp; <a href=\"\/fr\/download-fr\/\" class=\"large green tt-button\" target=\"\"> T\u00e9l\u00e9charger Maintenant <\/a>\n<\/p>\n<\/div>\n","protected":false},"excerpt":{"rendered":"<p>Mod\u00e8les d&rsquo;\u00e9tiquettes de vin Cr\u00e9ez vos \u00e9tiquettes personnalis\u00e9es de vin Faire les \u00e9tiquettes pour vin pour vos bouteilles de vins avec des mod\u00e8les imprimables sur des imprimantes laser, \u00e0 jet d\u2019encre et \u00e0 rouleau. Etiquettes pour Vin Personnalis\u00e9es \u2013 Les \u00e9tiquettes pour vin personnalis\u00e9es color\u00e9es sont facilement personnalisables et id\u00e9ales pour les producteurs de vins &#8230; <a title=\"Mod\u00e8les d&rsquo;\u00e9tiquettes de vin\" class=\"read-more\" href=\"https:\/\/www.labeljoy.com\/fr\/modeles\/etiquettes-vin\/\" aria-label=\"En savoir plus sur Mod\u00e8les d&rsquo;\u00e9tiquettes de vin\">Read more<\/a><\/p>\n","protected":false},"author":1,"featured_media":0,"parent":2788,"menu_order":0,"comment_status":"open","ping_status":"closed","template":"page-template-left-sidebar.php","meta":{"inline_featured_image":false,"_monsterinsights_skip_tracking":false,"_monsterinsights_sitenote_active":false,"_monsterinsights_sitenote_note":"","_monsterinsights_sitenote_category":0,"footnotes":""},"class_list":{"0":"post-2822","1":"page","2":"type-page","3":"status-publish","5":"infinite-scroll-item"},"aioseo_notices":[],"_links":{"self":[{"href":"https:\/\/www.labeljoy.com\/fr\/wp-json\/wp\/v2\/pages\/2822","targetHints":{"allow":["GET"]}}],"collection":[{"href":"https:\/\/www.labeljoy.com\/fr\/wp-json\/wp\/v2\/pages"}],"about":[{"href":"https:\/\/www.labeljoy.com\/fr\/wp-json\/wp\/v2\/types\/page"}],"author":[{"embeddable":true,"href":"https:\/\/www.labeljoy.com\/fr\/wp-json\/wp\/v2\/users\/1"}],"replies":[{"embeddable":true,"href":"https:\/\/www.labeljoy.com\/fr\/wp-json\/wp\/v2\/comments?post=2822"}],"version-history":[{"count":15,"href":"https:\/\/www.labeljoy.com\/fr\/wp-json\/wp\/v2\/pages\/2822\/revisions"}],"predecessor-version":[{"id":35052,"href":"https:\/\/www.labeljoy.com\/fr\/wp-json\/wp\/v2\/pages\/2822\/revisions\/35052"}],"up":[{"embeddable":true,"href":"https:\/\/www.labeljoy.com\/fr\/wp-json\/wp\/v2\/pages\/2788"}],"wp:attachment":[{"href":"https:\/\/www.labeljoy.com\/fr\/wp-json\/wp\/v2\/media?parent=2822"}],"curies":[{"name":"wp","href":"https:\/\/api.w.org\/{rel}","templated":true}]}}