{"id":2824,"date":"2012-07-18T09:46:07","date_gmt":"2012-07-18T09:46:07","guid":{"rendered":"http:\/\/www.labeljoy.com\/modeles\/clothing-tags\/"},"modified":"2020-12-28T12:12:50","modified_gmt":"2020-12-28T12:12:50","slug":"etiquettes-vetements","status":"publish","type":"page","link":"https:\/\/www.labeljoy.com\/fr\/modeles\/etiquettes-vetements\/","title":{"rendered":"V\u00eatements"},"content":{"rendered":"<h1>Mod\u00e8les d\u2019Etiquettes pour V\u00eatements<\/h1>\n<h2>Cr\u00e9ez vos \u00e9tiquettes pour v\u00eatements personnalis\u00e9es<\/h2>\n<p>Avoir des <em>\u00e9tiquettes pour v\u00eatements personnalis\u00e9es<\/em> peut donner un avantage \u00e0 votre commerce.<\/p>\n<p>Ajouter de la personnalit\u00e9 \u00e0 vos \u00e9tiquettes est une marque caract\u00e9ristique pour vous diff\u00e9rencier: maintenant vous pouvez le faire avec une imprimante normale ou \u00e0 rouleau directement de chez vous ou de votre bureau.<br \/>\nAvec Labeljoy vous pouvez <strong>cr\u00e9er des \u00e9tiquettes personnalis\u00e9es pour v\u00eatements<\/strong>, ajouter votre logo, des effets graphiques et ins\u00e9rer des codes-barres g\u00e9n\u00e9r\u00e9s automatiquement par le logiciel.<\/p>\n<p>Ou simplement <strong>t\u00e9l\u00e9charger un mod\u00e8le d\u2019\u00e9tiquette pour v\u00eatement <\/strong>\u00a0et le rendre unique selon vos d\u00e9sirs\u00a0: changer les dimensions, ajouter du texte ou des images, appliquer un arri\u00e8re-plan ou ajouter des cliparts.<\/p>\n<h3>Cr\u00e9er des \u00e9tiquettes pour v\u00eatements maintenant est vraiment simple!<\/h3>\n<\/p>\n<div class=\"one_third\"> <div class=\"img-frame full-fourth\"><div class=\"lightbox-zoom\"><a title=\"\u00c9tiquettes de v\u00eatements sur mesure\" href=\"http:\/\/www.labeljoy.com\/label-templates\/clothing\/clothing1b.jpg\" data-gal=\"prettyPhoto[etiquettes vetements]\" class=\"hover-item\"><img decoding=\"async\" width=\"197\" height=\"133\" alt=\"\u00c9tiquettes de v\u00eatements sur mesure\" src=\"https:\/\/www.labeljoy.com\/wp-content\/plugins\/sterling-shortcodes\/\/timthumb\/timthumb.php?src=http:\/\/www.labeljoy.com\/label-templates\/clothing\/clothing1s.jpg&#038;h=133&#038;w=197\"><\/a><\/div><\/div>\n<p style=\"text-align: center\"><a href=\"http:\/\/www.labeljoy.com\/label-templates\/clothing\/clothing1.lpa\" class=\"small white tt-button\" target=\"_self\"> T\u00e9l\u00e9charger<\/a>\n<\/div>\n<div class=\"one_third\"> <div class=\"img-frame full-fourth\"><div class=\"lightbox-zoom\"><a title=\"v\u00eatements \u00e9tiquette\" href=\"http:\/\/www.labeljoy.com\/label-templates\/clothing\/clothing2b.jpg\" data-gal=\"prettyPhoto[etiquettes vetements]\" class=\"hover-item\"><img decoding=\"async\" width=\"197\" height=\"133\" alt=\"v\u00eatements \u00e9tiquette\" src=\"https:\/\/www.labeljoy.com\/wp-content\/plugins\/sterling-shortcodes\/\/timthumb\/timthumb.php?src=http:\/\/www.labeljoy.com\/label-templates\/clothing\/clothing2s.jpg&#038;h=133&#038;w=197\"><\/a><\/div><\/div>\n<p style=\"text-align: center\"><a href=\"http:\/\/www.labeljoy.com\/label-templates\/clothing\/clothing2.lpa\" class=\"small white tt-button\" target=\"_self\"> T\u00e9l\u00e9charger<\/a>\n<\/div>\n<div class=\"one_third\"> <div class=\"img-frame full-fourth\"><div class=\"lightbox-zoom\"><a title=\"v\u00eatements tag\" href=\"http:\/\/www.labeljoy.com\/label-templates\/clothing\/clothing3b.jpg\" data-gal=\"prettyPhoto[etiquettes vetements]\" class=\"hover-item\"><img decoding=\"async\" width=\"197\" height=\"133\" alt=\"v\u00eatements tag\" src=\"https:\/\/www.labeljoy.com\/wp-content\/plugins\/sterling-shortcodes\/\/timthumb\/timthumb.php?src=http:\/\/www.labeljoy.com\/label-templates\/clothing\/clothing3s.jpg&#038;h=133&#038;w=197\"><\/a><\/div><\/div>\n<p style=\"text-align: center\"><a href=\"http:\/\/www.labeljoy.com\/label-templates\/clothing\/clothing3.lpa\" class=\"small white tt-button\" target=\"_self\"> T\u00e9l\u00e9charger<\/a>\n<\/div>\n<div class=\"hr hr-dotted\">&nbsp;<\/div>\n<div class=\"one_third\"> <div class=\"img-frame full-fourth\"><div class=\"lightbox-zoom\"><a title=\"Cr\u00e9ation de v\u00eatements tag\" href=\"http:\/\/www.labeljoy.com\/label-templates\/clothing\/clothing4b.jpg\" data-gal=\"prettyPhoto[etiquettes vetements]\" class=\"hover-item\"><img decoding=\"async\" width=\"197\" height=\"133\" alt=\"Cr\u00e9ation de v\u00eatements tag\" src=\"https:\/\/www.labeljoy.com\/wp-content\/plugins\/sterling-shortcodes\/\/timthumb\/timthumb.php?src=http:\/\/www.labeljoy.com\/label-templates\/clothing\/clothing4s.jpg&#038;h=133&#038;w=197\"><\/a><\/div><\/div>\n<p style=\"text-align: center\"><a href=\"http:\/\/www.labeljoy.com\/label-templates\/clothing\/clothing4.lpa\" class=\"small white tt-button\" target=\"_self\"> T\u00e9l\u00e9charger<\/a>\n<\/div>\n<div class=\"one_third\"> <div class=\"img-frame full-fourth\"><div class=\"lightbox-zoom\"><a title=\"Tag robe\" href=\"http:\/\/www.labeljoy.com\/label-templates\/clothing\/clothing5b.jpg\" data-gal=\"prettyPhoto[etiquettes vetements]\" class=\"hover-item\"><img decoding=\"async\" width=\"197\" height=\"133\" alt=\"Tag robe\" src=\"https:\/\/www.labeljoy.com\/wp-content\/plugins\/sterling-shortcodes\/\/timthumb\/timthumb.php?src=http:\/\/www.labeljoy.com\/label-templates\/clothing\/clothing5s.jpg&#038;h=133&#038;w=197\"><\/a><\/div><\/div>\n<p style=\"text-align: center\"><a href=\"http:\/\/www.labeljoy.com\/label-templates\/clothing\/clothing5.lpa\" class=\"small white tt-button\" target=\"_self\"> T\u00e9l\u00e9charger<\/a>\n<\/div>\n<div class=\"one_third\"> <div class=\"img-frame full-fourth\"><div class=\"lightbox-zoom\"><a title=\"\u00c9tiquettes de magasin de robe\" href=\"http:\/\/www.labeljoy.com\/label-templates\/clothing\/clothing6b.jpg\" data-gal=\"prettyPhoto[etiquettes vetements]\" class=\"hover-item\"><img decoding=\"async\" width=\"197\" height=\"133\" alt=\"\u00c9tiquettes de magasin de robe\" src=\"https:\/\/www.labeljoy.com\/wp-content\/plugins\/sterling-shortcodes\/\/timthumb\/timthumb.php?src=http:\/\/www.labeljoy.com\/label-templates\/clothing\/clothing6s.jpg&#038;h=133&#038;w=197\"><\/a><\/div><\/div>\n<p style=\"text-align: center\"><a href=\"http:\/\/www.labeljoy.com\/label-templates\/clothing\/clothing6.lpa\" class=\"small white tt-button\" target=\"_self\"> T\u00e9l\u00e9charger<\/a>\n<\/div>\n<div class=\"hr hr-dotted\">&nbsp;<\/div>\n<div class=\"one_half\">\n<p style=\"text-align: right\"><a href=\"\/fr\/achat\/\" class=\"large blue tt-button\" target=\"\"> Acheter le Logiciel\u00a0<\/a>\n<\/div>\n<div class=\"one_half\">\n<p style=\"text-align: left\">ou &nbsp;&nbsp;&nbsp;&nbsp; <a href=\"\/fr\/download-fr\/\" class=\"large green tt-button\" target=\"\"> T\u00e9l\u00e9charger Maintenant <\/a>\n<\/div>\n","protected":false},"excerpt":{"rendered":"<p>Mod\u00e8les d\u2019Etiquettes pour V\u00eatements Cr\u00e9ez vos \u00e9tiquettes pour v\u00eatements personnalis\u00e9es Avoir des \u00e9tiquettes pour v\u00eatements personnalis\u00e9es peut donner un avantage \u00e0 votre commerce. Ajouter de la personnalit\u00e9 \u00e0 vos \u00e9tiquettes est une marque caract\u00e9ristique pour vous diff\u00e9rencier: maintenant vous pouvez le faire avec une imprimante normale ou \u00e0 rouleau directement de chez vous ou de &#8230; <a title=\"V\u00eatements\" class=\"read-more\" href=\"https:\/\/www.labeljoy.com\/fr\/modeles\/etiquettes-vetements\/\" aria-label=\"En savoir plus sur V\u00eatements\">Read more<\/a><\/p>\n","protected":false},"author":1,"featured_media":0,"parent":2788,"menu_order":0,"comment_status":"open","ping_status":"closed","template":"page-template-left-sidebar.php","meta":{"inline_featured_image":false,"_monsterinsights_skip_tracking":false,"_monsterinsights_sitenote_active":false,"_monsterinsights_sitenote_note":"","_monsterinsights_sitenote_category":0,"footnotes":""},"class_list":{"0":"post-2824","1":"page","2":"type-page","3":"status-publish","5":"infinite-scroll-item"},"aioseo_notices":[],"_links":{"self":[{"href":"https:\/\/www.labeljoy.com\/fr\/wp-json\/wp\/v2\/pages\/2824","targetHints":{"allow":["GET"]}}],"collection":[{"href":"https:\/\/www.labeljoy.com\/fr\/wp-json\/wp\/v2\/pages"}],"about":[{"href":"https:\/\/www.labeljoy.com\/fr\/wp-json\/wp\/v2\/types\/page"}],"author":[{"embeddable":true,"href":"https:\/\/www.labeljoy.com\/fr\/wp-json\/wp\/v2\/users\/1"}],"replies":[{"embeddable":true,"href":"https:\/\/www.labeljoy.com\/fr\/wp-json\/wp\/v2\/comments?post=2824"}],"version-history":[{"count":16,"href":"https:\/\/www.labeljoy.com\/fr\/wp-json\/wp\/v2\/pages\/2824\/revisions"}],"predecessor-version":[{"id":17282,"href":"https:\/\/www.labeljoy.com\/fr\/wp-json\/wp\/v2\/pages\/2824\/revisions\/17282"}],"up":[{"embeddable":true,"href":"https:\/\/www.labeljoy.com\/fr\/wp-json\/wp\/v2\/pages\/2788"}],"wp:attachment":[{"href":"https:\/\/www.labeljoy.com\/fr\/wp-json\/wp\/v2\/media?parent=2824"}],"curies":[{"name":"wp","href":"https:\/\/api.w.org\/{rel}","templated":true}]}}