{"id":2826,"date":"2012-07-18T09:45:20","date_gmt":"2012-07-18T09:45:20","guid":{"rendered":"http:\/\/www.labeljoy.com\/modeles\/nutritional-label\/"},"modified":"2024-04-10T12:36:42","modified_gmt":"2024-04-10T12:36:42","slug":"etiquettes-aliments","status":"publish","type":"page","link":"https:\/\/www.labeljoy.com\/fr\/modeles\/etiquettes-aliments\/","title":{"rendered":"Aliments"},"content":{"rendered":"<h1>Mod\u00e8les d\u2019\u00e9tiquettes pour aliments<\/h1>\n<h2>T\u00e9l\u00e9chargez des exemples de mod\u00e8les d\u2019\u00e9tiquettes pour aliments<\/h2>\n<p>&nbsp;<\/p>\n<p>Vous pouvez <strong>cr\u00e9er des \u00e9tiquettes pour aliments<\/strong> pour votre commerce ou juste pour vendre vos produits fait-maison. Dans tous les cas vous devez respecter les lois locales et de votre pays concernant l\u2019\u00e9tiquetage des aliments et les indications de l\u2019Agence f\u00e9d\u00e9rale am\u00e9ricaine des produits alimentaires et m\u00e9dicamenteux. Labeljoy est un <em>logiciel d\u2019\u00e9tiquetage pour aliments<\/em> qui vous permet de cr\u00e9er des <em>\u00e9tiquettes pour aliments uniques.<\/em><\/p>\n<p>Les informations r\u00e9glement\u00e9es incluent:<\/p>\n<ul>\n<li>Les informations nutritionnelles<\/li>\n<li>La liste des ingr\u00e9dients<\/li>\n<li>Certaines informations nutritionnelles optionnelles<\/li>\n<\/ul>\n<p>Le tableau avec les informations nutritionnelles informe sur les:<\/p>\n<ul>\n<li>Calories<\/li>\n<li>13 substances nutritives de base<\/li>\n<li>% quotidien (%q) des substances nutritives<\/li>\n<\/ul>\n<section>&nbsp;<\/section>\n<p>T\u00e9l\u00e9chargez ces <strong>mod\u00e8les d\u2019\u00e9tiquettes pour aliments<\/strong> et modifiez tous les param\u00e8tres et ajoutez de nouveaux champs. Vous pouvez aussi enrichir les informations nutritionnelles avec un code-barres personnel.<\/p>\n<p>Vous pouvez aussi <a title=\"changer la mise en page\" href=\"http:\/\/www.labeljoy.com\/fr\/video-assistance\/gerer-formats\/\">changer la mise en page<\/a>&nbsp;selon la dimension de vos emballages.<\/p>\n<p>Enfin vous pouvez <em>&nbsp;imprimer les \u00e9tiquettes pour aliments personnalis\u00e9es<\/em> sur des autocollants, avec une imprimante standard ou \u00e0 rouleau.<\/p>\n<p>Visitez aussi:&nbsp;<a href=\"http:\/\/www.fda.gov\/Food\/default.htm\">Comprendre et utiliser les \u00e9tiquettes avec les informations nutritionnelles<\/a><\/p>\n<div class=\"one_third\"> <div class=\"img-frame full-fourth\"><div class=\"lightbox-zoom\"><a title=\"\u00c9tiquette alimentaire\" href=\"http:\/\/www.labeljoy.com\/label-templates\/food\/nutrition1frb.jpg\" data-gal=\"prettyPhoto[food nutrition]\" class=\"hover-item\"><img decoding=\"async\" width=\"197\" height=\"133\" alt=\"\u00c9tiquette alimentaire\" src=\"https:\/\/www.labeljoy.com\/wp-content\/plugins\/sterling-shortcodes\/\/timthumb\/timthumb.php?src=http:\/\/www.labeljoy.com\/label-templates\/food\/nutrition1frs.jpg&#038;h=133&#038;w=197\"><\/a><\/div><\/div>\n<p style=\"text-align: center\"><a href=\"http:\/\/www.labeljoy.com\/label-templates\/food\/nutrition1-fr.lpa\" class=\"small white tt-button\" target=\"_self\"> T\u00e9l\u00e9charger Maintenant <\/a>\n<\/div>\n<div class=\"one_third\"> <div class=\"img-frame full-fourth\"><div class=\"lightbox-zoom\"><a title=\"\u00c9tiquette alimentaire\" href=\"http:\/\/www.labeljoy.com\/label-templates\/food\/nutrition3b.jpg\" data-gal=\"prettyPhoto[food nutrition]\" class=\"hover-item\"><img decoding=\"async\" width=\"197\" height=\"133\" alt=\"\u00c9tiquette alimentaire\" src=\"https:\/\/www.labeljoy.com\/wp-content\/plugins\/sterling-shortcodes\/\/timthumb\/timthumb.php?src=http:\/\/www.labeljoy.com\/label-templates\/food\/nutrition3s.jpg&#038;h=133&#038;w=197\"><\/a><\/div><\/div>\n<p style=\"text-align: center\"><a href=\"http:\/\/www.labeljoy.com\/label-templates\/food\/nutrition3.lpa\" class=\"small white tt-button\" target=\"_self\"> T\u00e9l\u00e9charger Maintenant <\/a>\n<\/div>\n<div class=\"one_third\"> <div class=\"img-frame full-fourth\"><div class=\"lightbox-zoom\"><a title=\"\u00c9tiquette alimentaire\" href=\"http:\/\/www.labeljoy.com\/label-templates\/food\/nutrition4b.jpg\" data-gal=\"prettyPhoto[food nutrition]\" class=\"hover-item\"><img decoding=\"async\" width=\"197\" height=\"133\" alt=\"\u00c9tiquette alimentaire\" src=\"https:\/\/www.labeljoy.com\/wp-content\/plugins\/sterling-shortcodes\/\/timthumb\/timthumb.php?src=http:\/\/www.labeljoy.com\/label-templates\/food\/nutrition4s.jpg&#038;h=133&#038;w=197\"><\/a><\/div><\/div>\n<p style=\"text-align: center\"><a href=\"http:\/\/www.labeljoy.com\/label-templates\/food\/nutrition4.lpa\" class=\"small white tt-button\" target=\"_self\"> T\u00e9l\u00e9charger Maintenant <\/a>\n<\/div>\n<div class=\"hr hr-dotted\">&nbsp;<\/div>\n<div class=\"one_half\">\n<p style=\"text-align: right\"><a href=\"\/fr\/achat\/\" class=\"large blue tt-button\" target=\"\"> Acheter le Logiciel&nbsp;<\/a>\n<\/div>\n<div class=\"one_half\">\n<p style=\"text-align: left\">ou &nbsp;&nbsp;&nbsp;&nbsp; <a href=\"\/fr\/download-fr\/\" class=\"large green tt-button\" target=\"\"> T\u00e9l\u00e9charger Maintenant <\/a>\n<\/div>\n<div class=\"hr hr-dotted\">&nbsp;<\/div>\n<div class=\"also-like\">\n<strong>Vous aimerez aussi:<\/strong><\/p>\n<ul>\n<li><a href=\"https:\/\/www.labeljoy.com\/generateur-code-barre-gratuit\/\" title=\"G\u00e9n\u00e9rateur de codes-barres en ligne gratuit\">G\u00e9n\u00e9rateur de codes-barres en ligne<\/a><\/li>\n<\/ul>\n<\/div>\n","protected":false},"excerpt":{"rendered":"<p>Mod\u00e8les d\u2019\u00e9tiquettes pour aliments T\u00e9l\u00e9chargez des exemples de mod\u00e8les d\u2019\u00e9tiquettes pour aliments &nbsp; Vous pouvez cr\u00e9er des \u00e9tiquettes pour aliments pour votre commerce ou juste pour vendre vos produits fait-maison. Dans tous les cas vous devez respecter les lois locales et de votre pays concernant l\u2019\u00e9tiquetage des aliments et les indications de l\u2019Agence f\u00e9d\u00e9rale am\u00e9ricaine &#8230; <a title=\"Aliments\" class=\"read-more\" href=\"https:\/\/www.labeljoy.com\/fr\/modeles\/etiquettes-aliments\/\" aria-label=\"En savoir plus sur Aliments\">Read more<\/a><\/p>\n","protected":false},"author":1,"featured_media":0,"parent":2788,"menu_order":0,"comment_status":"closed","ping_status":"closed","template":"","meta":{"inline_featured_image":false,"_monsterinsights_skip_tracking":false,"_monsterinsights_sitenote_active":false,"_monsterinsights_sitenote_note":"","_monsterinsights_sitenote_category":0,"footnotes":""},"class_list":{"0":"post-2826","1":"page","2":"type-page","3":"status-publish","5":"infinite-scroll-item"},"aioseo_notices":[],"_links":{"self":[{"href":"https:\/\/www.labeljoy.com\/fr\/wp-json\/wp\/v2\/pages\/2826","targetHints":{"allow":["GET"]}}],"collection":[{"href":"https:\/\/www.labeljoy.com\/fr\/wp-json\/wp\/v2\/pages"}],"about":[{"href":"https:\/\/www.labeljoy.com\/fr\/wp-json\/wp\/v2\/types\/page"}],"author":[{"embeddable":true,"href":"https:\/\/www.labeljoy.com\/fr\/wp-json\/wp\/v2\/users\/1"}],"replies":[{"embeddable":true,"href":"https:\/\/www.labeljoy.com\/fr\/wp-json\/wp\/v2\/comments?post=2826"}],"version-history":[{"count":18,"href":"https:\/\/www.labeljoy.com\/fr\/wp-json\/wp\/v2\/pages\/2826\/revisions"}],"predecessor-version":[{"id":41024,"href":"https:\/\/www.labeljoy.com\/fr\/wp-json\/wp\/v2\/pages\/2826\/revisions\/41024"}],"up":[{"embeddable":true,"href":"https:\/\/www.labeljoy.com\/fr\/wp-json\/wp\/v2\/pages\/2788"}],"wp:attachment":[{"href":"https:\/\/www.labeljoy.com\/fr\/wp-json\/wp\/v2\/media?parent=2826"}],"curies":[{"name":"wp","href":"https:\/\/api.w.org\/{rel}","templated":true}]}}