{"id":2828,"date":"2012-07-18T09:43:03","date_gmt":"2012-07-18T09:43:03","guid":{"rendered":"http:\/\/www.labeljoy.com\/modeles\/design-your-own-labels\/"},"modified":"2020-12-22T17:53:09","modified_gmt":"2020-12-22T17:53:09","slug":"etiquettes-produits","status":"publish","type":"page","link":"https:\/\/www.labeljoy.com\/fr\/modeles\/etiquettes-produits\/","title":{"rendered":"\u00c9tiquettes pour produits"},"content":{"rendered":"<h1>Cr\u00e9ez vos propres \u00e9tiquettes pour produits<\/h1>\n<h2>Etiquetage de produits\u00a0: Cr\u00e9ez et imprimez des \u00e9tiquettes personnalis\u00e9es et professionnelles<\/h2>\n<p>Cr\u00e9ez et utilisez <strong>nos \u00e9tiquettes personnalisables<\/strong>. Etiquettes de haute qualit\u00e9, personnalisables et modifiables \u2013 seulement avec le logiciel d\u2019\u00e9tiquetage Labeljoy. Commencez avec votre travail artistique, ou <a title=\"labeljoy Presentation\" href=\"http:\/\/www.labeljoy.com\/fr\/video-assistance\/presentation-logiciel\/\">chargez votre logo<\/a>, image, texte, <a title=\"bases de donn\u00e9es\" href=\"http:\/\/www.labeljoy.com\/fr\/video-assistance\/connecter-sources-externes\/\">bases de donn\u00e9es<\/a>\u00a0&#8211; c\u2019est tr\u00e8s facile gr\u00e2ce \u00e0 l\u2019interface WYSIWYG.<\/p>\n<p>Avec Labeljoy vous pouvez imprimer des grandes ou des petites quantit\u00e9s d\u2019\u00e9tiquettes pour <em>un usage commercial ou maison<\/em>. Nous offrons plusieurs mod\u00e8les personnalisables con\u00e7us pour diff\u00e9rentes raisons. Avec notre outils de conception, <strong>cr\u00e9ez et imprimez vos \u00e9tiquettes est facile\u00a0<\/strong>: vous pouvez choisir entre une vari\u00e9t\u00e9 de mod\u00e8les ou cr\u00e9ez le v\u00f4tre. Nous proposons une vaste gamme de mod\u00e8les que vous pouvez modifier ou vous pouvez commencer \u00e0 cr\u00e9er le votre.<\/p>\n<p>&nbsp;<\/p>\n<h2>Etiquettes Totalement Personnalisables pr\u00eats pour \u00eatre imprim\u00e9es<\/h2>\n<p>Labeljoy vous permet d\u2019imprimer vos \u00e9tiquettes pour produits en ajoutant ce que vous voulez:<\/p>\n<div class=\"one_third\">\n<ul>\n<li>images<\/li>\n<li>textes<\/li>\n<li><a title=\"Generatour codes-barres\" href=\"http:\/\/www.labeljoy.com\/fr\/video-assistance\/generer-codes-barres-qrcodes\/\">codes-barres<\/a><\/li>\n<\/ul>\n<\/div>\n<div class=\"one_third\">\n<ul>\n<li><a title=\"Generer codes QR\" href=\"http:\/\/www.labeljoy.com\/fr\/video-assistance\/generer-codes-barres-qrcodes\/\">codes QR<\/a><\/li>\n<li><a title=\"donn\u00e9es de bases de donn\u00e9es externes\" href=\"http:\/\/www.labeljoy.com\/fr\/video-assistance\/connecter-sources-externes\/\">donn\u00e9es de bases de donn\u00e9es externes<\/a><\/li>\n<li>effets graphiques<\/li>\n<\/ul>\n<\/div>\n<div class=\"one_third\">\n<\/div>\n<div class=\"column-clear\"><\/div>\n<p>Etiquettes colori\u00e9es imprim\u00e9es avec une imprimante standard ou \u00e0 <a title=\"rouleau\" href=\"http:\/\/www.labeljoy.com\/fr\/video-assistance\/imprimer-imprimante-rouleau\/\">rouleau<\/a>, grande quantit\u00e9: aucun probl\u00e8me!<\/p>\n<p><strong>Cr\u00e9ez une image \u00e9l\u00e9gante avec des \u00e9tiquettes sur du papier luisant. <strong>Cr\u00e9ez vos propres \u00e9tiquettes<\/strong>!<\/strong><\/p>\n<div class=\"one_third\"> <div class=\"img-frame full-fourth\"><div class=\"lightbox-zoom\"><a title=\"Mod\u00e8le d&#039;\u00e9tiquette de produit\" href=\"http:\/\/www.labeljoy.com\/label-templates\/product\/product1b.jpg\" data-gal=\"prettyPhoto[Etiquettes pour produits]\" class=\"hover-item\"><img decoding=\"async\" width=\"197\" height=\"133\" alt=\"Mod\u00e8le d&#039;\u00e9tiquette de produit\" src=\"https:\/\/www.labeljoy.com\/wp-content\/plugins\/sterling-shortcodes\/\/timthumb\/timthumb.php?src=http:\/\/www.labeljoy.com\/label-templates\/product\/product1s.jpg&#038;h=133&#038;w=197\"><\/a><\/div><\/div>\n<p style=\"text-align: center\"><a href=\"http:\/\/www.labeljoy.com\/label-templates\/product\/product1.lpa\" class=\"small white tt-button\" target=\"_self\"> T\u00e9l\u00e9charger<\/a>\n<\/div>\n<div class=\"one_third\"> <div class=\"img-frame full-fourth\"><div class=\"lightbox-zoom\"><a title=\"\u00c9tiquette de miel\" href=\"http:\/\/www.labeljoy.com\/label-templates\/product\/product2b.jpg\" data-gal=\"prettyPhoto[Etiquettes pour produits]\" class=\"hover-item\"><img decoding=\"async\" width=\"197\" height=\"133\" alt=\"\u00c9tiquette de miel\" src=\"https:\/\/www.labeljoy.com\/wp-content\/plugins\/sterling-shortcodes\/\/timthumb\/timthumb.php?src=http:\/\/www.labeljoy.com\/label-templates\/product\/product2s.jpg&#038;h=133&#038;w=197\"><\/a><\/div><\/div>\n<p style=\"text-align: center\"><a href=\"http:\/\/www.labeljoy.com\/label-templates\/product\/product2.lpa\" class=\"small white tt-button\" target=\"_self\"> T\u00e9l\u00e9charger<\/a>\n<\/div>\n<div class=\"one_third\"> <div class=\"img-frame full-fourth\"><div class=\"lightbox-zoom\"><a title=\"\u00e9tiquettes iPhone\" href=\"http:\/\/www.labeljoy.com\/label-templates\/product\/product3b.jpg\" data-gal=\"prettyPhoto[Etiquettes pour produits]\" class=\"hover-item\"><img decoding=\"async\" width=\"197\" height=\"133\" alt=\"\u00e9tiquettes iPhone\" src=\"https:\/\/www.labeljoy.com\/wp-content\/plugins\/sterling-shortcodes\/\/timthumb\/timthumb.php?src=http:\/\/www.labeljoy.com\/label-templates\/product\/product3s.jpg&#038;h=133&#038;w=197\"><\/a><\/div><\/div>\n<p style=\"text-align: center\"><a href=\"http:\/\/www.labeljoy.com\/label-templates\/product\/product3.lpa\" class=\"small white tt-button\" target=\"_self\"> T\u00e9l\u00e9charger<\/a>\n<\/div>\n<div class=\"hr hr-dotted\">&nbsp;<\/div>\n<div class=\"one_third\"> <div class=\"img-frame full-fourth\"><div class=\"lightbox-zoom\"><a title=\"Les \u00e9tiquettes des produits\" href=\"http:\/\/www.labeljoy.com\/label-templates\/product\/product4b.jpg\" data-gal=\"prettyPhoto[Etiquettes pour produits]\" class=\"hover-item\"><img decoding=\"async\" width=\"197\" height=\"133\" alt=\"Les \u00e9tiquettes des produits\" src=\"https:\/\/www.labeljoy.com\/wp-content\/plugins\/sterling-shortcodes\/\/timthumb\/timthumb.php?src=http:\/\/www.labeljoy.com\/label-templates\/product\/product4s.jpg&#038;h=133&#038;w=197\"><\/a><\/div><\/div>\n<p style=\"text-align: center\"><a href=\"http:\/\/www.labeljoy.com\/label-templates\/product\/product4.lpa\" class=\"small white tt-button\" target=\"_self\"> T\u00e9l\u00e9charger\u00a0<\/a>\n<\/div>\n<div class=\"one_third\"> <div class=\"img-frame full-fourth\"><div class=\"lightbox-zoom\"><a title=\"L&#039;\u00e9tiquette du produit avec code \u00e0 barres\" href=\"http:\/\/www.labeljoy.com\/label-templates\/product\/product5b.jpg\" data-gal=\"prettyPhoto[Etiquettes pour produits]\" class=\"hover-item\"><img decoding=\"async\" width=\"197\" height=\"133\" alt=\"L&#039;\u00e9tiquette du produit avec code \u00e0 barres\" src=\"https:\/\/www.labeljoy.com\/wp-content\/plugins\/sterling-shortcodes\/\/timthumb\/timthumb.php?src=http:\/\/www.labeljoy.com\/label-templates\/product\/product5s.jpg&#038;h=133&#038;w=197\"><\/a><\/div><\/div>\n<p style=\"text-align: center\"><a href=\"http:\/\/www.labeljoy.com\/label-templates\/product\/product5.lpa\" class=\"small white tt-button\" target=\"_self\"> T\u00e9l\u00e9charger\u00a0<\/a>\n<\/div>\n<div class=\"one_third\"> <div class=\"img-frame full-fourth\"><div class=\"lightbox-zoom\"><a title=\"Discount label\" href=\"http:\/\/www.labeljoy.com\/label-templates\/product\/product6b.jpg\" data-gal=\"prettyPhoto[Etiquettes pour produits]\" class=\"hover-item\"><img decoding=\"async\" width=\"197\" height=\"133\" alt=\"Discount label\" src=\"https:\/\/www.labeljoy.com\/wp-content\/plugins\/sterling-shortcodes\/\/timthumb\/timthumb.php?src=http:\/\/www.labeljoy.com\/label-templates\/product\/product6s.jpg&#038;h=133&#038;w=197\"><\/a><\/div><\/div>\n<p style=\"text-align: center\"><a href=\"http:\/\/www.labeljoy.com\/label-templates\/product\/product6.lpa\" class=\"small white tt-button\" target=\"_self\"> T\u00e9l\u00e9charger<\/a>\n<\/div>\n<div class=\"hr hr-dotted\">&nbsp;<\/div>\n<div class=\"one_third\"> <div class=\"img-frame full-fourth\"><div class=\"lightbox-zoom\"><a title=\"\u00c9tiquette du produit Palette\" href=\"http:\/\/www.labeljoy.com\/label-templates\/product\/product7b.jpg\" data-gal=\"prettyPhoto[Etiquettes pour produits]\" class=\"hover-item\"><img decoding=\"async\" width=\"197\" height=\"133\" alt=\"\u00c9tiquette du produit Palette\" src=\"https:\/\/www.labeljoy.com\/wp-content\/plugins\/sterling-shortcodes\/\/timthumb\/timthumb.php?src=http:\/\/www.labeljoy.com\/label-templates\/product\/product7s.jpg&#038;h=133&#038;w=197\"><\/a><\/div><\/div>\n<p style=\"text-align: center\"><a href=\"http:\/\/www.labeljoy.com\/label-templates\/product\/product7.lpa\" class=\"small white tt-button\" target=\"_self\"> T\u00e9l\u00e9charger<\/a>\n<\/div>\n<div class=\"hr hr-dotted\">&nbsp;<\/div>\n<div class=\"one_half\">\n<p style=\"text-align: right\"><a href=\"\/fr\/achat\/\" class=\"large blue tt-button\" target=\"\"> Acheter le Logiciel\u00a0<\/a>\n<\/p>\n<\/div>\n<div class=\"one_half\">\n<p style=\"text-align: left\">ou &nbsp;&nbsp;&nbsp;&nbsp; <a href=\"\/fr\/download-fr\/\" class=\"large green tt-button\" target=\"\"> T\u00e9l\u00e9charger Maintenant <\/a>\n<\/p>\n<\/div>\n","protected":false},"excerpt":{"rendered":"<p>Cr\u00e9ez vos propres \u00e9tiquettes pour produits Etiquetage de produits\u00a0: Cr\u00e9ez et imprimez des \u00e9tiquettes personnalis\u00e9es et professionnelles Cr\u00e9ez et utilisez nos \u00e9tiquettes personnalisables. Etiquettes de haute qualit\u00e9, personnalisables et modifiables \u2013 seulement avec le logiciel d\u2019\u00e9tiquetage Labeljoy. Commencez avec votre travail artistique, ou chargez votre logo, image, texte, bases de donn\u00e9es\u00a0&#8211; c\u2019est tr\u00e8s facile gr\u00e2ce &#8230; <a title=\"\u00c9tiquettes pour produits\" class=\"read-more\" href=\"https:\/\/www.labeljoy.com\/fr\/modeles\/etiquettes-produits\/\" aria-label=\"En savoir plus sur \u00c9tiquettes pour produits\">Read more<\/a><\/p>\n","protected":false},"author":1,"featured_media":0,"parent":2788,"menu_order":0,"comment_status":"open","ping_status":"closed","template":"page-template-left-sidebar.php","meta":{"inline_featured_image":false,"_monsterinsights_skip_tracking":false,"_monsterinsights_sitenote_active":false,"_monsterinsights_sitenote_note":"","_monsterinsights_sitenote_category":0,"footnotes":""},"class_list":{"0":"post-2828","1":"page","2":"type-page","3":"status-publish","5":"infinite-scroll-item"},"aioseo_notices":[],"_links":{"self":[{"href":"https:\/\/www.labeljoy.com\/fr\/wp-json\/wp\/v2\/pages\/2828","targetHints":{"allow":["GET"]}}],"collection":[{"href":"https:\/\/www.labeljoy.com\/fr\/wp-json\/wp\/v2\/pages"}],"about":[{"href":"https:\/\/www.labeljoy.com\/fr\/wp-json\/wp\/v2\/types\/page"}],"author":[{"embeddable":true,"href":"https:\/\/www.labeljoy.com\/fr\/wp-json\/wp\/v2\/users\/1"}],"replies":[{"embeddable":true,"href":"https:\/\/www.labeljoy.com\/fr\/wp-json\/wp\/v2\/comments?post=2828"}],"version-history":[{"count":22,"href":"https:\/\/www.labeljoy.com\/fr\/wp-json\/wp\/v2\/pages\/2828\/revisions"}],"predecessor-version":[{"id":35022,"href":"https:\/\/www.labeljoy.com\/fr\/wp-json\/wp\/v2\/pages\/2828\/revisions\/35022"}],"up":[{"embeddable":true,"href":"https:\/\/www.labeljoy.com\/fr\/wp-json\/wp\/v2\/pages\/2788"}],"wp:attachment":[{"href":"https:\/\/www.labeljoy.com\/fr\/wp-json\/wp\/v2\/media?parent=2828"}],"curies":[{"name":"wp","href":"https:\/\/api.w.org\/{rel}","templated":true}]}}