{"id":2862,"date":"2012-07-18T09:39:11","date_gmt":"2012-07-18T09:39:11","guid":{"rendered":"http:\/\/www.labeljoy.com\/modeles\/warning-labels\/"},"modified":"2020-12-28T13:37:52","modified_gmt":"2020-12-28T13:37:52","slug":"etiquettes-avertissement","status":"publish","type":"page","link":"https:\/\/www.labeljoy.com\/fr\/modeles\/etiquettes-avertissement\/","title":{"rendered":"Mod\u00e8les d&rsquo;avertissements"},"content":{"rendered":"<h1>Mod\u00e8les d\u2019\u00e9tiquettes d\u2019avertissements<\/h1>\n<h2>Cr\u00e9ez des \u00e9tiquettes pour produits chimiques personnalis\u00e9es et professionnelles<\/h2>\n<p>L\u2019Equipe de Labeljoy a d\u00e9velopp\u00e9 des mod\u00e8les de toutes les formes et dimensions utilisables pour <strong>imprimer des \u00e9tiquettes d\u2019avertissement<\/strong>.<\/p>\n<p>Les <strong>mod\u00e8les d\u2019\u00e9tiquettes d\u2019avertissement<\/strong> peuvent \u00eatre personnalis\u00e9s pour inclure les informations de contact de votre soci\u00e9t\u00e9, votre logo et les num\u00e9ro d\u2019appel d\u2019urgence ou tout ce dont vous avez besoin. <a title=\"presentation logiciel\" href=\"http:\/\/www.labeljoy.com\/fr\/video-assistance\/presentation-logiciel\/\">Les textes, les images, les logos<\/a>\u00a0peuvent \u00eatre redimensionn\u00e9s ou modifi\u00e9s pour mettre en \u00e9vidence les contenus les plus importants pour vos objectifs<\/p>\n<h3>Etiquettes pour produits chimiques &#8211; etiquettes de risque &#8211; etiquettes d\u2019Avertissement<\/h3>\n<p>Labeljoy offre une gamme compl\u00e8te de solutions pour l\u2019impression de codes-barres pour <em>l\u2019\u00e9tiquetage de produits chimiques, les \u00e9tiquettes de signalisation des risques <\/em>et <em>les \u00e9tiquettes d\u2019avertissement<\/em>.<\/p>\n<p>Vous pouvez ajouter <a title=\"20 codes-barres\" href=\"http:\/\/www.labeljoy.com\/fr\/assistance\/guide-codes-barres\/\">20 symbologies diff\u00e9rentes de codes-barres<\/a>\u00a0dont les <a title=\"codes-barres 2D QR Code\" href=\"http:\/\/www.labeljoy.com\/fr\/assistance\/guide-codes-qr\/\">codes-barres 2D<\/a>\u00a0comme les Codes QR et les DataMatrix afin d\u2019am\u00e9liorer votre organisation et votre syst\u00e8me de gestion.<\/p>\n<p>Une gamme de mod\u00e8les d\u2019\u00e9tiquettes d\u2019avertissement a \u00e9t\u00e9 con\u00e7ue pour vos besoins. Veuillez noter que vous pouvez importer des donn\u00e9es contenues dans des bases de <a title=\"donn\u00e9es externes\" href=\"http:\/\/www.labeljoy.com\/fr\/video-assistance\/connecter-sources-externes\/\">donn\u00e9es externes<\/a>\u00a0pour simplifier le travail de saisie de donn\u00e9es.<\/p>\n<p><strong>Imprimez vos propres \u00e9tiquettes de signalisation<\/strong> et <strong>les \u00e9tiquettes pour la s\u00e9curit\u00e9<\/strong> su vos imprimantes laser, \u00e0 jet d\u2019encre ou \u00e0 rouleau sur <strong>les types de papier que vous pr\u00e9f\u00e9rez<\/strong>, m\u00eame les papiers adh\u00e9sifs.<\/p>\n<p>Veuillez noter que bient\u00f4t nous mettrons \u00e0 jour cette page pour inclure plus d\u2019\u00e9tiquettes utilisables pour vos avertissements et les probl\u00e8mes de s\u00e9curit\u00e9.<\/p>\n<div class=\"one_third\"> <div class=\"img-frame full-fourth\"><div class=\"lightbox-zoom\"><a title=\"Les \u00e9tiquettes d&#039;avertissement\" href=\"http:\/\/www.labeljoy.com\/label-templates\/warning\/warning1b.jpg\" data-gal=\"prettyPhoto[avertissement]\" class=\"hover-item\"><img decoding=\"async\" width=\"197\" height=\"133\" alt=\"Les \u00e9tiquettes d&#039;avertissement\" src=\"https:\/\/www.labeljoy.com\/wp-content\/plugins\/sterling-shortcodes\/\/timthumb\/timthumb.php?src=http:\/\/www.labeljoy.com\/label-templates\/warning\/warning1s.jpg&#038;h=133&#038;w=197\"><\/a><\/div><\/div>\n<p style=\"text-align: center\"><a href=\"http:\/\/www.labeljoy.com\/label-templates\/warning\/warning1.lpa\" class=\"small white tt-button\" target=\"_self\"> T\u00e9l\u00e9charger<\/a>\n<\/div>\n<div class=\"one_third\"> <div class=\"img-frame full-fourth\"><div class=\"lightbox-zoom\"><a title=\"Les \u00e9tiquettes de danger\" href=\"http:\/\/www.labeljoy.com\/label-templates\/warning\/warning2b.jpg\" data-gal=\"prettyPhoto[avertissement]\" class=\"hover-item\"><img decoding=\"async\" width=\"197\" height=\"133\" alt=\"Les \u00e9tiquettes de danger\" src=\"https:\/\/www.labeljoy.com\/wp-content\/plugins\/sterling-shortcodes\/\/timthumb\/timthumb.php?src=http:\/\/www.labeljoy.com\/label-templates\/warning\/warning2s.jpg&#038;h=133&#038;w=197\"><\/a><\/div><\/div>\n<p style=\"text-align: center\"><a href=\"http:\/\/www.labeljoy.com\/label-templates\/warning\/warning2.lpa\" class=\"small white tt-button\" target=\"_self\"> T\u00e9l\u00e9charger<\/a>\n<\/div>\n<div class=\"one_third\"> <div class=\"img-frame full-fourth\"><div class=\"lightbox-zoom\"><a title=\"\u00c9tiquettes de mise en garde\" href=\"http:\/\/www.labeljoy.com\/label-templates\/warning\/warning3b.jpg\" data-gal=\"prettyPhoto[avertissement]\" class=\"hover-item\"><img decoding=\"async\" width=\"197\" height=\"133\" alt=\"\u00c9tiquettes de mise en garde\" src=\"https:\/\/www.labeljoy.com\/wp-content\/plugins\/sterling-shortcodes\/\/timthumb\/timthumb.php?src=http:\/\/www.labeljoy.com\/label-templates\/warning\/warning3s.jpg&#038;h=133&#038;w=197\"><\/a><\/div><\/div>\n<p style=\"text-align: center\"><a href=\"http:\/\/www.labeljoy.com\/label-templates\/warning\/warning3.lpa\" class=\"small white tt-button\" target=\"_self\"> T\u00e9l\u00e9charger<\/a>\n<\/div>\n<div class=\"hr hr-dotted\">&nbsp;<\/div>\n<div class=\"one_half\">\n<p style=\"text-align: right\"><a href=\"\/fr\/achat\/\" class=\"large blue tt-button\" target=\"\"> Acheter le Logiciel\u00a0<\/a>\n<\/p>\n<\/div>\n<div class=\"one_half\">\n<p style=\"text-align: left\">ou &nbsp;&nbsp;&nbsp;&nbsp; <a href=\"\/fr\/download-fr\/\" class=\"large green tt-button\" target=\"\"> T\u00e9l\u00e9charger Maintenant <\/a>\n<\/p>\n<\/div>\n","protected":false},"excerpt":{"rendered":"<p>Mod\u00e8les d\u2019\u00e9tiquettes d\u2019avertissements Cr\u00e9ez des \u00e9tiquettes pour produits chimiques personnalis\u00e9es et professionnelles L\u2019Equipe de Labeljoy a d\u00e9velopp\u00e9 des mod\u00e8les de toutes les formes et dimensions utilisables pour imprimer des \u00e9tiquettes d\u2019avertissement. Les mod\u00e8les d\u2019\u00e9tiquettes d\u2019avertissement peuvent \u00eatre personnalis\u00e9s pour inclure les informations de contact de votre soci\u00e9t\u00e9, votre logo et les num\u00e9ro d\u2019appel d\u2019urgence ou &#8230; <a title=\"Mod\u00e8les d&rsquo;avertissements\" class=\"read-more\" href=\"https:\/\/www.labeljoy.com\/fr\/modeles\/etiquettes-avertissement\/\" aria-label=\"En savoir plus sur Mod\u00e8les d&rsquo;avertissements\">Read more<\/a><\/p>\n","protected":false},"author":1,"featured_media":0,"parent":2788,"menu_order":18,"comment_status":"open","ping_status":"closed","template":"page-template-left-sidebar.php","meta":{"inline_featured_image":false,"_monsterinsights_skip_tracking":false,"_monsterinsights_sitenote_active":false,"_monsterinsights_sitenote_note":"","_monsterinsights_sitenote_category":0,"footnotes":""},"class_list":{"0":"post-2862","1":"page","2":"type-page","3":"status-publish","5":"infinite-scroll-item"},"aioseo_notices":[],"_links":{"self":[{"href":"https:\/\/www.labeljoy.com\/fr\/wp-json\/wp\/v2\/pages\/2862","targetHints":{"allow":["GET"]}}],"collection":[{"href":"https:\/\/www.labeljoy.com\/fr\/wp-json\/wp\/v2\/pages"}],"about":[{"href":"https:\/\/www.labeljoy.com\/fr\/wp-json\/wp\/v2\/types\/page"}],"author":[{"embeddable":true,"href":"https:\/\/www.labeljoy.com\/fr\/wp-json\/wp\/v2\/users\/1"}],"replies":[{"embeddable":true,"href":"https:\/\/www.labeljoy.com\/fr\/wp-json\/wp\/v2\/comments?post=2862"}],"version-history":[{"count":23,"href":"https:\/\/www.labeljoy.com\/fr\/wp-json\/wp\/v2\/pages\/2862\/revisions"}],"predecessor-version":[{"id":35053,"href":"https:\/\/www.labeljoy.com\/fr\/wp-json\/wp\/v2\/pages\/2862\/revisions\/35053"}],"up":[{"embeddable":true,"href":"https:\/\/www.labeljoy.com\/fr\/wp-json\/wp\/v2\/pages\/2788"}],"wp:attachment":[{"href":"https:\/\/www.labeljoy.com\/fr\/wp-json\/wp\/v2\/media?parent=2862"}],"curies":[{"name":"wp","href":"https:\/\/api.w.org\/{rel}","templated":true}]}}