{"id":2864,"date":"2012-07-18T09:38:39","date_gmt":"2012-07-18T09:38:39","guid":{"rendered":"http:\/\/www.labeljoy.com\/modeles\/automotive-label\/"},"modified":"2020-12-22T18:48:23","modified_gmt":"2020-12-22T18:48:23","slug":"etiquettes-industrie-automobile","status":"publish","type":"page","link":"https:\/\/www.labeljoy.com\/fr\/modeles\/etiquettes-industrie-automobile\/","title":{"rendered":"Industrie de l\u2019automobile"},"content":{"rendered":"<h1>\u00c9tiquettes pour l\u2019industrie de l\u2019automobile<\/h1>\n<h2>Cr\u00e9ez des \u00e9tiquettes pour l\u2019industrie de l\u2019automobile personnalis\u00e9es et professionnelles<\/h2>\n<p>Avec Labeljoy il est possible de cr\u00e9er et personnaliser vos <strong>\u00e9tiquettes pour l\u2019industrie de l\u2019automobile<\/strong> en ajoutant des textes, images et codes barres.<\/p>\n<p>Labeljoy permet de g\u00e9n\u00e9rer <a title=\"20 codes-barres\" href=\"http:\/\/www.labeljoy.com\/fr\/assistance\/guide-codes-barres\/\">20 codes-barres diff\u00e9rents<\/a>\u00a0pour <strong>imprimer des \u00e9tiquettes pour l\u2019industrie de l\u2019automobile personnalis\u00e9es et professionnelles<\/strong>. Les codes-barres ajoutent de la pr\u00e9cision, rapidit\u00e9 et fiabilit\u00e9 aux besoins dans une cha\u00eene d&rsquo;approvisionnement.<\/p>\n<p>Vous pouvez imprimer nos mod\u00e8les pour l\u2019industrie de l\u2019automobile sur des papiers qui r\u00e9sistent aux huiles et aux graisses. L\u2019automation de Labeljoy et <em>les applications d\u2019impression d\u2019\u00e9tiquettes personnalis\u00e9es<\/em> aident \u00e0 automatiser les activit\u00e9s et les op\u00e9rations de gestion des mat\u00e9riaux dans les cha\u00eenes d&rsquo;approvisionnement, et peuvent fournir un syst\u00e8me d\u2019identification permanent des pi\u00e8ces et des composants avec les codes-barres.<\/p>\n<div class=\"one_third\"> <div class=\"img-frame full-fourth\"><div class=\"lightbox-zoom\"><a title=\"\u00e9tiquette automobile\" href=\"http:\/\/www.labeljoy.com\/label-templates\/automotive\/automotive1b.jpg\" data-gal=\"prettyPhoto[industrie automobile]\" class=\"hover-item\"><img decoding=\"async\" width=\"197\" height=\"133\" alt=\"\u00e9tiquette automobile\" src=\"https:\/\/www.labeljoy.com\/wp-content\/plugins\/sterling-shortcodes\/\/timthumb\/timthumb.php?src=http:\/\/www.labeljoy.com\/label-templates\/automotive\/automotive1s.jpg&#038;h=133&#038;w=197\"><\/a><\/div><\/div>\n<p style=\"text-align: center\"><a href=\"http:\/\/www.labeljoy.com\/label-templates\/automotive\/automotive1.lpa\" class=\"small white tt-button\" target=\"_self\"> T\u00e9l\u00e9charger<\/a>\n<\/div>\n<div class=\"one_third\"> <div class=\"img-frame full-fourth\"><div class=\"lightbox-zoom\"><a title=\"Mod\u00e8le d&#039;\u00e9tiquette de danger\" href=\"http:\/\/www.labeljoy.com\/label-templates\/automotive\/automotive2b.jpg\" data-gal=\"prettyPhoto[industrie automobile]\" class=\"hover-item\"><img decoding=\"async\" width=\"197\" height=\"133\" alt=\"Mod\u00e8le d&#039;\u00e9tiquette de danger\" src=\"https:\/\/www.labeljoy.com\/wp-content\/plugins\/sterling-shortcodes\/\/timthumb\/timthumb.php?src=http:\/\/www.labeljoy.com\/label-templates\/automotive\/automotive2s.jpg&#038;h=133&#038;w=197\"><\/a><\/div><\/div>\n<p style=\"text-align: center\"><a href=\"http:\/\/www.labeljoy.com\/label-templates\/automotive\/automotive2.lpa\" class=\"small white tt-button\" target=\"_self\"> T\u00e9l\u00e9charger<\/a>\n<\/div>\n<div class=\"one_third\">\n<\/div>\n<div class=\"hr hr-dotted\">&nbsp;<\/div>\n<div class=\"one_half\">\n<p style=\"text-align: right\"><a href=\"\/fr\/achat\/\" class=\"large blue tt-button\" target=\"\"> Acheter le Logiciel\u00a0<\/a>\n<\/p>\n<\/div>\n<div class=\"one_half\">\n<p style=\"text-align: left\">ou &nbsp;&nbsp;&nbsp;&nbsp; <a href=\"\/fr\/download-fr\/\" class=\"large green tt-button\" target=\"\"> T\u00e9l\u00e9charger Maintenant <\/a>\n<\/p>\n<\/div>\n","protected":false},"excerpt":{"rendered":"<p>\u00c9tiquettes pour l\u2019industrie de l\u2019automobile Cr\u00e9ez des \u00e9tiquettes pour l\u2019industrie de l\u2019automobile personnalis\u00e9es et professionnelles Avec Labeljoy il est possible de cr\u00e9er et personnaliser vos \u00e9tiquettes pour l\u2019industrie de l\u2019automobile en ajoutant des textes, images et codes barres. Labeljoy permet de g\u00e9n\u00e9rer 20 codes-barres diff\u00e9rents\u00a0pour imprimer des \u00e9tiquettes pour l\u2019industrie de l\u2019automobile personnalis\u00e9es et professionnelles. &#8230; <a title=\"Industrie de l\u2019automobile\" class=\"read-more\" href=\"https:\/\/www.labeljoy.com\/fr\/modeles\/etiquettes-industrie-automobile\/\" aria-label=\"En savoir plus sur Industrie de l\u2019automobile\">Read more<\/a><\/p>\n","protected":false},"author":1,"featured_media":0,"parent":2788,"menu_order":0,"comment_status":"open","ping_status":"closed","template":"page-template-left-sidebar.php","meta":{"inline_featured_image":false,"_monsterinsights_skip_tracking":false,"_monsterinsights_sitenote_active":false,"_monsterinsights_sitenote_note":"","_monsterinsights_sitenote_category":0,"footnotes":""},"class_list":{"0":"post-2864","1":"page","2":"type-page","3":"status-publish","5":"infinite-scroll-item"},"aioseo_notices":[],"_links":{"self":[{"href":"https:\/\/www.labeljoy.com\/fr\/wp-json\/wp\/v2\/pages\/2864","targetHints":{"allow":["GET"]}}],"collection":[{"href":"https:\/\/www.labeljoy.com\/fr\/wp-json\/wp\/v2\/pages"}],"about":[{"href":"https:\/\/www.labeljoy.com\/fr\/wp-json\/wp\/v2\/types\/page"}],"author":[{"embeddable":true,"href":"https:\/\/www.labeljoy.com\/fr\/wp-json\/wp\/v2\/users\/1"}],"replies":[{"embeddable":true,"href":"https:\/\/www.labeljoy.com\/fr\/wp-json\/wp\/v2\/comments?post=2864"}],"version-history":[{"count":18,"href":"https:\/\/www.labeljoy.com\/fr\/wp-json\/wp\/v2\/pages\/2864\/revisions"}],"predecessor-version":[{"id":35035,"href":"https:\/\/www.labeljoy.com\/fr\/wp-json\/wp\/v2\/pages\/2864\/revisions\/35035"}],"up":[{"embeddable":true,"href":"https:\/\/www.labeljoy.com\/fr\/wp-json\/wp\/v2\/pages\/2788"}],"wp:attachment":[{"href":"https:\/\/www.labeljoy.com\/fr\/wp-json\/wp\/v2\/media?parent=2864"}],"curies":[{"name":"wp","href":"https:\/\/api.w.org\/{rel}","templated":true}]}}