{"id":2866,"date":"2012-07-18T09:37:54","date_gmt":"2012-07-18T09:37:54","guid":{"rendered":"http:\/\/www.labeljoy.com\/modeles\/cd-label\/"},"modified":"2020-12-24T15:11:49","modified_gmt":"2020-12-24T15:11:49","slug":"etiquettes-cd","status":"publish","type":"page","link":"https:\/\/www.labeljoy.com\/fr\/modeles\/etiquettes-cd\/","title":{"rendered":"CD, DVD, Blue Ray"},"content":{"rendered":"<h1>Mod\u00e8les d\u2019\u00e9tiquettes pour CD<\/h1>\n<h2>Cr\u00e9ez des \u00e9tiquettes personnalis\u00e9es pour CD, DVD et Blu-ray avec Labeljoy<\/h2>\n<p>Ici vous pouvez t\u00e9l\u00e9charger les <em>mod\u00e8les d\u2019\u00e9tiquettes pour Cd <\/em>\u00a0et\/ou <em>pour DVD<\/em> utilisables pour organiser votre collection ou vendre vos CD.<\/p>\n<p><strong>Les mod\u00e8les pour CD<\/strong> cr\u00e9\u00e9s avec Labeljoy peuvent etre imprim\u00e9s avec des imprimantes laser, \u00e0 jet d\u2019encre et \u00e0 rouleau. Nous offrons un collection compl\u00e8te de mises en page pour CD et DVD pr\u00e9install\u00e9es dans le logiciel fait par les marques comme Neato\u00ae, Stomper\u00ae, Avery\u00ae, Memeorex\u00ae et d\u2019autres.<\/p>\n<h2>Cr\u00e9ateur d\u2019\u00e9tiquettes pour DVD et CD<\/h2>\n<p>Labeljoy est un logiciel d\u2019\u00e9tiquetage pour CD audio, DVD et Blu-ray qui aide \u00e0 cr\u00e9er et imprimer les \u00e9tiquettes pour CD\/DVD, les pochettes et les boites. Il fournit des mod\u00e8les d\u2019\u00e9tiquettes pour CD personnalisables et des mod\u00e8les d\u2019\u00e9tiquettes pour DVD\/Blu-ray afin que tous les types d\u2019\u00e9tiquettes soient compatibles. <a title=\"Importe donn\u00e9es des bases de donn\u00e9es externes\" href=\"http:\/\/www.labeljoy.com\/fr\/video-assistance\/connecter-sources-externes\/\">Importe automatiquement les donn\u00e9es contenues dans des bases de donn\u00e9es externes<\/a>, par exemple vous pouvez importer les informations sur votre album de fichier Excel ou de texte. Vous pouvez <a title=\"logiciel images\" href=\"http:\/\/www.labeljoy.com\/fr\/video-assistance\/presentation-logiciel\/\">ajouter facilement des images<\/a>, photos et des arri\u00e8re-plans, effets ou modifier les polices de caract\u00e8res et le style des textes.<\/p>\n<p>Vous pouvez aussi ajouter 20 types diff\u00e9rents de <a title=\"codes-barres\" href=\"http:\/\/www.labeljoy.com\/fr\/assistance\/guide-codes-barres\/\">codes-barres<\/a>\u00a0<strong>et codes barres<\/strong> g\u00e9n\u00e9r\u00e9s automatiquement par Labeljoy.<\/p>\n<p><strong>Cr\u00e9er ses \u00e9tiquettes pour DVD<\/strong> est simples avec <strong>le cr\u00e9ateur d\u2019\u00e9tiquette pour CD <\/strong>Labeljoy. Ces mod\u00e8les d\u2019\u00e9tiquettes pour CD\/DVD\/Blu-ray personnalisables et de qualit\u00e9 professionnelle vous aiderons \u00e0 vous maintenir organis\u00e9! Appliquez simplement les \u00e9tiquettes aux coins des disques ou ins\u00e9rez la pochette dans une boite \u00e0 bijou.<\/p>\n<div class=\"one_third\"> <div class=\"img-frame full-fourth\"><div class=\"lightbox-zoom\"><a title=\"\u00c9tiquette de CD professionnel\" href=\"http:\/\/www.labeljoy.com\/label-templates\/cd\/cd1b.jpg\" data-gal=\"prettyPhoto[cd etiquettes]\" class=\"hover-item\"><img decoding=\"async\" width=\"197\" height=\"133\" alt=\"\u00c9tiquette de CD professionnel\" src=\"https:\/\/www.labeljoy.com\/wp-content\/plugins\/sterling-shortcodes\/\/timthumb\/timthumb.php?src=http:\/\/www.labeljoy.com\/label-templates\/cd\/cd1s.jpg&#038;h=133&#038;w=197\"><\/a><\/div><\/div>\n<p style=\"text-align: center\"><a href=\"http:\/\/www.labeljoy.com\/label-templates\/cd\/cd1.lpa\" class=\"small white tt-button\" target=\"_self\"> T\u00e9l\u00e9charger<\/a>\n<\/div>\n<div class=\"one_third\"> <div class=\"img-frame full-fourth\"><div class=\"lightbox-zoom\"><a title=\"\u00c9tiquette du CD du logiciel\" href=\"http:\/\/www.labeljoy.com\/label-templates\/cd\/cd2b.jpg\" data-gal=\"prettyPhoto[cd etiquettes]\" class=\"hover-item\"><img decoding=\"async\" width=\"197\" height=\"133\" alt=\"\u00c9tiquette du CD du logiciel\" src=\"https:\/\/www.labeljoy.com\/wp-content\/plugins\/sterling-shortcodes\/\/timthumb\/timthumb.php?src=http:\/\/www.labeljoy.com\/label-templates\/cd\/cd2s.jpg&#038;h=133&#038;w=197\"><\/a><\/div><\/div>\n<p style=\"text-align: center\"><a href=\"http:\/\/www.labeljoy.com\/label-templates\/cd\/cd2.lpa\" class=\"small white tt-button\" target=\"_self\"> T\u00e9l\u00e9charger<\/a>\n<\/div>\n<div class=\"one_third\"> <div class=\"img-frame full-fourth\"><div class=\"lightbox-zoom\"><a title=\"\u00c9tiquette du CD d&#039;affaires\" href=\"http:\/\/www.labeljoy.com\/label-templates\/cd\/cd3b.jpg\" data-gal=\"prettyPhoto[cd etiquettes]\" class=\"hover-item\"><img decoding=\"async\" width=\"197\" height=\"133\" alt=\"\u00c9tiquette du CD d&#039;affaires\" src=\"https:\/\/www.labeljoy.com\/wp-content\/plugins\/sterling-shortcodes\/\/timthumb\/timthumb.php?src=http:\/\/www.labeljoy.com\/label-templates\/cd\/cd3s.jpg&#038;h=133&#038;w=197\"><\/a><\/div><\/div>\n<p style=\"text-align: center\"><a href=\"http:\/\/www.labeljoy.com\/label-templates\/cd\/cd3.lpa\" class=\"small white tt-button\" target=\"_self\"> T\u00e9l\u00e9charger<\/a>\n<\/div>\n<div class=\"hr hr-dotted\">&nbsp;<\/div>\n<div class=\"one_third\"> <div class=\"img-frame full-fourth\"><div class=\"lightbox-zoom\"><a title=\"Photos \u00e9tiquette de CD\" href=\"http:\/\/www.labeljoy.com\/label-templates\/cd\/cd4b.jpg\" data-gal=\"prettyPhoto[cd etiquettes]\" class=\"hover-item\"><img decoding=\"async\" width=\"197\" height=\"133\" alt=\"Photos \u00e9tiquette de CD\" src=\"https:\/\/www.labeljoy.com\/wp-content\/plugins\/sterling-shortcodes\/\/timthumb\/timthumb.php?src=http:\/\/www.labeljoy.com\/label-templates\/cd\/cd4s.jpg&#038;h=133&#038;w=197\"><\/a><\/div><\/div>\n<p style=\"text-align: center\"><a href=\"http:\/\/www.labeljoy.com\/label-templates\/cd\/cd4.lpa\" class=\"small white tt-button\" target=\"_self\"> T\u00e9l\u00e9charger<\/a>\n<\/div>\n<div class=\"one_third\"> <div class=\"img-frame full-fourth\"><div class=\"lightbox-zoom\"><a title=\"\u00c9tiquette de CD de musique\" href=\"http:\/\/www.labeljoy.com\/label-templates\/cd\/cd5b.jpg\" data-gal=\"prettyPhoto[cd etiquettes]\" class=\"hover-item\"><img decoding=\"async\" width=\"197\" height=\"133\" alt=\"\u00c9tiquette de CD de musique\" src=\"https:\/\/www.labeljoy.com\/wp-content\/plugins\/sterling-shortcodes\/\/timthumb\/timthumb.php?src=http:\/\/www.labeljoy.com\/label-templates\/cd\/cd5s.jpg&#038;h=133&#038;w=197\"><\/a><\/div><\/div>\n<p style=\"text-align: center\"><a href=\"http:\/\/www.labeljoy.com\/label-templates\/cd\/cd5.lpa\" class=\"small white tt-button\" target=\"_self\"> T\u00e9l\u00e9charger<\/a>\n<\/div>\n<div class=\"one_third\">\n<\/div>\n<div class=\"hr hr-dotted\">&nbsp;<\/div>\n<div class=\"one_half\">\n<p style=\"text-align: right\"><a href=\"\/fr\/achat\/\" class=\"large blue tt-button\" target=\"\"> Acheter le Logiciel\u00a0<\/a>\n<\/p>\n<\/div>\n<div class=\"one_half\">\n<p style=\"text-align: left\">ou &nbsp;&nbsp;&nbsp;&nbsp; <a href=\"\/fr\/download-fr\/\" class=\"large green tt-button\" target=\"\"> T\u00e9l\u00e9charger Maintenant <\/a>\n<\/p>\n<\/div>\n","protected":false},"excerpt":{"rendered":"<p>Mod\u00e8les d\u2019\u00e9tiquettes pour CD Cr\u00e9ez des \u00e9tiquettes personnalis\u00e9es pour CD, DVD et Blu-ray avec Labeljoy Ici vous pouvez t\u00e9l\u00e9charger les mod\u00e8les d\u2019\u00e9tiquettes pour Cd \u00a0et\/ou pour DVD utilisables pour organiser votre collection ou vendre vos CD. Les mod\u00e8les pour CD cr\u00e9\u00e9s avec Labeljoy peuvent etre imprim\u00e9s avec des imprimantes laser, \u00e0 jet d\u2019encre et \u00e0 &#8230; <a title=\"CD, DVD, Blue Ray\" class=\"read-more\" href=\"https:\/\/www.labeljoy.com\/fr\/modeles\/etiquettes-cd\/\" aria-label=\"En savoir plus sur CD, DVD, Blue Ray\">Read more<\/a><\/p>\n","protected":false},"author":1,"featured_media":0,"parent":2788,"menu_order":0,"comment_status":"open","ping_status":"closed","template":"page-template-left-sidebar.php","meta":{"inline_featured_image":false,"_monsterinsights_skip_tracking":false,"_monsterinsights_sitenote_active":false,"_monsterinsights_sitenote_note":"","_monsterinsights_sitenote_category":0,"footnotes":""},"class_list":{"0":"post-2866","1":"page","2":"type-page","3":"status-publish","5":"infinite-scroll-item"},"aioseo_notices":[],"_links":{"self":[{"href":"https:\/\/www.labeljoy.com\/fr\/wp-json\/wp\/v2\/pages\/2866","targetHints":{"allow":["GET"]}}],"collection":[{"href":"https:\/\/www.labeljoy.com\/fr\/wp-json\/wp\/v2\/pages"}],"about":[{"href":"https:\/\/www.labeljoy.com\/fr\/wp-json\/wp\/v2\/types\/page"}],"author":[{"embeddable":true,"href":"https:\/\/www.labeljoy.com\/fr\/wp-json\/wp\/v2\/users\/1"}],"replies":[{"embeddable":true,"href":"https:\/\/www.labeljoy.com\/fr\/wp-json\/wp\/v2\/comments?post=2866"}],"version-history":[{"count":17,"href":"https:\/\/www.labeljoy.com\/fr\/wp-json\/wp\/v2\/pages\/2866\/revisions"}],"predecessor-version":[{"id":17289,"href":"https:\/\/www.labeljoy.com\/fr\/wp-json\/wp\/v2\/pages\/2866\/revisions\/17289"}],"up":[{"embeddable":true,"href":"https:\/\/www.labeljoy.com\/fr\/wp-json\/wp\/v2\/pages\/2788"}],"wp:attachment":[{"href":"https:\/\/www.labeljoy.com\/fr\/wp-json\/wp\/v2\/media?parent=2866"}],"curies":[{"name":"wp","href":"https:\/\/api.w.org\/{rel}","templated":true}]}}