{"id":2875,"date":"2012-07-18T09:08:09","date_gmt":"2012-07-18T09:08:09","guid":{"rendered":"http:\/\/www.labeljoy.com\/modeles\/name-tag-badges\/"},"modified":"2020-12-22T17:55:10","modified_gmt":"2020-12-22T17:55:10","slug":"badges-nominatifs","status":"publish","type":"page","link":"https:\/\/www.labeljoy.com\/fr\/modeles\/badges-nominatifs\/","title":{"rendered":"Badges"},"content":{"rendered":"<h1>Mod\u00e8les badges nominatifs<\/h1>\n<h2>T\u00e9l\u00e9chargez les mod\u00e8les de badges nominatifs et les \u00e9tiquettes nominatives personnalis\u00e9es<\/h2>\n<p>Faites une super impression avec vos <strong>mod\u00e8les de badges nominatifs!<\/strong><\/p>\n<p>Vous pouvez t\u00e9l\u00e9charger, les <strong>\u00e9tiquettes nominatives personnalis\u00e9es<\/strong> pour des r\u00e9unions, conf\u00e9rences ou f\u00eates. Par exemple, un instructeur d\u2019\u00e9cole peut imprimer <em>facilement les badges nominatifs<\/em> pour reconnaitre les enfants au d\u00e9but de l\u2019ann\u00e9e scolaire.<\/p>\n<p>Chaque soci\u00e9t\u00e9 peut cr\u00e9er <strong>des badges nominatifs personnalis\u00e9s pour tous les employ\u00e9s<\/strong> en chargeant les nomes <a title=\"base de donn\u00e9es externes\" href=\"http:\/\/www.labeljoy.com\/fr\/video-assistance\/connecter-sources-externes\/\">d\u2019une base de donn\u00e9es externes<\/a>\u00a0de fa\u00e7on simple (voir la vid\u00e9o). Il est possible d\u2019ajouter les mansions et des logos. M\u00eame si imprim\u00e9s avec vos imprimantes laser, \u00e0 jet d\u2019encre ou \u00e0 rouleau, les badges on dirait qu\u2019ils ont \u00e9t\u00e9 fait par un professionnel.<\/p>\n<div class=\"one_third\"> <div class=\"img-frame full-fourth\"><div class=\"lightbox-zoom\"><a title=\"Nom simple tag\" href=\"http:\/\/www.labeljoy.com\/label-templates\/name-tag\/nametag1b.jpg\" data-gal=\"prettyPhoto[Badges nominatifs]\" class=\"hover-item\"><img decoding=\"async\" width=\"197\" height=\"133\" alt=\"Nom simple tag\" src=\"https:\/\/www.labeljoy.com\/wp-content\/plugins\/sterling-shortcodes\/\/timthumb\/timthumb.php?src=http:\/\/www.labeljoy.com\/label-templates\/name-tag\/nametag1s.jpg&#038;h=133&#038;w=197\"><\/a><\/div><\/div>\n<p style=\"text-align: center\"><a href=\"http:\/\/www.labeljoy.com\/label-templates\/name-tag\/nametag1.lpa\" class=\"small white tt-button\" target=\"_self\"> T\u00e9l\u00e9charger<\/a>\n<\/div>\n<div class=\"one_third\"> <div class=\"img-frame full-fourth\"><div class=\"lightbox-zoom\"><a title=\"Nom de la carte avec photo\" href=\"http:\/\/www.labeljoy.com\/label-templates\/name-tag\/nametag2b.jpg\" data-gal=\"prettyPhoto[Badges nominatifs]\" class=\"hover-item\"><img decoding=\"async\" width=\"197\" height=\"133\" alt=\"Nom de la carte avec photo\" src=\"https:\/\/www.labeljoy.com\/wp-content\/plugins\/sterling-shortcodes\/\/timthumb\/timthumb.php?src=http:\/\/www.labeljoy.com\/label-templates\/name-tag\/nametag2s.jpg&#038;h=133&#038;w=197\"><\/a><\/div><\/div>\n<p style=\"text-align: center\"><a href=\"http:\/\/www.labeljoy.com\/label-templates\/name-tag\/nametag2.lpa\" class=\"small white tt-button\" target=\"_self\"> T\u00e9l\u00e9charger<\/a>\n<\/div>\n<div class=\"one_third\"> <div class=\"img-frame full-fourth\"><div class=\"lightbox-zoom\"><a title=\"Nom de la conf\u00e9rence \u00e9tiquette mod\u00e8le\" href=\"http:\/\/www.labeljoy.com\/label-templates\/name-tag\/nametag3b.jpg\" data-gal=\"prettyPhoto[Badges nominatifs]\" class=\"hover-item\"><img decoding=\"async\" width=\"197\" height=\"133\" alt=\"Nom de la conf\u00e9rence \u00e9tiquette mod\u00e8le\" src=\"https:\/\/www.labeljoy.com\/wp-content\/plugins\/sterling-shortcodes\/\/timthumb\/timthumb.php?src=http:\/\/www.labeljoy.com\/label-templates\/name-tag\/nametag3s.jpg&#038;h=133&#038;w=197\"><\/a><\/div><\/div>\n<p style=\"text-align: center\"><a href=\"http:\/\/www.labeljoy.com\/label-templates\/name-tag\/nametag3.lpa\" class=\"small white tt-button\" target=\"_self\"> T\u00e9l\u00e9charger<\/a>\n<\/div>\n<div class=\"hr hr-dotted\">&nbsp;<\/div>\n<div class=\"one_third\"> <div class=\"img-frame full-fourth\"><div class=\"lightbox-zoom\"><a title=\"Noms de balises personnalis\u00e9es\" href=\"http:\/\/www.labeljoy.com\/label-templates\/name-tag\/nametag4b.jpg\" data-gal=\"prettyPhoto[Badges nominatifs]\" class=\"hover-item\"><img decoding=\"async\" width=\"197\" height=\"133\" alt=\"Noms de balises personnalis\u00e9es\" src=\"https:\/\/www.labeljoy.com\/wp-content\/plugins\/sterling-shortcodes\/\/timthumb\/timthumb.php?src=http:\/\/www.labeljoy.com\/label-templates\/name-tag\/nametag4s.jpg&#038;h=133&#038;w=197\"><\/a><\/div><\/div>\n<p style=\"text-align: center\"><a href=\"http:\/\/www.labeljoy.com\/label-templates\/name-tag\/nametag4.lpa\" class=\"small white tt-button\" target=\"_self\"> T\u00e9l\u00e9charger<\/a>\n<\/div>\n<div class=\"one_third\"> <div class=\"img-frame full-fourth\"><div class=\"lightbox-zoom\"><a title=\"Les tags de nom de l&#039;\u00e9cole pour les enfants\" href=\"http:\/\/www.labeljoy.com\/label-templates\/name-tag\/nametag5b.jpg\" data-gal=\"prettyPhoto[Badges nominatifs]\" class=\"hover-item\"><img decoding=\"async\" width=\"197\" height=\"133\" alt=\"Les tags de nom de l&#039;\u00e9cole pour les enfants\" src=\"https:\/\/www.labeljoy.com\/wp-content\/plugins\/sterling-shortcodes\/\/timthumb\/timthumb.php?src=http:\/\/www.labeljoy.com\/label-templates\/name-tag\/nametag5s.jpg&#038;h=133&#038;w=197\"><\/a><\/div><\/div>\n<p style=\"text-align: center\"><a href=\"http:\/\/www.labeljoy.com\/label-templates\/name-tag\/nametag5.lpa\" class=\"small white tt-button\" target=\"_self\"> T\u00e9l\u00e9charger<\/a>\n<\/div>\n<div class=\"one_third\"> <div class=\"img-frame full-fourth\"><div class=\"lightbox-zoom\"><a title=\"Nom professionnel \u00e9tiquette avec le code Qr\" href=\"http:\/\/www.labeljoy.com\/label-templates\/name-tag\/nametag6b.jpg\" data-gal=\"prettyPhoto[Badges nominatifs]\" class=\"hover-item\"><img decoding=\"async\" width=\"197\" height=\"133\" alt=\"Nom professionnel \u00e9tiquette avec le code Qr\" src=\"https:\/\/www.labeljoy.com\/wp-content\/plugins\/sterling-shortcodes\/\/timthumb\/timthumb.php?src=http:\/\/www.labeljoy.com\/label-templates\/name-tag\/nametag6s.jpg&#038;h=133&#038;w=197\"><\/a><\/div><\/div>\n<p style=\"text-align: center\"><a href=\"http:\/\/www.labeljoy.com\/label-templates\/name-tag\/nametag6.lpa\" class=\"small white tt-button\" target=\"_self\"> T\u00e9l\u00e9charger<\/a>\n<\/div>\n<div class=\"hr hr-dotted\">&nbsp;<\/div>\n<div class=\"one_half\">\n<p style=\"text-align: right\"><a href=\"\/fr\/achat\/\" class=\"large blue tt-button\" target=\"\"> Acheter le Logiciel\u00a0<\/a>\n<\/p>\n<\/div>\n<div class=\"one_half\">\n<p style=\"text-align: left\">ou &nbsp;&nbsp;&nbsp;&nbsp; <a href=\"\/fr\/download-fr\/\" class=\"large green tt-button\" target=\"\"> T\u00e9l\u00e9charger Maintenant <\/a>\n<\/p>\n<\/div>\n","protected":false},"excerpt":{"rendered":"<p>Mod\u00e8les badges nominatifs T\u00e9l\u00e9chargez les mod\u00e8les de badges nominatifs et les \u00e9tiquettes nominatives personnalis\u00e9es Faites une super impression avec vos mod\u00e8les de badges nominatifs! Vous pouvez t\u00e9l\u00e9charger, les \u00e9tiquettes nominatives personnalis\u00e9es pour des r\u00e9unions, conf\u00e9rences ou f\u00eates. Par exemple, un instructeur d\u2019\u00e9cole peut imprimer facilement les badges nominatifs pour reconnaitre les enfants au d\u00e9but de &#8230; <a title=\"Badges\" class=\"read-more\" href=\"https:\/\/www.labeljoy.com\/fr\/modeles\/badges-nominatifs\/\" aria-label=\"En savoir plus sur Badges\">Read more<\/a><\/p>\n","protected":false},"author":1,"featured_media":0,"parent":2788,"menu_order":0,"comment_status":"open","ping_status":"closed","template":"page-template-left-sidebar.php","meta":{"inline_featured_image":false,"_monsterinsights_skip_tracking":false,"_monsterinsights_sitenote_active":false,"_monsterinsights_sitenote_note":"","_monsterinsights_sitenote_category":0,"footnotes":""},"class_list":{"0":"post-2875","1":"page","2":"type-page","3":"status-publish","5":"infinite-scroll-item"},"aioseo_notices":[],"_links":{"self":[{"href":"https:\/\/www.labeljoy.com\/fr\/wp-json\/wp\/v2\/pages\/2875","targetHints":{"allow":["GET"]}}],"collection":[{"href":"https:\/\/www.labeljoy.com\/fr\/wp-json\/wp\/v2\/pages"}],"about":[{"href":"https:\/\/www.labeljoy.com\/fr\/wp-json\/wp\/v2\/types\/page"}],"author":[{"embeddable":true,"href":"https:\/\/www.labeljoy.com\/fr\/wp-json\/wp\/v2\/users\/1"}],"replies":[{"embeddable":true,"href":"https:\/\/www.labeljoy.com\/fr\/wp-json\/wp\/v2\/comments?post=2875"}],"version-history":[{"count":15,"href":"https:\/\/www.labeljoy.com\/fr\/wp-json\/wp\/v2\/pages\/2875\/revisions"}],"predecessor-version":[{"id":17285,"href":"https:\/\/www.labeljoy.com\/fr\/wp-json\/wp\/v2\/pages\/2875\/revisions\/17285"}],"up":[{"embeddable":true,"href":"https:\/\/www.labeljoy.com\/fr\/wp-json\/wp\/v2\/pages\/2788"}],"wp:attachment":[{"href":"https:\/\/www.labeljoy.com\/fr\/wp-json\/wp\/v2\/media?parent=2875"}],"curies":[{"name":"wp","href":"https:\/\/api.w.org\/{rel}","templated":true}]}}