{"id":2877,"date":"2012-07-18T09:07:36","date_gmt":"2012-07-18T09:07:36","guid":{"rendered":"http:\/\/www.labeljoy.com\/modeles\/custom-cards\/"},"modified":"2020-12-22T17:02:43","modified_gmt":"2020-12-22T17:02:43","slug":"cartes","status":"publish","type":"page","link":"https:\/\/www.labeljoy.com\/fr\/modeles\/cartes\/","title":{"rendered":"Cartes"},"content":{"rendered":"<h1>Imprimez des cartes personnalis\u00e9es<\/h1>\n<h2>Cr\u00e9ez des \u00e9tiquettes pour cartes magnifiques en quelques instants<\/h2>\n<p><strong>Cr\u00e9er des cartes personnalis\u00e9es<\/strong> avec Labeljoy est facile comme glisser-d\u00e9poser. En peu de clics, vous pouvez <a title=\"logicel Presentation\" href=\"http:\/\/www.labeljoy.com\/fr\/video-assistance\/presentation-logiciel\/\">ajouter des textes, des images, des photos<\/a>, des codes QR, des effets pour ramener au pass\u00e9 et ins\u00e9rer des textes personnels. Vous pouvez personnaliser l\u2019arri\u00e8re-plan, choisir votre police de caract\u00e8res et la dimension du texte, et <strong>imprimez vos cartes personnalis\u00e9es<\/strong> en quelques minutes avec n\u2019importe quelle imprimante\u00a0: jet d\u2019encre, laser ou \u00e0 rouleau.<\/p>\n<h2>Imprimez des cartes de haute qualit\u00e9 directement chez vous<\/h2>\n<p>Vous avez l\u2019outil pour <strong>cr\u00e9er des cartes personnalis\u00e9es<\/strong> pour presque toutes les f\u00eates ou occasions sp\u00e9ciales et pour les imprimer directement chez vous!<\/p>\n<div class=\"one_third\"> <div class=\"img-frame full-fourth\"><div class=\"lightbox-zoom\"><a title=\"Carte de Custom World\" href=\"http:\/\/www.labeljoy.com\/label-templates\/card\/card1b.jpg\" data-gal=\"prettyPhoto[cartes]\" class=\"hover-item\"><img decoding=\"async\" width=\"197\" height=\"133\" alt=\"Carte de Custom World\" src=\"https:\/\/www.labeljoy.com\/wp-content\/plugins\/sterling-shortcodes\/\/timthumb\/timthumb.php?src=http:\/\/www.labeljoy.com\/label-templates\/card\/card1s.jpg&#038;h=133&#038;w=197\"><\/a><\/div><\/div>\n<p style=\"text-align: center\"><a href=\"http:\/\/www.labeljoy.com\/label-templates\/card\/card1.lpa\" class=\"small white tt-button\" target=\"_self\"> T\u00e9l\u00e9charger<\/a>\n<\/div>\n<div class=\"one_third\"> <div class=\"img-frame full-fourth\"><div class=\"lightbox-zoom\"><a title=\"Baisers de cartes\" href=\"http:\/\/www.labeljoy.com\/label-templates\/card\/card2b.jpg\" data-gal=\"prettyPhoto[cartes]\" class=\"hover-item\"><img decoding=\"async\" width=\"197\" height=\"133\" alt=\"Baisers de cartes\" src=\"https:\/\/www.labeljoy.com\/wp-content\/plugins\/sterling-shortcodes\/\/timthumb\/timthumb.php?src=http:\/\/www.labeljoy.com\/label-templates\/card\/card2s.jpg&#038;h=133&#038;w=197\"><\/a><\/div><\/div>\n<p style=\"text-align: center\"><a href=\"http:\/\/www.labeljoy.com\/label-templates\/card\/card2.lpa\" class=\"small white tt-button\" target=\"_self\"> T\u00e9l\u00e9charger<\/a>\n<\/div>\n<div class=\"one_third\"> <div class=\"img-frame full-fourth\"><div class=\"lightbox-zoom\"><a title=\"Qr code card\" href=\"http:\/\/www.labeljoy.com\/label-templates\/card\/card3b.jpg\" data-gal=\"prettyPhoto[cartes]\" class=\"hover-item\"><img decoding=\"async\" width=\"197\" height=\"133\" alt=\"Qr code card\" src=\"https:\/\/www.labeljoy.com\/wp-content\/plugins\/sterling-shortcodes\/\/timthumb\/timthumb.php?src=http:\/\/www.labeljoy.com\/label-templates\/card\/card3s.jpg&#038;h=133&#038;w=197\"><\/a><\/div><\/div>\n<p style=\"text-align: center\"><a href=\"http:\/\/www.labeljoy.com\/label-templates\/card\/card3.lpa\" class=\"small white tt-button\" target=\"_self\"> T\u00e9l\u00e9charger<\/a>\n<\/div>\n<div class=\"hr hr-dotted\">&nbsp;<\/div>\n<div class=\"one_third\"> <div class=\"img-frame full-fourth\"><div class=\"lightbox-zoom\"><a title=\"Mod\u00e8le de carte personnalis\u00e9e\" href=\"http:\/\/www.labeljoy.com\/label-templates\/card\/card4b.jpg\" data-gal=\"prettyPhoto[cartes]\" class=\"hover-item\"><img decoding=\"async\" width=\"197\" height=\"133\" alt=\"Mod\u00e8le de carte personnalis\u00e9e\" src=\"https:\/\/www.labeljoy.com\/wp-content\/plugins\/sterling-shortcodes\/\/timthumb\/timthumb.php?src=http:\/\/www.labeljoy.com\/label-templates\/card\/card4s.jpg&#038;h=133&#038;w=197\"><\/a><\/div><\/div>\n<p style=\"text-align: center\"><a href=\"http:\/\/www.labeljoy.com\/label-templates\/card\/card4.lpa\" class=\"small white tt-button\" target=\"_self\"> T\u00e9l\u00e9charger<\/a>\n<\/div>\n<div class=\"one_third\"> <div class=\"img-frame full-fourth\"><div class=\"lightbox-zoom\"><a title=\"Des cartes personnalis\u00e9es \u00e0 imprimer\" href=\"http:\/\/www.labeljoy.com\/label-templates\/card\/card5b.jpg\" data-gal=\"prettyPhoto[cartes]\" class=\"hover-item\"><img decoding=\"async\" width=\"197\" height=\"133\" alt=\"Des cartes personnalis\u00e9es \u00e0 imprimer\" src=\"https:\/\/www.labeljoy.com\/wp-content\/plugins\/sterling-shortcodes\/\/timthumb\/timthumb.php?src=http:\/\/www.labeljoy.com\/label-templates\/card\/card5s.jpg&#038;h=133&#038;w=197\"><\/a><\/div><\/div>\n<p style=\"text-align: center\"><a href=\"http:\/\/www.labeljoy.com\/label-templates\/card\/card5.lpa\" class=\"small white tt-button\" target=\"_self\"> T\u00e9l\u00e9charger<\/a>\n<\/div>\n<div class=\"one_third\"> <div class=\"img-frame full-fourth\"><div class=\"lightbox-zoom\"><a title=\"cartes imprimables\" href=\"http:\/\/www.labeljoy.com\/label-templates\/card\/card6b.jpg\" data-gal=\"prettyPhoto[cartes]\" class=\"hover-item\"><img decoding=\"async\" width=\"197\" height=\"133\" alt=\"cartes imprimables\" src=\"https:\/\/www.labeljoy.com\/wp-content\/plugins\/sterling-shortcodes\/\/timthumb\/timthumb.php?src=http:\/\/www.labeljoy.com\/label-templates\/card\/card6s.jpg&#038;h=133&#038;w=197\"><\/a><\/div><\/div>\n<p style=\"text-align: center\"><a href=\"http:\/\/www.labeljoy.com\/label-templates\/card\/card6.lpa\" class=\"small white tt-button\" target=\"_self\"> T\u00e9l\u00e9charger<\/a>\n<\/div>\n<div class=\"hr hr-dotted\">&nbsp;<\/div>\n<div class=\"one_half\">\n<p style=\"text-align: right\"><a href=\"\/fr\/achat\/\" class=\"large blue tt-button\" target=\"\"> Acheter le Logiciel\u00a0<\/a>\n<\/p>\n<\/div>\n<div class=\"one_half\">\n<p style=\"text-align: left\">ou &nbsp;&nbsp;&nbsp;&nbsp; <a href=\"\/fr\/download-fr\/\" class=\"large green tt-button\" target=\"\"> T\u00e9l\u00e9charger Maintenant <\/a>\n<\/p>\n<\/div>\n","protected":false},"excerpt":{"rendered":"<p>Imprimez des cartes personnalis\u00e9es Cr\u00e9ez des \u00e9tiquettes pour cartes magnifiques en quelques instants Cr\u00e9er des cartes personnalis\u00e9es avec Labeljoy est facile comme glisser-d\u00e9poser. En peu de clics, vous pouvez ajouter des textes, des images, des photos, des codes QR, des effets pour ramener au pass\u00e9 et ins\u00e9rer des textes personnels. Vous pouvez personnaliser l\u2019arri\u00e8re-plan, choisir &#8230; <a title=\"Cartes\" class=\"read-more\" href=\"https:\/\/www.labeljoy.com\/fr\/modeles\/cartes\/\" aria-label=\"En savoir plus sur Cartes\">Read more<\/a><\/p>\n","protected":false},"author":1,"featured_media":0,"parent":2788,"menu_order":0,"comment_status":"open","ping_status":"closed","template":"page-template-left-sidebar.php","meta":{"inline_featured_image":false,"_monsterinsights_skip_tracking":false,"_monsterinsights_sitenote_active":false,"_monsterinsights_sitenote_note":"","_monsterinsights_sitenote_category":0,"footnotes":""},"class_list":{"0":"post-2877","1":"page","2":"type-page","3":"status-publish","5":"infinite-scroll-item"},"aioseo_notices":[],"_links":{"self":[{"href":"https:\/\/www.labeljoy.com\/fr\/wp-json\/wp\/v2\/pages\/2877","targetHints":{"allow":["GET"]}}],"collection":[{"href":"https:\/\/www.labeljoy.com\/fr\/wp-json\/wp\/v2\/pages"}],"about":[{"href":"https:\/\/www.labeljoy.com\/fr\/wp-json\/wp\/v2\/types\/page"}],"author":[{"embeddable":true,"href":"https:\/\/www.labeljoy.com\/fr\/wp-json\/wp\/v2\/users\/1"}],"replies":[{"embeddable":true,"href":"https:\/\/www.labeljoy.com\/fr\/wp-json\/wp\/v2\/comments?post=2877"}],"version-history":[{"count":16,"href":"https:\/\/www.labeljoy.com\/fr\/wp-json\/wp\/v2\/pages\/2877\/revisions"}],"predecessor-version":[{"id":17286,"href":"https:\/\/www.labeljoy.com\/fr\/wp-json\/wp\/v2\/pages\/2877\/revisions\/17286"}],"up":[{"embeddable":true,"href":"https:\/\/www.labeljoy.com\/fr\/wp-json\/wp\/v2\/pages\/2788"}],"wp:attachment":[{"href":"https:\/\/www.labeljoy.com\/fr\/wp-json\/wp\/v2\/media?parent=2877"}],"curies":[{"name":"wp","href":"https:\/\/api.w.org\/{rel}","templated":true}]}}