{"id":2879,"date":"2012-07-18T09:07:02","date_gmt":"2012-07-18T09:07:02","guid":{"rendered":"http:\/\/www.labeljoy.com\/modeles\/business-card-template\/"},"modified":"2020-12-28T13:42:14","modified_gmt":"2020-12-28T13:42:14","slug":"cartes-de-visite","status":"publish","type":"page","link":"https:\/\/www.labeljoy.com\/fr\/modeles\/cartes-de-visite\/","title":{"rendered":"Cartes de visite"},"content":{"rendered":"<h1>Mod\u00e8les de Cartes de visite<\/h1>\n<h2>Cr\u00e9ez vos propres cartes de visite<\/h2>\n<p>Choisissez <strong>un mod\u00e8le de carte de visite<\/strong> ci-dessous pour commencer \u00e0 faire vos propres cartes gratuitement. Quand vous avez t\u00e9l\u00e9charg\u00e9 un mod\u00e8le de carte de visite, vous pourrez cr\u00e9er et <em>personnaliser votre propre carte<\/em> et l\u2019imprimer avec une imprimante standard \u00e0 jet d\u2019encre, laser ou <a title=\"imprimer rouleau\" href=\"http:\/\/www.labeljoy.com\/fr\/video-assistance\/imprimer-imprimante-rouleau\/\">\u00e0 rouleau<\/a>.<\/p>\n<h3>T\u00e9l\u00e9chargez les mod\u00e8les de Cartes de Visite Gratuits<\/h3>\n<p>GCommencez \u00e0 cr\u00e9er votre propre design \u00e0 partir des mod\u00e8les t\u00e9l\u00e9chargeables pour Labeljoy. Personnaliser votre mod\u00e8le en ajoutant des logos, textes, <a title=\"codes-barres\" href=\"http:\/\/www.labeljoy.com\/fr\/video-assistance\/generer-codes-barres-qrcodes\/\">codes-barres<\/a>\u00a0ou adresses contenues sur des <a title=\"sources de donn\u00e9es externes\" href=\"http:\/\/www.labeljoy.com\/fr\/video-assistance\/charger-des-excel\/\">sources de donn\u00e9es externes<\/a>.<\/p>\n<h3>Cr\u00e9ez votre Carte de Visite<\/h3>\n<p>Cr\u00e9ez vos propres cartes de visite en quelques minutes avec l\u2019interface WYSIWYG de Labeljoy. <a title=\"Tutori\u00e9l cartes de visite\" href=\"http:\/\/www.labeljoy.com\/fr\/assistance\/comment-faire\/creez-cartes-de-visite\/\">Lisez le Tutori\u00e9l<\/a><\/p>\n<div class=\"one_third\"> <div class=\"img-frame full-fourth\"><div class=\"lightbox-zoom\"><a title=\"Carte de visite avec QR Code\" href=\"http:\/\/www.labeljoy.com\/label-templates\/business-card\/businesscard2b.jpg\" data-gal=\"prettyPhoto[Cartes de Visite]\" class=\"hover-item\"><img decoding=\"async\" width=\"197\" height=\"133\" alt=\"Carte de visite avec QR Code\" src=\"https:\/\/www.labeljoy.com\/wp-content\/plugins\/sterling-shortcodes\/\/timthumb\/timthumb.php?src=http:\/\/www.labeljoy.com\/label-templates\/business-card\/businesscard2s.jpg&#038;h=133&#038;w=197\"><\/a><\/div><\/div>\n<p style=\"text-align: center\"><a href=\"http:\/\/www.labeljoy.com\/label-templates\/business-card\/businesscard2.lpa\" class=\"small white tt-button\" target=\"_self\"> T\u00e9l\u00e9charger <\/a>\n<\/div>\n<div class=\"one_third\"> <div class=\"img-frame full-fourth\"><div class=\"lightbox-zoom\"><a title=\"Carte de visite bleu\" href=\"http:\/\/www.labeljoy.com\/label-templates\/business-card\/businesscard7b.jpg\" data-gal=\"prettyPhoto[Cartes de Visite]\" class=\"hover-item\"><img decoding=\"async\" width=\"197\" height=\"133\" alt=\"Carte de visite bleu\" src=\"https:\/\/www.labeljoy.com\/wp-content\/plugins\/sterling-shortcodes\/\/timthumb\/timthumb.php?src=http:\/\/www.labeljoy.com\/label-templates\/business-card\/businesscard7s.jpg&#038;h=133&#038;w=197\"><\/a><\/div><\/div>\n<p style=\"text-align: center\"><a href=\"http:\/\/www.labeljoy.com\/label-templates\/business-card\/businesscard7.lpa\" class=\"small white tt-button\" target=\"_self\"> T\u00e9l\u00e9charger <\/a>\n<\/div>\n<div class=\"one_third\"> <div class=\"img-frame full-fourth\"><div class=\"lightbox-zoom\"><a title=\"Concepteur de carte de visite\" href=\"http:\/\/www.labeljoy.com\/label-templates\/business-card\/businesscard3b.jpg\" data-gal=\"prettyPhoto[Cartes de Visite]\" class=\"hover-item\"><img decoding=\"async\" width=\"197\" height=\"133\" alt=\"Concepteur de carte de visite\" src=\"https:\/\/www.labeljoy.com\/wp-content\/plugins\/sterling-shortcodes\/\/timthumb\/timthumb.php?src=http:\/\/www.labeljoy.com\/label-templates\/business-card\/businesscard3s.jpg&#038;h=133&#038;w=197\"><\/a><\/div><\/div>\n<p style=\"text-align: center\"><a href=\"http:\/\/www.labeljoy.com\/label-templates\/business-card\/businesscard3.lpa\" class=\"small white tt-button\" target=\"_self\"> T\u00e9l\u00e9charger <\/a>\n<\/div>\n<div class=\"hr hr-dotted\">&nbsp;<\/div>\n<div class=\"one_third\"> <div class=\"img-frame full-fourth\"><div class=\"lightbox-zoom\"><a title=\"Carte de visite professionnel\" href=\"http:\/\/www.labeljoy.com\/label-templates\/business-card\/businesscard4b.jpg\" data-gal=\"prettyPhoto[Cartes de Visite]\" class=\"hover-item\"><img decoding=\"async\" width=\"197\" height=\"133\" alt=\"Carte de visite professionnel\" src=\"https:\/\/www.labeljoy.com\/wp-content\/plugins\/sterling-shortcodes\/\/timthumb\/timthumb.php?src=http:\/\/www.labeljoy.com\/label-templates\/business-card\/businesscard4s.jpg&#038;h=133&#038;w=197\"><\/a><\/div><\/div>\n<p style=\"text-align: center\"><a href=\"http:\/\/www.labeljoy.com\/label-templates\/business-card\/businesscard4.lpa\" class=\"small white tt-button\" target=\"_self\"> T\u00e9l\u00e9charger <\/a>\n<\/div>\n<div class=\"one_third\"> <div class=\"img-frame full-fourth\"><div class=\"lightbox-zoom\"><a title=\"Mod\u00e8le de carte de visite\" href=\"http:\/\/www.labeljoy.com\/label-templates\/business-card\/businesscard5b.jpg\" data-gal=\"prettyPhoto[Cartes de Visite]\" class=\"hover-item\"><img decoding=\"async\" width=\"197\" height=\"133\" alt=\"Mod\u00e8le de carte de visite\" src=\"https:\/\/www.labeljoy.com\/wp-content\/plugins\/sterling-shortcodes\/\/timthumb\/timthumb.php?src=http:\/\/www.labeljoy.com\/label-templates\/business-card\/businesscard5s.jpg&#038;h=133&#038;w=197\"><\/a><\/div><\/div>\n<p style=\"text-align: center\"><a href=\"http:\/\/www.labeljoy.com\/label-templates\/business-card\/\/businesscard5.lpa\" class=\"small white tt-button\" target=\"_self\"> T\u00e9l\u00e9charger <\/a>\n<\/div>\n<div class=\"one_third\"> <div class=\"img-frame full-fourth\"><div class=\"lightbox-zoom\"><a title=\"Restaurant carte de visite\" href=\"http:\/\/www.labeljoy.com\/label-templates\/business-card\/businesscard6b.jpg\" data-gal=\"prettyPhoto[Cartes de Visite]\" class=\"hover-item\"><img decoding=\"async\" width=\"197\" height=\"133\" alt=\"Restaurant carte de visite\" src=\"https:\/\/www.labeljoy.com\/wp-content\/plugins\/sterling-shortcodes\/\/timthumb\/timthumb.php?src=http:\/\/www.labeljoy.com\/label-templates\/business-card\/businesscard6s.jpg&#038;h=133&#038;w=197\"><\/a><\/div><\/div>\n<p style=\"text-align: center\"><a href=\"http:\/\/www.labeljoy.com\/label-templates\/business-card\/businesscard6.lpa\" class=\"small white tt-button\" target=\"_self\"> T\u00e9l\u00e9charger <\/a>\n<\/div>\n<div class=\"hr hr-dotted\">&nbsp;<\/div>\n<div class=\"one_half\">\n<p style=\"text-align: right\"><a href=\"\/fr\/achat\/\" class=\"large blue tt-button\" target=\"\"> Acheter le Logiciel\u00a0<\/a>\n<\/p>\n<\/div>\n<div class=\"one_half\">\n<p style=\"text-align: left\">ou &nbsp;&nbsp;&nbsp;&nbsp; <a href=\"\/fr\/download-fr\/\" class=\"large green tt-button\" target=\"\"> T\u00e9l\u00e9charger Maintenant <\/a>\n<\/p>\n<\/div>\n","protected":false},"excerpt":{"rendered":"<p>Mod\u00e8les de Cartes de visite Cr\u00e9ez vos propres cartes de visite Choisissez un mod\u00e8le de carte de visite ci-dessous pour commencer \u00e0 faire vos propres cartes gratuitement. Quand vous avez t\u00e9l\u00e9charg\u00e9 un mod\u00e8le de carte de visite, vous pourrez cr\u00e9er et personnaliser votre propre carte et l\u2019imprimer avec une imprimante standard \u00e0 jet d\u2019encre, laser &#8230; <a title=\"Cartes de visite\" class=\"read-more\" href=\"https:\/\/www.labeljoy.com\/fr\/modeles\/cartes-de-visite\/\" aria-label=\"En savoir plus sur Cartes de visite\">Read more<\/a><\/p>\n","protected":false},"author":1,"featured_media":0,"parent":2788,"menu_order":19,"comment_status":"open","ping_status":"closed","template":"page-template-left-sidebar.php","meta":{"inline_featured_image":false,"_monsterinsights_skip_tracking":false,"_monsterinsights_sitenote_active":false,"_monsterinsights_sitenote_note":"","_monsterinsights_sitenote_category":0,"footnotes":""},"class_list":{"0":"post-2879","1":"page","2":"type-page","3":"status-publish","5":"infinite-scroll-item"},"aioseo_notices":[],"_links":{"self":[{"href":"https:\/\/www.labeljoy.com\/fr\/wp-json\/wp\/v2\/pages\/2879","targetHints":{"allow":["GET"]}}],"collection":[{"href":"https:\/\/www.labeljoy.com\/fr\/wp-json\/wp\/v2\/pages"}],"about":[{"href":"https:\/\/www.labeljoy.com\/fr\/wp-json\/wp\/v2\/types\/page"}],"author":[{"embeddable":true,"href":"https:\/\/www.labeljoy.com\/fr\/wp-json\/wp\/v2\/users\/1"}],"replies":[{"embeddable":true,"href":"https:\/\/www.labeljoy.com\/fr\/wp-json\/wp\/v2\/comments?post=2879"}],"version-history":[{"count":20,"href":"https:\/\/www.labeljoy.com\/fr\/wp-json\/wp\/v2\/pages\/2879\/revisions"}],"predecessor-version":[{"id":35054,"href":"https:\/\/www.labeljoy.com\/fr\/wp-json\/wp\/v2\/pages\/2879\/revisions\/35054"}],"up":[{"embeddable":true,"href":"https:\/\/www.labeljoy.com\/fr\/wp-json\/wp\/v2\/pages\/2788"}],"wp:attachment":[{"href":"https:\/\/www.labeljoy.com\/fr\/wp-json\/wp\/v2\/media?parent=2879"}],"curies":[{"name":"wp","href":"https:\/\/api.w.org\/{rel}","templated":true}]}}