{"id":2895,"date":"2012-07-05T15:27:38","date_gmt":"2012-07-05T15:27:38","guid":{"rendered":"http:\/\/www.labeljoy.com\/modeles\/free-label-templates\/"},"modified":"2020-12-22T17:00:52","modified_gmt":"2020-12-22T17:00:52","slug":"etiquettes-gratuits","status":"publish","type":"page","link":"https:\/\/www.labeljoy.com\/fr\/modeles\/etiquettes-gratuits\/","title":{"rendered":"Mod\u00e8les d\u2019\u00e9tiquettes gratuits"},"content":{"rendered":"<h1>T\u00e9l\u00e9chargement de Mod\u00e8les d\u2019\u00e9tiquettes gratuits<\/h1>\n<h2>Labeljoy offre une collection compl\u00e8te de mod\u00e8les d\u2019\u00e9tiquettes gratuits class\u00e9s par cat\u00e9gories<\/h2>\n<p>Vous pouvez <strong>t\u00e9l\u00e9charger, personnaliser et imprimer tous ces mod\u00e8les d\u2019\u00e9tiquettes gratuitement<\/strong>. Notre collection inclut des mod\u00e8les pour le <a title=\"transport modeles\" href=\"http:\/\/www.labeljoy.com\/fr\/modeles\/etiquettes-transport\/\">transport<\/a>, l\u2019<a title=\"modeles industrieles\" href=\"http:\/\/www.labeljoy.com\/fr\/modeles\/etiquettes-industrie-automobile\/\">industrie<\/a>, le <a title=\"bureau cartes de visite\" href=\"http:\/\/www.labeljoy.com\/fr\/modeles\/cartes-de-visite\/\">bureau<\/a>, la <a title=\"modeles etiquettes produits\" href=\"http:\/\/www.labeljoy.com\/fr\/modeles\/etiquettes-produits\/\">production<\/a>\u00a0et les <a title=\"cadeau f\u00eates modeles\" href=\"http:\/\/www.labeljoy.com\/fr\/modeles\/etiquettes-cadeau\/\">f\u00eates<\/a>.<\/p>\n<p>Vous pouvez personnaliser toutes les \u00e9tiquettes! Quand vous avez t\u00e9l\u00e9charg\u00e9 un <strong>mod\u00e8le gratuit<\/strong> vous pouvez:<\/p>\n<div class=\"one_half\">\n<div class=\"tt-notification tip \">\n<p style=\"font-size: 12px\">Modifier la mise en page<\/p>\n<\/div>\n<div class=\"tt-notification tip \">\n<p style=\"font-size: 12px\">Modifier et ajouter des textes<\/p>\n<\/div>\n<div class=\"tt-notification tip \">\n<p style=\"font-size: 12px\">Ins\u00e9rer des nouvelles images<\/p>\n<\/div>\n<div class=\"tt-notification tip \">\n<p style=\"font-size: 12px\">Ins\u00e9rer de codes-barres et codes QR<\/p>\n<\/div>\n<\/div>\n<div class=\"one_half\">\n<div class=\"one_half\"><\/div>\n<div class=\"tt-notification tip \">\n<p style=\"font-size: 12px\">Ins\u00e9rer des donn\u00e9es de bases de donn\u00e9es externes<\/p>\n<\/div>\n<div class=\"tt-notification tip \">\n<p style=\"font-size: 12px\">Utiliser 1,500 cliparts pr\u00e9charg\u00e9s<\/p>\n<\/div>\n<div class=\"tt-notification tip\">\n<p style=\"font-size: 12px\">Exporter vers les formats pdf et jpg<\/p>\n<\/div>\n<div class=\"tt-notification tip\">\n<p style=\"font-size: 12px\">Mettre \u00e0 jour dynamiquement<\/p>\n<\/div>\n<\/div>\n<p>Ces mod\u00e8les peuvent \u00eatre imprim\u00e9s avec tous les standards d&rsquo;imprimantes laser, imprimantes \u00e0 jet d&rsquo;encre ou imprimante rouleau.<\/p>\n<div class=\"one_half\">\n<p style=\"text-align: center\"><a href=\"\/fr\/download-fr\/\" class=\"large green tt-button\" target=\"_self\"> \u00a0 \u00a0Maintenant essayez Labeljoy \u00a0 \u00a0<\/a>\n<\/div>\n<div class=\"one_half\">\n<p style=\"text-align: center\"><a href=\"\/fr\/caracteristiques\/\" class=\"large white tt-button\" target=\"_self\"> \u00a0Voir toutes les caract\u00e9ristiques du Labeljoy \u00a0 <\/a>\n<\/div>\n","protected":false},"excerpt":{"rendered":"<p>T\u00e9l\u00e9chargement de Mod\u00e8les d\u2019\u00e9tiquettes gratuits Labeljoy offre une collection compl\u00e8te de mod\u00e8les d\u2019\u00e9tiquettes gratuits class\u00e9s par cat\u00e9gories Vous pouvez t\u00e9l\u00e9charger, personnaliser et imprimer tous ces mod\u00e8les d\u2019\u00e9tiquettes gratuitement. Notre collection inclut des mod\u00e8les pour le transport, l\u2019industrie, le bureau, la production\u00a0et les f\u00eates. Vous pouvez personnaliser toutes les \u00e9tiquettes! Quand vous avez t\u00e9l\u00e9charg\u00e9 un mod\u00e8le &#8230; <a title=\"Mod\u00e8les d\u2019\u00e9tiquettes gratuits\" class=\"read-more\" href=\"https:\/\/www.labeljoy.com\/fr\/modeles\/etiquettes-gratuits\/\" aria-label=\"En savoir plus sur Mod\u00e8les d\u2019\u00e9tiquettes gratuits\">Read more<\/a><\/p>\n","protected":false},"author":1,"featured_media":0,"parent":2788,"menu_order":0,"comment_status":"open","ping_status":"closed","template":"page-template-left-sidebar.php","meta":{"inline_featured_image":false,"_monsterinsights_skip_tracking":false,"_monsterinsights_sitenote_active":false,"_monsterinsights_sitenote_note":"","_monsterinsights_sitenote_category":0,"footnotes":""},"class_list":{"0":"post-2895","1":"page","2":"type-page","3":"status-publish","5":"infinite-scroll-item"},"aioseo_notices":[],"_links":{"self":[{"href":"https:\/\/www.labeljoy.com\/fr\/wp-json\/wp\/v2\/pages\/2895","targetHints":{"allow":["GET"]}}],"collection":[{"href":"https:\/\/www.labeljoy.com\/fr\/wp-json\/wp\/v2\/pages"}],"about":[{"href":"https:\/\/www.labeljoy.com\/fr\/wp-json\/wp\/v2\/types\/page"}],"author":[{"embeddable":true,"href":"https:\/\/www.labeljoy.com\/fr\/wp-json\/wp\/v2\/users\/1"}],"replies":[{"embeddable":true,"href":"https:\/\/www.labeljoy.com\/fr\/wp-json\/wp\/v2\/comments?post=2895"}],"version-history":[{"count":22,"href":"https:\/\/www.labeljoy.com\/fr\/wp-json\/wp\/v2\/pages\/2895\/revisions"}],"predecessor-version":[{"id":35019,"href":"https:\/\/www.labeljoy.com\/fr\/wp-json\/wp\/v2\/pages\/2895\/revisions\/35019"}],"up":[{"embeddable":true,"href":"https:\/\/www.labeljoy.com\/fr\/wp-json\/wp\/v2\/pages\/2788"}],"wp:attachment":[{"href":"https:\/\/www.labeljoy.com\/fr\/wp-json\/wp\/v2\/media?parent=2895"}],"curies":[{"name":"wp","href":"https:\/\/api.w.org\/{rel}","templated":true}]}}