{"id":29122,"date":"2018-04-03T15:30:42","date_gmt":"2018-04-03T15:30:42","guid":{"rendered":"http:\/\/www.labeljoy.com\/fr\/?page_id=29122"},"modified":"2018-04-03T15:36:08","modified_gmt":"2018-04-03T15:36:08","slug":"quoi-de-neuf-dans-labeljoy-6","status":"publish","type":"page","link":"https:\/\/www.labeljoy.com\/fr\/quoi-de-neuf-dans-labeljoy-6\/","title":{"rendered":"Quoi de neuf dans Labeljoy 6"},"content":{"rendered":"<div class=\"lj6-new-features\">\n<p style=\"text-align: center;\"><a href=\"\/fr\/download-fr\/\" class=\"jumbo lime-green tt-button\" target=\"_self\"> T\u00e9l\u00e9chargez la version de d\u00e9monstration de Labeljoy <\/a>\u00a0<a href=\"\/fr\/achat\/\" class=\"jumbo orange tt-button\" target=\"_self\"> Choisissez votre version <\/a>\n<div class=\"hr hr-solid\">&nbsp;<\/div>\n<div class=\"one_half\"><div class=\"img-frame full-half\"><img decoding=\"async\" src=\"https:\/\/www.labeljoy.com\/wp-content\/uploads\/2018\/03\/1.png\" alt=\"\" width=\"445\" height=\"273\"\/><\/div><\/div>\n<div class=\"one_half\">\n<h2>Contenus multi-format<\/h2>\n<p>Gr\u00e2ce au nouvel \u00e9diteur de contenu puissant, vous pouvez <strong>personnaliser chaque \u00e9l\u00e9ment<\/strong> avec <strong>un formatage multiple<\/strong>. S\u00e9lectionnez diff\u00e9rents types de polices, tailles, couleurs et attributs dans le m\u00eame texte.<\/p>\n<h3>Cr\u00e9ativit\u00e9 et design sans limites<\/h3>\n<\/div>\n<div class=\"hr hr-solid\">&nbsp;<\/div>\n<div class=\"one_half\">\n<h2>Gestion interactive des champs<\/h2>\n<p>Cr\u00e9ez et remplissez votre \u00e9tiquette en quelques clics gr\u00e2ce \u00e0 <strong>l\u2019interface enti\u00e8rement dynamique<\/strong> pour les champs personnalis\u00e9s. Choisissez les donn\u00e9es depuis votre base de donn\u00e9es et<strong> placez-les o\u00f9 vous le souhaitez<\/strong> sur votre \u00e9tiquette. Vous pourrez travailler avec rapidit\u00e9 et pr\u00e9cision.<\/p>\n<h3>Edition rapide et pr\u00e9cise<\/h3>\n<\/div>\n<div class=\"one_half\"><div class=\"img-frame full-half\"><img decoding=\"async\" src=\"https:\/\/www.labeljoy.com\/wp-content\/uploads\/2018\/03\/2.png\" alt=\"\" width=\"445\" height=\"273\"\/><\/div><\/div>\n<div class=\"hr hr-solid\">&nbsp;<\/div>\n<div class=\"one_half\"><div class=\"img-frame full-half\"><img decoding=\"async\" src=\"https:\/\/www.labeljoy.com\/wp-content\/uploads\/2018\/03\/3.png\" alt=\"\" width=\"445\" height=\"273\"\/><\/div><\/div>\n<div class=\"one_half\">\n<h2>Nouvelle interface intuitive<\/h2>\n<p><strong>La nouvelle interface Labeljoy 6<\/strong> est le r\u00e9sultat de tous vos commentaires recueillis au fil des ann\u00e9es. Reconnaissable par tous, y compris les personnes les moins expertes dans le domaine des tableaux de bord num\u00e9riques, elle est <strong>simple<\/strong>, <strong>intuitive<\/strong> et vous permet de personnaliser vos \u00e9tiquettes <strong>en quelques clics simplement<\/strong>.<\/p>\n<h3>Interface dynamique et interactive<\/h3>\n<\/div>\n<div class=\"hr hr-solid\">&nbsp;<\/div>\n<div class=\"one_half\">\n<h2>Filtre de base de donn\u00e9es pratique<\/h2>\n<p>Le <strong>nouvel outil de filtrage<\/strong> vous permet de <strong>segmenter votre base de donn\u00e9es en quelques secondes<\/strong>, en ne s\u00e9lectionnant que des donn\u00e9es utiles pour vos lots d\u2019\u00e9tiquettes.<strong> Cr\u00e9ez vos filtres<\/strong> et le tableau de bord affichera les contacts qui correspondent \u00e0 la plage de variables que vous avez s\u00e9lectionn\u00e9e.<\/p>\n<h3>Nouveaux outils de segment pour votre base de donn\u00e9es<\/h3>\n<\/div>\n<div class=\"one_half\"><div class=\"img-frame full-half\"><img decoding=\"async\" src=\"https:\/\/www.labeljoy.com\/wp-content\/uploads\/2018\/03\/4.png\" alt=\"\" width=\"445\" height=\"273\"\/><\/div><\/div>\n<div class=\"hr hr-solid\">&nbsp;<\/div>\n<div class=\"one_half\"><div class=\"img-frame full-half\"><img decoding=\"async\" src=\"https:\/\/www.labeljoy.com\/wp-content\/uploads\/2018\/03\/5.png\" alt=\"\" width=\"445\" height=\"273\"\/><\/div><\/div>\n<div class=\"one_half\">\n<h2>Export vers un fichier PDF<\/h2>\n<p>Imprimez plus vite que jamais ! Le nouvel outil d\u2019exportation au format PDF pour vos pages, \u00e9tiquettes et codes-barres, garantit une impression tr\u00e8s pr\u00e9cise. De plus, vous aurez <strong>des fichiers au format l\u00e9ger<\/strong> que vous pourrez g\u00e9rer ou \u00e9ventuellement envoyer.<\/p>\n<h3>Travaillez rapidement gr\u00e2ce aux fichiers l\u00e9gers<\/h3>\n<\/div>\n<div class=\"hr hr-solid\">&nbsp;<\/div>\n<div class=\"one_half\">\n<h2>Nouveaux codes-barres<\/h2>\n<p><strong>La liste des codes-barres de Labeljoy augmente<\/strong> ! Les nouveaut\u00e9s comprennent le code <strong>MSI Plessey<\/strong>, utilis\u00e9 principalement dans les biblioth\u00e8ques et pour l\u2019\u00e9tiquetage des rayons, et le <strong>code azt\u00e8que<\/strong>, utilis\u00e9 pour l\u2019\u00e9tiquetage de petite taille, parfait pour les petits emballages.<\/p>\n<h3>Codes-barres pour tous les besoins<\/h3>\n<\/div>\n<div class=\"one_half\"><div class=\"img-frame full-half\"><img decoding=\"async\" src=\"https:\/\/www.labeljoy.com\/wp-content\/uploads\/2018\/03\/6.png\" alt=\"\" width=\"445\" height=\"273\"\/><\/div><\/div>\n<div class=\"hr hr-solid\">&nbsp;<\/div>\n<p style=\"text-align: center;\"><a href=\"\/fr\/achat\/\" class=\"jumbo orange tt-button\" target=\"_self\"> Choisissez votre version <\/a>\n<\/div>\n","protected":false},"excerpt":{"rendered":"<p>\u00a0<\/p>\n","protected":false},"author":2,"featured_media":0,"parent":0,"menu_order":2,"comment_status":"open","ping_status":"closed","template":"","meta":{"inline_featured_image":false,"_monsterinsights_skip_tracking":false,"_monsterinsights_sitenote_active":false,"_monsterinsights_sitenote_note":"","_monsterinsights_sitenote_category":0,"footnotes":""},"class_list":{"0":"post-29122","1":"page","2":"type-page","3":"status-publish","5":"infinite-scroll-item"},"aioseo_notices":[],"_links":{"self":[{"href":"https:\/\/www.labeljoy.com\/fr\/wp-json\/wp\/v2\/pages\/29122","targetHints":{"allow":["GET"]}}],"collection":[{"href":"https:\/\/www.labeljoy.com\/fr\/wp-json\/wp\/v2\/pages"}],"about":[{"href":"https:\/\/www.labeljoy.com\/fr\/wp-json\/wp\/v2\/types\/page"}],"author":[{"embeddable":true,"href":"https:\/\/www.labeljoy.com\/fr\/wp-json\/wp\/v2\/users\/2"}],"replies":[{"embeddable":true,"href":"https:\/\/www.labeljoy.com\/fr\/wp-json\/wp\/v2\/comments?post=29122"}],"version-history":[{"count":5,"href":"https:\/\/www.labeljoy.com\/fr\/wp-json\/wp\/v2\/pages\/29122\/revisions"}],"predecessor-version":[{"id":29128,"href":"https:\/\/www.labeljoy.com\/fr\/wp-json\/wp\/v2\/pages\/29122\/revisions\/29128"}],"wp:attachment":[{"href":"https:\/\/www.labeljoy.com\/fr\/wp-json\/wp\/v2\/media?parent=29122"}],"curies":[{"name":"wp","href":"https:\/\/api.w.org\/{rel}","templated":true}]}}