{"id":29703,"date":"2018-05-31T08:48:53","date_gmt":"2018-05-31T08:48:53","guid":{"rendered":"https:\/\/www.labeljoy.com\/fr\/?page_id=29703"},"modified":"2018-05-31T09:28:27","modified_gmt":"2018-05-31T09:28:27","slug":"reglement-ue-2016679-rgpd%ef%bb%bf","status":"publish","type":"page","link":"https:\/\/www.labeljoy.com\/fr\/reglement-ue-2016679-rgpd%ef%bb%bf\/","title":{"rendered":"R\u00e8glement (UE) 2016\/679 &#8211; RGPD\ufeff"},"content":{"rendered":"<p><strong>Prot\u00e9ger la vie priv\u00e9e de nos utilisateurs est \u00e0 nos yeux une priorit\u00e9<\/strong>, et c&rsquo;est pourquoi nous prenons les meilleures mesures et les meilleures pratiques en mati\u00e8re de protection des donn\u00e9es.<\/p>\n<p>Notre travail est bas\u00e9 sur la protection de la vie priv\u00e9e d\u00e8s la conception.<br \/>\nNotre soci\u00e9t\u00e9 a d\u00e9j\u00e0 relev\u00e9 nos standards, en conformit\u00e9 avec le <strong>GDPR<\/strong> (R\u00e8glement g\u00e9n\u00e9ral sur la protection des donn\u00e9es). Pour nous, il s&rsquo;agit d&rsquo;une \u00e9tape importante pour assurer <strong>une plus grande s\u00e9curit\u00e9 \u00e0 vos donn\u00e9es<\/strong>,<\/p>\n<p>Nous souhaitons partager avec vous <strong>ce que nous avons r\u00e9alis\u00e9 pour assurer plus de s\u00e9curit\u00e9<\/strong>. En outre, nous souhaitons vous aider \u00e0 <strong>\u00eatre en conformit\u00e9 avec le RGPD <\/strong>.<\/p>\n<p>Si vous voulez examiner les concepts de base du RGPD, vous pouvez consulter <a href=\"https:\/\/emailchef.com\/gdpr-basic-concepts\/\"><strong>notre guide<\/strong><\/a>, \u00e9crit sp\u00e9cialement pour vous.<\/p>\n<p>We want to share with you <strong>what we did to ensure more security<\/strong>.<\/p>\n<p>&nbsp;<\/p>\n<h2>Vos donn\u00e9es sont en s\u00e9curit\u00e9 avec nous<\/h2>\n<p>Il y a quelque temps, notre \u00e9quipe a apport\u00e9 quelques am\u00e9liorations pour prot\u00e9ger vos donn\u00e9es et votre vie priv\u00e9e. Par cons\u00e9quent, nous sommes d\u00e9j\u00e0 parfaitement en accord avec le RGPD.<\/p>\n<p><strong>En effet, nous v\u00e9rifions r\u00e9guli\u00e8rement l&rsquo;efficacit\u00e9<\/strong>, et l&rsquo;ad\u00e9quation des mesures adopt\u00e9es et ex\u00e9cut\u00e9es, dans le respect et afin de garantir la protection des bases de donn\u00e9es, des droits et libert\u00e9s fondamentales des personnes et l&rsquo;application du traitement des donn\u00e9es par ceux qui utilisent nos services.<\/p>\n<p>Dans le tableau ci-dessous, vous trouverez tous les d\u00e9tails sur les travaux effectu\u00e9s qui vous permettent d&rsquo;utiliser nos produits et services en toute s\u00e9curit\u00e9.<\/p>\n<table class=\"gdpr-table\">\n<tbody>\n<tr>\n<td align=\"left\" valign=\"center\">Nous avons nomm\u00e9 un D\u00e9l\u00e9gu\u00e9 \u00e0 la protection des donn\u00e9es<\/td>\n<td align=\"center\" valign=\"top\" width=\"100\"><img decoding=\"async\" width=\"28\" height=\"28\" src=\"\/images\/check-ok.png\" alt=\"\" \/><\/td>\n<\/tr>\n<tr>\n<td align=\"left\" valign=\"center\">Nous avons form\u00e9 une \u00e9quipe impliqu\u00e9e dans le traitement des donn\u00e9es et les activit\u00e9s de contr\u00f4le connexes<\/td>\n<td align=\"center\" valign=\"top\" width=\"100\"><img decoding=\"async\" width=\"28\" height=\"28\" src=\"\/images\/check-ok.png\" alt=\"\" \/><\/td>\n<\/tr>\n<tr>\n<td align=\"left\" valign=\"center\">Notre politique sur les droits de la Personne concern\u00e9e et les proc\u00e9dures de preuve du consentement pour traiter les donn\u00e9es ont \u00e9t\u00e9 mises \u00e0 jour<\/td>\n<td align=\"center\" valign=\"top\" width=\"100\"><img decoding=\"async\" width=\"28\" height=\"28\" src=\"\/images\/check-ok.png\" alt=\"\" \/><\/td>\n<\/tr>\n<tr>\n<td align=\"left\" valign=\"center\">Nous avons cr\u00e9\u00e9 une divulgation d\u00e9taill\u00e9e et ad\u00e9quate au RGPD, facile \u00e0 comprendre, afin de permettre aux Personnes concern\u00e9es de savoir comment exercer leurs droits<\/td>\n<td align=\"center\" valign=\"top\" width=\"100\"><img decoding=\"async\" width=\"28\" height=\"28\" src=\"\/images\/check-ok.png\" alt=\"\" \/><\/td>\n<\/tr>\n<tr>\n<td align=\"left\" valign=\"center\">En cas de violation des donn\u00e9es personnelles, nos proc\u00e9dures de r\u00e9ponse sont rapides et se d\u00e9roulent sans d\u00e9lai apr\u00e8s la d\u00e9tection de l&rsquo;anomalie<\/td>\n<td align=\"center\" valign=\"top\" width=\"100\"><img decoding=\"async\" width=\"28\" height=\"28\" src=\"\/images\/check-ok.png\" alt=\"\" \/><\/td>\n<\/tr>\n<tr>\n<td align=\"left\" valign=\"center\">Nous avons proc\u00e9d\u00e9 au DPIA, qui est l&rsquo;\u00e9valuation de l&rsquo;impact sur la protection des donn\u00e9es<\/td>\n<td align=\"center\" valign=\"top\" width=\"100\"><img decoding=\"async\" width=\"28\" height=\"28\" src=\"\/images\/check-ok.png\" alt=\"\" \/><\/td>\n<\/tr>\n<tr>\n<td align=\"left\" valign=\"center\">Nous avons appliqu\u00e9 les principes du RGPD sur diff\u00e9rents aspects du traitement des donn\u00e9es : activit\u00e9s, objectifs, description des cat\u00e9gories de destinataires et \u00e9ventuels transferts de donn\u00e9es<\/td>\n<td align=\"center\" valign=\"top\" width=\"100\"><img decoding=\"async\" width=\"28\" height=\"28\" src=\"\/images\/check-ok.png\" alt=\"\" \/><\/td>\n<\/tr>\n<tr>\n<td align=\"left\" valign=\"center\">Nos mesures techniques et organisationnelles ont \u00e9t\u00e9 consolid\u00e9es<\/td>\n<td align=\"center\" valign=\"top\" width=\"100\"><img decoding=\"async\" width=\"28\" height=\"28\" src=\"\/images\/check-ok.png\" alt=\"\" \/><\/td>\n<\/tr>\n<tr>\n<td align=\"left\" valign=\"center\"Nous garantissons le droit \u00e0 la transf\u00e9rabilit\u00e9 des donn\u00e9es \u00e0 partir et vers des syst\u00e8mes tiers<\/td>\n<td align=\"center\" valign=\"top\" width=\"100\"><img decoding=\"async\" width=\"28\" height=\"28\" src=\"\/images\/check-ok.png\" alt=\"\" \/><\/td>\n<\/tr>\n<tr>\n<td align=\"left\" valign=\"center\">Le niveau de protection pour le transfert de donn\u00e9es vers les pays hors UE a \u00e9t\u00e9 renforc\u00e9 avec des protocoles ad\u00e9quats<\/td>\n<td align=\"center\" valign=\"top\" width=\"100\"><img decoding=\"async\" width=\"28\" height=\"28\" src=\"\/images\/check-ok.png\" alt=\"\" \/><\/td>\n<\/tr>\n<tr>\n<td align=\"left\" valign=\"center\">Il y a longtemps, nous avons adopt\u00e9 le principe de la protection de la vie priv\u00e9e d\u00e8s la conception, afin de mettre en \u0153uvre efficacement les principes de RGPD en mati\u00e8re de protection des donn\u00e9es et de traitement des donn\u00e9es<\/td>\n<td align=\"center\" valign=\"top\" width=\"100\"><img decoding=\"async\" width=\"28\" height=\"28\" src=\"\/images\/check-ok.png\" alt=\"\" \/><\/td>\n<\/tr>\n<tr>\n<td align=\"left\" valign=\"center\">Le 24 mai 2018, nous publierons la nouvelle divulgation<\/td>\n<td align=\"center\" valign=\"top\" width=\"100\"><img decoding=\"async\" width=\"28\" height=\"28\" src=\"\/images\/check-ok.png\" alt=\"\" \/><\/td>\n<\/tr>\n<\/tbody>\n<\/table>\n","protected":false},"excerpt":{"rendered":"<p>Prot\u00e9ger la vie priv\u00e9e de nos utilisateurs est \u00e0 nos yeux une priorit\u00e9, et c&rsquo;est pourquoi nous prenons les meilleures mesures et les meilleures pratiques en mati\u00e8re de protection des donn\u00e9es. Notre travail est bas\u00e9 sur la protection de la vie priv\u00e9e d\u00e8s la conception. Notre soci\u00e9t\u00e9 a d\u00e9j\u00e0 relev\u00e9 nos standards, en conformit\u00e9 avec &#8230; <a title=\"R\u00e8glement (UE) 2016\/679 &#8211; RGPD\ufeff\" class=\"read-more\" href=\"https:\/\/www.labeljoy.com\/fr\/reglement-ue-2016679-rgpd%ef%bb%bf\/\" aria-label=\"En savoir plus sur R\u00e8glement (UE) 2016\/679 &#8211; RGPD\ufeff\">Read more<\/a><\/p>\n","protected":false},"author":12,"featured_media":0,"parent":0,"menu_order":2,"comment_status":"open","ping_status":"closed","template":"","meta":{"inline_featured_image":false,"_monsterinsights_skip_tracking":false,"_monsterinsights_sitenote_active":false,"_monsterinsights_sitenote_note":"","_monsterinsights_sitenote_category":0,"footnotes":""},"class_list":{"0":"post-29703","1":"page","2":"type-page","3":"status-publish","5":"infinite-scroll-item"},"aioseo_notices":[],"_links":{"self":[{"href":"https:\/\/www.labeljoy.com\/fr\/wp-json\/wp\/v2\/pages\/29703","targetHints":{"allow":["GET"]}}],"collection":[{"href":"https:\/\/www.labeljoy.com\/fr\/wp-json\/wp\/v2\/pages"}],"about":[{"href":"https:\/\/www.labeljoy.com\/fr\/wp-json\/wp\/v2\/types\/page"}],"author":[{"embeddable":true,"href":"https:\/\/www.labeljoy.com\/fr\/wp-json\/wp\/v2\/users\/12"}],"replies":[{"embeddable":true,"href":"https:\/\/www.labeljoy.com\/fr\/wp-json\/wp\/v2\/comments?post=29703"}],"version-history":[{"count":5,"href":"https:\/\/www.labeljoy.com\/fr\/wp-json\/wp\/v2\/pages\/29703\/revisions"}],"predecessor-version":[{"id":29708,"href":"https:\/\/www.labeljoy.com\/fr\/wp-json\/wp\/v2\/pages\/29703\/revisions\/29708"}],"wp:attachment":[{"href":"https:\/\/www.labeljoy.com\/fr\/wp-json\/wp\/v2\/media?parent=29703"}],"curies":[{"name":"wp","href":"https:\/\/api.w.org\/{rel}","templated":true}]}}