{"id":29709,"date":"2018-05-31T09:33:28","date_gmt":"2018-05-31T09:33:28","guid":{"rendered":"https:\/\/www.labeljoy.com\/fr\/?page_id=29709"},"modified":"2018-05-31T21:50:09","modified_gmt":"2018-05-31T21:50:09","slug":"rgpd-concepts-de-base","status":"publish","type":"page","link":"https:\/\/www.labeljoy.com\/fr\/rgpd-concepts-de-base\/","title":{"rendered":"RGPD : Concepts de base"},"content":{"rendered":"<p>Vous lisez notre guide des concepts de base du RGPD, r\u00e9dig\u00e9 juste pour vous. Il pourrait \u00eatre utile de revoir les principes du nouveau R\u00e8glement G\u00e9n\u00e9ral sur la Protection des Donn\u00e9es de l&#039;UE.<\/p>\n<p>&nbsp;<\/p>\n<h2>Qu&#039;est-ce que le RGPD?<\/h2>\n<p>Le nouveau R\u00e8glement G\u00e9n\u00e9ral sur la Protection des Donn\u00e9es (RGPD) est entr\u00e9 en vigueur le 24 mai 2016.<\/p>\n<p>Les r\u00e8gles pr\u00e9vues seront appliqu\u00e9es \u00e0 partir du 25 mai 2018 et impliqueront les associations, les citoyens, les entreprises, les ind\u00e9pendants et les entit\u00e9s publiques..<\/p>\n<p>Le but est de donner <strong>des r\u00e8gles plus claires et plus transparentes sur le traitement des donn\u00e9es,<\/strong>, la violation des donn\u00e9es et l&#039;intercommunication de donn\u00e9es en dehors de la Communaut\u00e9 europ\u00e9enne.<\/p>\n<p>The new legislation amends certain definitions about privacy and data processing, so we suggest you <a href=\"https:\/\/www.labeljoy.com\/regulation-eu-2016679-gdpr\/\"><strong>read our guide<\/strong><\/a> to basic concepts concerning GDPR.<\/p>\n<p>&nbsp;<\/p>\n<h2>Donn\u00e9es personnelles, traitement des donn\u00e9es et consentement du sujet des donn\u00e9es<\/h2>\n<p>Tout d&#039;abord, vous devez savoir que le RGPD concerne les <strong>donn\u00e9es personnelles<\/strong>,ce qui<br \/>\nsignifie \u00ab les informations relatives \u00e0 une personne physique identifi\u00e9e ou identifiable (\u2018<strong>sujet de donn\u00e9es<\/strong>\u2019); une personne physique identifiable est une personne qui peut \u00eatre identifi\u00e9e, directement ou indirectement, en particulier par r\u00e9f\u00e9rence \u00e0 un identifiant tel qu&#039;un nom, un num\u00e9ro d&#039;identification, des donn\u00e9es de localisation, un identifiant en ligne, ou \u00e0 un ou plusieurs facteurs sp\u00e9cifiques physiques, physiologiques, l\u2019identit\u00e9 g\u00e9n\u00e9tique, mentale, \u00e9conomique, culturelle ou sociale de cette personne physique\u00bb.<\/p>\n<p>Les donn\u00e9es pourraient \u00eatre \u00ab trait\u00e9es \u00bb, mais que signifie \u2018<strong>traitement de l&#039;information<\/strong>\u2019 ? Cela d\u00e9signe \u00ab toute op\u00e9ration ou ensemble d&#039;op\u00e9rations effectu\u00e9es sur ces donn\u00e9es personnelles sur des ensembles de donn\u00e9es personnelles, que ce soit par un moyen automatis\u00e9 ou non, comme la collecte, l&#039;enregistrement, l&#039;organisation, la structuration, le<br \/>\nstockage, l&#039;adaptation ou l&#039;alt\u00e9ration, la r\u00e9cup\u00e9ration, la consultation, l&#039;utilisation, la divulgation par transmission, diffusion ou autre forme de mise \u00e0 disposition, alignement ou combinaison, restriction, effacement ou destructionn\u00bb.<\/p>\n<p>Conform\u00e9ment \u00e0 la nouvelle r\u00e9glementation, un consensus r\u00e9el, non ambigu et explicite, est<br \/>\nobligatoire pour le traitement des donn\u00e9es. Conform\u00e9ment au RGPD, le <strong>consentement du sujet des donn\u00e9es <\/strong> signifie \u00ab toute indication librement donn\u00e9e, sp\u00e9cifique, inform\u00e9e et non \u00e9quivoque des souhaits du sujet des donn\u00e9es par laquelle, par une d\u00e9claration ou par une action affirmative claire, il marque son accord sur le traitement de donn\u00e9es \u00e0 caract\u00e8re personnel le concernant\u00bb.<\/p>\n<p>&nbsp;<\/p>\n<h2>Profilage, Contr\u00f4leur et Processeur<\/h2>\n<p>Informer le sujet des donn\u00e9es de mani\u00e8re plus claire et plus transparente est une obligation qui affecte les activit\u00e9s de marketing en ligne telles que le Profilage. Conform\u00e9ment au RGPD, le <strong>profilage<\/strong> signifie \u00ab toute forme de traitement automatis\u00e9 de donn\u00e9es personnelles consistant en l&#039;utilisation de donn\u00e9es personnelles pour \u00e9valuer certains aspects personnels relatifs \u00e0 une personne physique, notamment pour analyser ou pr\u00e9dire des aspects concernant la performance de cette personne au travail, sa situation \u00e9conomique, sa sant\u00e9, ses pr\u00e9f\u00e9rences personnelles, ses int\u00e9r\u00eats, sa fiabilit\u00e9, son comportement, sa localisation ou ses mouvements\u00bb.<\/p>\n<p>Le RGPD garantit au sujet des donn\u00e9es <strong>le droit de s&#039;opposer aux activit\u00e9s de profilage,<\/strong>, en outre, la loi reconna\u00eet le <strong>droit d&#039;effacer<\/strong> (\u00ab droit d&#039;\u00eatre oubli\u00e9 \u00bb), en effet, le \u00ab sujet des donn\u00e9es a le droit d&#039;obtenir du responsable du traitement l&#039;effacement des donn\u00e9es \u00e0 caract\u00e8re personnel le concernant sans retard indu et le responsable du traitement a l&#039;obligation d&#039;effacer les donn\u00e9es personnelles sans retard excessif \u00bb.<\/p>\n<p>Auparavant, nous parlions du contr\u00f4leur, mais qui est cette personne ? Le contr\u00f4leur est \u00ab la personne physique ou morale, l&#039;autorit\u00e9 publique, le service ou tout autre organisme qui,<br \/>\nseul ou conjointement avec d&#039;autres, d\u00e9termine les finalit\u00e9s et les moyens du traitement de donn\u00e9es \u00e0 caract\u00e8re personnel ; lorsque les finalit\u00e9s et les moyens du traitement sont<br \/>\nd\u00e9termin\u00e9s par des dispositions l\u00e9gislatives de l&#039;Union ou d&#039;un \u00c9tat membre, le contr\u00f4leur ou les crit\u00e8res sp\u00e9cifiques pour sa nomination peuvent \u00eatre fix\u00e9s par la l\u00e9gislation de l&#039;Union ou d&#039;un \u00c9tat membre \u00bb.<\/p>\n<p>En soutien au contr\u00f4leur, l&#039;entreprise peut nommer un processeur, qui est \u00ab une personne physique ou morale, une autorit\u00e9 publique, une agence ou un autre organisme qui traite des<br \/>\ndonn\u00e9es \u00e0 caract\u00e8re personnel pour le compte du responsable du traitement \u00bb.<\/p>\n","protected":false},"excerpt":{"rendered":"<p>Vous lisez notre guide des concepts de base du RGPD, r\u00e9dig\u00e9 juste pour vous. Il pourrait \u00eatre utile de revoir les principes du nouveau R\u00e8glement G\u00e9n\u00e9ral sur la Protection des Donn\u00e9es de l&#039;UE. &nbsp; Qu&#039;est-ce que le RGPD? Le nouveau R\u00e8glement G\u00e9n\u00e9ral sur la Protection des Donn\u00e9es (RGPD) est entr\u00e9 en vigueur le 24 mai &#8230; <a title=\"RGPD : Concepts de base\" class=\"read-more\" href=\"https:\/\/www.labeljoy.com\/fr\/rgpd-concepts-de-base\/\" aria-label=\"En savoir plus sur RGPD : Concepts de base\">Read more<\/a><\/p>\n","protected":false},"author":12,"featured_media":0,"parent":0,"menu_order":2,"comment_status":"open","ping_status":"closed","template":"","meta":{"inline_featured_image":false,"_monsterinsights_skip_tracking":false,"_monsterinsights_sitenote_active":false,"_monsterinsights_sitenote_note":"","_monsterinsights_sitenote_category":0,"footnotes":""},"class_list":{"0":"post-29709","1":"page","2":"type-page","3":"status-publish","5":"infinite-scroll-item"},"aioseo_notices":[],"_links":{"self":[{"href":"https:\/\/www.labeljoy.com\/fr\/wp-json\/wp\/v2\/pages\/29709","targetHints":{"allow":["GET"]}}],"collection":[{"href":"https:\/\/www.labeljoy.com\/fr\/wp-json\/wp\/v2\/pages"}],"about":[{"href":"https:\/\/www.labeljoy.com\/fr\/wp-json\/wp\/v2\/types\/page"}],"author":[{"embeddable":true,"href":"https:\/\/www.labeljoy.com\/fr\/wp-json\/wp\/v2\/users\/12"}],"replies":[{"embeddable":true,"href":"https:\/\/www.labeljoy.com\/fr\/wp-json\/wp\/v2\/comments?post=29709"}],"version-history":[{"count":5,"href":"https:\/\/www.labeljoy.com\/fr\/wp-json\/wp\/v2\/pages\/29709\/revisions"}],"predecessor-version":[{"id":29716,"href":"https:\/\/www.labeljoy.com\/fr\/wp-json\/wp\/v2\/pages\/29709\/revisions\/29716"}],"wp:attachment":[{"href":"https:\/\/www.labeljoy.com\/fr\/wp-json\/wp\/v2\/media?parent=29709"}],"curies":[{"name":"wp","href":"https:\/\/api.w.org\/{rel}","templated":true}]}}