{"id":29740,"date":"2018-06-04T08:55:22","date_gmt":"2018-06-04T08:55:22","guid":{"rendered":"https:\/\/www.labeljoy.com\/fr\/?page_id=29740"},"modified":"2018-06-04T09:01:51","modified_gmt":"2018-06-04T09:01:51","slug":"securite","status":"publish","type":"page","link":"https:\/\/www.labeljoy.com\/fr\/gdpr-introduction-objectifs\/securite\/","title":{"rendered":"S\u00e9curit\u00e9"},"content":{"rendered":"<p><img decoding=\"async\" class=\"alignnone size-full wp-image-29571\" src=\"https:\/\/www.labeljoy.com\/wp-content\/uploads\/2018\/05\/gdpr-protect.png\" alt=\"\" width=\"1280\" height=\"700\" srcset=\"https:\/\/www.labeljoy.com\/wp-content\/uploads\/2018\/05\/gdpr-protect.png 1280w, https:\/\/www.labeljoy.com\/wp-content\/uploads\/2018\/05\/gdpr-protect-300x164.png 300w, https:\/\/www.labeljoy.com\/wp-content\/uploads\/2018\/05\/gdpr-protect-768x420.png 768w, https:\/\/www.labeljoy.com\/wp-content\/uploads\/2018\/05\/gdpr-protect-1024x560.png 1024w\" sizes=\"(max-width: 1280px) 100vw, 1280px\" \/><\/p>\n<div class=\"one_third\">\n<h4>Mesures techniques<\/h4>\n<\/div>\n<div class=\"two_thirds\">\n<p>Delivery Tech accorde la plus haute importance \u00e0 la s\u00e9curit\u00e9 et \u00e0 l&rsquo;int\u00e9grit\u00e9 de vos donn\u00e9es personnelles.<br \/>\nConform\u00e9ment au RGPD, nous nous engageons au quotidien \u00e0 prendre toutes les pr\u00e9cautions n\u00e9cessaires pour pr\u00e9server la s\u00e9curit\u00e9 de vos donn\u00e9es et, notamment, les prot\u00e9ger contre:<\/p>\n<ul>\n<li>la destruction accidentelle ou illicite;<\/li>\n<li>la perte accidentelle ou illicite;<\/li>\n<li>la corruption accidentelle ou illicite;<\/li>\n<li>la diffusion ou la divulgation \u00e0 des personnes non autoris\u00e9es;<\/li>\n<li>l&rsquo;acc\u00e8s non autoris\u00e9;<\/li>\n<li>le traitement ill\u00e9gal.<\/li>\n<\/ul>\n<p>\u00c0 cette fin, nous avons adopt\u00e9 des mesures de s\u00e9curit\u00e9 techniques conformes aux normes de l&rsquo;industrie, notamment:<\/p>\n<ul>\n<li>un pare-feu \u00e0 plusieurs niveaux;<\/li>\n<li>un logiciel antivirus et de d\u00e9tection d&rsquo;intrusion \u00e9prouv\u00e9;<\/li>\n<li>la transmission crypt\u00e9e des donn\u00e9es via la technologie SSL \/ HTTPS \/ VPN.<\/li>\n<\/ul>\n<p>Afin de prot\u00e9ger les donn\u00e9es personnelles contre les divulgations non autoris\u00e9es, nous utilisons des m\u00e9thodes de codage d\u00e9velopp\u00e9es sp\u00e9cialement \u00e0 cet effet, ainsi que des algorithmes qui assurent la s\u00e9curit\u00e9 des transactions, des acc\u00e8s et des sauvegardes de donn\u00e9es.<br \/>\nNous garantissons l&rsquo;exactitude et l&rsquo;utilisation correcte des donn\u00e9es:<\/p>\n<ul>\n<li>\u00e0 travers des proc\u00e9dures \u00e9lectroniques, physiques et de gestion ad\u00e9quates afin de sauvegarder et de pr\u00e9server les donn\u00e9es collect\u00e9es par le biais de nos services;<\/li>\n<li>en dispensant une formation appropri\u00e9e \u00e0 tout membre du personnel ayant obtenu l&rsquo;autorisation sp\u00e9cifique d&rsquo;acc\u00e9der aux donn\u00e9es conform\u00e9ment aux dispositions du RGPD.<\/li>\n<\/ul>\n<p>Cependant, il n&rsquo;existe pas de d\u00e9fense absolue contre les attaques de piratage ou les pirates informatiques. En cas d&rsquo;infraction \u00e0 la s\u00e9curit\u00e9 (une \u00ab\u00a0violation de donn\u00e9es\u00a0\u00bb), nous nous engageons \u00e0 vous informer sans d\u00e9lai indu et nous ferons de notre mieux pour neutraliser l&rsquo;intrusion et minimiser l&rsquo;impact. Si vous subissez une perte en raison d&rsquo;une infraction \u00e0 la s\u00e9curit\u00e9, nous nous engageons \u00e0 vous fournir toute l&rsquo;assistance dont vous avez besoin pour faire valoir vos droits.<br \/>\nSi, dans un cas exceptionnel, le pr\u00e9judice subi est d\u00fb \u00e0 une faute grave de Delivery Tech, nous vous indemniserons dans la limite de responsabilit\u00e9 pr\u00e9vue par nos Conditions G\u00e9n\u00e9rales d&rsquo;Utilisation.<br \/>\nSi un utilisateur, un abonn\u00e9 \u00e0 des listes de contacts ou un pirate informatique d\u00e9couvre et profite d&rsquo;une br\u00e8che de s\u00e9curit\u00e9, cette personne est responsable des poursuites. Delivery Tech prendra toutes les mesures, y compris le d\u00e9p\u00f4t d&rsquo;une plainte et\/ou une action en justice, pour pr\u00e9server les donn\u00e9es et les droits de ses utilisateurs et de sa propre personne, et pour en limiter les effets.<br \/>\nLes mesures susmentionn\u00e9es sont celles que nous adoptons pour la protection de vos donn\u00e9es. En tant qu&rsquo;utilisateur de nos services, applications ou logiciels, vous devez effectuer les actions suivantes :<\/p>\n<ul>\n<li>v\u00e9rifier l&rsquo;authentification des personnes acc\u00e9dant aux donn\u00e9es;<\/li>\n<li>utiliser un mot de passe unique et suffisamment s\u00e9curis\u00e9, en se souvenant de le changer r\u00e9guli\u00e8rement et de ne jamais le laisser sans surveillance;<\/li>\n<li>assurez-vous de prendre des mesures de s\u00e9curit\u00e9 pour les donn\u00e9es qui sont trait\u00e9es par Delivery Tech et celles que vous partagez sur des canaux de communication non s\u00e9curis\u00e9s.<\/li>\n<\/ul>\n<p>Le but de ces mesures techniques est de rendre vos donn\u00e9es incompr\u00e9hensibles ou inaccessibles \u00e0 des personnes non autoris\u00e9es.<br \/>\nPour toute question relative \u00e0 la s\u00e9curit\u00e9 de nos services, applications et logiciels, veuillez contacter notre \u00e9quipe d&rsquo;assistance technique disponible sur nos canaux officiels : e-mail, chat en ligne et t\u00e9l\u00e9phone.<\/p>\n<\/div>\n<div class=\"hr hr-solid\">&nbsp;<\/div>\n<div class=\"one_third\">\n<h4>Acc\u00e8s aux donn\u00e9es autoris\u00e9es pour le service client et l&rsquo;assistance technique<\/h4>\n<\/div>\n<div class=\"two_thirds\">\n<p>Les donn\u00e9es collect\u00e9es seront utilis\u00e9es si elles sont n\u00e9cessaires ou utiles pour :<\/p>\n<ul>\n<li>fournir une assistance technique aux utilisateurs pour les services fournis par Delivery Tech qui affectent les responsables de contr\u00f4le de donn\u00e9es ou leurs listes de contacts;<\/li>\n<li>conclure des n\u00e9gociations commerciales par t\u00e9l\u00e9phone ou par courriel;<\/li>\n<li>les conseils commerciaux directs ou indirects.<\/li>\n<\/ul>\n<p>Vos donn\u00e9es peuvent \u00eatre trait\u00e9es par des employ\u00e9s de Delivery Tech ou des tiers qui seront d\u00e9sign\u00e9s comme des responsables de traitement externes, selon le cas. Le propri\u00e9taire ou le responsable du contr\u00f4le de donn\u00e9es sera inform\u00e9 de temps \u00e0 autre des m\u00e9thodes de traitement.<\/p>\n<\/div>\n<div class=\"hr hr-solid\">&nbsp;<\/div>\n<div class=\"one_third\">\n<h4>Minimisation du traitement et de l&rsquo;archivage des donn\u00e9es<\/h4>\n<\/div>\n<div class=\"two_thirds\">\n<p>Nous avons pr\u00e9par\u00e9 des mesures techniques et organisationnelles pour garantir le principe de minimisation du traitement des donn\u00e9es. Tout traitement de donn\u00e9es sera toujours ad\u00e9quat, pertinent et limit\u00e9 \u00e0 la r\u00e9alisation des objectifs \u00e9nonc\u00e9s.<br \/>\nLe traitement des donn\u00e9es \u00e0 des fins statistiques, d&rsquo;archivage dans l&rsquo;int\u00e9r\u00eat public, de recherche scientifique ou historique est soumis \u00e0 des garanties appropri\u00e9es aux droits et libert\u00e9s de l&rsquo;int\u00e9ress\u00e9 conform\u00e9ment aux dispositions du RGPD.<\/p>\n<\/div>\n","protected":false},"excerpt":{"rendered":"","protected":false},"author":12,"featured_media":0,"parent":29714,"menu_order":0,"comment_status":"open","ping_status":"closed","template":"page-template-left-sidebar.php","meta":{"inline_featured_image":false,"_monsterinsights_skip_tracking":false,"_monsterinsights_sitenote_active":false,"_monsterinsights_sitenote_note":"","_monsterinsights_sitenote_category":0,"footnotes":""},"class_list":{"0":"post-29740","1":"page","2":"type-page","3":"status-publish","5":"infinite-scroll-item"},"aioseo_notices":[],"_links":{"self":[{"href":"https:\/\/www.labeljoy.com\/fr\/wp-json\/wp\/v2\/pages\/29740","targetHints":{"allow":["GET"]}}],"collection":[{"href":"https:\/\/www.labeljoy.com\/fr\/wp-json\/wp\/v2\/pages"}],"about":[{"href":"https:\/\/www.labeljoy.com\/fr\/wp-json\/wp\/v2\/types\/page"}],"author":[{"embeddable":true,"href":"https:\/\/www.labeljoy.com\/fr\/wp-json\/wp\/v2\/users\/12"}],"replies":[{"embeddable":true,"href":"https:\/\/www.labeljoy.com\/fr\/wp-json\/wp\/v2\/comments?post=29740"}],"version-history":[{"count":3,"href":"https:\/\/www.labeljoy.com\/fr\/wp-json\/wp\/v2\/pages\/29740\/revisions"}],"predecessor-version":[{"id":29744,"href":"https:\/\/www.labeljoy.com\/fr\/wp-json\/wp\/v2\/pages\/29740\/revisions\/29744"}],"up":[{"embeddable":true,"href":"https:\/\/www.labeljoy.com\/fr\/wp-json\/wp\/v2\/pages\/29714"}],"wp:attachment":[{"href":"https:\/\/www.labeljoy.com\/fr\/wp-json\/wp\/v2\/media?parent=29740"}],"curies":[{"name":"wp","href":"https:\/\/api.w.org\/{rel}","templated":true}]}}