{"id":2977,"date":"2012-07-09T12:39:37","date_gmt":"2012-07-09T12:39:37","guid":{"rendered":"http:\/\/www.labeljoy.com\/sitemap-2\/"},"modified":"2026-03-06T10:20:46","modified_gmt":"2026-03-06T10:20:46","slug":"plan-du-site","status":"publish","type":"page","link":"https:\/\/www.labeljoy.com\/fr\/plan-du-site\/","title":{"rendered":"Plan du site"},"content":{"rendered":"<div class=\"one_fourth\">\n<ul>\n<li><a title=\"Accueil\" href=\"http:\/\/www.labeljoy.com\/fr\/\"><strong>Accueil<\/strong><\/a><\/li>\n<\/ul>\n<ul>\n<li><strong><strong><a title=\"Caract\u00e9ristiques\" href=\"http:\/\/www.labeljoy.com\/fr\/caracteristiques\/\">Caract\u00e9ristiques<\/a><\/strong><\/strong><\/li>\n<\/ul>\n<ul>\n<li><strong><strong><a title=\"T\u00e9l\u00e9chargement\" href=\"http:\/\/www.labeljoy.com\/fr\/logiciel-etiquetage-gratuit\/\">T\u00e9l\u00e9chargement<\/a><\/strong><\/strong><\/li>\n<\/ul>\n<ul>\n<li><strong><a title=\"Achat\" href=\"http:\/\/www.labeljoy.com\/fr\/achat\/\">Achat<\/a><\/strong><\/li>\n<\/ul>\n<ul>\n<li><strong><a title=\"Vid\u00e9o\" href=\"http:\/\/www.labeljoy.com\/fr\/video-assistance\/\">Vid\u00e9o<\/a><\/strong>\n<ul>\n<li><a title=\"Pr\u00e9sentation du logiciel\" href=\"http:\/\/www.labeljoy.com\/fr\/video-assistance\/presentation-logiciel\/\">Pr\u00e9sentation du logiciel<\/a><\/li>\n<li><a title=\"G\u00e9rez les Formats\" href=\"http:\/\/www.labeljoy.com\/fr\/video-assistance\/gerer-formats\/\">G\u00e9rez les Formats<\/a><\/li>\n<li><a title=\"Connexion sources de donn\u00e9es externes\" href=\"http:\/\/www.labeljoy.com\/fr\/video-assistance\/connecter-sources-externes\/\">Connexion sources de donn\u00e9es externes<\/a><\/li>\n<li><a title=\"Chargez des donn\u00e9es \u00e0 partir d\u2019Excel\" href=\"http:\/\/www.labeljoy.com\/fr\/video-assistance\/charger-des-excel\/\">Chargez des donn\u00e9es \u00e0 partir d\u2019Excel<\/a><\/li>\n<li><a title=\"Imprimez des \u00e9tiquettes diff\u00e9rentes sur la m\u00eame feuille\" href=\"http:\/\/www.labeljoy.com\/fr\/video-assistance\/etiquettes-differentes-meme-feuille\/\">Imprimez des \u00e9tiquettes diff\u00e9rentes sur la m\u00eame feuille<\/a><\/li>\n<li><a title=\"Imprimez avec une imprimante \u00e0 rouleau\" href=\"http:\/\/www.labeljoy.com\/fr\/video-assistance\/imprimer-imprimante-rouleau\/\">Imprimez avec une imprimante \u00e0 rouleau<\/a><\/li>\n<li><a title=\"G\u00e9n\u00e9rez des codes-barres et Codes QR\" href=\"http:\/\/www.labeljoy.com\/fr\/video-assistance\/generer-codes-barres-qrcodes\/\">G\u00e9n\u00e9rez des codes-barres et Codes QR<\/a><\/li>\n<li><a title=\"Actualisez les \u00e9tiquettes li\u00e9es\" href=\"http:\/\/www.labeljoy.com\/fr\/video-assistance\/mise-a-jour-dynamique\/\">Actualisez les \u00e9tiquettes li\u00e9es<\/a><\/li>\n<li><a title=\"Compteurs incr\u00e9mentaux\" href=\"http:\/\/www.labeljoy.com\/fr\/video-assistance\/compteurs-incrementaux\/\">Compteurs incr\u00e9mentaux<\/a><\/li>\n<li><a title=\"Nombre d\u2019\u00e9tiquettes \u00e0 partir du fichier\" href=\"http:\/\/www.labeljoy.com\/fr\/video-assistance\/definir-nombre-etiquettes-de-source-donnees\/\">Nombre d\u2019\u00e9tiquettes \u00e0 partir du fichier<\/a><\/li>\n<li><a title=\"entrer les r\u00e9f\u00e9rences sur les \u00e9tiquettes\" href=\"http:\/\/www.labeljoy.com\/fr\/video-assistance\/references-sur-etiquettes\/\">Entrer les r\u00e9f\u00e9rences sur les \u00e9tiquettes<\/a><\/li>\n<li><a title=\"Connecter base de donn\u00e9es Access\" href=\"http:\/\/www.labeljoy.com\/fr\/video-assistance\/connecter-base-de-donnees-access\/\">Connecter base de donn\u00e9es Access<\/a><\/li>\n<\/ul>\n<\/li>\n<\/ul>\n<ul>\n<li><strong><a title=\"Captures d\u2019\u00e9cran\" href=\"http:\/\/www.labeljoy.com\/fr\/captures-ecran\/\">Captures d\u2019\u00e9cran<\/a><\/strong><\/li>\n<\/ul>\n<\/div>\n<div class=\"one_fourth\">\n<ul>\n<li><strong><strong><a title=\"Mod\u00e8les\" href=\"http:\/\/www.labeljoy.com\/fr\/modeles\/\">Mod\u00e8les<\/a><\/strong><\/strong>\n<ul>\n<li><a href=\"http:\/\/www.labeljoy.com\/fr\/modeles\/etiquettes-lettres\/\">Mailing<\/a><\/li>\n<li><a href=\"http:\/\/www.labeljoy.com\/fr\/modeles\/etiquette-adresse\/\">Adresse<\/a><\/li>\n<li><a title=\"\u00c9tiquettes de retour\" href=\"http:\/\/www.labeljoy.com\/fr\/modeles\/etiquettes-adresse-de-retour\/\">\u00c9tiquettes de retour<\/a><\/li>\n<li><a title=\"Livraison\" href=\"http:\/\/www.labeljoy.com\/fr\/modeles\/etiquettes-transport\/\">Livraison<\/a><\/li>\n<li><a title=\"Produits\" href=\"http:\/\/www.labeljoy.com\/fr\/modeles\/etiquettes-produits\/\">Produits<\/a><\/li>\n<li><a href=\"http:\/\/www.labeljoy.com\/fr\/modeles\/etiquettes-biere\/\">Bi\u00e8re<\/a><\/li>\n<li><a href=\"http:\/\/www.labeljoy.com\/fr\/modeles\/etiquette-code-barre\/\">Code barre<\/a><\/li>\n<li><a title=\"Code-barres Prix\" href=\"http:\/\/www.labeljoy.com\/fr\/modeles\/etiquettes-prix-code-barres\/\">Prix<\/a><\/li>\n<li><a href=\"http:\/\/www.labeljoy.com\/fr\/modeles\/etiquettes-aliments\/\">Aliments<\/a><\/li>\n<li><a href=\"http:\/\/www.labeljoy.com\/fr\/modeles\/etiquettes-vetements\/\">V\u00eatements<\/a><\/li>\n<li><a href=\"http:\/\/www.labeljoy.com\/fr\/modeles\/etiquettes-vin\/\">Vin<\/a><\/li>\n<li><a href=\"http:\/\/www.labeljoy.com\/fr\/modeles\/etiquettes-cosmetiques\/\">Produits de beaut\u00e9<\/a><\/li>\n<li><a href=\"http:\/\/www.labeljoy.com\/fr\/modeles\/etiquettes-bouteille\/\">Bouteilles<\/a><\/li>\n<li><a href=\"http:\/\/www.labeljoy.com\/fr\/modeles\/etiquettes-autocollantes\/\">Autocollantes<\/a><\/li>\n<li><a href=\"http:\/\/www.labeljoy.com\/fr\/modeles\/etiquette-ronde\/\">Ronde<\/a><\/li>\n<li><a href=\"http:\/\/www.labeljoy.com\/fr\/modeles\/cartes-de-visite\/\">Cartes de visite<\/a><\/li>\n<li><a href=\"http:\/\/www.labeljoy.com\/fr\/modeles\/etiquettes-dossier\/\">Dossiers<\/a><\/li>\n<li><a href=\"http:\/\/www.labeljoy.com\/fr\/modeles\/cartes\/\">Cartes<\/a><\/li>\n<li><a href=\"http:\/\/www.labeljoy.com\/fr\/modeles\/badges-nominatifs\/\">Badges<\/a><\/li>\n<li><a href=\"http:\/\/www.labeljoy.com\/fr\/modeles\/etiquettes-cd\/\">CD, DVD, Blue Ray<\/a><\/li>\n<li><a href=\"http:\/\/www.labeljoy.com\/fr\/modeles\/etiquettes-industrie-automobile\/\">Automobile<\/a><\/li>\n<li><a href=\"http:\/\/www.labeljoy.com\/fr\/modeles\/etiquettes-avertissement\/\">Avertissement<\/a><\/li>\n<li><a href=\"http:\/\/www.labeljoy.com\/fr\/modeles\/etiquettes-medicales\/\">M\u00e9dical<\/a><\/li>\n<li><a href=\"http:\/\/www.labeljoy.com\/fr\/modeles\/etiquettes-cadeau\/\">Cadeau<\/a><\/li>\n<li><a href=\"http:\/\/www.labeljoy.com\/fr\/modeles\/invitations-anniversaire\/\">Anniversaire<\/a><\/li>\n<li><a href=\"http:\/\/www.labeljoy.com\/fr\/modeles\/cartes-noel\/\">No\u00ebl<\/a><\/li>\n<li><a href=\"http:\/\/www.labeljoy.com\/fr\/modeles\/faire-part-mariage\/\">Mariage<\/a><\/li>\n<\/ul>\n<\/li>\n<\/ul>\n<\/div>\n<div class=\"one_fourth\">\n<ul>\n<li><strong><a title=\"Assistance\" href=\"http:\/\/www.labeljoy.com\/fr\/assistance\/\">Assistance<\/a><\/strong>\n<ul>\n<li><a title=\"FR FAQ\" href=\"http:\/\/www.labeljoy.com\/fr\/assistance\/faq-francais\/\">FAQ<\/a><\/li>\n<li><a title=\"Guide du Codes QR\" href=\"http:\/\/www.labeljoy.com\/fr\/assistance\/guide-codes-qr\/\">Guide du Codes QR<\/a><\/li>\n<li><a title=\"Contacts\" href=\"http:\/\/www.labeljoy.com\/fr\/assistance\/contacter\/\">Contacts<\/a><\/li>\n<\/ul>\n<\/li>\n<\/ul>\n<ul>\n<li><strong><a title=\"Comment faire\" href=\"http:\/\/www.labeljoy.com\/fr\/assistance\/comment-faire\/\">Comment faire<\/a><\/strong>\n<ul>\n<li><a title=\"Cr\u00e9ez ses cartes de visite\" href=\"http:\/\/www.labeljoy.com\/fr\/assistance\/comment-faire\/creez-cartes-de-visite\/\">Cr\u00e9ez ses cartes de visite<\/a><\/li>\n<li><a title=\"Cr\u00e9ez ses \u00e9tiquettes\" href=\"http:\/\/www.labeljoy.com\/fr\/assistance\/comment-faire\/creez-etiquettes-prix\/\">Cr\u00e9ez ses \u00e9tiquettes<\/a><\/li>\n<li><a title=\"Travailler avec les imprimantes \u00e0 rouleaux\" href=\"http:\/\/www.labeljoy.com\/fr\/assistance\/comment-faire\/travailler-imprimantes-rouleaux\/\">Travailler avec les imprimantes \u00e0 rouleaux <\/a><\/li>\n<li><a title=\"G\u00e9n\u00e9rer des codes barres GS1-128\" href=\"http:\/\/www.labeljoy.com\/fr\/assistance\/comment-faire\/generer-codes-barres-gs1-128\/\">G\u00e9n\u00e9rer des codes barres GS1-128 <\/a><\/li>\n<li><a title=\"Int\u00e9grer Labeljoy \u00e0 votre logiciel de gestion des donn\u00e9es\" href=\"http:\/\/www.labeljoy.com\/fr\/assistance\/comment-faire\/integrer-logiciel-gestion\/\">Int\u00e9grer Labeljoy \u00e0 votre logiciel de gestion des donn\u00e9es <\/a><\/li>\n<li><a title=\"Pratiques d\u2019impression des codes barres\" href=\"http:\/\/www.labeljoy.com\/fr\/assistance\/comment-faire\/impression-codes-barres\/\">Pratiques d\u2019impression des codes barres <\/a><\/li>\n<li><a title=\"Imprimer des \u00e9tiquettes \u00e0 partir d\u2019Excel\" href=\"http:\/\/www.labeljoy.com\/fr\/assistance\/comment-faire\/imprimer-etiquettes-excel\/\">Imprimer des \u00e9tiquettes \u00e0 partir d\u2019Excel <\/a><\/li>\n<\/ul>\n<\/li>\n<\/ul>\n<\/div>\n<div class=\"one_fourth\">\n<ul>\n<li><strong><a title=\"Guide du Code \u00e0 Barres\" href=\"http:\/\/www.labeljoy.com\/fr\/assistance\/guide-codes-barres\/\">Guide du Code \u00e0 Barres<\/a><\/strong>\n<ul>\n<li><a href=\"http:\/\/www.labeljoy.com\/fr\/assistance\/guide-codes-barres\/code-39-fr\/\">Code 39<\/a><\/li>\n<li><a href=\"http:\/\/www.labeljoy.com\/fr\/assistance\/guide-codes-barres\/code-93-fr\/\">Code 93<\/a><\/li>\n<li><a href=\"http:\/\/www.labeljoy.com\/fr\/assistance\/guide-codes-barres\/code-128-fr\/\">Code 128<\/a><\/li>\n<li><a href=\"http:\/\/www.labeljoy.com\/fr\/assistance\/guide-codes-barres\/ean-13-fr\/\">EAN 13<\/a><\/li>\n<li><a href=\"http:\/\/www.labeljoy.com\/fr\/assistance\/guide-codes-barres\/ean-8-fr\/\">EAN 8<\/a><\/li>\n<li><a href=\"http:\/\/www.labeljoy.com\/fr\/assistance\/guide-codes-barres\/gs1-128-fr\/\">GS1 128<\/a><\/li>\n<li><a href=\"http:\/\/www.labeljoy.com\/fr\/assistance\/guide-codes-barres\/itf-14-fr\/\">ITF 14<\/a><\/li>\n<li><a href=\"http:\/\/www.labeljoy.com\/fr\/assistance\/guide-codes-barres\/upc-code-fr\/\">UPC code<\/a><\/li>\n<li><a href=\"http:\/\/www.labeljoy.com\/fr\/assistance\/guide-codes-barres\/code-11-fr\/\">Code 11<\/a><\/li>\n<li><a href=\"http:\/\/www.labeljoy.com\/fr\/assistance\/guide-codes-barres\/interleaved-2-of-5-fr\/\">Interleaved 2 of 5<\/a><\/li>\n<li><a href=\"http:\/\/www.labeljoy.com\/fr\/assistance\/guide-codes-barres\/industrial-2-of-5-fr\/\">Industrial 2 of 5<\/a><\/li>\n<li><a href=\"http:\/\/www.labeljoy.com\/fr\/assistance\/guide-codes-barres\/codabar-fr\/\">Codabar<\/a><\/li>\n<li><a href=\"http:\/\/www.labeljoy.com\/fr\/assistance\/guide-codes-barres\/datamatrix-fr\/\">Datamatrix<\/a><\/li>\n<li><a href=\"http:\/\/www.labeljoy.com\/fr\/assistance\/guide-codes-barres\/postnet-fr\/\">Postnet barcode<\/a><\/li>\n<li><a href=\"http:\/\/www.labeljoy.com\/fr\/assistance\/guide-codes-barres\/planet-code-fr\/\">Planet code<\/a><\/li>\n<li><a href=\"http:\/\/www.labeljoy.com\/fr\/qr-code-fr\/\">QR Code<\/a><\/li>\n<li><a href=\"http:\/\/www.labeljoy.com\/fr\/assistance\/guide-codes-barres\/generateur-pdf-417-fr\/\">PDF417<\/a><\/li>\n<\/ul>\n<\/li>\n<\/ul>\n<\/div>\n","protected":false},"excerpt":{"rendered":"","protected":false},"author":1,"featured_media":0,"parent":0,"menu_order":28,"comment_status":"closed","ping_status":"closed","template":"","meta":{"inline_featured_image":false,"_monsterinsights_skip_tracking":false,"_monsterinsights_sitenote_active":false,"_monsterinsights_sitenote_note":"","_monsterinsights_sitenote_category":0,"footnotes":""},"class_list":{"0":"post-2977","1":"page","2":"type-page","3":"status-publish","5":"infinite-scroll-item"},"aioseo_notices":[],"_links":{"self":[{"href":"https:\/\/www.labeljoy.com\/fr\/wp-json\/wp\/v2\/pages\/2977","targetHints":{"allow":["GET"]}}],"collection":[{"href":"https:\/\/www.labeljoy.com\/fr\/wp-json\/wp\/v2\/pages"}],"about":[{"href":"https:\/\/www.labeljoy.com\/fr\/wp-json\/wp\/v2\/types\/page"}],"author":[{"embeddable":true,"href":"https:\/\/www.labeljoy.com\/fr\/wp-json\/wp\/v2\/users\/1"}],"replies":[{"embeddable":true,"href":"https:\/\/www.labeljoy.com\/fr\/wp-json\/wp\/v2\/comments?post=2977"}],"version-history":[{"count":33,"href":"https:\/\/www.labeljoy.com\/fr\/wp-json\/wp\/v2\/pages\/2977\/revisions"}],"predecessor-version":[{"id":45169,"href":"https:\/\/www.labeljoy.com\/fr\/wp-json\/wp\/v2\/pages\/2977\/revisions\/45169"}],"wp:attachment":[{"href":"https:\/\/www.labeljoy.com\/fr\/wp-json\/wp\/v2\/media?parent=2977"}],"curies":[{"name":"wp","href":"https:\/\/api.w.org\/{rel}","templated":true}]}}