{"id":30104,"date":"2018-06-29T10:03:22","date_gmt":"2018-06-29T10:03:22","guid":{"rendered":"https:\/\/www.labeljoy.com\/fr\/?page_id=30104"},"modified":"2022-01-14T14:49:34","modified_gmt":"2022-01-14T14:49:34","slug":"videos","status":"publish","type":"page","link":"https:\/\/www.labeljoy.com\/fr\/videos\/","title":{"rendered":"Vid\u00e9os"},"content":{"rendered":"<h1>Tutoriel Vid\u00e9o Labeljoy 6<\/h1>\n<h2>Comment cr\u00e9er, personnaliser et imprimer les \u00e9tiquettes<\/h2>\n<div class=\"one_third\"><div class=\"img-frame full-fourth\"><a href=\"\/fr\/videos\/comment-gerer-et-choisir-les-mises-en-page\/\" target=\"_self\"><img decoding=\"async\" src=\"https:\/\/www.labeljoy.com\/wp-content\/plugins\/sterling-shortcodes\/\/timthumb\/timthumb.php?src=\/images\/video\/lj6-layout.jpg&#038;h=133&#038;w=197\" alt=\"g\u00e9rer et choisir les mises en page\" width=\"197\" height=\"133\"\/><\/a><\/div>\n<p><a title=\"g\u00e9rer et choisir les mises en page\" href=\"\/fr\/videos\/comment-gerer-et-choisir-les-mises-en-page\/\">G\u00e9rer et choisir les mises en page<\/a><\/div>\n<div class=\"one_third\"><div class=\"img-frame full-fourth\"><a href=\"\/fr\/videos\/comment-connecter-des-sources-de-donnees-externes\/\" target=\"_self\"><img decoding=\"async\" src=\"https:\/\/www.labeljoy.com\/wp-content\/plugins\/sterling-shortcodes\/\/timthumb\/timthumb.php?src=\/images\/video\/lj6-database.jpg&#038;h=133&#038;w=197\" alt=\"Connecter des sources de donn\u00e9es externes\" width=\"197\" height=\"133\"\/><\/a><\/div>\n<p><a title=\"Connecter des sources de donn\u00e9es externes\" href=\"\/fr\/videos\/comment-connecter-des-sources-de-donnees-externes\/\">Connecter des sources de donn\u00e9es externes<\/a><\/div>\n<div class=\"one_third\"><div class=\"img-frame full-fourth\"><a href=\"\/fr\/videos\/comment-charger-des-donnees-a-partir-dexcel\/\" target=\"_self\"><img decoding=\"async\" src=\"https:\/\/www.labeljoy.com\/wp-content\/plugins\/sterling-shortcodes\/\/timthumb\/timthumb.php?src=\/images\/video\/lj6-excel.jpg&#038;h=133&#038;w=197\" alt=\"charger des donn\u00e9es \u00e0 partir d&#039;Excel\" width=\"197\" height=\"133\"\/><\/a><\/div>\n<p><a title=\"charger des donn\u00e9es \u00e0 partir d'Excel\" href=\"\/fr\/videos\/comment-charger-des-donnees-a-partir-dexcel\/\">Charger des donn\u00e9es \u00e0 partir d&rsquo;Excel<\/a><\/div>\n<div class=\"hr hr-solid\">&nbsp;<\/div>\n<div class=\"one_third\"><div class=\"img-frame full-fourth\"><a href=\"\/fr\/videos\/comment-creer-des-etiquettes-differentes-en-utilisant-des-sets\/\" target=\"_self\"><img decoding=\"async\" src=\"https:\/\/www.labeljoy.com\/wp-content\/plugins\/sterling-shortcodes\/\/timthumb\/timthumb.php?src=\/images\/video\/lj6-sets.jpg&#038;h=133&#038;w=197\" alt=\"Comment cr\u00e9er des \u00e9tiquettes diff\u00e9rentes en utilisant des sets\" width=\"197\" height=\"133\"\/><\/a><\/div>\n<p><a title=\"Comment cr\u00e9er des \u00e9tiquettes diff\u00e9rentes en utilisant des sets\" href=\"\/fr\/videos\/comment-creer-des-etiquettes-differentes-en-utilisant-des-sets\/\">Comment cr\u00e9er des \u00e9tiquettes diff\u00e9rentes en utilisant des sets<\/a><\/div>\n<div class=\"one_third\"><div class=\"img-frame full-fourth\"><a href=\"\/fr\/videos\/comment-imprimer-avec-des-imprimantes-de-rouleau\/\" target=\"_self\"><img decoding=\"async\" src=\"https:\/\/www.labeljoy.com\/wp-content\/plugins\/sterling-shortcodes\/\/timthumb\/timthumb.php?src=\/images\/video\/lj6-roll-printer.jpg&#038;h=133&#038;w=197\" alt=\"imprimer avec des imprimantes de rouleau\" width=\"197\" height=\"133\"\/><\/a><\/div>\n<p><a title=\"imprimer avec des imprimantes de rouleau\" href=\"\/fr\/videos\/comment-imprimer-avec-des-imprimantes-de-rouleau\/\">Imprimer avec des imprimantes de rouleau<\/a><\/div>\n<div class=\"one_third\"><div class=\"img-frame full-fourth\"><a href=\"\/fr\/videos\/generer-un-code-a-barres-et-code-qr\/\" target=\"_self\"><img decoding=\"async\" src=\"https:\/\/www.labeljoy.com\/wp-content\/plugins\/sterling-shortcodes\/\/timthumb\/timthumb.php?src=\/images\/video\/lj6-barcode.jpg&#038;h=133&#038;w=197\" alt=\"G\u00e9n\u00e9rer un code \u00e0 barres et code QR\" width=\"197\" height=\"133\"\/><\/a><\/div>\n<p><a title=\"G\u00e9n\u00e9rer un code \u00e0 barres et code QR\" href=\"\/fr\/videos\/generer-un-code-a-barres-et-code-qr\/\">G\u00e9n\u00e9rer un code \u00e0 barres et code QR<\/a><\/div>\n<div class=\"hr hr-solid\">&nbsp;<\/div>\n<div class=\"one_third\"><div class=\"img-frame full-fourth\"><a href=\"\/fr\/videos\/mise-a-jour-dynamique-des-donnees\/\" target=\"_self\"><img decoding=\"async\" src=\"https:\/\/www.labeljoy.com\/wp-content\/plugins\/sterling-shortcodes\/\/timthumb\/timthumb.php?src=\/images\/video\/lj6-dynamic.jpg&#038;h=133&#038;w=197\" alt=\"Mise \u00e0 jour dynamique des donn\u00e9es\" width=\"197\" height=\"133\"\/><\/a><\/div>\n<p><a title=\"Mise \u00e0 jour dynamique des donn\u00e9es\" href=\"\/fr\/videos\/mise-a-jour-dynamique-des-donnees\/\">Mise \u00e0 jour dynamique des donn\u00e9es<\/a><\/div>\n<div class=\"one_third\"><div class=\"img-frame full-fourth\"><a href=\"\/fr\/videos\/comment-utiliser-les-compteurs-incrementaux\/\" target=\"_self\"><img decoding=\"async\" src=\"https:\/\/www.labeljoy.com\/wp-content\/plugins\/sterling-shortcodes\/\/timthumb\/timthumb.php?src=\/images\/video\/lj6-counter.jpg&#038;h=133&#038;w=197\" alt=\"Utiliser les compteurs incr\u00e9mentaux\" width=\"197\" height=\"133\"\/><\/a><\/div>\n<p><a title=\"Utiliser les compteurs incr\u00e9mentaux\" href=\"\/fr\/videos\/comment-utiliser-les-compteurs-incrementaux\/\">Utiliser les compteurs incr\u00e9mentaux<\/a><\/div>\n<div class=\"one_third\"><div class=\"img-frame full-fourth\"><a href=\"\/fr\/videos\/comment-definir-le-nombre-detiquettes-a-partir-du-fichier-de-source-de-donnees\/\" target=\"_self\"><img decoding=\"async\" src=\"https:\/\/www.labeljoy.com\/wp-content\/plugins\/sterling-shortcodes\/\/timthumb\/timthumb.php?src=\/images\/video\/lj6-n-labels.jpg&#038;h=133&#038;w=197\" alt=\"d\u00e9finir le nombre d\u2019\u00e9tiquettes \u00e0 partir du fichier de source de donn\u00e9es\" width=\"197\" height=\"133\"\/><\/a><\/div>\n<p><a title=\"d\u00e9finir le nombre d\u2019\u00e9tiquettes \u00e0 partir du fichier de source de donn\u00e9es\" href=\"\/fr\/videos\/comment-definir-le-nombre-detiquettes-a-partir-du-fichier-de-source-de-donnees\/\">D\u00e9finir le nombre d\u2019\u00e9tiquettes \u00e0 partir du fichier de source de donn\u00e9es<\/a><\/div>\n<div class=\"hr hr-solid\">&nbsp;<\/div>\n<div class=\"one_third\"><div class=\"img-frame full-fourth\"><a href=\"\/fr\/videos\/comment-entrer-le-code-denregistrement\/\" target=\"_self\"><img decoding=\"async\" src=\"https:\/\/www.labeljoy.com\/wp-content\/plugins\/sterling-shortcodes\/\/timthumb\/timthumb.php?src=\/images\/video\/lj6-registration.jpg&#038;h=133&#038;w=197\" alt=\"Comment entrer le code d&#039;enregistrement\" width=\"197\" height=\"133\"\/><\/a><\/div>\n<p><a title=\"Comment entrer le code d'enregistrement\" href=\"\/fr\/videos\/comment-entrer-le-code-denregistrement\/\">Entrer le code d&rsquo;enregistrement<\/a><\/div>\n<div class=\"one_third\"><div class=\"img-frame full-fourth\"><a href=\"\/fr\/videos\/importer-des-donnees-du-presse-papiers\/\" target=\"_self\"><img decoding=\"async\" src=\"https:\/\/www.labeljoy.com\/wp-content\/plugins\/sterling-shortcodes\/\/timthumb\/timthumb.php?src=\/images\/video\/lj6-clipboard.jpg&#038;h=133&#038;w=197\" alt=\"Importer des donn\u00e9es du presse-papiers\" width=\"197\" height=\"133\"\/><\/a><\/div>\n<p><a title=\"Importer des donn\u00e9es du presse-papiers\" href=\"\/fr\/videos\/importer-des-donnees-du-presse-papiers\/\">Importer des donn\u00e9es du presse-papiers<\/a><\/div>\n<div class=\"one_third\"><div class=\"img-frame full-fourth\"><a href=\"\/fr\/videos\/comment-entrer-des-references-sur-des-etiquettes\/\" target=\"_self\"><img decoding=\"async\" src=\"https:\/\/www.labeljoy.com\/wp-content\/plugins\/sterling-shortcodes\/\/timthumb\/timthumb.php?src=\/images\/video\/lj6-references.jpg&#038;h=133&#038;w=197\" alt=\"Entrer des r\u00e9f\u00e9rences sur des \u00e9tiquettes\" width=\"197\" height=\"133\"\/><\/a><\/div>\n<p><a title=\"Entrer des r\u00e9f\u00e9rences sur des \u00e9tiquettes\" href=\"\/fr\/videos\/comment-entrer-des-references-sur-des-etiquettes\/\">Entrer des r\u00e9f\u00e9rences sur des \u00e9tiquettes<\/a><\/div>\n<div class=\"hr hr-solid\">&nbsp;<\/div>\n<div class=\"one_third\"><div class=\"img-frame full-fourth\"><a href=\"\/fr\/videos\/comment-importer-des-images-a-partir-dune-base-de-donnees-access\/\" target=\"_self\"><img decoding=\"async\" src=\"https:\/\/www.labeljoy.com\/wp-content\/plugins\/sterling-shortcodes\/\/timthumb\/timthumb.php?src=\/images\/video\/lj6-access.jpg&#038;h=133&#038;w=197\" alt=\"importer des images \u00e0 partir d&#039;une base de donn\u00e9es Access\" width=\"197\" height=\"133\"\/><\/a><\/div>\n<p><a title=\"importer des images \u00e0 partir d'une base de donn\u00e9es Access\" href=\"\/fr\/videos\/comment-importer-des-images-a-partir-dune-base-de-donnees-access\/\">Importer des images \u00e0 partir d&rsquo;une base de donn\u00e9es Access<\/a><\/div>\n<div class=\"one_third\"><div class=\"img-frame full-fourth\"><a href=\"\/fr\/videos\/exportation-detiquettes-vers-des-formats-courants\/\" target=\"_self\"><img decoding=\"async\" src=\"https:\/\/www.labeljoy.com\/wp-content\/plugins\/sterling-shortcodes\/\/timthumb\/timthumb.php?src=\/images\/video\/lj6-labels.jpg&#038;h=133&#038;w=197\" alt=\"Exportation d\u2019\u00e9tiquettes vers des formats courants\" width=\"197\" height=\"133\"\/><\/a><\/div>\n<p><a title=\"Exportation d\u2019\u00e9tiquettes vers des formats courants\" href=\"\/fr\/videos\/exportation-detiquettes-vers-des-formats-courants\/\">Exportation d\u2019\u00e9tiquettes vers des formats courants<\/a><\/div>\n<div class=\"one_third\"><\/div>\n<div class=\"one_third\"><\/div>\n","protected":false},"excerpt":{"rendered":"<p>Tutoriel Vid\u00e9o Labeljoy 6 Comment cr\u00e9er, personnaliser et imprimer les \u00e9tiquettes<\/p>\n","protected":false},"author":12,"featured_media":0,"parent":0,"menu_order":2,"comment_status":"open","ping_status":"closed","template":"","meta":{"inline_featured_image":false,"_monsterinsights_skip_tracking":false,"_monsterinsights_sitenote_active":false,"_monsterinsights_sitenote_note":"","_monsterinsights_sitenote_category":0,"footnotes":""},"class_list":{"0":"post-30104","1":"page","2":"type-page","3":"status-publish","5":"infinite-scroll-item"},"aioseo_notices":[],"_links":{"self":[{"href":"https:\/\/www.labeljoy.com\/fr\/wp-json\/wp\/v2\/pages\/30104","targetHints":{"allow":["GET"]}}],"collection":[{"href":"https:\/\/www.labeljoy.com\/fr\/wp-json\/wp\/v2\/pages"}],"about":[{"href":"https:\/\/www.labeljoy.com\/fr\/wp-json\/wp\/v2\/types\/page"}],"author":[{"embeddable":true,"href":"https:\/\/www.labeljoy.com\/fr\/wp-json\/wp\/v2\/users\/12"}],"replies":[{"embeddable":true,"href":"https:\/\/www.labeljoy.com\/fr\/wp-json\/wp\/v2\/comments?post=30104"}],"version-history":[{"count":16,"href":"https:\/\/www.labeljoy.com\/fr\/wp-json\/wp\/v2\/pages\/30104\/revisions"}],"predecessor-version":[{"id":30423,"href":"https:\/\/www.labeljoy.com\/fr\/wp-json\/wp\/v2\/pages\/30104\/revisions\/30423"}],"wp:attachment":[{"href":"https:\/\/www.labeljoy.com\/fr\/wp-json\/wp\/v2\/media?parent=30104"}],"curies":[{"name":"wp","href":"https:\/\/api.w.org\/{rel}","templated":true}]}}