{"id":30106,"date":"2018-06-29T10:06:15","date_gmt":"2018-06-29T10:06:15","guid":{"rendered":"https:\/\/www.labeljoy.com\/fr\/?page_id=30106"},"modified":"2025-02-13T15:01:41","modified_gmt":"2025-02-13T15:01:41","slug":"comment-gerer-et-choisir-les-mises-en-page","status":"publish","type":"page","link":"https:\/\/www.labeljoy.com\/fr\/videos\/comment-gerer-et-choisir-les-mises-en-page\/","title":{"rendered":"Comment g\u00e9rer et choisir les mises en page"},"content":{"rendered":"<h2>Comment g\u00e9rer et choisir les mises en page<\/h2>\n<p>Labeljoy vous permet de personnaliser enti\u00e8rement la disposition de la feuille pour obtenir la taille d\u00e9sir\u00e9e.<br \/>\nPersonnalisez les mises en page manuellement, en modifiant le nombre de colonnes et de lignes sur la feuille, les marges et les espaces entre les \u00e9tiquettes.<br \/>\nOu choisissez parmi les\u00a0<strong><\/strong> mises en page pr\u00e9 charg\u00e9es des principaux fabricants d&rsquo;\u00e9tiquettes. Recherchez par code de produit pour trouver rapidement la mise en page dont vous avez besoin.<\/p>\n<div class=\"lyte-wrapper\" title=\"Labeljoy 6 - Comment g&eacute;rer et choisir les mises en page\" style=\"width:640px;max-width:100%;margin:5px;\"><div class=\"lyMe\" id=\"WYL_qwhUzuDVoCs\" itemprop=\"video\" itemscope itemtype=\"https:\/\/schema.org\/VideoObject\"><div><meta itemprop=\"thumbnailUrl\" content=\"https:\/\/www.labeljoy.com\/wp-content\/plugins\/wp-youtube-lyte\/lyteCache.php?origThumbUrl=https%3A%2F%2Fi.ytimg.com%2Fvi%2FqwhUzuDVoCs%2Fhqdefault.jpg\" \/><meta itemprop=\"embedURL\" content=\"https:\/\/www.youtube.com\/embed\/qwhUzuDVoCs\" \/><meta itemprop=\"duration\" content=\"PT2M41S\" \/><meta itemprop=\"uploadDate\" content=\"2018-06-29T10:02:52Z\" \/><\/div><div id=\"lyte_qwhUzuDVoCs\" data-src=\"https:\/\/www.labeljoy.com\/wp-content\/plugins\/wp-youtube-lyte\/lyteCache.php?origThumbUrl=https%3A%2F%2Fi.ytimg.com%2Fvi%2FqwhUzuDVoCs%2Fhqdefault.jpg\" class=\"pL\"><div class=\"tC\"><div class=\"tT\" itemprop=\"name\">Labeljoy 6 - Comment g\u00e9rer et choisir les mises en page<\/div><\/div><div class=\"play\"><\/div><div class=\"ctrl\"><div class=\"Lctrl\"><\/div><div class=\"Rctrl\"><\/div><\/div><\/div><noscript><a href=\"https:\/\/youtu.be\/qwhUzuDVoCs\" rel=\"nofollow\"><img decoding=\"async\" src=\"https:\/\/www.labeljoy.com\/wp-content\/plugins\/wp-youtube-lyte\/lyteCache.php?origThumbUrl=https%3A%2F%2Fi.ytimg.com%2Fvi%2FqwhUzuDVoCs%2F0.jpg\" alt=\"Labeljoy 6 - Comment g&eacute;rer et choisir les mises en page\" width=\"640\" height=\"340\" \/><br \/>Lire cette vid\u00e9o sur YouTube<\/a><\/noscript><meta itemprop=\"description\" content=\"Labeljoy vous permet de personnaliser votre mise en page. Saisissez manuellement le format du papier, le nombre de colonnes et de lignes sur la feuille, l&#039;espacement des lignes et des colonnes ainsi que les marges. Ou choisissez parmi les 11.000 mises en page pr\u00e9install\u00e9es des principaux fabricants d&#039;\u00e9tiquettes. Recherchez la marque et le mod\u00e8le pour trouver la mise en page souhait\u00e9e en quelques secondes. Pour plus d&#039;info : https:\/\/www.labeljoy.com\/fr\/videos\/comment-gerer-et-choisir-les-mises-en-page\/\"><\/div><\/div><div class=\"lL\" style=\"max-width:100%;width:640px;margin:5px;\"><\/div>\n<div class=\"lj-video-button hide\">\n  <a href=\"https:\/\/www.youtube.com\/embed\/qwhUzuDVoCs?rel=0&autoplay=1\" data-featherlight=\"iframe\" data-featherlight-iframe-width=\"800\" data-featherlight-iframe-height=\"610\" data-featherlight-iframe-frameborder=\"0\" data-featherlight-iframe-allow=\"autoplay; encrypted-media\" data-featherlight-iframe-allowfullscreen=\"true\" title=\"Jouer le tutoriel vid\u00e9o\">Jouer le tutoriel vid\u00e9o <i class=\"fa fa-play-circle fa-2x\"><\/i><\/a>\n<\/div>\n","protected":false},"excerpt":{"rendered":"<p>Comment g\u00e9rer et choisir les mises en page Labeljoy vous permet de personnaliser enti\u00e8rement la disposition de la feuille pour obtenir la taille d\u00e9sir\u00e9e. Personnalisez les mises en page manuellement, en modifiant le nombre de colonnes et de lignes sur la feuille, les marges et les espaces entre les \u00e9tiquettes. Ou choisissez parmi les\u00a0 mises &#8230; <a title=\"Comment g\u00e9rer et choisir les mises en page\" class=\"read-more\" href=\"https:\/\/www.labeljoy.com\/fr\/videos\/comment-gerer-et-choisir-les-mises-en-page\/\" aria-label=\"En savoir plus sur Comment g\u00e9rer et choisir les mises en page\">Read more<\/a><\/p>\n","protected":false},"author":12,"featured_media":0,"parent":30104,"menu_order":0,"comment_status":"closed","ping_status":"closed","template":"","meta":{"inline_featured_image":false,"_monsterinsights_skip_tracking":false,"_monsterinsights_sitenote_active":false,"_monsterinsights_sitenote_note":"","_monsterinsights_sitenote_category":0,"footnotes":""},"class_list":{"0":"post-30106","1":"page","2":"type-page","3":"status-publish","5":"infinite-scroll-item"},"aioseo_notices":[],"_links":{"self":[{"href":"https:\/\/www.labeljoy.com\/fr\/wp-json\/wp\/v2\/pages\/30106","targetHints":{"allow":["GET"]}}],"collection":[{"href":"https:\/\/www.labeljoy.com\/fr\/wp-json\/wp\/v2\/pages"}],"about":[{"href":"https:\/\/www.labeljoy.com\/fr\/wp-json\/wp\/v2\/types\/page"}],"author":[{"embeddable":true,"href":"https:\/\/www.labeljoy.com\/fr\/wp-json\/wp\/v2\/users\/12"}],"replies":[{"embeddable":true,"href":"https:\/\/www.labeljoy.com\/fr\/wp-json\/wp\/v2\/comments?post=30106"}],"version-history":[{"count":3,"href":"https:\/\/www.labeljoy.com\/fr\/wp-json\/wp\/v2\/pages\/30106\/revisions"}],"predecessor-version":[{"id":42939,"href":"https:\/\/www.labeljoy.com\/fr\/wp-json\/wp\/v2\/pages\/30106\/revisions\/42939"}],"up":[{"embeddable":true,"href":"https:\/\/www.labeljoy.com\/fr\/wp-json\/wp\/v2\/pages\/30104"}],"wp:attachment":[{"href":"https:\/\/www.labeljoy.com\/fr\/wp-json\/wp\/v2\/media?parent=30106"}],"curies":[{"name":"wp","href":"https:\/\/api.w.org\/{rel}","templated":true}]}}